{"id":800,"date":"2025-03-11T09:39:56","date_gmt":"2025-03-11T09:39:56","guid":{"rendered":"https:\/\/cms-dental.msnordic.com\/produkter\/softcore\/"},"modified":"2025-09-25T08:15:26","modified_gmt":"2025-09-25T08:15:26","slug":"softcore","status":"publish","type":"page","link":"https:\/\/cmsdental.com\/da\/produkter\/softcore\/","title":{"rendered":"SoftCore\u00ae"},"content":{"rendered":"\t\t<div data-elementor-type=\"wp-page\" data-elementor-id=\"800\" class=\"elementor elementor-800 elementor-354\" data-elementor-post-type=\"page\">\n\t\t\t\t<div class=\"elementor-element elementor-element-0b852ad e-flex e-con-boxed e-con e-parent\" data-id=\"0b852ad\" data-element_type=\"container\" data-e-type=\"container\" data-settings=\"{&quot;background_background&quot;:&quot;classic&quot;}\">\n\t\t\t\t\t<div class=\"e-con-inner\">\n\t\t\t\t<div class=\"elementor-element elementor-element-ef1a1b1 elementor-icon-list--layout-inline elementor-list-item-link-full_width elementor-widget elementor-widget-icon-list\" data-id=\"ef1a1b1\" data-element_type=\"widget\" data-e-type=\"widget\" data-widget_type=\"icon-list.default\">\n\t\t\t\t<div class=\"elementor-widget-container\">\n\t\t\t\t\t\t\t<ul class=\"elementor-icon-list-items elementor-inline-items\">\n\t\t\t\t\t\t\t<li class=\"elementor-icon-list-item elementor-inline-item\">\n\t\t\t\t\t\t\t\t\t\t\t<a href=\"https:\/\/cmsdental.com\/da\/\">\n\n\t\t\t\t\t\t\t\t\t\t\t<span class=\"elementor-icon-list-text\">Hjem<\/span>\n\t\t\t\t\t\t\t\t\t\t\t<\/a>\n\t\t\t\t\t\t\t\t\t<\/li>\n\t\t\t\t\t\t\t\t<li class=\"elementor-icon-list-item elementor-inline-item\">\n\t\t\t\t\t\t\t\t\t\t\t<a href=\"https:\/\/cmsdental.com\/da\/produkter\/\">\n\n\t\t\t\t\t\t\t\t\t\t\t\t<span class=\"elementor-icon-list-icon\">\n\t\t\t\t\t\t\t<i aria-hidden=\"true\" class=\"fas fa-chevron-right\"><\/i>\t\t\t\t\t\t<\/span>\n\t\t\t\t\t\t\t\t\t\t<span class=\"elementor-icon-list-text\">Produkter<\/span>\n\t\t\t\t\t\t\t\t\t\t\t<\/a>\n\t\t\t\t\t\t\t\t\t<\/li>\n\t\t\t\t\t\t\t\t<li class=\"elementor-icon-list-item elementor-inline-item\">\n\t\t\t\t\t\t\t\t\t\t\t<span class=\"elementor-icon-list-icon\">\n\t\t\t\t\t\t\t<i aria-hidden=\"true\" class=\"fas fa-chevron-right\"><\/i>\t\t\t\t\t\t<\/span>\n\t\t\t\t\t\t\t\t\t\t<span class=\"elementor-icon-list-text\">SoftCore\u00ae<\/span>\n\t\t\t\t\t\t\t\t\t<\/li>\n\t\t\t\t\t\t<\/ul>\n\t\t\t\t\t\t<\/div>\n\t\t\t\t<\/div>\n\t\t\t\t\t<\/div>\n\t\t\t\t<\/div>\n\t\t<div class=\"elementor-element elementor-element-25d158a e-flex e-con-boxed e-con e-parent\" data-id=\"25d158a\" data-element_type=\"container\" data-e-type=\"container\" data-settings=\"{&quot;background_background&quot;:&quot;classic&quot;}\">\n\t\t\t\t\t<div class=\"e-con-inner\">\n\t\t<div class=\"elementor-element elementor-element-b7ac186 e-con-full e-flex e-con e-child\" data-id=\"b7ac186\" data-element_type=\"container\" data-e-type=\"container\" data-settings=\"{&quot;background_background&quot;:&quot;classic&quot;}\">\n\t\t\t\t<div class=\"elementor-element elementor-element-9602060 elementor-widget elementor-widget-heading\" data-id=\"9602060\" data-element_type=\"widget\" data-e-type=\"widget\" data-widget_type=\"heading.default\">\n\t\t\t\t<div class=\"elementor-widget-container\">\n\t\t\t\t\t<h2 class=\"elementor-heading-title elementor-size-default\">SoftCore\u00ae Obturator<\/h2>\t\t\t\t<\/div>\n\t\t\t\t<\/div>\n\t\t\t\t<div class=\"elementor-element elementor-element-d57125e elementor-widget elementor-widget-heading\" data-id=\"d57125e\" data-element_type=\"widget\" data-e-type=\"widget\" data-widget_type=\"heading.default\">\n\t\t\t\t<div class=\"elementor-widget-container\">\n\t\t\t\t\t<h2 class=\"elementor-heading-title elementor-size-default\">Et sikkert og effektivt rodfyldningssystem med naturligt gutta-perka\n<\/h2>\t\t\t\t<\/div>\n\t\t\t\t<\/div>\n\t\t\t\t<div class=\"elementor-element elementor-element-cc7e991 elementor-widget elementor-widget-text-editor\" data-id=\"cc7e991\" data-element_type=\"widget\" data-e-type=\"widget\" data-widget_type=\"text-editor.default\">\n\t\t\t\t<div class=\"elementor-widget-container\">\n\t\t\t\t\t\t\t\t\t<p>Som de to eneste obturatorer p\u00e5 markedet, er produkterne SoftCore \u00ae og OneStep\u00ae lavet med naturligt gutta-perka, et materiale, som har v\u00e6ret benyttet til rodfyldning i langt over 100 \u00e5r. Naturligt gutta-perka er til stadighed \u201dthe golden standard\u201d til brug for rodfyldning af t\u00e6nder. <\/p>\t\t\t\t\t\t\t\t<\/div>\n\t\t\t\t<\/div>\n\t\t\t\t<\/div>\n\t\t<div class=\"elementor-element elementor-element-c3bfc3b e-con-full e-flex e-con e-child\" data-id=\"c3bfc3b\" data-element_type=\"container\" data-e-type=\"container\" data-settings=\"{&quot;background_background&quot;:&quot;classic&quot;}\">\n\t\t\t\t<div class=\"elementor-element elementor-element-e4afb9c elementor-pagination-position-inside elementor-widget elementor-widget-image-carousel\" data-id=\"e4afb9c\" data-element_type=\"widget\" data-e-type=\"widget\" data-settings=\"{&quot;slides_to_show&quot;:&quot;1&quot;,&quot;navigation&quot;:&quot;dots&quot;,&quot;autoplay&quot;:&quot;yes&quot;,&quot;pause_on_hover&quot;:&quot;yes&quot;,&quot;pause_on_interaction&quot;:&quot;yes&quot;,&quot;autoplay_speed&quot;:5000,&quot;infinite&quot;:&quot;yes&quot;,&quot;effect&quot;:&quot;slide&quot;,&quot;speed&quot;:500}\" data-widget_type=\"image-carousel.default\">\n\t\t\t\t<div class=\"elementor-widget-container\">\n\t\t\t\t\t\t\t<div class=\"elementor-image-carousel-wrapper swiper\" role=\"region\" aria-roledescription=\"carousel\" aria-label=\"Image Carousel\" dir=\"ltr\">\n\t\t\t<div class=\"elementor-image-carousel swiper-wrapper\" aria-live=\"off\">\n\t\t\t\t\t\t\t\t<div class=\"swiper-slide\" role=\"group\" aria-roledescription=\"slide\" aria-label=\"1 of 2\"><figure class=\"swiper-slide-inner\"><img decoding=\"async\" class=\"swiper-slide-image\" src=\"https:\/\/cmsdental.com\/wp-content\/uploads\/2025\/03\/SoftCore_ovn.jpg\" alt=\"SoftCore_ovn\" \/><\/figure><\/div><div class=\"swiper-slide\" role=\"group\" aria-roledescription=\"slide\" aria-label=\"2 of 2\"><figure class=\"swiper-slide-inner\"><img decoding=\"async\" class=\"swiper-slide-image\" src=\"https:\/\/cmsdental.com\/wp-content\/uploads\/2025\/03\/SoftCore_Regular_ISO30.jpg\" alt=\"SoftCore_Regular_ISO30\" \/><\/figure><\/div>\t\t\t<\/div>\n\t\t\t\t\t\t\t\n\t\t\t\t\t\t\t\t\t<div class=\"swiper-pagination\"><\/div>\n\t\t\t\t\t\t\t\t\t<\/div>\n\t\t\t\t\t\t<\/div>\n\t\t\t\t<\/div>\n\t\t\t\t<\/div>\n\t\t\t\t\t<\/div>\n\t\t\t\t<\/div>\n\t\t<div class=\"elementor-element elementor-element-43eefa5 e-flex e-con-boxed e-con e-parent\" data-id=\"43eefa5\" data-element_type=\"container\" data-e-type=\"container\">\n\t\t\t\t\t<div class=\"e-con-inner\">\n\t\t\t\t<div class=\"elementor-element elementor-element-2da33f8 elementor-widget elementor-widget-heading\" data-id=\"2da33f8\" data-element_type=\"widget\" data-e-type=\"widget\" data-widget_type=\"heading.default\">\n\t\t\t\t<div class=\"elementor-widget-container\">\n\t\t\t\t\t<h2 class=\"elementor-heading-title elementor-size-default\">SoftCore\u00ae Endodontic Obturator\n<\/h2>\t\t\t\t<\/div>\n\t\t\t\t<\/div>\n\t\t\t\t\t<\/div>\n\t\t\t\t<\/div>\n\t\t<div class=\"elementor-element elementor-element-63cd570 e-flex e-con-boxed e-con e-parent\" data-id=\"63cd570\" data-element_type=\"container\" data-e-type=\"container\">\n\t\t\t\t\t<div class=\"e-con-inner\">\n\t\t<div class=\"elementor-element elementor-element-4e5e7bc e-con-full e-flex e-con e-child\" data-id=\"4e5e7bc\" data-element_type=\"container\" data-e-type=\"container\">\n\t\t\t\t<div class=\"elementor-element elementor-element-8a70914 elementor-widget elementor-widget-heading\" data-id=\"8a70914\" data-element_type=\"widget\" data-e-type=\"widget\" data-widget_type=\"heading.default\">\n\t\t\t\t<div class=\"elementor-widget-container\">\n\t\t\t\t\t<h2 class=\"elementor-heading-title elementor-size-default\">Et sikkert og effektivt rodfyldningssystem.\n<\/h2>\t\t\t\t<\/div>\n\t\t\t\t<\/div>\n\t\t\t\t<div class=\"elementor-element elementor-element-3ce771f elementor-widget elementor-widget-text-editor\" data-id=\"3ce771f\" data-element_type=\"widget\" data-e-type=\"widget\" data-widget_type=\"text-editor.default\">\n\t\t\t\t<div class=\"elementor-widget-container\">\n\t\t\t\t\t\t\t\t\t<p><strong>Rodfyldning med SoftCore\u00ae er nemt, og giver en perfekt apikal forsegling.<\/strong><\/p><p>SoftCore\u00ae kan anvendes til fyldninger af rodkanaler, der er instrumenteret s\u00e5vel med traditionelle h\u00e5ndfile som med alle de kendte roterende filsystemer p\u00e5 markedet.<\/p>\t\t\t\t\t\t\t\t<\/div>\n\t\t\t\t<\/div>\n\t\t\t\t<div class=\"elementor-element elementor-element-0984f97 elementor-widget elementor-widget-spacer\" data-id=\"0984f97\" data-element_type=\"widget\" data-e-type=\"widget\" data-widget_type=\"spacer.default\">\n\t\t\t\t<div class=\"elementor-widget-container\">\n\t\t\t\t\t\t\t<div class=\"elementor-spacer\">\n\t\t\t<div class=\"elementor-spacer-inner\"><\/div>\n\t\t<\/div>\n\t\t\t\t\t\t<\/div>\n\t\t\t\t<\/div>\n\t\t\t\t<div class=\"elementor-element elementor-element-df37b9d elementor-widget elementor-widget-heading\" data-id=\"df37b9d\" data-element_type=\"widget\" data-e-type=\"widget\" data-widget_type=\"heading.default\">\n\t\t\t\t<div class=\"elementor-widget-container\">\n\t\t\t\t\t<h2 class=\"elementor-heading-title elementor-size-default\">S\u00e5dan fungerer systemet\n<\/h2>\t\t\t\t<\/div>\n\t\t\t\t<\/div>\n\t\t\t\t<div class=\"elementor-element elementor-element-855884a elementor-widget elementor-widget-text-editor\" data-id=\"855884a\" data-element_type=\"widget\" data-e-type=\"widget\" data-widget_type=\"text-editor.default\">\n\t\t\t\t<div class=\"elementor-widget-container\">\n\t\t\t\t\t\t\t\t\t<div class=\"col-md-6 col-first\"><p>SoftCore\u00ae obturatoren best\u00e5r i al sin enkelthed af en r\u00f8ntgent\u00e6t plastkerne omgivet af naturligt termoplastisk guttaperka. Plastkernen findes i ISO st\u00f8rrelserne # 20-60. <\/p><p>Obturatoren opvarmes i Soft-Core\u00ae ovnen, hvorved det udvendige lag af guttaperka plastificeres.<\/p><p>Plastkernen forbliver fast, men b\u00f8jelig og f\u00f8lger derfor nemt rodkanalens krumning.<\/p><p>Det er en hurtig, nem og sikker metode.<br>til at lave en t\u00e6t rodfyldning.<\/p><\/div>\t\t\t\t\t\t\t\t<\/div>\n\t\t\t\t<\/div>\n\t\t\t\t<\/div>\n\t\t<div class=\"elementor-element elementor-element-d33bdd1 e-con-full e-flex e-con e-child\" data-id=\"d33bdd1\" data-element_type=\"container\" data-e-type=\"container\">\n\t\t\t\t<div class=\"elementor-element elementor-element-d464870 elementor-widget elementor-widget-heading\" data-id=\"d464870\" data-element_type=\"widget\" data-e-type=\"widget\" data-widget_type=\"heading.default\">\n\t\t\t\t<div class=\"elementor-widget-container\">\n\t\t\t\t\t<h2 class=\"elementor-heading-title elementor-size-default\">Hvorfor er den det?\n<\/h2>\t\t\t\t<\/div>\n\t\t\t\t<\/div>\n\t\t\t\t<div class=\"elementor-element elementor-element-52e392a elementor-widget elementor-widget-text-editor\" data-id=\"52e392a\" data-element_type=\"widget\" data-e-type=\"widget\" data-widget_type=\"text-editor.default\">\n\t\t\t\t<div class=\"elementor-widget-container\">\n\t\t\t\t\t\t\t\t\t<p>Fordi den faste kerne sikrer<br>At der kommer guttaperka helt ned til apex.<\/p><p>At der ydes et vist lateralt tryk, der presser guttaperkaen ud i sidekanaler og udposninger. <br><br><strong>3 gode grunde til at v\u00e6lge SoftCore\u00ae<\/strong><br><br><strong>Hurtigt<\/strong><\/p><p>Opvarmning af en obturator tager 1 min.<\/p><p>Det tager 5-10 sekunder at indf\u00f8re en obturator i rodkanalen.<\/p><p><strong>Nemt <\/strong><\/p><p>Du har indstillet gummistopperen til arbejdsl\u00e6ngden f\u00f8r den anbringes i ovnen. Nu skal den blot indf\u00f8res. N\u00e5r guttaperkaen er h\u00e6rdet (det tager 4-5 minutter) fjernes h\u00e5ndtaget. Resten af kernen bliver i rodkanalen.   <br><br><strong>Sikkert <\/strong> <\/p><p>Der er lavet over 20 millioner rodfyldninger med SoftCore\u00ae, som har vist sig at v\u00e6re et kvalitetsprodukt.<\/p>\t\t\t\t\t\t\t\t<\/div>\n\t\t\t\t<\/div>\n\t\t\t\t<\/div>\n\t\t\t\t\t<\/div>\n\t\t\t\t<\/div>\n\t\t<div class=\"elementor-element elementor-element-fa7f3c9 e-flex e-con-boxed e-con e-parent\" data-id=\"fa7f3c9\" data-element_type=\"container\" data-e-type=\"container\">\n\t\t\t\t\t<div class=\"e-con-inner\">\n\t\t<div class=\"elementor-element elementor-element-ed11db0 e-con-full e-flex e-con e-child\" data-id=\"ed11db0\" data-element_type=\"container\" data-e-type=\"container\">\n\t\t\t\t<div class=\"elementor-element elementor-element-b0e837f elementor-widget elementor-widget-image\" data-id=\"b0e837f\" data-element_type=\"widget\" data-e-type=\"widget\" data-widget_type=\"image.default\">\n\t\t\t\t<div class=\"elementor-widget-container\">\n\t\t\t\t\t\t\t\t\t\t\t\t\t\t\t<img fetchpriority=\"high\" decoding=\"async\" width=\"800\" height=\"600\" src=\"https:\/\/cmsdental.com\/wp-content\/uploads\/2025\/03\/Tandrodognerve.jpg\" class=\"attachment-large size-large wp-image-509\" alt=\"\" srcset=\"https:\/\/cmsdental.com\/wp-content\/uploads\/2025\/03\/Tandrodognerve.jpg 800w, https:\/\/cmsdental.com\/wp-content\/uploads\/2025\/03\/Tandrodognerve-300x225.jpg 300w, https:\/\/cmsdental.com\/wp-content\/uploads\/2025\/03\/Tandrodognerve-768x576.jpg 768w\" sizes=\"(max-width: 800px) 100vw, 800px\" \/>\t\t\t\t\t\t\t\t\t\t\t\t\t\t\t<\/div>\n\t\t\t\t<\/div>\n\t\t\t\t<div class=\"elementor-element elementor-element-e80b936 elementor-widget elementor-widget-heading\" data-id=\"e80b936\" data-element_type=\"widget\" data-e-type=\"widget\" data-widget_type=\"heading.default\">\n\t\t\t\t<div class=\"elementor-widget-container\">\n\t\t\t\t\t<h2 class=\"elementor-heading-title elementor-size-default\">CMS Dental startede i 1990\u2019erne med at producere endoprodukterne\n<\/h2>\t\t\t\t<\/div>\n\t\t\t\t<\/div>\n\t\t\t\t<div class=\"elementor-element elementor-element-7037545 elementor-widget elementor-widget-text-editor\" data-id=\"7037545\" data-element_type=\"widget\" data-e-type=\"widget\" data-widget_type=\"text-editor.default\">\n\t\t\t\t<div class=\"elementor-widget-container\">\n\t\t\t\t\t\t\t\t\t<p>Soft-Core\u00ae Endodontic Obturator<br>One-Step Obturator\u2122<\/p><p>Al udvikling og produktion af de to patenterede rodfyldningsprodukter er sket i samarbejde med Teknologisk Institut i Danmark. CMS Dental har specialiseret sig i fremstilling af pr\u00e6cisionsprodukter til rodfyldning. Alt produceres p\u00e5 egen fabrik i Glyng\u00f8re.  <\/p><p>Historien begynder med Soft-Core, som blev udviklet og markedsf\u00f8rt i 1996 og senere blev One-Step tilf\u00f8jet.<\/p>\t\t\t\t\t\t\t\t<\/div>\n\t\t\t\t<\/div>\n\t\t\t\t<div class=\"elementor-element elementor-element-a4c9a27 elementor-widget elementor-widget-button\" data-id=\"a4c9a27\" data-element_type=\"widget\" data-e-type=\"widget\" data-widget_type=\"button.default\">\n\t\t\t\t<div class=\"elementor-widget-container\">\n\t\t\t\t\t\t\t\t\t<div class=\"elementor-button-wrapper\">\n\t\t\t\t\t<a class=\"elementor-button elementor-button-link elementor-size-sm\" href=\"https:\/\/cmsdental.com\/da\/produkter\/onestep\/\">\n\t\t\t\t\t\t<span class=\"elementor-button-content-wrapper\">\n\t\t\t\t\t\t\t\t\t<span class=\"elementor-button-text\">L\u00e6s mere om One-Step<\/span>\n\t\t\t\t\t<\/span>\n\t\t\t\t\t<\/a>\n\t\t\t\t<\/div>\n\t\t\t\t\t\t\t\t<\/div>\n\t\t\t\t<\/div>\n\t\t\t\t<\/div>\n\t\t<div class=\"elementor-element elementor-element-e804027 e-con-full e-flex e-con e-child\" data-id=\"e804027\" data-element_type=\"container\" data-e-type=\"container\">\n\t\t\t\t<div class=\"elementor-element elementor-element-7d86a66 elementor-widget elementor-widget-image\" data-id=\"7d86a66\" data-element_type=\"widget\" data-e-type=\"widget\" data-widget_type=\"image.default\">\n\t\t\t\t<div class=\"elementor-widget-container\">\n\t\t\t\t\t\t\t\t\t\t\t\t\t\t\t<img decoding=\"async\" width=\"800\" height=\"600\" src=\"https:\/\/cmsdental.com\/wp-content\/uploads\/2025\/03\/Kvindertappergummi.jpg\" class=\"attachment-large size-large wp-image-510\" alt=\"\" srcset=\"https:\/\/cmsdental.com\/wp-content\/uploads\/2025\/03\/Kvindertappergummi.jpg 800w, https:\/\/cmsdental.com\/wp-content\/uploads\/2025\/03\/Kvindertappergummi-300x225.jpg 300w, https:\/\/cmsdental.com\/wp-content\/uploads\/2025\/03\/Kvindertappergummi-768x576.jpg 768w\" sizes=\"(max-width: 800px) 100vw, 800px\" \/>\t\t\t\t\t\t\t\t\t\t\t\t\t\t\t<\/div>\n\t\t\t\t<\/div>\n\t\t\t\t<div class=\"elementor-element elementor-element-2367756 elementor-widget elementor-widget-heading\" data-id=\"2367756\" data-element_type=\"widget\" data-e-type=\"widget\" data-widget_type=\"heading.default\">\n\t\t\t\t<div class=\"elementor-widget-container\">\n\t\t\t\t\t<h2 class=\"elementor-heading-title elementor-size-default\">Fakta<\/h2>\t\t\t\t<\/div>\n\t\t\t\t<\/div>\n\t\t\t\t<div class=\"elementor-element elementor-element-17a8f49 elementor-widget elementor-widget-text-editor\" data-id=\"17a8f49\" data-element_type=\"widget\" data-e-type=\"widget\" data-widget_type=\"text-editor.default\">\n\t\t\t\t<div class=\"elementor-widget-container\">\n\t\t\t\t\t\t\t\t\t<p>I mere end 25 \u00e5r har CMS Dental produceret dental-obturatorer.<\/p><p>CMS Dental benytter som de enesete i verden natur Gutta Percha til sine rodfyldningsprodukter.<\/p><p>Natur Gutta Percha er den r\u00e5vare, der er godkendt til brug for rodfyldning af t\u00e6nder og den har vist sig at v\u00e6re det optimale materiale til rodfyldning.<\/p><p>Natur Gutta Percha har v\u00e6ret benyttet i mere end 100 \u00e5r til rodfyldning af t\u00e6nder.<\/p><p>Hvert \u00e5r udf\u00f8res der 1 million rodfyldninger med Soft-Core p\u00e5 verdensplan.<\/p>\t\t\t\t\t\t\t\t<\/div>\n\t\t\t\t<\/div>\n\t\t\t\t<\/div>\n\t\t<div class=\"elementor-element elementor-element-09e2e74 e-con-full e-flex e-con e-child\" data-id=\"09e2e74\" data-element_type=\"container\" data-e-type=\"container\">\n\t\t\t\t<div class=\"elementor-element elementor-element-0832e17 elementor-widget elementor-widget-image\" data-id=\"0832e17\" data-element_type=\"widget\" data-e-type=\"widget\" data-widget_type=\"image.default\">\n\t\t\t\t<div class=\"elementor-widget-container\">\n\t\t\t\t\t\t\t\t\t\t\t\t\t\t\t<img decoding=\"async\" width=\"800\" height=\"600\" src=\"https:\/\/cmsdental.com\/wp-content\/uploads\/2025\/03\/RodfyldningWEB.jpg\" class=\"attachment-large size-large wp-image-511\" alt=\"\" srcset=\"https:\/\/cmsdental.com\/wp-content\/uploads\/2025\/03\/RodfyldningWEB.jpg 800w, https:\/\/cmsdental.com\/wp-content\/uploads\/2025\/03\/RodfyldningWEB-300x225.jpg 300w, https:\/\/cmsdental.com\/wp-content\/uploads\/2025\/03\/RodfyldningWEB-768x576.jpg 768w\" sizes=\"(max-width: 800px) 100vw, 800px\" \/>\t\t\t\t\t\t\t\t\t\t\t\t\t\t\t<\/div>\n\t\t\t\t<\/div>\n\t\t\t\t<div class=\"elementor-element elementor-element-ad01755 elementor-widget elementor-widget-heading\" data-id=\"ad01755\" data-element_type=\"widget\" data-e-type=\"widget\" data-widget_type=\"heading.default\">\n\t\t\t\t<div class=\"elementor-widget-container\">\n\t\t\t\t\t<h2 class=\"elementor-heading-title elementor-size-default\">Vigtig info om rodfyldning\n<\/h2>\t\t\t\t<\/div>\n\t\t\t\t<\/div>\n\t\t\t\t<div class=\"elementor-element elementor-element-845ad24 elementor-widget elementor-widget-text-editor\" data-id=\"845ad24\" data-element_type=\"widget\" data-e-type=\"widget\" data-widget_type=\"text-editor.default\">\n\t\t\t\t<div class=\"elementor-widget-container\">\n\t\t\t\t\t\t\t\t\t<p>F\u00f8r man rodfylder en tand skal man v\u00e6re sikker p\u00e5, at rodkanalen er fri for bakterier.<\/p><p>CMS Dental har derfor udviklet et behandlingskoncept til at eliminere bakterier i rodkanalen, det kaldes LAD (Light activated desinfection), og best\u00e5r af en lyskilde og en fotosensitizer. Lyset aktiverer fotosensitizeren, som udvikler reaktivt oxygen, der p\u00e5 millisekunder dr\u00e6ber mikrober i rodkanalen. Hvor lyset kan tr\u00e6nge ind og aktivere fotosensitizeren, er metoden s\u00e6rdeles effektiv og uden bivirkninger.  <\/p>\t\t\t\t\t\t\t\t<\/div>\n\t\t\t\t<\/div>\n\t\t\t\t<div class=\"elementor-element elementor-element-98022b6 elementor-widget elementor-widget-button\" data-id=\"98022b6\" data-element_type=\"widget\" data-e-type=\"widget\" data-widget_type=\"button.default\">\n\t\t\t\t<div class=\"elementor-widget-container\">\n\t\t\t\t\t\t\t\t\t<div class=\"elementor-button-wrapper\">\n\t\t\t\t\t<a class=\"elementor-button elementor-button-link elementor-size-sm\" href=\"https:\/\/cmsdental.com\/da\/produkter\/flashmax-p7\/\">\n\t\t\t\t\t\t<span class=\"elementor-button-content-wrapper\">\n\t\t\t\t\t\t\t\t\t<span class=\"elementor-button-text\">L\u00e6s mere om FlashMaxP7<\/span>\n\t\t\t\t\t<\/span>\n\t\t\t\t\t<\/a>\n\t\t\t\t<\/div>\n\t\t\t\t\t\t\t\t<\/div>\n\t\t\t\t<\/div>\n\t\t\t\t<\/div>\n\t\t\t\t\t<\/div>\n\t\t\t\t<\/div>\n\t\t<div class=\"elementor-element elementor-element-c7e0062 e-flex e-con-boxed e-con e-parent\" data-id=\"c7e0062\" data-element_type=\"container\" data-e-type=\"container\">\n\t\t\t\t\t<div class=\"e-con-inner\">\n\t\t<div class=\"elementor-element elementor-element-7244802 e-con-full e-flex e-con e-child\" data-id=\"7244802\" data-element_type=\"container\" data-e-type=\"container\" data-settings=\"{&quot;background_background&quot;:&quot;classic&quot;}\">\n\t\t\t\t<div class=\"elementor-element elementor-element-61d6e5a elementor-widget elementor-widget-heading\" data-id=\"61d6e5a\" data-element_type=\"widget\" data-e-type=\"widget\" data-widget_type=\"heading.default\">\n\t\t\t\t<div class=\"elementor-widget-container\">\n\t\t\t\t\t<h2 class=\"elementor-heading-title elementor-size-default\">Tekniske specifikationer SoftCore\u00ae Heater\n\n<\/h2>\t\t\t\t<\/div>\n\t\t\t\t<\/div>\n\t\t\t\t<div class=\"elementor-element elementor-element-91ae7d0 elementor-widget elementor-widget-text-editor\" data-id=\"91ae7d0\" data-element_type=\"widget\" data-e-type=\"widget\" data-widget_type=\"text-editor.default\">\n\t\t\t\t<div class=\"elementor-widget-container\">\n\t\t\t\t\t\t\t\t\t<p>Indgangseffekt: 100-240V AC, 50\/60 Hz<br>Udgangseffekt: 9V DC, 1,7A<br>EU, UK og US stik. <\/p>\t\t\t\t\t\t\t\t<\/div>\n\t\t\t\t<\/div>\n\t\t\t\t<\/div>\n\t\t\t\t\t<\/div>\n\t\t\t\t<\/div>\n\t\t\t\t<\/div>\n\t\t","protected":false},"excerpt":{"rendered":"<p>Hjem Produkter SoftCore\u00ae SoftCore\u00ae Obturator Et sikkert og effektivt rodfyldningssystem med naturligt gutta-perka Som de to eneste obturatorer p\u00e5 markedet, er produkterne SoftCore \u00ae og OneStep\u00ae lavet med naturligt gutta-perka, et materiale, som har v\u00e6ret benyttet til rodfyldning i langt over 100 \u00e5r. Naturligt gutta-perka er til stadighed \u201dthe golden standard\u201d til brug for rodfyldning [&hellip;]<\/p>\n","protected":false},"author":1,"featured_media":0,"parent":767,"menu_order":0,"comment_status":"closed","ping_status":"closed","template":"","meta":{"footnotes":""},"class_list":["post-800","page","type-page","status-publish","hentry"],"_links":{"self":[{"href":"https:\/\/cmsdental.com\/da\/wp-json\/wp\/v2\/pages\/800","targetHints":{"allow":["GET"]}}],"collection":[{"href":"https:\/\/cmsdental.com\/da\/wp-json\/wp\/v2\/pages"}],"about":[{"href":"https:\/\/cmsdental.com\/da\/wp-json\/wp\/v2\/types\/page"}],"author":[{"embeddable":true,"href":"https:\/\/cmsdental.com\/da\/wp-json\/wp\/v2\/users\/1"}],"replies":[{"embeddable":true,"href":"https:\/\/cmsdental.com\/da\/wp-json\/wp\/v2\/comments?post=800"}],"version-history":[{"count":3,"href":"https:\/\/cmsdental.com\/da\/wp-json\/wp\/v2\/pages\/800\/revisions"}],"predecessor-version":[{"id":924,"href":"https:\/\/cmsdental.com\/da\/wp-json\/wp\/v2\/pages\/800\/revisions\/924"}],"up":[{"embeddable":true,"href":"https:\/\/cmsdental.com\/da\/wp-json\/wp\/v2\/pages\/767"}],"wp:attachment":[{"href":"https:\/\/cmsdental.com\/da\/wp-json\/wp\/v2\/media?parent=800"}],"curies":[{"name":"wp","href":"https:\/\/api.w.org\/{rel}","templated":true}]}}