{"id":787,"date":"2025-03-11T09:27:49","date_gmt":"2025-03-11T09:27:49","guid":{"rendered":"https:\/\/cms-dental.msnordic.com\/produkter\/prolacsan\/"},"modified":"2025-09-25T08:14:23","modified_gmt":"2025-09-25T08:14:23","slug":"prolacsan","status":"publish","type":"page","link":"https:\/\/cmsdental.com\/da\/produkter\/prolacsan\/","title":{"rendered":"ProlacSan\u00ae"},"content":{"rendered":"\t\t<div data-elementor-type=\"wp-page\" data-elementor-id=\"787\" class=\"elementor elementor-787 elementor-339\" data-elementor-post-type=\"page\">\n\t\t\t\t<div class=\"elementor-element elementor-element-d919197 e-flex e-con-boxed e-con e-parent\" data-id=\"d919197\" data-element_type=\"container\" data-e-type=\"container\" data-settings=\"{&quot;background_background&quot;:&quot;classic&quot;}\">\n\t\t\t\t\t<div class=\"e-con-inner\">\n\t\t\t\t<div class=\"elementor-element elementor-element-5b2f79f elementor-icon-list--layout-inline elementor-list-item-link-full_width elementor-widget elementor-widget-icon-list\" data-id=\"5b2f79f\" data-element_type=\"widget\" data-e-type=\"widget\" data-widget_type=\"icon-list.default\">\n\t\t\t\t<div class=\"elementor-widget-container\">\n\t\t\t\t\t\t\t<ul class=\"elementor-icon-list-items elementor-inline-items\">\n\t\t\t\t\t\t\t<li class=\"elementor-icon-list-item elementor-inline-item\">\n\t\t\t\t\t\t\t\t\t\t\t<a href=\"https:\/\/cmsdental.com\/da\/\">\n\n\t\t\t\t\t\t\t\t\t\t\t<span class=\"elementor-icon-list-text\">Hjem<\/span>\n\t\t\t\t\t\t\t\t\t\t\t<\/a>\n\t\t\t\t\t\t\t\t\t<\/li>\n\t\t\t\t\t\t\t\t<li class=\"elementor-icon-list-item elementor-inline-item\">\n\t\t\t\t\t\t\t\t\t\t\t<a href=\"https:\/\/cmsdental.com\/da\/produkter\/\">\n\n\t\t\t\t\t\t\t\t\t\t\t\t<span class=\"elementor-icon-list-icon\">\n\t\t\t\t\t\t\t<i aria-hidden=\"true\" class=\"fas fa-chevron-right\"><\/i>\t\t\t\t\t\t<\/span>\n\t\t\t\t\t\t\t\t\t\t<span class=\"elementor-icon-list-text\">Produkter<\/span>\n\t\t\t\t\t\t\t\t\t\t\t<\/a>\n\t\t\t\t\t\t\t\t\t<\/li>\n\t\t\t\t\t\t\t\t<li class=\"elementor-icon-list-item elementor-inline-item\">\n\t\t\t\t\t\t\t\t\t\t\t<span class=\"elementor-icon-list-icon\">\n\t\t\t\t\t\t\t<i aria-hidden=\"true\" class=\"fas fa-chevron-right\"><\/i>\t\t\t\t\t\t<\/span>\n\t\t\t\t\t\t\t\t\t\t<span class=\"elementor-icon-list-text\">FlashMax Wide Spectrum<\/span>\n\t\t\t\t\t\t\t\t\t<\/li>\n\t\t\t\t\t\t<\/ul>\n\t\t\t\t\t\t<\/div>\n\t\t\t\t<\/div>\n\t\t\t\t\t<\/div>\n\t\t\t\t<\/div>\n\t\t<div class=\"elementor-element elementor-element-900f30d e-flex e-con-boxed e-con e-parent\" data-id=\"900f30d\" data-element_type=\"container\" data-e-type=\"container\" data-settings=\"{&quot;background_background&quot;:&quot;classic&quot;}\">\n\t\t\t\t\t<div class=\"e-con-inner\">\n\t\t<div class=\"elementor-element elementor-element-e92d39e e-con-full e-flex e-con e-child\" data-id=\"e92d39e\" data-element_type=\"container\" data-e-type=\"container\" data-settings=\"{&quot;background_background&quot;:&quot;classic&quot;}\">\n\t\t\t\t<div class=\"elementor-element elementor-element-7b2e5e0 elementor-widget elementor-widget-heading\" data-id=\"7b2e5e0\" data-element_type=\"widget\" data-e-type=\"widget\" data-widget_type=\"heading.default\">\n\t\t\t\t<div class=\"elementor-widget-container\">\n\t\t\t\t\t<h2 class=\"elementor-heading-title elementor-size-default\">ProlacSan\u00ae\n<\/h2>\t\t\t\t<\/div>\n\t\t\t\t<\/div>\n\t\t\t\t<div class=\"elementor-element elementor-element-d639b30 elementor-widget elementor-widget-heading\" data-id=\"d639b30\" data-element_type=\"widget\" data-e-type=\"widget\" data-widget_type=\"heading.default\">\n\t\t\t\t<div class=\"elementor-widget-container\">\n\t\t\t\t\t<h2 class=\"elementor-heading-title elementor-size-default\">ProlacSan\u00ae sugetabletter styrker biofilmen i mundhulen\n<\/h2>\t\t\t\t<\/div>\n\t\t\t\t<\/div>\n\t\t\t\t<div class=\"elementor-element elementor-element-3b09555 elementor-widget elementor-widget-heading\" data-id=\"3b09555\" data-element_type=\"widget\" data-e-type=\"widget\" data-widget_type=\"heading.default\">\n\t\t\t\t<div class=\"elementor-widget-container\">\n\t\t\t\t\t<h2 class=\"elementor-heading-title elementor-size-default\">Et probiotikum, fundet hos b\u00f8rn og specielt testet til mundhulen\n\n<\/h2>\t\t\t\t<\/div>\n\t\t\t\t<\/div>\n\t\t\t\t<div class=\"elementor-element elementor-element-c066430 elementor-widget elementor-widget-text-editor\" data-id=\"c066430\" data-element_type=\"widget\" data-e-type=\"widget\" data-widget_type=\"text-editor.default\">\n\t\t\t\t<div class=\"elementor-widget-container\">\n\t\t\t\t\t\t\t\t\t<p>M\u00e6lkesyrebakterierne i ProlacSan\u00ae, Lactobacillus brevis og plantarum er oprindeligt fundet i mundhulen hos b\u00f8rn med en virkelig god mundstatus p\u00e5 trods af, at de lever i omr\u00e5der af verden uden forebyggende tandbehandling. ProlacSan\u00ae indeholder Lactobacillus brevis KABPTM-052 og Lactobacillus plantarum KABPTM-051.<\/p>\t\t\t\t\t\t\t\t<\/div>\n\t\t\t\t<\/div>\n\t\t<div class=\"elementor-element elementor-element-0730641 e-con-full e-flex e-con e-child\" data-id=\"0730641\" data-element_type=\"container\" data-e-type=\"container\">\n\t\t\t\t<div class=\"elementor-element elementor-element-1a3d9a1 elementor-widget elementor-widget-image\" data-id=\"1a3d9a1\" data-element_type=\"widget\" data-e-type=\"widget\" data-widget_type=\"image.default\">\n\t\t\t\t<div class=\"elementor-widget-container\">\n\t\t\t\t\t\t\t\t\t\t\t\t\t\t\t<img fetchpriority=\"high\" decoding=\"async\" width=\"250\" height=\"250\" src=\"https:\/\/cmsdental.com\/wp-content\/uploads\/2025\/03\/gingivitis-cms-dental.png\" class=\"attachment-large size-large wp-image-529\" alt=\"\" srcset=\"https:\/\/cmsdental.com\/wp-content\/uploads\/2025\/03\/gingivitis-cms-dental.png 250w, https:\/\/cmsdental.com\/wp-content\/uploads\/2025\/03\/gingivitis-cms-dental-150x150.png 150w\" sizes=\"(max-width: 250px) 100vw, 250px\" \/>\t\t\t\t\t\t\t\t\t\t\t\t\t\t\t<\/div>\n\t\t\t\t<\/div>\n\t\t\t\t<div class=\"elementor-element elementor-element-29476cb elementor-widget elementor-widget-image\" data-id=\"29476cb\" data-element_type=\"widget\" data-e-type=\"widget\" data-widget_type=\"image.default\">\n\t\t\t\t<div class=\"elementor-widget-container\">\n\t\t\t\t\t\t\t\t\t\t\t\t\t\t\t<img decoding=\"async\" width=\"250\" height=\"250\" src=\"https:\/\/cmsdental.com\/wp-content\/uploads\/2025\/03\/daarlig-aande-cms-dental-1.png\" class=\"attachment-large size-large wp-image-528\" alt=\"\" srcset=\"https:\/\/cmsdental.com\/wp-content\/uploads\/2025\/03\/daarlig-aande-cms-dental-1.png 250w, https:\/\/cmsdental.com\/wp-content\/uploads\/2025\/03\/daarlig-aande-cms-dental-1-150x150.png 150w\" sizes=\"(max-width: 250px) 100vw, 250px\" \/>\t\t\t\t\t\t\t\t\t\t\t\t\t\t\t<\/div>\n\t\t\t\t<\/div>\n\t\t\t\t<div class=\"elementor-element elementor-element-7d8fe85 elementor-widget elementor-widget-image\" data-id=\"7d8fe85\" data-element_type=\"widget\" data-e-type=\"widget\" data-widget_type=\"image.default\">\n\t\t\t\t<div class=\"elementor-widget-container\">\n\t\t\t\t\t\t\t\t\t\t\t\t\t\t\t<img decoding=\"async\" width=\"250\" height=\"250\" src=\"https:\/\/cmsdental.com\/wp-content\/uploads\/2025\/03\/parodontose-cms-dental.png\" class=\"attachment-large size-large wp-image-527\" alt=\"\" srcset=\"https:\/\/cmsdental.com\/wp-content\/uploads\/2025\/03\/parodontose-cms-dental.png 250w, https:\/\/cmsdental.com\/wp-content\/uploads\/2025\/03\/parodontose-cms-dental-150x150.png 150w\" sizes=\"(max-width: 250px) 100vw, 250px\" \/>\t\t\t\t\t\t\t\t\t\t\t\t\t\t\t<\/div>\n\t\t\t\t<\/div>\n\t\t\t\t<div class=\"elementor-element elementor-element-a2c2715 elementor-widget elementor-widget-image\" data-id=\"a2c2715\" data-element_type=\"widget\" data-e-type=\"widget\" data-widget_type=\"image.default\">\n\t\t\t\t<div class=\"elementor-widget-container\">\n\t\t\t\t\t\t\t\t\t\t\t\t\t\t\t<img loading=\"lazy\" decoding=\"async\" width=\"250\" height=\"250\" src=\"https:\/\/cmsdental.com\/wp-content\/uploads\/2025\/03\/implantat-cms-dental.png\" class=\"attachment-large size-large wp-image-526\" alt=\"\" srcset=\"https:\/\/cmsdental.com\/wp-content\/uploads\/2025\/03\/implantat-cms-dental.png 250w, https:\/\/cmsdental.com\/wp-content\/uploads\/2025\/03\/implantat-cms-dental-150x150.png 150w\" sizes=\"(max-width: 250px) 100vw, 250px\" \/>\t\t\t\t\t\t\t\t\t\t\t\t\t\t\t<\/div>\n\t\t\t\t<\/div>\n\t\t\t\t<\/div>\n\t\t\t\t<\/div>\n\t\t<div class=\"elementor-element elementor-element-74d8851 e-con-full e-flex e-con e-child\" data-id=\"74d8851\" data-element_type=\"container\" data-e-type=\"container\" data-settings=\"{&quot;background_background&quot;:&quot;slideshow&quot;,&quot;background_slideshow_slide_transition&quot;:&quot;slide_right&quot;,&quot;background_slideshow_gallery&quot;:[],&quot;background_slideshow_loop&quot;:&quot;yes&quot;,&quot;background_slideshow_slide_duration&quot;:5000,&quot;background_slideshow_transition_duration&quot;:500}\">\n\t\t\t\t<div class=\"elementor-element elementor-element-8b1ac87 elementor-pagination-position-inside elementor-widget elementor-widget-image-carousel\" data-id=\"8b1ac87\" data-element_type=\"widget\" data-e-type=\"widget\" data-settings=\"{&quot;slides_to_show&quot;:&quot;1&quot;,&quot;navigation&quot;:&quot;dots&quot;,&quot;autoplay&quot;:&quot;yes&quot;,&quot;pause_on_hover&quot;:&quot;yes&quot;,&quot;pause_on_interaction&quot;:&quot;yes&quot;,&quot;autoplay_speed&quot;:5000,&quot;infinite&quot;:&quot;yes&quot;,&quot;effect&quot;:&quot;slide&quot;,&quot;speed&quot;:500}\" data-widget_type=\"image-carousel.default\">\n\t\t\t\t<div class=\"elementor-widget-container\">\n\t\t\t\t\t\t\t<div class=\"elementor-image-carousel-wrapper swiper\" role=\"region\" aria-roledescription=\"carousel\" aria-label=\"Image Carousel\" dir=\"ltr\">\n\t\t\t<div class=\"elementor-image-carousel swiper-wrapper\" aria-live=\"off\">\n\t\t\t\t\t\t\t\t<div class=\"swiper-slide\" role=\"group\" aria-roledescription=\"slide\" aria-label=\"1 of 4\"><figure class=\"swiper-slide-inner\"><img decoding=\"async\" class=\"swiper-slide-image\" src=\"https:\/\/cmsdental.com\/wp-content\/uploads\/2025\/03\/ProlacSan-lozen_2-1.jpg\" alt=\"ProlacSan lozen_2\" \/><\/figure><\/div><div class=\"swiper-slide\" role=\"group\" aria-roledescription=\"slide\" aria-label=\"2 of 4\"><figure class=\"swiper-slide-inner\"><img decoding=\"async\" class=\"swiper-slide-image\" src=\"https:\/\/cmsdental.com\/wp-content\/uploads\/2025\/03\/1200x1200px_ProlacSan-pille-1.jpg\" alt=\"1200x1200px_ProlacSan pille-1\" \/><\/figure><\/div><div class=\"swiper-slide\" role=\"group\" aria-roledescription=\"slide\" aria-label=\"3 of 4\"><figure class=\"swiper-slide-inner\"><img decoding=\"async\" class=\"swiper-slide-image\" src=\"https:\/\/cmsdental.com\/wp-content\/uploads\/2025\/03\/181023-3D-billede-af-DK-ProlacSan-Strawberry-Box-30pcs-scaled.jpg\" alt=\"181023 - 3D billede af DK ProlacSan Strawberry Box 30pcs\" \/><\/figure><\/div><div class=\"swiper-slide\" role=\"group\" aria-roledescription=\"slide\" aria-label=\"4 of 4\"><figure class=\"swiper-slide-inner\"><img decoding=\"async\" class=\"swiper-slide-image\" src=\"https:\/\/cmsdental.com\/wp-content\/uploads\/2025\/03\/ProlacSan-MINT-Box-30pcs.jpg\" alt=\"ProlacSan-MINT-Box-30pcs\" \/><\/figure><\/div>\t\t\t<\/div>\n\t\t\t\t\t\t\t\n\t\t\t\t\t\t\t\t\t<div class=\"swiper-pagination\"><\/div>\n\t\t\t\t\t\t\t\t\t<\/div>\n\t\t\t\t\t\t<\/div>\n\t\t\t\t<\/div>\n\t\t\t\t<\/div>\n\t\t\t\t\t<\/div>\n\t\t\t\t<\/div>\n\t\t<div class=\"elementor-element elementor-element-a347efd e-flex e-con-boxed e-con e-parent\" data-id=\"a347efd\" data-element_type=\"container\" data-e-type=\"container\">\n\t\t\t\t\t<div class=\"e-con-inner\">\n\t\t\t\t<div class=\"elementor-element elementor-element-5a6fbd8 elementor-widget elementor-widget-heading\" data-id=\"5a6fbd8\" data-element_type=\"widget\" data-e-type=\"widget\" data-widget_type=\"heading.default\">\n\t\t\t\t<div class=\"elementor-widget-container\">\n\t\t\t\t\t<h2 class=\"elementor-heading-title elementor-size-default\">Hvorn\u00e5r kan patienterne f\u00e5 gavn af ProlacSan\u00ae?\n<\/h2>\t\t\t\t<\/div>\n\t\t\t\t<\/div>\n\t\t\t\t\t<\/div>\n\t\t\t\t<\/div>\n\t\t<div class=\"elementor-element elementor-element-db5def1 e-flex e-con-boxed e-con e-parent\" data-id=\"db5def1\" data-element_type=\"container\" data-e-type=\"container\">\n\t\t\t\t\t<div class=\"e-con-inner\">\n\t\t<div class=\"elementor-element elementor-element-9946e49 e-con-full e-flex e-con e-child\" data-id=\"9946e49\" data-element_type=\"container\" data-e-type=\"container\">\n\t\t\t\t<div class=\"elementor-element elementor-element-1ffc996 elementor-widget elementor-widget-text-editor\" data-id=\"1ffc996\" data-element_type=\"widget\" data-e-type=\"widget\" data-widget_type=\"text-editor.default\">\n\t\t\t\t<div class=\"elementor-widget-container\">\n\t\t\t\t\t\t\t\t\t<p>ProlacSan styrker biofilmen i mundhulen. <br>En styrkelse af biofilmen og dermed bakteriesammens\u00e6tningen i mundhulen er v\u00e6sentlig for opn\u00e5else af en sund mund og dermed en sund krop.<\/p><p>Sundhedstilstanden i mundhulen er direkte relateret til adskillige kroniske systemiske sygdomstilstande i kroppen.<\/p><p>En del systemiske sygdomme, andre lidelser og diverse typer farmaceutiske behandlinger kan bringe bakteriesammens\u00e6tningen i biofilmen i <strong><a href=\"https:\/\/cmsdental.com\/da\/tandlaeger\/biofilm-kontrol\/\">mundhulen ud af balance<\/a><\/strong>. Det er faktorer, der hver is\u00e6r \u00f8ger risikoen for karies og parodontalsygdomme samt svampeinfektioner.<\/p>\t\t\t\t\t\t\t\t<\/div>\n\t\t\t\t<\/div>\n\t\t\t\t<\/div>\n\t\t<div class=\"elementor-element elementor-element-32e1c0a e-con-full e-flex e-con e-child\" data-id=\"32e1c0a\" data-element_type=\"container\" data-e-type=\"container\">\n\t\t\t\t<div class=\"elementor-element elementor-element-f91d753 elementor-widget elementor-widget-text-editor\" data-id=\"f91d753\" data-element_type=\"widget\" data-e-type=\"widget\" data-widget_type=\"text-editor.default\">\n\t\t\t\t<div class=\"elementor-widget-container\">\n\t\t\t\t\t\t\t\t\t<p>Biofilmen i mundhulen p\u00e5virkes af mange faktorer, arv, kost, rygning, medicinsk behandling og meget mere, men ogs\u00e5 af diverse sygdomstilstande. Nogle af de sygdomme, der kan n\u00e6vnes er diabetes og xerostomi (mundt\u00f8rhed).<\/p>\t\t\t\t\t\t\t\t<\/div>\n\t\t\t\t<\/div>\n\t\t\t\t<div class=\"elementor-element elementor-element-b2ad788 elementor-widget elementor-widget-text-editor\" data-id=\"b2ad788\" data-element_type=\"widget\" data-e-type=\"widget\" data-widget_type=\"text-editor.default\">\n\t\t\t\t<div class=\"elementor-widget-container\">\n\t\t\t\t\t\t\t\t\t<p><strong><a href=\"https:\/\/www.cmsdentalshop.dk\/en\/prolacsan-probiotikum-root_prolacsan-probiotikum-bio\" target=\"_blank\" rel=\"noopener\">Se ProlacSan i vores shop<\/a><\/strong><\/p>\t\t\t\t\t\t\t\t<\/div>\n\t\t\t\t<\/div>\n\t\t\t\t<\/div>\n\t\t\t\t\t<\/div>\n\t\t\t\t<\/div>\n\t\t<div class=\"elementor-element elementor-element-f24e311 e-flex e-con-boxed e-con e-parent\" data-id=\"f24e311\" data-element_type=\"container\" data-e-type=\"container\">\n\t\t\t\t\t<div class=\"e-con-inner\">\n\t\t<div class=\"elementor-element elementor-element-9ca82b4 e-con-full e-flex e-con e-child\" data-id=\"9ca82b4\" data-element_type=\"container\" data-e-type=\"container\" data-settings=\"{&quot;background_background&quot;:&quot;classic&quot;}\">\n\t\t\t\t<div class=\"elementor-element elementor-element-83edd9d elementor-widget elementor-widget-heading\" data-id=\"83edd9d\" data-element_type=\"widget\" data-e-type=\"widget\" data-widget_type=\"heading.default\">\n\t\t\t\t<div class=\"elementor-widget-container\">\n\t\t\t\t\t<h2 class=\"elementor-heading-title elementor-size-default\">FAKTA OM PROLACSAN<\/h2>\t\t\t\t<\/div>\n\t\t\t\t<\/div>\n\t\t<div class=\"elementor-element elementor-element-52fdd65 e-con-full e-flex e-con e-child\" data-id=\"52fdd65\" data-element_type=\"container\" data-e-type=\"container\">\n\t\t\t\t<div class=\"elementor-element elementor-element-0dbf1f6 elementor-widget elementor-widget-image\" data-id=\"0dbf1f6\" data-element_type=\"widget\" data-e-type=\"widget\" data-widget_type=\"image.default\">\n\t\t\t\t<div class=\"elementor-widget-container\">\n\t\t\t\t\t\t\t\t\t\t\t\t\t\t\t<img loading=\"lazy\" decoding=\"async\" width=\"578\" height=\"566\" src=\"https:\/\/cmsdental.com\/wp-content\/uploads\/2025\/03\/cms-dental-produkt-info-update2.png\" class=\"attachment-large size-large wp-image-534\" alt=\"\" srcset=\"https:\/\/cmsdental.com\/wp-content\/uploads\/2025\/03\/cms-dental-produkt-info-update2.png 578w, https:\/\/cmsdental.com\/wp-content\/uploads\/2025\/03\/cms-dental-produkt-info-update2-300x294.png 300w\" sizes=\"(max-width: 578px) 100vw, 578px\" \/>\t\t\t\t\t\t\t\t\t\t\t\t\t\t\t<\/div>\n\t\t\t\t<\/div>\n\t\t\t\t<div class=\"elementor-element elementor-element-ed3261e elementor-widget elementor-widget-text-editor\" data-id=\"ed3261e\" data-element_type=\"widget\" data-e-type=\"widget\" data-widget_type=\"text-editor.default\">\n\t\t\t\t<div class=\"elementor-widget-container\">\n\t\t\t\t\t\t\t\t\t<p>En ProlacSan\u00ae sugetablet indeholder minimum 1 MIA levende m\u00e6lkesyrebakterier, der antalsm\u00e6ssigt kan sammenlignes med det antal bakterier, der findes i 100 liter yoghurt. M\u00e6lkesyrebakterierne i ProlacSan\u00ae er dog ikke den samme type, som findes i yoghurt, de er derimod helt specifikke til brug for mundhulen.<br>ProlacSan\u00ae indeholder Lactobacillus brevis KABPTM-052 and Lactobacillus plantarum KABPTM-051.<br>De probiotiske bakterier h\u00e6fter sig p\u00e5 biofilmen og indg\u00e5r som en naturlig del af det orale mikrobiom.<\/p><p>ProlacSan\u00ae findes med <a href=\"https:\/\/www.cmsdentalshop.dk\/en\/prolacsan-sugetabletter-root_prolacsan-lozenges\/prolacsan-lozenges-30pcs\" target=\"_blank\" rel=\"noopener\"><strong>mintsmag<\/strong><\/a> og med <a href=\"https:\/\/www.cmsdentalshop.dk\/en\/prolacsan-sugetabletter-root_prolacsan-lozenges\/prolacsan-lozenges-strawberry-prolacsan-lozenges-strawberry\" target=\"_blank\" rel=\"noopener\"><strong>jordb\u00e6rsmag<\/strong><\/a>.<\/p>\t\t\t\t\t\t\t\t<\/div>\n\t\t\t\t<\/div>\n\t\t\t\t<\/div>\n\t\t\t\t<\/div>\n\t\t\t\t\t<\/div>\n\t\t\t\t<\/div>\n\t\t\t\t<\/div>\n\t\t","protected":false},"excerpt":{"rendered":"<p>Hjem Produkter FlashMax Wide Spectrum ProlacSan\u00ae ProlacSan\u00ae sugetabletter styrker biofilmen i mundhulen Et probiotikum, fundet hos b\u00f8rn og specielt testet til mundhulen M\u00e6lkesyrebakterierne i ProlacSan\u00ae, Lactobacillus brevis og plantarum er oprindeligt fundet i mundhulen hos b\u00f8rn med en virkelig god mundstatus p\u00e5 trods af, at de lever i omr\u00e5der af verden uden forebyggende tandbehandling. ProlacSan\u00ae [&hellip;]<\/p>\n","protected":false},"author":1,"featured_media":0,"parent":767,"menu_order":0,"comment_status":"closed","ping_status":"closed","template":"","meta":{"footnotes":""},"class_list":["post-787","page","type-page","status-publish","hentry"],"_links":{"self":[{"href":"https:\/\/cmsdental.com\/da\/wp-json\/wp\/v2\/pages\/787","targetHints":{"allow":["GET"]}}],"collection":[{"href":"https:\/\/cmsdental.com\/da\/wp-json\/wp\/v2\/pages"}],"about":[{"href":"https:\/\/cmsdental.com\/da\/wp-json\/wp\/v2\/types\/page"}],"author":[{"embeddable":true,"href":"https:\/\/cmsdental.com\/da\/wp-json\/wp\/v2\/users\/1"}],"replies":[{"embeddable":true,"href":"https:\/\/cmsdental.com\/da\/wp-json\/wp\/v2\/comments?post=787"}],"version-history":[{"count":19,"href":"https:\/\/cmsdental.com\/da\/wp-json\/wp\/v2\/pages\/787\/revisions"}],"predecessor-version":[{"id":922,"href":"https:\/\/cmsdental.com\/da\/wp-json\/wp\/v2\/pages\/787\/revisions\/922"}],"up":[{"embeddable":true,"href":"https:\/\/cmsdental.com\/da\/wp-json\/wp\/v2\/pages\/767"}],"wp:attachment":[{"href":"https:\/\/cmsdental.com\/da\/wp-json\/wp\/v2\/media?parent=787"}],"curies":[{"name":"wp","href":"https:\/\/api.w.org\/{rel}","templated":true}]}}