{"id":782,"date":"2025-03-11T09:46:23","date_gmt":"2025-03-11T09:46:23","guid":{"rendered":"https:\/\/cms-dental.msnordic.com\/produkter\/onestep\/"},"modified":"2025-09-25T08:14:23","modified_gmt":"2025-09-25T08:14:23","slug":"onestep","status":"publish","type":"page","link":"https:\/\/cmsdental.com\/da\/produkter\/onestep\/","title":{"rendered":"OneStep\u00ae."},"content":{"rendered":"\t\t<div data-elementor-type=\"wp-page\" data-elementor-id=\"782\" class=\"elementor elementor-782 elementor-360\" data-elementor-post-type=\"page\">\n\t\t\t\t<div class=\"elementor-element elementor-element-1da5ba5 e-flex e-con-boxed e-con e-parent\" data-id=\"1da5ba5\" data-element_type=\"container\" data-e-type=\"container\" data-settings=\"{&quot;background_background&quot;:&quot;classic&quot;}\">\n\t\t\t\t\t<div class=\"e-con-inner\">\n\t\t\t\t<div class=\"elementor-element elementor-element-f41cb59 elementor-icon-list--layout-inline elementor-list-item-link-full_width elementor-widget elementor-widget-icon-list\" data-id=\"f41cb59\" data-element_type=\"widget\" data-e-type=\"widget\" data-widget_type=\"icon-list.default\">\n\t\t\t\t<div class=\"elementor-widget-container\">\n\t\t\t\t\t\t\t<ul class=\"elementor-icon-list-items elementor-inline-items\">\n\t\t\t\t\t\t\t<li class=\"elementor-icon-list-item elementor-inline-item\">\n\t\t\t\t\t\t\t\t\t\t\t<a href=\"https:\/\/cmsdental.com\/da\/\">\n\n\t\t\t\t\t\t\t\t\t\t\t<span class=\"elementor-icon-list-text\">Hjem<\/span>\n\t\t\t\t\t\t\t\t\t\t\t<\/a>\n\t\t\t\t\t\t\t\t\t<\/li>\n\t\t\t\t\t\t\t\t<li class=\"elementor-icon-list-item elementor-inline-item\">\n\t\t\t\t\t\t\t\t\t\t\t<a href=\"https:\/\/cmsdental.com\/da\/produkter\/\">\n\n\t\t\t\t\t\t\t\t\t\t\t\t<span class=\"elementor-icon-list-icon\">\n\t\t\t\t\t\t\t<i aria-hidden=\"true\" class=\"fas fa-chevron-right\"><\/i>\t\t\t\t\t\t<\/span>\n\t\t\t\t\t\t\t\t\t\t<span class=\"elementor-icon-list-text\">Produkter<\/span>\n\t\t\t\t\t\t\t\t\t\t\t<\/a>\n\t\t\t\t\t\t\t\t\t<\/li>\n\t\t\t\t\t\t\t\t<li class=\"elementor-icon-list-item elementor-inline-item\">\n\t\t\t\t\t\t\t\t\t\t\t<span class=\"elementor-icon-list-icon\">\n\t\t\t\t\t\t\t<i aria-hidden=\"true\" class=\"fas fa-chevron-right\"><\/i>\t\t\t\t\t\t<\/span>\n\t\t\t\t\t\t\t\t\t\t<span class=\"elementor-icon-list-text\">OneStep\u00ae <\/span>\n\t\t\t\t\t\t\t\t\t<\/li>\n\t\t\t\t\t\t<\/ul>\n\t\t\t\t\t\t<\/div>\n\t\t\t\t<\/div>\n\t\t\t\t\t<\/div>\n\t\t\t\t<\/div>\n\t\t<div class=\"elementor-element elementor-element-a4cf200 e-flex e-con-boxed e-con e-parent\" data-id=\"a4cf200\" data-element_type=\"container\" data-e-type=\"container\" data-settings=\"{&quot;background_background&quot;:&quot;classic&quot;}\">\n\t\t\t\t\t<div class=\"e-con-inner\">\n\t\t<div class=\"elementor-element elementor-element-b3ca4b3 e-con-full e-flex e-con e-child\" data-id=\"b3ca4b3\" data-element_type=\"container\" data-e-type=\"container\" data-settings=\"{&quot;background_background&quot;:&quot;classic&quot;}\">\n\t\t\t\t<div class=\"elementor-element elementor-element-20d6ac6 elementor-widget elementor-widget-heading\" data-id=\"20d6ac6\" data-element_type=\"widget\" data-e-type=\"widget\" data-widget_type=\"heading.default\">\n\t\t\t\t<div class=\"elementor-widget-container\">\n\t\t\t\t\t<h2 class=\"elementor-heading-title elementor-size-default\">OneStep\u00ae Obturator<\/h2>\t\t\t\t<\/div>\n\t\t\t\t<\/div>\n\t\t\t\t<div class=\"elementor-element elementor-element-22dc756 elementor-widget elementor-widget-heading\" data-id=\"22dc756\" data-element_type=\"widget\" data-e-type=\"widget\" data-widget_type=\"heading.default\">\n\t\t\t\t<div class=\"elementor-widget-container\">\n\t\t\t\t\t<h2 class=\"elementor-heading-title elementor-size-default\">Et sikkert og effektivt rodfyldningssystem med naturligt gutta-perka<\/h2>\t\t\t\t<\/div>\n\t\t\t\t<\/div>\n\t\t\t\t<div class=\"elementor-element elementor-element-cfa3819 elementor-widget elementor-widget-text-editor\" data-id=\"cfa3819\" data-element_type=\"widget\" data-e-type=\"widget\" data-widget_type=\"text-editor.default\">\n\t\t\t\t<div class=\"elementor-widget-container\">\n\t\t\t\t\t\t\t\t\t<p>Som de to eneste obturatorer p\u00e5 markedet, er produkterne SoftCore \u00ae og OneStep\u00ae lavet med naturligt gutta-perka, et materiale, som har v\u00e6ret benyttet til rodfyldning i langt over 100 \u00e5r. Naturligt gutta-perka er til stadighed \u201dthe golden standard\u201d til brug for rodfyldning af t\u00e6nder. <\/p>\t\t\t\t\t\t\t\t<\/div>\n\t\t\t\t<\/div>\n\t\t\t\t<\/div>\n\t\t<div class=\"elementor-element elementor-element-445cad5 e-con-full e-flex e-con e-child\" data-id=\"445cad5\" data-element_type=\"container\" data-e-type=\"container\" data-settings=\"{&quot;background_background&quot;:&quot;classic&quot;}\">\n\t\t\t\t<div class=\"elementor-element elementor-element-65e383d elementor-pagination-position-inside elementor-widget elementor-widget-image-carousel\" data-id=\"65e383d\" data-element_type=\"widget\" data-e-type=\"widget\" data-settings=\"{&quot;slides_to_show&quot;:&quot;1&quot;,&quot;navigation&quot;:&quot;dots&quot;,&quot;autoplay&quot;:&quot;yes&quot;,&quot;pause_on_hover&quot;:&quot;yes&quot;,&quot;pause_on_interaction&quot;:&quot;yes&quot;,&quot;autoplay_speed&quot;:5000,&quot;infinite&quot;:&quot;yes&quot;,&quot;effect&quot;:&quot;slide&quot;,&quot;speed&quot;:500}\" data-widget_type=\"image-carousel.default\">\n\t\t\t\t<div class=\"elementor-widget-container\">\n\t\t\t\t\t\t\t<div class=\"elementor-image-carousel-wrapper swiper\" role=\"region\" aria-roledescription=\"carousel\" aria-label=\"Image Carousel\" dir=\"ltr\">\n\t\t\t<div class=\"elementor-image-carousel swiper-wrapper\" aria-live=\"off\">\n\t\t\t\t\t\t\t\t<div class=\"swiper-slide\" role=\"group\" aria-roledescription=\"slide\" aria-label=\"1 of 2\"><figure class=\"swiper-slide-inner\"><img decoding=\"async\" class=\"swiper-slide-image\" src=\"https:\/\/cmsdental.com\/wp-content\/uploads\/2025\/03\/1200x1200px-OneStep-ISO-30.jpg\" alt=\"1200x1200px-OneStep-ISO-30\" \/><\/figure><\/div><div class=\"swiper-slide\" role=\"group\" aria-roledescription=\"slide\" aria-label=\"2 of 2\"><figure class=\"swiper-slide-inner\"><img decoding=\"async\" class=\"swiper-slide-image\" src=\"https:\/\/cmsdental.com\/wp-content\/uploads\/2025\/03\/1200x1200px_OneStep-ovn-1.jpg\" alt=\"1200x1200px_OneStep ovn-1\" \/><\/figure><\/div>\t\t\t<\/div>\n\t\t\t\t\t\t\t\n\t\t\t\t\t\t\t\t\t<div class=\"swiper-pagination\"><\/div>\n\t\t\t\t\t\t\t\t\t<\/div>\n\t\t\t\t\t\t<\/div>\n\t\t\t\t<\/div>\n\t\t\t\t<\/div>\n\t\t\t\t\t<\/div>\n\t\t\t\t<\/div>\n\t\t<div class=\"elementor-element elementor-element-16408d6 e-flex e-con-boxed e-con e-parent\" data-id=\"16408d6\" data-element_type=\"container\" data-e-type=\"container\">\n\t\t\t\t\t<div class=\"e-con-inner\">\n\t\t\t\t<div class=\"elementor-element elementor-element-e717d86 elementor-widget elementor-widget-heading\" data-id=\"e717d86\" data-element_type=\"widget\" data-e-type=\"widget\" data-widget_type=\"heading.default\">\n\t\t\t\t<div class=\"elementor-widget-container\">\n\t\t\t\t\t<h2 class=\"elementor-heading-title elementor-size-default\">Hvorfor bruge en One-Step obturator?\n<\/h2>\t\t\t\t<\/div>\n\t\t\t\t<\/div>\n\t\t\t\t\t<\/div>\n\t\t\t\t<\/div>\n\t\t<div class=\"elementor-element elementor-element-21e0a94 e-flex e-con-boxed e-con e-parent\" data-id=\"21e0a94\" data-element_type=\"container\" data-e-type=\"container\">\n\t\t\t\t\t<div class=\"e-con-inner\">\n\t\t<div class=\"elementor-element elementor-element-f429516 e-con-full e-flex e-con e-child\" data-id=\"f429516\" data-element_type=\"container\" data-e-type=\"container\">\n\t\t\t\t<div class=\"elementor-element elementor-element-7c876d5 elementor-widget elementor-widget-heading\" data-id=\"7c876d5\" data-element_type=\"widget\" data-e-type=\"widget\" data-widget_type=\"heading.default\">\n\t\t\t\t<div class=\"elementor-widget-container\">\n\t\t\t\t\t<h2 class=\"elementor-heading-title elementor-size-default\">Et sikkert og effektivt rodfyldningssystem.\n<\/h2>\t\t\t\t<\/div>\n\t\t\t\t<\/div>\n\t\t\t\t<div class=\"elementor-element elementor-element-6f9dbfc elementor-widget elementor-widget-text-editor\" data-id=\"6f9dbfc\" data-element_type=\"widget\" data-e-type=\"widget\" data-widget_type=\"text-editor.default\">\n\t\t\t\t<div class=\"elementor-widget-container\">\n\t\t\t\t\t\t\t\t\t<p>OneStep\u00ae er anden generation af obturatorer fra CMS Dental. Produktet blev udviklet grundet et \u00f8nske fra tandl\u00e6ger, som ville have en obturator uden h\u00e5ndtag. Det gav dem et bedre arbejdsfelt og plads til at udf\u00f8re behandlingen.  <\/p><p>OneStep\u00ae obturatoren best\u00e5r ligesom SoftCore\u00ae af en radiopak plastkerne omgivet af naturligt termoplastisk guttaperka. Plastkernen findes i ISO st\u00f8rrelserne # 20-60. <\/p><p>Rodfyldning med OneStep\u00ae er nemt, og giver en perfekt apikal forsegling. OneStep \u00ae kan anvendes til fyldninger af rodkanaler, der er instrumenteret s\u00e5vel med traditionelle h\u00e5ndfile som med alle de kendte roterende filsystemer p\u00e5 markedet. <\/p>\t\t\t\t\t\t\t\t<\/div>\n\t\t\t\t<\/div>\n\t\t\t\t<div class=\"elementor-element elementor-element-2ecd567 elementor-widget elementor-widget-spacer\" data-id=\"2ecd567\" data-element_type=\"widget\" data-e-type=\"widget\" data-widget_type=\"spacer.default\">\n\t\t\t\t<div class=\"elementor-widget-container\">\n\t\t\t\t\t\t\t<div class=\"elementor-spacer\">\n\t\t\t<div class=\"elementor-spacer-inner\"><\/div>\n\t\t<\/div>\n\t\t\t\t\t\t<\/div>\n\t\t\t\t<\/div>\n\t\t\t\t<div class=\"elementor-element elementor-element-0a686c9 elementor-widget elementor-widget-heading\" data-id=\"0a686c9\" data-element_type=\"widget\" data-e-type=\"widget\" data-widget_type=\"heading.default\">\n\t\t\t\t<div class=\"elementor-widget-container\">\n\t\t\t\t\t<h2 class=\"elementor-heading-title elementor-size-default\">Hvorfor?\n<\/h2>\t\t\t\t<\/div>\n\t\t\t\t<\/div>\n\t\t\t\t<div class=\"elementor-element elementor-element-71f062a elementor-widget elementor-widget-text-editor\" data-id=\"71f062a\" data-element_type=\"widget\" data-e-type=\"widget\" data-widget_type=\"text-editor.default\">\n\t\t\t\t<div class=\"elementor-widget-container\">\n\t\t\t\t\t\t\t\t\t<div class=\"col-md-6 col-first\"><p>Det er en hurtig, nem og sikker metode.<br>Hvorfor er den det?<\/p><p>Fordi den faste kerne sikrer:<br>a) At der kommer guttaperka helt ned til apex.<br>b) At der ydes et vist lateralt tryk, der presser guttaperkaen ud i sidekanaler og udposninger. <\/p><\/div>\t\t\t\t\t\t\t\t<\/div>\n\t\t\t\t<\/div>\n\t\t\t\t<\/div>\n\t\t<div class=\"elementor-element elementor-element-fb21eb0 e-con-full e-flex e-con e-child\" data-id=\"fb21eb0\" data-element_type=\"container\" data-e-type=\"container\">\n\t\t\t\t<div class=\"elementor-element elementor-element-8782dc1 elementor-widget elementor-widget-heading\" data-id=\"8782dc1\" data-element_type=\"widget\" data-e-type=\"widget\" data-widget_type=\"heading.default\">\n\t\t\t\t<div class=\"elementor-widget-container\">\n\t\t\t\t\t<h2 class=\"elementor-heading-title elementor-size-default\">Tre gode grunde:\n<\/h2>\t\t\t\t<\/div>\n\t\t\t\t<\/div>\n\t\t\t\t<div class=\"elementor-element elementor-element-7bad800 elementor-widget elementor-widget-text-editor\" data-id=\"7bad800\" data-element_type=\"widget\" data-e-type=\"widget\" data-widget_type=\"text-editor.default\">\n\t\t\t\t<div class=\"elementor-widget-container\">\n\t\t\t\t\t\t\t\t\t<p><strong>Hurtigt: <\/strong><\/p><p>Opvarmningen af en obturator tager 1 min.<\/p><p>Der kan h\u00e6nge op til 4 obturatorer ad gangen i ovnen.<\/p><p>Det tager 5-10 sekunder at indf\u00f8re en obturator.<\/p><p><strong>Nemt:<\/strong><\/p><p>Du griber om skaftet med pincetten, s\u00e5 spidsen af denne svarer til arbejdsl\u00e6ngden, f\u00f8r den anbringes i ovnen. Herefter skal den blot indf\u00f8res. N\u00e5r gutta-perkaen er h\u00e6rdet \u2013 det tager 3 minutter \u2013 sk\u00e6rer man kernen over til den m\u00e5lte rodl\u00e6ngde. Resten af kernen og gutta-perkaen bliver i rodkanalen.   <\/p><p><strong>Sikkert:<\/strong><\/p><p>Der er lavet ca. 5 millioner rodfyldninger med One-Step og ca. 20 millioner med produktet Soft-Core, som har vist sig at v\u00e6re et kvalitetsprodukt.<br>One Step er en nem og sikker behandlingsmetode som giver en t\u00e6t rodfyldning.<\/p><p>Der skal altid tages et kontrol r\u00f8ntgenbillede som bekr\u00e6ftelse p\u00e5 en korrekt og t\u00e6t rodfyldning.<\/p>\t\t\t\t\t\t\t\t<\/div>\n\t\t\t\t<\/div>\n\t\t\t\t<\/div>\n\t\t\t\t\t<\/div>\n\t\t\t\t<\/div>\n\t\t<div class=\"elementor-element elementor-element-83ed58e e-flex e-con-boxed e-con e-parent\" data-id=\"83ed58e\" data-element_type=\"container\" data-e-type=\"container\">\n\t\t\t\t\t<div class=\"e-con-inner\">\n\t\t<div class=\"elementor-element elementor-element-88fca10 e-con-full e-flex e-con e-child\" data-id=\"88fca10\" data-element_type=\"container\" data-e-type=\"container\">\n\t\t\t\t<div class=\"elementor-element elementor-element-2704665 elementor-widget elementor-widget-image\" data-id=\"2704665\" data-element_type=\"widget\" data-e-type=\"widget\" data-widget_type=\"image.default\">\n\t\t\t\t<div class=\"elementor-widget-container\">\n\t\t\t\t\t\t\t\t\t\t\t\t\t\t\t<img fetchpriority=\"high\" decoding=\"async\" width=\"800\" height=\"600\" src=\"https:\/\/cmsdental.com\/wp-content\/uploads\/2025\/03\/Tandrodognerve.jpg\" class=\"attachment-large size-large wp-image-509\" alt=\"\" srcset=\"https:\/\/cmsdental.com\/wp-content\/uploads\/2025\/03\/Tandrodognerve.jpg 800w, https:\/\/cmsdental.com\/wp-content\/uploads\/2025\/03\/Tandrodognerve-300x225.jpg 300w, https:\/\/cmsdental.com\/wp-content\/uploads\/2025\/03\/Tandrodognerve-768x576.jpg 768w\" sizes=\"(max-width: 800px) 100vw, 800px\" \/>\t\t\t\t\t\t\t\t\t\t\t\t\t\t\t<\/div>\n\t\t\t\t<\/div>\n\t\t\t\t<div class=\"elementor-element elementor-element-89fa5c4 elementor-widget elementor-widget-heading\" data-id=\"89fa5c4\" data-element_type=\"widget\" data-e-type=\"widget\" data-widget_type=\"heading.default\">\n\t\t\t\t<div class=\"elementor-widget-container\">\n\t\t\t\t\t<h2 class=\"elementor-heading-title elementor-size-default\">CMS Dental startede i 1990\u2019erne med at producere endoprodukterne\n<\/h2>\t\t\t\t<\/div>\n\t\t\t\t<\/div>\n\t\t\t\t<div class=\"elementor-element elementor-element-98c3e26 elementor-widget elementor-widget-text-editor\" data-id=\"98c3e26\" data-element_type=\"widget\" data-e-type=\"widget\" data-widget_type=\"text-editor.default\">\n\t\t\t\t<div class=\"elementor-widget-container\">\n\t\t\t\t\t\t\t\t\t<p>Soft-Core\u00ae Endodontic Obturator<br>One-Step Obturator\u2122<\/p><p>Al udvikling og produktion af de to patenterede rodfyldningsprodukter er sket i samarbejde med Teknologisk Institut i Danmark. CMS Dental har specialiseret sig i fremstilling af pr\u00e6cisionsprodukter til rodfyldning. Alt produceres p\u00e5 egen fabrik i Glyng\u00f8re.  <\/p><p>Historien begynder med Soft-Core, som blev udviklet og markedsf\u00f8rt i 1996 og senere blev One-Step tilf\u00f8jet.<\/p>\t\t\t\t\t\t\t\t<\/div>\n\t\t\t\t<\/div>\n\t\t\t\t<\/div>\n\t\t<div class=\"elementor-element elementor-element-97a4718 e-con-full e-flex e-con e-child\" data-id=\"97a4718\" data-element_type=\"container\" data-e-type=\"container\">\n\t\t\t\t<div class=\"elementor-element elementor-element-c3dd8d0 elementor-widget elementor-widget-image\" data-id=\"c3dd8d0\" data-element_type=\"widget\" data-e-type=\"widget\" data-widget_type=\"image.default\">\n\t\t\t\t<div class=\"elementor-widget-container\">\n\t\t\t\t\t\t\t\t\t\t\t\t\t\t\t<img decoding=\"async\" width=\"800\" height=\"600\" src=\"https:\/\/cmsdental.com\/wp-content\/uploads\/2025\/03\/Kvindertappergummi.jpg\" class=\"attachment-large size-large wp-image-510\" alt=\"\" srcset=\"https:\/\/cmsdental.com\/wp-content\/uploads\/2025\/03\/Kvindertappergummi.jpg 800w, https:\/\/cmsdental.com\/wp-content\/uploads\/2025\/03\/Kvindertappergummi-300x225.jpg 300w, https:\/\/cmsdental.com\/wp-content\/uploads\/2025\/03\/Kvindertappergummi-768x576.jpg 768w\" sizes=\"(max-width: 800px) 100vw, 800px\" \/>\t\t\t\t\t\t\t\t\t\t\t\t\t\t\t<\/div>\n\t\t\t\t<\/div>\n\t\t\t\t<div class=\"elementor-element elementor-element-85f06db elementor-widget elementor-widget-heading\" data-id=\"85f06db\" data-element_type=\"widget\" data-e-type=\"widget\" data-widget_type=\"heading.default\">\n\t\t\t\t<div class=\"elementor-widget-container\">\n\t\t\t\t\t<h2 class=\"elementor-heading-title elementor-size-default\">Fakta<\/h2>\t\t\t\t<\/div>\n\t\t\t\t<\/div>\n\t\t\t\t<div class=\"elementor-element elementor-element-2b639ed elementor-widget elementor-widget-text-editor\" data-id=\"2b639ed\" data-element_type=\"widget\" data-e-type=\"widget\" data-widget_type=\"text-editor.default\">\n\t\t\t\t<div class=\"elementor-widget-container\">\n\t\t\t\t\t\t\t\t\t<p>I mere end 25 \u00e5r har CMS Dental produceret dental-obturatorer.<\/p><p>CMS Dental benytter som de enesete i verden natur Gutta Percha til sine rodfyldningsprodukter.<\/p><p>Natur Gutta Percha er den r\u00e5vare, der er godkendt til brug for rodfyldning af t\u00e6nder og den har vist sig at v\u00e6re det optimale materiale til rodfyldning.<\/p><p>Natur Gutta Percha har v\u00e6ret benyttet i mere end 100 \u00e5r til rodfyldning af t\u00e6nder.<\/p><p>Hvert \u00e5r udf\u00f8res der 1 million rodfyldninger med Soft-Core p\u00e5 verdensplan.<\/p>\t\t\t\t\t\t\t\t<\/div>\n\t\t\t\t<\/div>\n\t\t\t\t<div class=\"elementor-element elementor-element-ca252fb elementor-widget elementor-widget-button\" data-id=\"ca252fb\" data-element_type=\"widget\" data-e-type=\"widget\" data-widget_type=\"button.default\">\n\t\t\t\t<div class=\"elementor-widget-container\">\n\t\t\t\t\t\t\t\t\t<div class=\"elementor-button-wrapper\">\n\t\t\t\t\t<a class=\"elementor-button elementor-button-link elementor-size-sm\" href=\"https:\/\/cmsdental.com\/da\/produkter\/softcore\/\">\n\t\t\t\t\t\t<span class=\"elementor-button-content-wrapper\">\n\t\t\t\t\t\t\t\t\t<span class=\"elementor-button-text\">L\u00e6s mere om SoftCore\u00ae<\/span>\n\t\t\t\t\t<\/span>\n\t\t\t\t\t<\/a>\n\t\t\t\t<\/div>\n\t\t\t\t\t\t\t\t<\/div>\n\t\t\t\t<\/div>\n\t\t\t\t<\/div>\n\t\t<div class=\"elementor-element elementor-element-3f8ba52 e-con-full e-flex e-con e-child\" data-id=\"3f8ba52\" data-element_type=\"container\" data-e-type=\"container\">\n\t\t\t\t<div class=\"elementor-element elementor-element-c21d39a elementor-widget elementor-widget-image\" data-id=\"c21d39a\" data-element_type=\"widget\" data-e-type=\"widget\" data-widget_type=\"image.default\">\n\t\t\t\t<div class=\"elementor-widget-container\">\n\t\t\t\t\t\t\t\t\t\t\t\t\t\t\t<img decoding=\"async\" width=\"800\" height=\"600\" src=\"https:\/\/cmsdental.com\/wp-content\/uploads\/2025\/03\/RodfyldningWEB.jpg\" class=\"attachment-large size-large wp-image-511\" alt=\"\" srcset=\"https:\/\/cmsdental.com\/wp-content\/uploads\/2025\/03\/RodfyldningWEB.jpg 800w, https:\/\/cmsdental.com\/wp-content\/uploads\/2025\/03\/RodfyldningWEB-300x225.jpg 300w, https:\/\/cmsdental.com\/wp-content\/uploads\/2025\/03\/RodfyldningWEB-768x576.jpg 768w\" sizes=\"(max-width: 800px) 100vw, 800px\" \/>\t\t\t\t\t\t\t\t\t\t\t\t\t\t\t<\/div>\n\t\t\t\t<\/div>\n\t\t\t\t<div class=\"elementor-element elementor-element-4a7c916 elementor-widget elementor-widget-heading\" data-id=\"4a7c916\" data-element_type=\"widget\" data-e-type=\"widget\" data-widget_type=\"heading.default\">\n\t\t\t\t<div class=\"elementor-widget-container\">\n\t\t\t\t\t<h2 class=\"elementor-heading-title elementor-size-default\">Vigtig info om rodfyldning\n<\/h2>\t\t\t\t<\/div>\n\t\t\t\t<\/div>\n\t\t\t\t<div class=\"elementor-element elementor-element-7ee13de elementor-widget elementor-widget-text-editor\" data-id=\"7ee13de\" data-element_type=\"widget\" data-e-type=\"widget\" data-widget_type=\"text-editor.default\">\n\t\t\t\t<div class=\"elementor-widget-container\">\n\t\t\t\t\t\t\t\t\t<p>F\u00f8r man rodfylder en tand skal man v\u00e6re sikker p\u00e5, at rodkanalen er fri for bakterier.<\/p><p>CMS Dental har derfor udviklet et behandlingskoncept til at eliminere bakterier i rodkanalen, det kaldes LAD (Light activated desinfection), og best\u00e5r af en lyskilde og en fotosensitizer. Lyset aktiverer fotosensitizeren, som udvikler reaktivt oxygen, der p\u00e5 millisekunder dr\u00e6ber mikrober i rodkanalen. Hvor lyset kan tr\u00e6nge ind og aktivere fotosensitizeren, er metoden s\u00e6rdeles effektiv og uden bivirkninger.  <\/p>\t\t\t\t\t\t\t\t<\/div>\n\t\t\t\t<\/div>\n\t\t\t\t<div class=\"elementor-element elementor-element-fe0d879 elementor-widget elementor-widget-button\" data-id=\"fe0d879\" data-element_type=\"widget\" data-e-type=\"widget\" data-widget_type=\"button.default\">\n\t\t\t\t<div class=\"elementor-widget-container\">\n\t\t\t\t\t\t\t\t\t<div class=\"elementor-button-wrapper\">\n\t\t\t\t\t<a class=\"elementor-button elementor-button-link elementor-size-sm\" href=\"https:\/\/cmsdental.com\/da\/produkter\/flashmax-p7\/\">\n\t\t\t\t\t\t<span class=\"elementor-button-content-wrapper\">\n\t\t\t\t\t\t\t\t\t<span class=\"elementor-button-text\">L\u00e6s mere om FlashMaxP7<\/span>\n\t\t\t\t\t<\/span>\n\t\t\t\t\t<\/a>\n\t\t\t\t<\/div>\n\t\t\t\t\t\t\t\t<\/div>\n\t\t\t\t<\/div>\n\t\t\t\t<\/div>\n\t\t\t\t\t<\/div>\n\t\t\t\t<\/div>\n\t\t<div class=\"elementor-element elementor-element-5c1ff4b e-flex e-con-boxed e-con e-parent\" data-id=\"5c1ff4b\" data-element_type=\"container\" data-e-type=\"container\">\n\t\t\t\t\t<div class=\"e-con-inner\">\n\t\t<div class=\"elementor-element elementor-element-12a78b6 e-con-full e-flex e-con e-child\" data-id=\"12a78b6\" data-element_type=\"container\" data-e-type=\"container\" data-settings=\"{&quot;background_background&quot;:&quot;classic&quot;}\">\n\t\t\t\t<div class=\"elementor-element elementor-element-69c1944 elementor-widget elementor-widget-heading\" data-id=\"69c1944\" data-element_type=\"widget\" data-e-type=\"widget\" data-widget_type=\"heading.default\">\n\t\t\t\t<div class=\"elementor-widget-container\">\n\t\t\t\t\t<h2 class=\"elementor-heading-title elementor-size-default\">Tekniske specifikationer OneStep Heater<\/h2>\t\t\t\t<\/div>\n\t\t\t\t<\/div>\n\t\t\t\t<div class=\"elementor-element elementor-element-d919754 elementor-widget elementor-widget-text-editor\" data-id=\"d919754\" data-element_type=\"widget\" data-e-type=\"widget\" data-widget_type=\"text-editor.default\">\n\t\t\t\t<div class=\"elementor-widget-container\">\n\t\t\t\t\t\t\t\t\t<p>Tekniske specifikationer:<\/p><p>Indgangseffekt: 100-240V AC, 50\/60 Hz<br>Udgangseffekt: 9V DC, 1,7A<br>EU, UK og US stik. <\/p>\t\t\t\t\t\t\t\t<\/div>\n\t\t\t\t<\/div>\n\t\t\t\t<\/div>\n\t\t\t\t\t<\/div>\n\t\t\t\t<\/div>\n\t\t\t\t<\/div>\n\t\t","protected":false},"excerpt":{"rendered":"<p>Hjem Produkter OneStep\u00ae OneStep\u00ae Obturator Et sikkert og effektivt rodfyldningssystem med naturligt gutta-perka Som de to eneste obturatorer p\u00e5 markedet, er produkterne SoftCore \u00ae og OneStep\u00ae lavet med naturligt gutta-perka, et materiale, som har v\u00e6ret benyttet til rodfyldning i langt over 100 \u00e5r. Naturligt gutta-perka er til stadighed \u201dthe golden standard\u201d til brug for rodfyldning [&hellip;]<\/p>\n","protected":false},"author":1,"featured_media":0,"parent":767,"menu_order":0,"comment_status":"closed","ping_status":"closed","template":"","meta":{"footnotes":""},"class_list":["post-782","page","type-page","status-publish","hentry"],"_links":{"self":[{"href":"https:\/\/cmsdental.com\/da\/wp-json\/wp\/v2\/pages\/782","targetHints":{"allow":["GET"]}}],"collection":[{"href":"https:\/\/cmsdental.com\/da\/wp-json\/wp\/v2\/pages"}],"about":[{"href":"https:\/\/cmsdental.com\/da\/wp-json\/wp\/v2\/types\/page"}],"author":[{"embeddable":true,"href":"https:\/\/cmsdental.com\/da\/wp-json\/wp\/v2\/users\/1"}],"replies":[{"embeddable":true,"href":"https:\/\/cmsdental.com\/da\/wp-json\/wp\/v2\/comments?post=782"}],"version-history":[{"count":4,"href":"https:\/\/cmsdental.com\/da\/wp-json\/wp\/v2\/pages\/782\/revisions"}],"predecessor-version":[{"id":923,"href":"https:\/\/cmsdental.com\/da\/wp-json\/wp\/v2\/pages\/782\/revisions\/923"}],"up":[{"embeddable":true,"href":"https:\/\/cmsdental.com\/da\/wp-json\/wp\/v2\/pages\/767"}],"wp:attachment":[{"href":"https:\/\/cmsdental.com\/da\/wp-json\/wp\/v2\/media?parent=782"}],"curies":[{"name":"wp","href":"https:\/\/api.w.org\/{rel}","templated":true}]}}