{"id":779,"date":"2025-03-11T09:24:11","date_gmt":"2025-03-11T09:24:11","guid":{"rendered":"https:\/\/cms-dental.msnordic.com\/produkter\/fotosan\/"},"modified":"2025-09-25T08:13:09","modified_gmt":"2025-09-25T08:13:09","slug":"fotosan","status":"publish","type":"page","link":"https:\/\/cmsdental.com\/da\/produkter\/fotosan\/","title":{"rendered":"FotoSan\u00ae"},"content":{"rendered":"\t\t<div data-elementor-type=\"wp-page\" data-elementor-id=\"779\" class=\"elementor elementor-779 elementor-325\" data-elementor-post-type=\"page\">\n\t\t\t\t<div class=\"elementor-element elementor-element-e408e6b e-flex e-con-boxed e-con e-parent\" data-id=\"e408e6b\" data-element_type=\"container\" data-e-type=\"container\" data-settings=\"{&quot;background_background&quot;:&quot;classic&quot;}\">\n\t\t\t\t\t<div class=\"e-con-inner\">\n\t\t\t\t<div class=\"elementor-element elementor-element-43e9cf0 elementor-icon-list--layout-inline elementor-list-item-link-full_width elementor-widget elementor-widget-icon-list\" data-id=\"43e9cf0\" data-element_type=\"widget\" data-e-type=\"widget\" data-widget_type=\"icon-list.default\">\n\t\t\t\t<div class=\"elementor-widget-container\">\n\t\t\t\t\t\t\t<ul class=\"elementor-icon-list-items elementor-inline-items\">\n\t\t\t\t\t\t\t<li class=\"elementor-icon-list-item elementor-inline-item\">\n\t\t\t\t\t\t\t\t\t\t\t<a href=\"https:\/\/cmsdental.com\/da\/\">\n\n\t\t\t\t\t\t\t\t\t\t\t<span class=\"elementor-icon-list-text\">Hjem<\/span>\n\t\t\t\t\t\t\t\t\t\t\t<\/a>\n\t\t\t\t\t\t\t\t\t<\/li>\n\t\t\t\t\t\t\t\t<li class=\"elementor-icon-list-item elementor-inline-item\">\n\t\t\t\t\t\t\t\t\t\t\t<a href=\"https:\/\/cmsdental.com\/da\/produkter\/\">\n\n\t\t\t\t\t\t\t\t\t\t\t\t<span class=\"elementor-icon-list-icon\">\n\t\t\t\t\t\t\t<i aria-hidden=\"true\" class=\"fas fa-chevron-right\"><\/i>\t\t\t\t\t\t<\/span>\n\t\t\t\t\t\t\t\t\t\t<span class=\"elementor-icon-list-text\">Produkter<\/span>\n\t\t\t\t\t\t\t\t\t\t\t<\/a>\n\t\t\t\t\t\t\t\t\t<\/li>\n\t\t\t\t\t\t\t\t<li class=\"elementor-icon-list-item elementor-inline-item\">\n\t\t\t\t\t\t\t\t\t\t\t<span class=\"elementor-icon-list-icon\">\n\t\t\t\t\t\t\t<i aria-hidden=\"true\" class=\"fas fa-chevron-right\"><\/i>\t\t\t\t\t\t<\/span>\n\t\t\t\t\t\t\t\t\t\t<span class=\"elementor-icon-list-text\">FotoSan\u00ae<\/span>\n\t\t\t\t\t\t\t\t\t<\/li>\n\t\t\t\t\t\t<\/ul>\n\t\t\t\t\t\t<\/div>\n\t\t\t\t<\/div>\n\t\t\t\t\t<\/div>\n\t\t\t\t<\/div>\n\t\t<div class=\"elementor-element elementor-element-2c13b08 e-flex e-con-boxed e-con e-parent\" data-id=\"2c13b08\" data-element_type=\"container\" data-e-type=\"container\" data-settings=\"{&quot;background_background&quot;:&quot;classic&quot;}\">\n\t\t\t\t\t<div class=\"e-con-inner\">\n\t\t<div class=\"elementor-element elementor-element-550b1f2 e-con-full e-flex e-con e-child\" data-id=\"550b1f2\" data-element_type=\"container\" data-e-type=\"container\" data-settings=\"{&quot;background_background&quot;:&quot;classic&quot;}\">\n\t\t\t\t<div class=\"elementor-element elementor-element-36f8029 elementor-widget elementor-widget-heading\" data-id=\"36f8029\" data-element_type=\"widget\" data-e-type=\"widget\" data-widget_type=\"heading.default\">\n\t\t\t\t<div class=\"elementor-widget-container\">\n\t\t\t\t\t<h2 class=\"elementor-heading-title elementor-size-default\">FotoSan\u00ae<\/h2>\t\t\t\t<\/div>\n\t\t\t\t<\/div>\n\t\t\t\t<div class=\"elementor-element elementor-element-34ef26a elementor-widget elementor-widget-heading\" data-id=\"34ef26a\" data-element_type=\"widget\" data-e-type=\"widget\" data-widget_type=\"heading.default\">\n\t\t\t\t<div class=\"elementor-widget-container\">\n\t\t\t\t\t<h2 class=\"elementor-heading-title elementor-size-default\">FotoSan\u00ae\n\n<\/h2>\t\t\t\t<\/div>\n\t\t\t\t<\/div>\n\t\t\t\t<div class=\"elementor-element elementor-element-bebc177 elementor-widget elementor-widget-text-editor\" data-id=\"bebc177\" data-element_type=\"widget\" data-e-type=\"widget\" data-widget_type=\"text-editor.default\">\n\t\t\t\t<div class=\"elementor-widget-container\">\n\t\t\t\t\t\t\t\t\t<p>Der er s\u00e5 mange gode grunde til at anvende FotoSan\u00ae LAD behandling.<br>Eftersom det er nemt at integrere p\u00e5 klinikken, s\u00e5 er det egentlig bare at komme i gang. Den gl\u00e6de, det giver at behandle med FotoSan\u00ae og se den overv\u00e6ldende positive effekt, er i sig selv en stor tilfredsstillelse.  <\/p><p>Udgangseffekt op til 4000 mW\/cm2<br>B\u00f8lgel\u00e6ngdespektrum 620 til 640 nm<br>Behandlingstid 15 tiil 30 sekunder pr. behandlingsomr\u00e5de.<br>H\u00f8j batterikapacitet.<br>Ergonomisk pennegreb.<br>Kan betjenes med venstre og h\u00f8jre h\u00e5nd. Rotation 180\u00ba.<br>Letv\u00e6gt under 120 gram.<br>Nem at reng\u00f8re.  <\/p>\t\t\t\t\t\t\t\t<\/div>\n\t\t\t\t<\/div>\n\t\t\t\t<\/div>\n\t\t<div class=\"elementor-element elementor-element-ebab3ac e-con-full e-flex e-con e-child\" data-id=\"ebab3ac\" data-element_type=\"container\" data-e-type=\"container\" data-settings=\"{&quot;background_background&quot;:&quot;classic&quot;}\">\n\t\t\t\t<\/div>\n\t\t\t\t\t<\/div>\n\t\t\t\t<\/div>\n\t\t<div class=\"elementor-element elementor-element-0d976f9 e-flex e-con-boxed e-con e-parent\" data-id=\"0d976f9\" data-element_type=\"container\" data-e-type=\"container\">\n\t\t\t\t\t<div class=\"e-con-inner\">\n\t\t\t\t<div class=\"elementor-element elementor-element-eab5f99 elementor-widget elementor-widget-heading\" data-id=\"eab5f99\" data-element_type=\"widget\" data-e-type=\"widget\" data-widget_type=\"heading.default\">\n\t\t\t\t<div class=\"elementor-widget-container\">\n\t\t\t\t\t<h2 class=\"elementor-heading-title elementor-size-default\">FotoSan\u00ae er et oplagt udstyr for b\u00e5de tandl\u00e6ger og tandplejere.\n<\/h2>\t\t\t\t<\/div>\n\t\t\t\t<\/div>\n\t\t\t\t<div class=\"elementor-element elementor-element-987a436 elementor-widget elementor-widget-heading\" data-id=\"987a436\" data-element_type=\"widget\" data-e-type=\"widget\" data-widget_type=\"heading.default\">\n\t\t\t\t<div class=\"elementor-widget-container\">\n\t\t\t\t\t<h2 class=\"elementor-heading-title elementor-size-default\">De 6 fordele ved FotoSan\u00ae LAD behandling:\n<\/h2>\t\t\t\t<\/div>\n\t\t\t\t<\/div>\n\t\t\t\t\t<\/div>\n\t\t\t\t<\/div>\n\t\t<div class=\"elementor-element elementor-element-323efcd e-flex e-con-boxed e-con e-parent\" data-id=\"323efcd\" data-element_type=\"container\" data-e-type=\"container\">\n\t\t\t\t\t<div class=\"e-con-inner\">\n\t\t<div class=\"elementor-element elementor-element-a66dfa4 e-con-full e-flex e-con e-child\" data-id=\"a66dfa4\" data-element_type=\"container\" data-e-type=\"container\">\n\t\t\t\t<div class=\"elementor-element elementor-element-97413a0 elementor-widget elementor-widget-heading\" data-id=\"97413a0\" data-element_type=\"widget\" data-e-type=\"widget\" data-widget_type=\"heading.default\">\n\t\t\t\t<div class=\"elementor-widget-container\">\n\t\t\t\t\t<h2 class=\"elementor-heading-title elementor-size-default\">Umiddelbar effekt.\n\n<\/h2>\t\t\t\t<\/div>\n\t\t\t\t<\/div>\n\t\t\t\t<div class=\"elementor-element elementor-element-95dd714 elementor-widget elementor-widget-text-editor\" data-id=\"95dd714\" data-element_type=\"widget\" data-e-type=\"widget\" data-widget_type=\"text-editor.default\">\n\t\t\t\t<div class=\"elementor-widget-container\">\n\t\t\t\t\t\t\t\t\t<p>\u201dDu vil have det bedre i morgen\u201d er formodentlig den mest udtalte s\u00e6tning af l\u00e6ger og tandl\u00e6ger gennem tiderne. T\u00e6nk hvis virkningen i stedet var umiddelbar! <\/p><p>Du har en patient i stolen med akut infektion. Du behandler med FotoSan\u00ae i et eller to minutter, og f\u00f8r patienten forlader stolen, er symptomerne v\u00e6k.  <\/p><p>Du v\u00e6lger m\u00e5ske endda at fjerne tanden med det samme.<br>LAD effekten er bogstavlig talt umiddelbar, idet den kemiske reaktion kun tager en br\u00f8kdel af et sekund.<\/p>\t\t\t\t\t\t\t\t<\/div>\n\t\t\t\t<\/div>\n\t\t\t\t<div class=\"elementor-element elementor-element-033cf20 elementor-widget elementor-widget-spacer\" data-id=\"033cf20\" data-element_type=\"widget\" data-e-type=\"widget\" data-widget_type=\"spacer.default\">\n\t\t\t\t<div class=\"elementor-widget-container\">\n\t\t\t\t\t\t\t<div class=\"elementor-spacer\">\n\t\t\t<div class=\"elementor-spacer-inner\"><\/div>\n\t\t<\/div>\n\t\t\t\t\t\t<\/div>\n\t\t\t\t<\/div>\n\t\t\t\t<div class=\"elementor-element elementor-element-3345894 elementor-widget elementor-widget-heading\" data-id=\"3345894\" data-element_type=\"widget\" data-e-type=\"widget\" data-widget_type=\"heading.default\">\n\t\t\t\t<div class=\"elementor-widget-container\">\n\t\t\t\t\t<h2 class=\"elementor-heading-title elementor-size-default\">Effektivt mod alle mikroorganismer.<\/h2>\t\t\t\t<\/div>\n\t\t\t\t<\/div>\n\t\t\t\t<div class=\"elementor-element elementor-element-bed6751 elementor-widget elementor-widget-text-editor\" data-id=\"bed6751\" data-element_type=\"widget\" data-e-type=\"widget\" data-widget_type=\"text-editor.default\">\n\t\t\t\t<div class=\"elementor-widget-container\">\n\t\t\t\t\t\t\t\t\t<div class=\"col-md-6 col-first\"><p>Kan du forestille dig et produkt der eliminerer ALLE mikroorganismer? Ikke kun nogle enkelte bakterier, men alle bakterier, og ikke kun bakterier, men ogs\u00e5 vira og svampe? <\/p><p>FotoSan\u00ae er s\u00e5dan et produkt \u2013 selvf\u00f8lgelig med de begr\u00e6nsninger applikationen af teknologien giver:<\/p><p>1) Fotosensitizer skal kunne n\u00e5 til m\u00e5let <\/p><p>2) Lyset skal kunne n\u00e5 til fotosensitizeren.<\/p><p>Har du optimale betingelser, ser du resultaterne!<\/p><\/div>\t\t\t\t\t\t\t\t<\/div>\n\t\t\t\t<\/div>\n\t\t\t\t<div class=\"elementor-element elementor-element-7a6839b elementor-widget elementor-widget-spacer\" data-id=\"7a6839b\" data-element_type=\"widget\" data-e-type=\"widget\" data-widget_type=\"spacer.default\">\n\t\t\t\t<div class=\"elementor-widget-container\">\n\t\t\t\t\t\t\t<div class=\"elementor-spacer\">\n\t\t\t<div class=\"elementor-spacer-inner\"><\/div>\n\t\t<\/div>\n\t\t\t\t\t\t<\/div>\n\t\t\t\t<\/div>\n\t\t\t\t<div class=\"elementor-element elementor-element-a471774 elementor-widget elementor-widget-heading\" data-id=\"a471774\" data-element_type=\"widget\" data-e-type=\"widget\" data-widget_type=\"heading.default\">\n\t\t\t\t<div class=\"elementor-widget-container\">\n\t\t\t\t\t<h2 class=\"elementor-heading-title elementor-size-default\">Dosis-afh\u00e6ngig effekt.\n\n<\/h2>\t\t\t\t<\/div>\n\t\t\t\t<\/div>\n\t\t\t\t<div class=\"elementor-element elementor-element-8a682e5 elementor-widget elementor-widget-text-editor\" data-id=\"8a682e5\" data-element_type=\"widget\" data-e-type=\"widget\" data-widget_type=\"text-editor.default\">\n\t\t\t\t<div class=\"elementor-widget-container\">\n\t\t\t\t\t\t\t\t\t<div class=\"col-md-6 col-first\"><p>L\u00e6gemidler er generelt dosisafh\u00e6ngige, men i denne sammenh\u00e6ng betyder det, at du med LAD, uden bivirkninger eller risici, kan behandle indtil den \u00f8nskede effekt er opn\u00e5et. Alle mikroorganismer er (selvf\u00f8lgelig) ikke lige sensitive overfor LAD behandlingen. St\u00f8rre og mere komplekse cellestrukturer skal have mere behandling (alts\u00e5 h\u00f8jere dosis). Basis princippet best\u00e5r imidlertid \u2013 s\u00e5 l\u00e6nge du behandler l\u00e6nge nok, d\u00f8r alle mikroorganismer.   <\/p><\/div>\t\t\t\t\t\t\t\t<\/div>\n\t\t\t\t<\/div>\n\t\t\t\t<\/div>\n\t\t<div class=\"elementor-element elementor-element-01cf4f1 e-con-full e-flex e-con e-child\" data-id=\"01cf4f1\" data-element_type=\"container\" data-e-type=\"container\">\n\t\t\t\t<div class=\"elementor-element elementor-element-4823cde elementor-widget elementor-widget-heading\" data-id=\"4823cde\" data-element_type=\"widget\" data-e-type=\"widget\" data-widget_type=\"heading.default\">\n\t\t\t\t<div class=\"elementor-widget-container\">\n\t\t\t\t\t<h2 class=\"elementor-heading-title elementor-size-default\">Behandling kan gentages ubegr\u00e6nset.\n\n<\/h2>\t\t\t\t<\/div>\n\t\t\t\t<\/div>\n\t\t\t\t<div class=\"elementor-element elementor-element-2b6246c elementor-widget elementor-widget-text-editor\" data-id=\"2b6246c\" data-element_type=\"widget\" data-e-type=\"widget\" data-widget_type=\"text-editor.default\">\n\t\t\t\t<div class=\"elementor-widget-container\">\n\t\t\t\t\t\t\t\t\t<p>Denne egenskab er en logisk konsekvens af de ovenst\u00e5ende egenskaber, men fortjener at blive fremh\u00e6vet. Hvorfor? Ja, du kan v\u00e6lge at behandle en PA-patient med systemiske antibiotika, men hvad med n\u00e6ste gang? Vil du gentage det hver 3. eller 6. m\u00e5ned resten af livet, hvis det er n\u00f8dvendigt? Nej, selvf\u00f8lgelig ikke \u2013 og det b\u00f8r heller ikke v\u00e6re n\u00f8dvendigt med LAD. MEN du kan v\u00e6lge at behandle s\u00e5 ofte, som det er n\u00f8dvendigt, uden bivirkninger eller risici.   <\/p>\t\t\t\t\t\t\t\t<\/div>\n\t\t\t\t<\/div>\n\t\t\t\t<div class=\"elementor-element elementor-element-6f848cd elementor-widget elementor-widget-spacer\" data-id=\"6f848cd\" data-element_type=\"widget\" data-e-type=\"widget\" data-widget_type=\"spacer.default\">\n\t\t\t\t<div class=\"elementor-widget-container\">\n\t\t\t\t\t\t\t<div class=\"elementor-spacer\">\n\t\t\t<div class=\"elementor-spacer-inner\"><\/div>\n\t\t<\/div>\n\t\t\t\t\t\t<\/div>\n\t\t\t\t<\/div>\n\t\t\t\t<div class=\"elementor-element elementor-element-3a625ab elementor-widget elementor-widget-heading\" data-id=\"3a625ab\" data-element_type=\"widget\" data-e-type=\"widget\" data-widget_type=\"heading.default\">\n\t\t\t\t<div class=\"elementor-widget-container\">\n\t\t\t\t\t<h2 class=\"elementor-heading-title elementor-size-default\">Ingen resistensudvikling.\n\n<\/h2>\t\t\t\t<\/div>\n\t\t\t\t<\/div>\n\t\t\t\t<div class=\"elementor-element elementor-element-8d8d613 elementor-widget elementor-widget-text-editor\" data-id=\"8d8d613\" data-element_type=\"widget\" data-e-type=\"widget\" data-widget_type=\"text-editor.default\">\n\t\t\t\t<div class=\"elementor-widget-container\">\n\t\t\t\t\t\t\t\t\t<p>En af de st\u00f8rste udfordringer inden for sundhedsbehandling er udviklingen af \u2019superbugs\u2019. Genetiske forhold dikterer i princippet, at bakterierne udvikler resistens overfor alle antibiotika over tid. Men n\u00e5r den destruerende virkning sker p\u00e5 en br\u00f8kdel af et sekund, er dette ikke en risiko.  <\/p>\t\t\t\t\t\t\t\t<\/div>\n\t\t\t\t<\/div>\n\t\t\t\t<div class=\"elementor-element elementor-element-65b3ad9 elementor-widget elementor-widget-spacer\" data-id=\"65b3ad9\" data-element_type=\"widget\" data-e-type=\"widget\" data-widget_type=\"spacer.default\">\n\t\t\t\t<div class=\"elementor-widget-container\">\n\t\t\t\t\t\t\t<div class=\"elementor-spacer\">\n\t\t\t<div class=\"elementor-spacer-inner\"><\/div>\n\t\t<\/div>\n\t\t\t\t\t\t<\/div>\n\t\t\t\t<\/div>\n\t\t\t\t<div class=\"elementor-element elementor-element-6e44ba6 elementor-widget elementor-widget-heading\" data-id=\"6e44ba6\" data-element_type=\"widget\" data-e-type=\"widget\" data-widget_type=\"heading.default\">\n\t\t\t\t<div class=\"elementor-widget-container\">\n\t\t\t\t\t<h2 class=\"elementor-heading-title elementor-size-default\">Ingen bivirkninger.\n\n<\/h2>\t\t\t\t<\/div>\n\t\t\t\t<\/div>\n\t\t\t\t<div class=\"elementor-element elementor-element-b7647ff elementor-widget elementor-widget-text-editor\" data-id=\"b7647ff\" data-element_type=\"widget\" data-e-type=\"widget\" data-widget_type=\"text-editor.default\">\n\t\t\t\t<div class=\"elementor-widget-container\">\n\t\t\t\t\t\t\t\t\t<p>Der er ikke rapporteret nogen som helst bivirkninger af behandlingen. Dette skyldes, at fotosensitizeren ikke binder sig til overfladen af normale humane celler, men derimod til alle typer mikroorganismer. De reaktive oxygen forbindelser (ROS), der dannes, har en ekstremt kort levetid (nano sekunder). De anvendte fotosensitizere har langt ringere affinitet for mammale celler, hvorfor der ikke ses nogle negative p\u00e5virkninger af disse, og dermed ikke nogen bivirkninger i praksis ved behandlingen.   <\/p>\t\t\t\t\t\t\t\t<\/div>\n\t\t\t\t<\/div>\n\t\t\t\t<\/div>\n\t\t\t\t\t<\/div>\n\t\t\t\t<\/div>\n\t\t<div class=\"elementor-element elementor-element-6055f5b e-flex e-con-boxed e-con e-parent\" data-id=\"6055f5b\" data-element_type=\"container\" data-e-type=\"container\">\n\t\t\t\t\t<div class=\"e-con-inner\">\n\t\t<div class=\"elementor-element elementor-element-8b1623a e-con-full e-flex e-con e-child\" data-id=\"8b1623a\" data-element_type=\"container\" data-e-type=\"container\" data-settings=\"{&quot;background_background&quot;:&quot;classic&quot;}\">\n\t\t\t\t<div class=\"elementor-element elementor-element-449a5f5 elementor-widget elementor-widget-heading\" data-id=\"449a5f5\" data-element_type=\"widget\" data-e-type=\"widget\" data-widget_type=\"heading.default\">\n\t\t\t\t<div class=\"elementor-widget-container\">\n\t\t\t\t\t<h2 class=\"elementor-heading-title elementor-size-default\">Fakta<\/h2>\t\t\t\t<\/div>\n\t\t\t\t<\/div>\n\t\t\t\t<div class=\"elementor-element elementor-element-2fb533c elementor-widget elementor-widget-text-editor\" data-id=\"2fb533c\" data-element_type=\"widget\" data-e-type=\"widget\" data-widget_type=\"text-editor.default\">\n\t\t\t\t<div class=\"elementor-widget-container\">\n\t\t\t\t\t\t\t\t\t<p>Princippet bag behandlingsmetoden<\/p><p>1. En fotosensitizer binder sig til mikroorganismernes overflade.<\/p><p>2. Fotosensitizeren absorberer lys i et specifikt spektrum, og optager dermed energi.<\/p><p>3. Den optagne energi p\u00e5virker tilstedev\u00e6rende O2, som spaltes til enten O- eller O\u2022, som f\u00e6lles kaldes ROS =Reactive Oxygen Specimen.<\/p><p>4. ROS er st\u00e6rkt reaktivt og destruerer mikrobielle cellev\u00e6gge og andre strukturer momentant.<\/p><p>De dannede reaktive iltforbindelser (ROS) har en meget kort levetid p\u00e5 f\u00e5 nanosekunder, og bev\u00e6ger sig kun over meget korte afstande (f\u00e5 mikrometer). ROS forbindelserne h\u00e6fter sig kun p\u00e5 overfladen af mikroorganismerne,og de har en anden overflade end humane celler. Disse faktorer bevirker, at der ikke er p\u00e5virkning af humane celler.  <\/p>\t\t\t\t\t\t\t\t<\/div>\n\t\t\t\t<\/div>\n\t\t\t\t<\/div>\n\t\t\t\t\t<\/div>\n\t\t\t\t<\/div>\n\t\t\t\t<\/div>\n\t\t","protected":false},"excerpt":{"rendered":"<p>Hjem Produkter FotoSan\u00ae FotoSan\u00ae FotoSan\u00ae Der er s\u00e5 mange gode grunde til at anvende FotoSan\u00ae LAD behandling.Eftersom det er nemt at integrere p\u00e5 klinikken, s\u00e5 er det egentlig bare at komme i gang. Den gl\u00e6de, det giver at behandle med FotoSan\u00ae og se den overv\u00e6ldende positive effekt, er i sig selv en stor tilfredsstillelse. Udgangseffekt [&hellip;]<\/p>\n","protected":false},"author":1,"featured_media":0,"parent":767,"menu_order":0,"comment_status":"closed","ping_status":"closed","template":"","meta":{"footnotes":""},"class_list":["post-779","page","type-page","status-publish","hentry"],"_links":{"self":[{"href":"https:\/\/cmsdental.com\/da\/wp-json\/wp\/v2\/pages\/779","targetHints":{"allow":["GET"]}}],"collection":[{"href":"https:\/\/cmsdental.com\/da\/wp-json\/wp\/v2\/pages"}],"about":[{"href":"https:\/\/cmsdental.com\/da\/wp-json\/wp\/v2\/types\/page"}],"author":[{"embeddable":true,"href":"https:\/\/cmsdental.com\/da\/wp-json\/wp\/v2\/users\/1"}],"replies":[{"embeddable":true,"href":"https:\/\/cmsdental.com\/da\/wp-json\/wp\/v2\/comments?post=779"}],"version-history":[{"count":2,"href":"https:\/\/cmsdental.com\/da\/wp-json\/wp\/v2\/pages\/779\/revisions"}],"predecessor-version":[{"id":920,"href":"https:\/\/cmsdental.com\/da\/wp-json\/wp\/v2\/pages\/779\/revisions\/920"}],"up":[{"embeddable":true,"href":"https:\/\/cmsdental.com\/da\/wp-json\/wp\/v2\/pages\/767"}],"wp:attachment":[{"href":"https:\/\/cmsdental.com\/da\/wp-json\/wp\/v2\/media?parent=779"}],"curies":[{"name":"wp","href":"https:\/\/api.w.org\/{rel}","templated":true}]}}