{"id":777,"date":"2025-03-11T09:12:20","date_gmt":"2025-03-11T09:12:20","guid":{"rendered":"https:\/\/cms-dental.msnordic.com\/produkter\/flashmax-wide-spectrum\/"},"modified":"2025-09-25T08:13:10","modified_gmt":"2025-09-25T08:13:10","slug":"flashmax-wide-spectrum","status":"publish","type":"page","link":"https:\/\/cmsdental.com\/da\/produkter\/flashmax-wide-spectrum\/","title":{"rendered":"FlashMax Wide Spectrum"},"content":{"rendered":"\t\t<div data-elementor-type=\"wp-page\" data-elementor-id=\"777\" class=\"elementor elementor-777 elementor-299\" data-elementor-post-type=\"page\">\n\t\t\t\t<div class=\"elementor-element elementor-element-8486a81 e-flex e-con-boxed e-con e-parent\" data-id=\"8486a81\" data-element_type=\"container\" data-e-type=\"container\" data-settings=\"{&quot;background_background&quot;:&quot;classic&quot;}\">\n\t\t\t\t\t<div class=\"e-con-inner\">\n\t\t\t\t<div class=\"elementor-element elementor-element-fec6b27 elementor-icon-list--layout-inline elementor-list-item-link-full_width elementor-widget elementor-widget-icon-list\" data-id=\"fec6b27\" data-element_type=\"widget\" data-e-type=\"widget\" data-widget_type=\"icon-list.default\">\n\t\t\t\t<div class=\"elementor-widget-container\">\n\t\t\t\t\t\t\t<ul class=\"elementor-icon-list-items elementor-inline-items\">\n\t\t\t\t\t\t\t<li class=\"elementor-icon-list-item elementor-inline-item\">\n\t\t\t\t\t\t\t\t\t\t\t<a href=\"https:\/\/cmsdental.com\/da\/\">\n\n\t\t\t\t\t\t\t\t\t\t\t<span class=\"elementor-icon-list-text\">Hjem<\/span>\n\t\t\t\t\t\t\t\t\t\t\t<\/a>\n\t\t\t\t\t\t\t\t\t<\/li>\n\t\t\t\t\t\t\t\t<li class=\"elementor-icon-list-item elementor-inline-item\">\n\t\t\t\t\t\t\t\t\t\t\t<a href=\"https:\/\/cmsdental.com\/da\/produkter\/\">\n\n\t\t\t\t\t\t\t\t\t\t\t\t<span class=\"elementor-icon-list-icon\">\n\t\t\t\t\t\t\t<i aria-hidden=\"true\" class=\"fas fa-chevron-right\"><\/i>\t\t\t\t\t\t<\/span>\n\t\t\t\t\t\t\t\t\t\t<span class=\"elementor-icon-list-text\">Produkter<\/span>\n\t\t\t\t\t\t\t\t\t\t\t<\/a>\n\t\t\t\t\t\t\t\t\t<\/li>\n\t\t\t\t\t\t\t\t<li class=\"elementor-icon-list-item elementor-inline-item\">\n\t\t\t\t\t\t\t\t\t\t\t<span class=\"elementor-icon-list-icon\">\n\t\t\t\t\t\t\t<i aria-hidden=\"true\" class=\"fas fa-chevron-right\"><\/i>\t\t\t\t\t\t<\/span>\n\t\t\t\t\t\t\t\t\t\t<span class=\"elementor-icon-list-text\">FlashMax Wide Spectrum<\/span>\n\t\t\t\t\t\t\t\t\t<\/li>\n\t\t\t\t\t\t<\/ul>\n\t\t\t\t\t\t<\/div>\n\t\t\t\t<\/div>\n\t\t\t\t\t<\/div>\n\t\t\t\t<\/div>\n\t\t<div class=\"elementor-element elementor-element-3ab1611 e-flex e-con-boxed e-con e-parent\" data-id=\"3ab1611\" data-element_type=\"container\" data-e-type=\"container\" data-settings=\"{&quot;background_background&quot;:&quot;classic&quot;}\">\n\t\t\t\t\t<div class=\"e-con-inner\">\n\t\t<div class=\"elementor-element elementor-element-dc693c3 e-con-full e-flex e-con e-child\" data-id=\"dc693c3\" data-element_type=\"container\" data-e-type=\"container\" data-settings=\"{&quot;background_background&quot;:&quot;classic&quot;}\">\n\t\t\t\t<div class=\"elementor-element elementor-element-21416b8 elementor-widget elementor-widget-heading\" data-id=\"21416b8\" data-element_type=\"widget\" data-e-type=\"widget\" data-widget_type=\"heading.default\">\n\t\t\t\t<div class=\"elementor-widget-container\">\n\t\t\t\t\t<h2 class=\"elementor-heading-title elementor-size-default\">FlashMax Wide Spectrum<\/h2>\t\t\t\t<\/div>\n\t\t\t\t<\/div>\n\t\t\t\t<div class=\"elementor-element elementor-element-394d81c elementor-widget elementor-widget-heading\" data-id=\"394d81c\" data-element_type=\"widget\" data-e-type=\"widget\" data-widget_type=\"heading.default\">\n\t\t\t\t<div class=\"elementor-widget-container\">\n\t\t\t\t\t<h2 class=\"elementor-heading-title elementor-size-default\">Lysh\u00e6rdning af alle typer kompositter\n<\/h2>\t\t\t\t<\/div>\n\t\t\t\t<\/div>\n\t\t\t\t<div class=\"elementor-element elementor-element-19825bc elementor-widget elementor-widget-text-editor\" data-id=\"19825bc\" data-element_type=\"widget\" data-e-type=\"widget\" data-widget_type=\"text-editor.default\">\n\t\t\t\t<div class=\"elementor-widget-container\">\n\t\t\t\t\t\t\t\t\t<p>Udgangseffekt op til 4000 mW\/cm2<br>B\u00f8lgel\u00e6ngdespektrum er 390 &#8211; 480 nm<br>Lysh\u00e6rdning p\u00e5 2-4 sekunder. Orthobehandling 2 sekunder pr kontaktpunkt.<br>3 forskellige tidsprogrammer<br>Ortoindstillinger<br>Meget kraftig batterikapacitet<br>Ergonomisk pennegreb<br>Kan betjenes med b\u00e5de venstre og h\u00f8jre h\u00e5nd<br>Med aktiveringsknapper p\u00e5\u00a8over og underside er den nem at betjene i b\u00e5de over og undermund<br>Let, vejer under 120 gr.<br>Lydsvag<br>Nem at reng\u00f8re<\/p>\t\t\t\t\t\t\t\t<\/div>\n\t\t\t\t<\/div>\n\t\t\t\t<\/div>\n\t\t<div class=\"elementor-element elementor-element-2d53982 e-con-full e-flex e-con e-child\" data-id=\"2d53982\" data-element_type=\"container\" data-e-type=\"container\" data-settings=\"{&quot;background_background&quot;:&quot;classic&quot;}\">\n\t\t\t\t<\/div>\n\t\t\t\t\t<\/div>\n\t\t\t\t<\/div>\n\t\t<div class=\"elementor-element elementor-element-9e6794e e-flex e-con-boxed e-con e-parent\" data-id=\"9e6794e\" data-element_type=\"container\" data-e-type=\"container\">\n\t\t\t\t\t<div class=\"e-con-inner\">\n\t\t\t\t<div class=\"elementor-element elementor-element-93d9edb elementor-widget elementor-widget-heading\" data-id=\"93d9edb\" data-element_type=\"widget\" data-e-type=\"widget\" data-widget_type=\"heading.default\">\n\t\t\t\t<div class=\"elementor-widget-container\">\n\t\t\t\t\t<h2 class=\"elementor-heading-title elementor-size-default\">FlashMax Wide Spectrum byder p\u00e5 mange fordele\n<\/h2>\t\t\t\t<\/div>\n\t\t\t\t<\/div>\n\t\t\t\t\t<\/div>\n\t\t\t\t<\/div>\n\t\t<div class=\"elementor-element elementor-element-0ca485b e-flex e-con-boxed e-con e-parent\" data-id=\"0ca485b\" data-element_type=\"container\" data-e-type=\"container\">\n\t\t\t\t\t<div class=\"e-con-inner\">\n\t\t<div class=\"elementor-element elementor-element-3898d6c e-con-full e-flex e-con e-child\" data-id=\"3898d6c\" data-element_type=\"container\" data-e-type=\"container\">\n\t\t\t\t<div class=\"elementor-element elementor-element-c05fd1e elementor-widget elementor-widget-heading\" data-id=\"c05fd1e\" data-element_type=\"widget\" data-e-type=\"widget\" data-widget_type=\"heading.default\">\n\t\t\t\t<div class=\"elementor-widget-container\">\n\t\t\t\t\t<h2 class=\"elementor-heading-title elementor-size-default\">F\u00e5 gennemh\u00e6rdede fyldninger lynhurtigt\n\n\n<\/h2>\t\t\t\t<\/div>\n\t\t\t\t<\/div>\n\t\t\t\t<div class=\"elementor-element elementor-element-a09214b elementor-widget elementor-widget-text-editor\" data-id=\"a09214b\" data-element_type=\"widget\" data-e-type=\"widget\" data-widget_type=\"text-editor.default\">\n\t\t\t\t<div class=\"elementor-widget-container\">\n\t\t\t\t\t\t\t\t\t<p>For almindelige lagvis opbyggede fyldninger skal du anvende 2 sekunder for hvert lag, samt 4 sekunder for det afsluttende lag. Til ortodontisk brug skal der h\u00e6rdes 2 sekunder pr kontaktpunkt. <\/p><p>Hurtigere kan det simpelthen ikke g\u00f8res!<\/p>\t\t\t\t\t\t\t\t<\/div>\n\t\t\t\t<\/div>\n\t\t\t\t<div class=\"elementor-element elementor-element-d7848b4 elementor-widget elementor-widget-spacer\" data-id=\"d7848b4\" data-element_type=\"widget\" data-e-type=\"widget\" data-widget_type=\"spacer.default\">\n\t\t\t\t<div class=\"elementor-widget-container\">\n\t\t\t\t\t\t\t<div class=\"elementor-spacer\">\n\t\t\t<div class=\"elementor-spacer-inner\"><\/div>\n\t\t<\/div>\n\t\t\t\t\t\t<\/div>\n\t\t\t\t<\/div>\n\t\t\t\t<div class=\"elementor-element elementor-element-63dc46c elementor-widget elementor-widget-heading\" data-id=\"63dc46c\" data-element_type=\"widget\" data-e-type=\"widget\" data-widget_type=\"heading.default\">\n\t\t\t\t<div class=\"elementor-widget-container\">\n\t\t\t\t\t<h2 class=\"elementor-heading-title elementor-size-default\">H\u00e6rder alle plasttyper\n\n<\/h2>\t\t\t\t<\/div>\n\t\t\t\t<\/div>\n\t\t\t\t<div class=\"elementor-element elementor-element-bd639a1 elementor-widget elementor-widget-text-editor\" data-id=\"bd639a1\" data-element_type=\"widget\" data-e-type=\"widget\" data-widget_type=\"text-editor.default\">\n\t\t\t\t<div class=\"elementor-widget-container\">\n\t\t\t\t\t\t\t\t\t<div class=\"col-md-6 col-first\"><p>FlashMax Wide Spectrum lampen er selvskreven til de klinikker, der arbejder med forskellige plasttyper og fotoinitiatorer. Dern\u00e6st har h\u00e6rdelampen en super kort h\u00e6rdetid p\u00e5 hvert kontaktpunkt p\u00e5 2 sekunder. <\/p><\/div><div class=\"col-md-6 col-second\"> <\/div>\t\t\t\t\t\t\t\t<\/div>\n\t\t\t\t<\/div>\n\t\t\t\t<\/div>\n\t\t<div class=\"elementor-element elementor-element-f34311e e-con-full e-flex e-con e-child\" data-id=\"f34311e\" data-element_type=\"container\" data-e-type=\"container\">\n\t\t\t\t<div class=\"elementor-element elementor-element-6598912 elementor-widget elementor-widget-heading\" data-id=\"6598912\" data-element_type=\"widget\" data-e-type=\"widget\" data-widget_type=\"heading.default\">\n\t\t\t\t<div class=\"elementor-widget-container\">\n\t\t\t\t\t<h2 class=\"elementor-heading-title elementor-size-default\">Vi har t\u00e6nkt p\u00e5 ergonomien\n\n<\/h2>\t\t\t\t<\/div>\n\t\t\t\t<\/div>\n\t\t\t\t<div class=\"elementor-element elementor-element-6f966c1 elementor-widget elementor-widget-text-editor\" data-id=\"6f966c1\" data-element_type=\"widget\" data-e-type=\"widget\" data-widget_type=\"text-editor.default\">\n\t\t\t\t<div class=\"elementor-widget-container\">\n\t\t\t\t\t\t\t\t\t<p>F\u00f8rst og fremmest vejer den kun 120 g. Du har desuden to knapper p\u00e5 oversiden som bruges til undermunden, og to knapper p\u00e5 undersiden som bruges ved anvendelse til overk\u00e6ben. Har du brug for gentagne aktiveringer, for eksempel ved store fyldninger, eller ved ortodonti, ja s\u00e5 v\u00e6lger du et program s\u00e5 du kun trykker \u00e9n gang.  <\/p>\t\t\t\t\t\t\t\t<\/div>\n\t\t\t\t<\/div>\n\t\t\t\t<div class=\"elementor-element elementor-element-d747aa0 elementor-widget elementor-widget-spacer\" data-id=\"d747aa0\" data-element_type=\"widget\" data-e-type=\"widget\" data-widget_type=\"spacer.default\">\n\t\t\t\t<div class=\"elementor-widget-container\">\n\t\t\t\t\t\t\t<div class=\"elementor-spacer\">\n\t\t\t<div class=\"elementor-spacer-inner\"><\/div>\n\t\t<\/div>\n\t\t\t\t\t\t<\/div>\n\t\t\t\t<\/div>\n\t\t\t\t<div class=\"elementor-element elementor-element-3f387bf elementor-widget elementor-widget-heading\" data-id=\"3f387bf\" data-element_type=\"widget\" data-e-type=\"widget\" data-widget_type=\"heading.default\">\n\t\t\t\t<div class=\"elementor-widget-container\">\n\t\t\t\t\t<h2 class=\"elementor-heading-title elementor-size-default\">Vi har t\u00e6nkt p\u00e5 hygiejnen\n\n<\/h2>\t\t\t\t<\/div>\n\t\t\t\t<\/div>\n\t\t\t\t<div class=\"elementor-element elementor-element-3c93bda elementor-widget elementor-widget-text-editor\" data-id=\"3c93bda\" data-element_type=\"widget\" data-e-type=\"widget\" data-widget_type=\"text-editor.default\">\n\t\t\t\t<div class=\"elementor-widget-container\">\n\t\t\t\t\t\t\t\t\t<p>Almindeligvis anbefaler vi, at du rutinem\u00e6ssigt anvender en engangsovertr\u00e6kspose. Det sikrer den optimale hygiejne og eliminerer risiko for krydskontaminering. Det sparer ogs\u00e5 tid p\u00e5 afspritning mellem patienterne. Skal du h\u00e6rde helt op ad gingiva, er der lyslederspidser, der sikrer, at der kun lyses p\u00e5 plasten.   <\/p>\t\t\t\t\t\t\t\t<\/div>\n\t\t\t\t<\/div>\n\t\t\t\t<div class=\"elementor-element elementor-element-29ec888 elementor-widget elementor-widget-text-editor\" data-id=\"29ec888\" data-element_type=\"widget\" data-e-type=\"widget\" data-widget_type=\"text-editor.default\">\n\t\t\t\t<div class=\"elementor-widget-container\">\n\t\t\t\t\t\t\t\t\t<p><a href=\"https:\/\/www.cmsdentalshop.dk\/en\/flashmax-p3-root_15\/flashmax-p3-cure-and-ortho-wide-spectrum\" target=\"_blank\" rel=\"noopener\"><strong>Shop FlashMax Wide Spectrum<\/strong><\/a><\/p>\t\t\t\t\t\t\t\t<\/div>\n\t\t\t\t<\/div>\n\t\t\t\t<\/div>\n\t\t\t\t\t<\/div>\n\t\t\t\t<\/div>\n\t\t<div class=\"elementor-element elementor-element-3e3c1b9 e-flex e-con-boxed e-con e-parent\" data-id=\"3e3c1b9\" data-element_type=\"container\" data-e-type=\"container\">\n\t\t\t\t\t<div class=\"e-con-inner\">\n\t\t<div class=\"elementor-element elementor-element-3ebbc09 e-con-full e-flex e-con e-child\" data-id=\"3ebbc09\" data-element_type=\"container\" data-e-type=\"container\" data-settings=\"{&quot;background_background&quot;:&quot;classic&quot;}\">\n\t\t\t\t<div class=\"elementor-element elementor-element-9f66033 elementor-widget elementor-widget-heading\" data-id=\"9f66033\" data-element_type=\"widget\" data-e-type=\"widget\" data-widget_type=\"heading.default\">\n\t\t\t\t<div class=\"elementor-widget-container\">\n\t\t\t\t\t<h2 class=\"elementor-heading-title elementor-size-default\">Fakta<\/h2>\t\t\t\t<\/div>\n\t\t\t\t<\/div>\n\t\t\t\t<div class=\"elementor-element elementor-element-2c65291 elementor-widget elementor-widget-text-editor\" data-id=\"2c65291\" data-element_type=\"widget\" data-e-type=\"widget\" data-widget_type=\"text-editor.default\">\n\t\t\t\t<div class=\"elementor-widget-container\">\n\t\t\t\t\t\t\t\t\t<p><strong>Lysh\u00e6rdning<\/strong><\/p><p>FlashMax Wide Spectrum h\u00e6rder alle kompositter uanset hvilken foto-initiator, der benyttes.<br>Har ogs\u00e5 ortodontisk bonding med store tidsbesparelser.<br>FlashMax Wide Spectrum har en udgangseffekt p\u00e5 op til 4000 mW\/cm2, h\u00e6rder hvert lag komposit p\u00e5 2 sekunder og det afsluttende lag p\u00e5 3 sekunder.<br>FlashMax Wide Spectrum lampen overholder kravene i ISO10650.<\/p>\t\t\t\t\t\t\t\t<\/div>\n\t\t\t\t<\/div>\n\t\t\t\t<\/div>\n\t\t\t\t\t<\/div>\n\t\t\t\t<\/div>\n\t\t\t\t<\/div>\n\t\t","protected":false},"excerpt":{"rendered":"<p>Hjem Produkter FlashMax Wide Spectrum FlashMax Wide Spectrum Lysh\u00e6rdning af alle typer kompositter Udgangseffekt op til 4000 mW\/cm2B\u00f8lgel\u00e6ngdespektrum er 390 &#8211; 480 nmLysh\u00e6rdning p\u00e5 2-4 sekunder. Orthobehandling 2 sekunder pr kontaktpunkt.3 forskellige tidsprogrammerOrtoindstillingerMeget kraftig batterikapacitetErgonomisk pennegrebKan betjenes med b\u00e5de venstre og h\u00f8jre h\u00e5ndMed aktiveringsknapper p\u00e5\u00a8over og underside er den nem at betjene i b\u00e5de over [&hellip;]<\/p>\n","protected":false},"author":1,"featured_media":0,"parent":767,"menu_order":0,"comment_status":"closed","ping_status":"closed","template":"elementor_header_footer","meta":{"footnotes":""},"class_list":["post-777","page","type-page","status-publish","hentry"],"_links":{"self":[{"href":"https:\/\/cmsdental.com\/da\/wp-json\/wp\/v2\/pages\/777","targetHints":{"allow":["GET"]}}],"collection":[{"href":"https:\/\/cmsdental.com\/da\/wp-json\/wp\/v2\/pages"}],"about":[{"href":"https:\/\/cmsdental.com\/da\/wp-json\/wp\/v2\/types\/page"}],"author":[{"embeddable":true,"href":"https:\/\/cmsdental.com\/da\/wp-json\/wp\/v2\/users\/1"}],"replies":[{"embeddable":true,"href":"https:\/\/cmsdental.com\/da\/wp-json\/wp\/v2\/comments?post=777"}],"version-history":[{"count":2,"href":"https:\/\/cmsdental.com\/da\/wp-json\/wp\/v2\/pages\/777\/revisions"}],"predecessor-version":[{"id":921,"href":"https:\/\/cmsdental.com\/da\/wp-json\/wp\/v2\/pages\/777\/revisions\/921"}],"up":[{"embeddable":true,"href":"https:\/\/cmsdental.com\/da\/wp-json\/wp\/v2\/pages\/767"}],"wp:attachment":[{"href":"https:\/\/cmsdental.com\/da\/wp-json\/wp\/v2\/media?parent=777"}],"curies":[{"name":"wp","href":"https:\/\/api.w.org\/{rel}","templated":true}]}}