{"id":772,"date":"2025-03-11T09:20:56","date_gmt":"2025-03-11T09:20:56","guid":{"rendered":"https:\/\/cms-dental.msnordic.com\/produkter\/flashmax-p7\/"},"modified":"2025-09-25T08:11:45","modified_gmt":"2025-09-25T08:11:45","slug":"flashmax-p7","status":"publish","type":"page","link":"https:\/\/cmsdental.com\/da\/produkter\/flashmax-p7\/","title":{"rendered":"FlashMax P7"},"content":{"rendered":"\t\t<div data-elementor-type=\"wp-page\" data-elementor-id=\"772\" class=\"elementor elementor-772 elementor-319\" data-elementor-post-type=\"page\">\n\t\t\t\t<div class=\"elementor-element elementor-element-736ebb4 e-flex e-con-boxed e-con e-parent\" data-id=\"736ebb4\" data-element_type=\"container\" data-e-type=\"container\" data-settings=\"{&quot;background_background&quot;:&quot;classic&quot;}\">\n\t\t\t\t\t<div class=\"e-con-inner\">\n\t\t\t\t<div class=\"elementor-element elementor-element-d0c7b00 elementor-icon-list--layout-inline elementor-list-item-link-full_width elementor-widget elementor-widget-icon-list\" data-id=\"d0c7b00\" data-element_type=\"widget\" data-e-type=\"widget\" data-widget_type=\"icon-list.default\">\n\t\t\t\t<div class=\"elementor-widget-container\">\n\t\t\t\t\t\t\t<ul class=\"elementor-icon-list-items elementor-inline-items\">\n\t\t\t\t\t\t\t<li class=\"elementor-icon-list-item elementor-inline-item\">\n\t\t\t\t\t\t\t\t\t\t\t<a href=\"https:\/\/cmsdental.com\/da\/\">\n\n\t\t\t\t\t\t\t\t\t\t\t<span class=\"elementor-icon-list-text\">Hjem<\/span>\n\t\t\t\t\t\t\t\t\t\t\t<\/a>\n\t\t\t\t\t\t\t\t\t<\/li>\n\t\t\t\t\t\t\t\t<li class=\"elementor-icon-list-item elementor-inline-item\">\n\t\t\t\t\t\t\t\t\t\t\t<a href=\"https:\/\/cmsdental.com\/da\/produkter\/\">\n\n\t\t\t\t\t\t\t\t\t\t\t\t<span class=\"elementor-icon-list-icon\">\n\t\t\t\t\t\t\t<i aria-hidden=\"true\" class=\"fas fa-chevron-right\"><\/i>\t\t\t\t\t\t<\/span>\n\t\t\t\t\t\t\t\t\t\t<span class=\"elementor-icon-list-text\">Produkter<\/span>\n\t\t\t\t\t\t\t\t\t\t\t<\/a>\n\t\t\t\t\t\t\t\t\t<\/li>\n\t\t\t\t\t\t\t\t<li class=\"elementor-icon-list-item elementor-inline-item\">\n\t\t\t\t\t\t\t\t\t\t\t<span class=\"elementor-icon-list-icon\">\n\t\t\t\t\t\t\t<i aria-hidden=\"true\" class=\"fas fa-chevron-right\"><\/i>\t\t\t\t\t\t<\/span>\n\t\t\t\t\t\t\t\t\t\t<span class=\"elementor-icon-list-text\">FlashMax P7<\/span>\n\t\t\t\t\t\t\t\t\t<\/li>\n\t\t\t\t\t\t<\/ul>\n\t\t\t\t\t\t<\/div>\n\t\t\t\t<\/div>\n\t\t\t\t\t<\/div>\n\t\t\t\t<\/div>\n\t\t<div class=\"elementor-element elementor-element-02a47a2 e-flex e-con-boxed e-con e-parent\" data-id=\"02a47a2\" data-element_type=\"container\" data-e-type=\"container\" data-settings=\"{&quot;background_background&quot;:&quot;classic&quot;}\">\n\t\t\t\t\t<div class=\"e-con-inner\">\n\t\t<div class=\"elementor-element elementor-element-2f17589 e-con-full e-flex e-con e-child\" data-id=\"2f17589\" data-element_type=\"container\" data-e-type=\"container\" data-settings=\"{&quot;background_background&quot;:&quot;classic&quot;}\">\n\t\t\t\t<div class=\"elementor-element elementor-element-9893c96 elementor-widget elementor-widget-heading\" data-id=\"9893c96\" data-element_type=\"widget\" data-e-type=\"widget\" data-widget_type=\"heading.default\">\n\t\t\t\t<div class=\"elementor-widget-container\">\n\t\t\t\t\t<h2 class=\"elementor-heading-title elementor-size-default\">FlashMax P7<\/h2>\t\t\t\t<\/div>\n\t\t\t\t<\/div>\n\t\t\t\t<div class=\"elementor-element elementor-element-2f28113 elementor-widget elementor-widget-heading\" data-id=\"2f28113\" data-element_type=\"widget\" data-e-type=\"widget\" data-widget_type=\"heading.default\">\n\t\t\t\t<div class=\"elementor-widget-container\">\n\t\t\t\t\t<h2 class=\"elementor-heading-title elementor-size-default\">Lampen med 2 funktioner i 1.\nLAD biofilm kontrol &amp; hurtigh\u00e6rdning af plast.<\/h2>\t\t\t\t<\/div>\n\t\t\t\t<\/div>\n\t\t\t\t<div class=\"elementor-element elementor-element-d0dd44c elementor-widget elementor-widget-text-editor\" data-id=\"d0dd44c\" data-element_type=\"widget\" data-e-type=\"widget\" data-widget_type=\"text-editor.default\">\n\t\t\t\t<div class=\"elementor-widget-container\">\n\t\t\t\t\t\t\t\t\t<p>Med udvikling af en ny fotosensibilisator er det nu muligt at tilbyde en lampe, som har to forskellige anvendelsesomr\u00e5der. Det er slut med underh\u00e6rdede kompositfyldninger. Hurtigt og effektivt. Ikke flere underh\u00e6rdede kompositfyldninger.<br>Udgangseffekt 4000 mW\/cm2.<br>B\u00f8lgel\u00e6ngdespektrum 460 til 470 nm.<br>Lysh\u00e6rdning p\u00e5 1-3 sekunder og LAD-behandling p\u00e5 15 til 30 sekunder pr. ber\u00f8rt omr\u00e5de.<br>Meget kraftig batterikapacitet og lang levetid.<br>Ergonomisk pennegreb.<br>Kan betjenes med venstre eller h\u00f8jre h\u00e5nd.<br>Letv\u00e6gt under 120 gram.<br>Lydl\u00f8s og nem at reng\u00f8re.<\/p>\t\t\t\t\t\t\t\t<\/div>\n\t\t\t\t<\/div>\n\t\t\t\t<\/div>\n\t\t<div class=\"elementor-element elementor-element-b81c928 e-con-full e-flex e-con e-child\" data-id=\"b81c928\" data-element_type=\"container\" data-e-type=\"container\" data-settings=\"{&quot;background_background&quot;:&quot;classic&quot;}\">\n\t\t\t\t<\/div>\n\t\t\t\t\t<\/div>\n\t\t\t\t<\/div>\n\t\t<div class=\"elementor-element elementor-element-e7721c3 e-flex e-con-boxed e-con e-parent\" data-id=\"e7721c3\" data-element_type=\"container\" data-e-type=\"container\">\n\t\t\t\t\t<div class=\"e-con-inner\">\n\t\t\t\t<div class=\"elementor-element elementor-element-df4d62f elementor-widget elementor-widget-heading\" data-id=\"df4d62f\" data-element_type=\"widget\" data-e-type=\"widget\" data-widget_type=\"heading.default\">\n\t\t\t\t<div class=\"elementor-widget-container\">\n\t\t\t\t\t<h2 class=\"elementor-heading-title elementor-size-default\">FlasMax P7 byder p\u00e5 mange andre fordele.\n<\/h2>\t\t\t\t<\/div>\n\t\t\t\t<\/div>\n\t\t\t\t\t<\/div>\n\t\t\t\t<\/div>\n\t\t<div class=\"elementor-element elementor-element-9eadc81 e-flex e-con-boxed e-con e-parent\" data-id=\"9eadc81\" data-element_type=\"container\" data-e-type=\"container\">\n\t\t\t\t\t<div class=\"e-con-inner\">\n\t\t<div class=\"elementor-element elementor-element-5c7b871 e-con-full e-flex e-con e-child\" data-id=\"5c7b871\" data-element_type=\"container\" data-e-type=\"container\">\n\t\t\t\t<div class=\"elementor-element elementor-element-56d0452 elementor-widget elementor-widget-heading\" data-id=\"56d0452\" data-element_type=\"widget\" data-e-type=\"widget\" data-widget_type=\"heading.default\">\n\t\t\t\t<div class=\"elementor-widget-container\">\n\t\t\t\t\t<h2 class=\"elementor-heading-title elementor-size-default\">LAD behandling hvad er det?\n<\/h2>\t\t\t\t<\/div>\n\t\t\t\t<\/div>\n\t\t\t\t<div class=\"elementor-element elementor-element-bab6376 elementor-widget elementor-widget-text-editor\" data-id=\"bab6376\" data-element_type=\"widget\" data-e-type=\"widget\" data-widget_type=\"text-editor.default\">\n\t\t\t\t<div class=\"elementor-widget-container\">\n\t\t\t\t\t\t\t\t\t<p>FlashMaxP7 benyttes sammen med QROXB2 til at dr\u00e6be mikroorganismer i biofilmen og finder anvendelse som et supplement ved behandlingen af diverse sygdomstilstande eller som en del af forbehandlingen hos tandl\u00e6gen. Det kan du l\u00e6se n\u00e6rmere om under de enkelte afsnit under biofilm kontrol.<\/p><p>Med FlashMaxP7 konceptet forbedres sammens\u00e6tningen af biofilmen, s\u00e5 den indg\u00e5r som et naturligt beskyttelseslag overfor udefrakommende patogene bakterier.<\/p><p>Det er en vigtig del af behandlingen at eliminere de patogene bakterier is\u00e6r i tilf\u00e6lde hos patienter med bagomliggende sygdomstilstande og andre lidelser, der kan opst\u00e5 ved tilstedev\u00e6relse af patogene bakterier i en dysbiotisk biofilm.<\/p><p>FlasMaxP7 benyttes til forbehandling og som supplement til tandl\u00e6gens \u00f8vrige behandlinger.<\/p>\t\t\t\t\t\t\t\t<\/div>\n\t\t\t\t<\/div>\n\t\t\t\t<div class=\"elementor-element elementor-element-a4dd0c9 elementor-widget elementor-widget-spacer\" data-id=\"a4dd0c9\" data-element_type=\"widget\" data-e-type=\"widget\" data-widget_type=\"spacer.default\">\n\t\t\t\t<div class=\"elementor-widget-container\">\n\t\t\t\t\t\t\t<div class=\"elementor-spacer\">\n\t\t\t<div class=\"elementor-spacer-inner\"><\/div>\n\t\t<\/div>\n\t\t\t\t\t\t<\/div>\n\t\t\t\t<\/div>\n\t\t\t\t<div class=\"elementor-element elementor-element-71b156d elementor-widget elementor-widget-heading\" data-id=\"71b156d\" data-element_type=\"widget\" data-e-type=\"widget\" data-widget_type=\"heading.default\">\n\t\t\t\t<div class=\"elementor-widget-container\">\n\t\t\t\t\t<h2 class=\"elementor-heading-title elementor-size-default\">Forbehandling\n<\/h2>\t\t\t\t<\/div>\n\t\t\t\t<\/div>\n\t\t\t\t<div class=\"elementor-element elementor-element-274f09e elementor-widget elementor-widget-text-editor\" data-id=\"274f09e\" data-element_type=\"widget\" data-e-type=\"widget\" data-widget_type=\"text-editor.default\">\n\t\t\t\t<div class=\"elementor-widget-container\">\n\t\t\t\t\t\t\t\t\t<div class=\"col-md-6 col-first\"><p>Endodontisk desinfektion<br>Desinfektion ved kirurgi<\/p><\/div>\t\t\t\t\t\t\t\t<\/div>\n\t\t\t\t<\/div>\n\t\t\t\t<div class=\"elementor-element elementor-element-3314072 elementor-widget elementor-widget-heading\" data-id=\"3314072\" data-element_type=\"widget\" data-e-type=\"widget\" data-widget_type=\"heading.default\">\n\t\t\t\t<div class=\"elementor-widget-container\">\n\t\t\t\t\t<h2 class=\"elementor-heading-title elementor-size-default\">Supplement til tandl\u00e6gens behandlingstilbud\n<\/h2>\t\t\t\t<\/div>\n\t\t\t\t<\/div>\n\t\t\t\t<div class=\"elementor-element elementor-element-8a61db9 elementor-widget elementor-widget-text-editor\" data-id=\"8a61db9\" data-element_type=\"widget\" data-e-type=\"widget\" data-widget_type=\"text-editor.default\">\n\t\t\t\t<div class=\"elementor-widget-container\">\n\t\t\t\t\t\t\t\t\t<div class=\"col-md-6 col-first\"><p>Parodontitis<br>Periimplantitis<br>Halitosis<br>Oral candidainfektion<br>Tilbagevendende herpesinfektioner<br>Aphter<br>Oral lichen planus<\/p><\/div>\t\t\t\t\t\t\t\t<\/div>\n\t\t\t\t<\/div>\n\t\t\t\t<\/div>\n\t\t<div class=\"elementor-element elementor-element-d40f9d0 e-con-full e-flex e-con e-child\" data-id=\"d40f9d0\" data-element_type=\"container\" data-e-type=\"container\">\n\t\t\t\t<div class=\"elementor-element elementor-element-276d13a elementor-widget elementor-widget-heading\" data-id=\"276d13a\" data-element_type=\"widget\" data-e-type=\"widget\" data-widget_type=\"heading.default\">\n\t\t\t\t<div class=\"elementor-widget-container\">\n\t\t\t\t\t<h2 class=\"elementor-heading-title elementor-size-default\">F\u00e5 gennemh\u00e6rdede fyldninger lynhurtigt\n<\/h2>\t\t\t\t<\/div>\n\t\t\t\t<\/div>\n\t\t\t\t<div class=\"elementor-element elementor-element-2a4ec7b elementor-widget elementor-widget-text-editor\" data-id=\"2a4ec7b\" data-element_type=\"widget\" data-e-type=\"widget\" data-widget_type=\"text-editor.default\">\n\t\t\t\t<div class=\"elementor-widget-container\">\n\t\t\t\t\t\t\t\t\t<p>For almindelige lagvis opbyggede fyldninger skal du anvende 1 sekund for hvert lag, samt 3 sekunder for det afsluttende lag. Hurtigere kan det simpelthen ikke g\u00f8res!<\/p>\t\t\t\t\t\t\t\t<\/div>\n\t\t\t\t<\/div>\n\t\t\t\t<div class=\"elementor-element elementor-element-2472a45 elementor-widget elementor-widget-heading\" data-id=\"2472a45\" data-element_type=\"widget\" data-e-type=\"widget\" data-widget_type=\"heading.default\">\n\t\t\t\t<div class=\"elementor-widget-container\">\n\t\t\t\t\t<h2 class=\"elementor-heading-title elementor-size-default\">Ergonomi og arbejdsmilj\u00f8\n<\/h2>\t\t\t\t<\/div>\n\t\t\t\t<\/div>\n\t\t\t\t<div class=\"elementor-element elementor-element-f03a0bf elementor-widget elementor-widget-text-editor\" data-id=\"f03a0bf\" data-element_type=\"widget\" data-e-type=\"widget\" data-widget_type=\"text-editor.default\">\n\t\t\t\t<div class=\"elementor-widget-container\">\n\t\t\t\t\t\t\t\t\t<p>FlashMaxP7 er ergonomisk, har pennegreb og kan betjenes af b\u00e5de h\u00f8jre og venstre h\u00e5nd.<br>Den kan vendes rundt og betjenes fra overside og underside af lampen, s\u00e5 behandleren undg\u00e5r belastende arbejdsstillinger.<br>Kort tid ved behandlingsstolen kommer b\u00e5de patienter og personale til gode.<\/p>\t\t\t\t\t\t\t\t<\/div>\n\t\t\t\t<\/div>\n\t\t\t\t<div class=\"elementor-element elementor-element-114ba8f elementor-widget elementor-widget-heading\" data-id=\"114ba8f\" data-element_type=\"widget\" data-e-type=\"widget\" data-widget_type=\"heading.default\">\n\t\t\t\t<div class=\"elementor-widget-container\">\n\t\t\t\t\t<h2 class=\"elementor-heading-title elementor-size-default\">Hygiejne og sikkerhed\n<\/h2>\t\t\t\t<\/div>\n\t\t\t\t<\/div>\n\t\t\t\t<div class=\"elementor-element elementor-element-de84ef0 elementor-widget elementor-widget-text-editor\" data-id=\"de84ef0\" data-element_type=\"widget\" data-e-type=\"widget\" data-widget_type=\"text-editor.default\">\n\t\t\t\t<div class=\"elementor-widget-container\">\n\t\t\t\t\t\t\t\t\t<p>CMS Dental leverer engangs-beskyttelsesovertr\u00e6k i plast, specielt designet til FlashMaxP7, s\u00e5 krydskontaminering undg\u00e5s.<\/p><p>Et beskyttelsescover i h\u00e5rd plastik og en engangsspids sikrer, at gingiva ikke kommer i direkte kontakt med lyskilden og derved reduceres risiko for opvarmning af v\u00e6vet.<\/p><p>FlashMaxP7 er udviklet i overensstemmelse med kravene i ISO 10650.<\/p>\t\t\t\t\t\t\t\t<\/div>\n\t\t\t\t<\/div>\n\t\t\t\t<\/div>\n\t\t\t\t\t<\/div>\n\t\t\t\t<\/div>\n\t\t<div class=\"elementor-element elementor-element-86446d1 e-flex e-con-boxed e-con e-parent\" data-id=\"86446d1\" data-element_type=\"container\" data-e-type=\"container\">\n\t\t\t\t\t<div class=\"e-con-inner\">\n\t\t<div class=\"elementor-element elementor-element-c2d5ff9 e-con-full e-flex e-con e-child\" data-id=\"c2d5ff9\" data-element_type=\"container\" data-e-type=\"container\" data-settings=\"{&quot;background_background&quot;:&quot;classic&quot;}\">\n\t\t\t\t<div class=\"elementor-element elementor-element-71b2bc6 elementor-widget elementor-widget-heading\" data-id=\"71b2bc6\" data-element_type=\"widget\" data-e-type=\"widget\" data-widget_type=\"heading.default\">\n\t\t\t\t<div class=\"elementor-widget-container\">\n\t\t\t\t\t<h2 class=\"elementor-heading-title elementor-size-default\">Fakta<\/h2>\t\t\t\t<\/div>\n\t\t\t\t<\/div>\n\t\t\t\t<div class=\"elementor-element elementor-element-bf4f6a1 elementor-widget elementor-widget-text-editor\" data-id=\"bf4f6a1\" data-element_type=\"widget\" data-e-type=\"widget\" data-widget_type=\"text-editor.default\">\n\t\t\t\t<div class=\"elementor-widget-container\">\n\t\t\t\t\t\t\t\t\t<p><strong>Lysh\u00e6rdning<\/strong><\/p><p>FlashMaxP7 H\u00e6rder kompositter, som benytter kamferkinon som foto-initiator.<br>Ortodontisk bonding med store tidsbesparelser.<br>FlashMaxP7 med en udgangseffekt p\u00e5 4000 mW\/cm2 h\u00e6rder hvert lag komposit p\u00e5 1 sekund og det afsluttende lag p\u00e5 3 sekunder.<\/p><p><strong>LAD<\/strong><\/p><p>LAD st\u00e5r for Light Activated Disinfection. Det er en behandling, hvor man benytter en lyskilde med en bestemt b\u00f8lgel\u00e6ngde sammen med en fotosensibilisator, der kan aktiveres af denne lyskilde. N\u00e5r fotosensibilitatoren QROX B2 er appliceret, hvor man \u00f8nsker at dr\u00e6ber bakterier, vira og fungi i biofilmen, aktiveres lyset og mikroberne dr\u00e6bes. Den aktive ingrediens i QROX B2 er riboflavin (Vitamin B2).<\/p><p><strong>Hvordan virker Lysaktiveret Desinfektion?<\/strong><\/p><p>Mekanismen ved lysaktiveret desinfektion er baseret p\u00e5 dannelsen af ROS (reaktivt oxygen specimen), ogs\u00e5 kaldet reaktivt ilt. Det er meget reaktivt og virksomt i millisekunder, f\u00f8r det inaktiveres. Der skal v\u00e6re ilt og lys til stede for at reaktionen kan igangs\u00e6ttes.<\/p><p>ROS destruerer bakterier og fungi, og inaktiverer viralt DNA eller RNA.<\/p>\t\t\t\t\t\t\t\t<\/div>\n\t\t\t\t<\/div>\n\t\t\t\t<\/div>\n\t\t\t\t\t<\/div>\n\t\t\t\t<\/div>\n\t\t\t\t<\/div>\n\t\t","protected":false},"excerpt":{"rendered":"<p>Hjem Produkter FlashMax P7 FlashMax P7 Lampen med 2 funktioner i 1. LAD biofilm kontrol &amp; hurtigh\u00e6rdning af plast. Med udvikling af en ny fotosensibilisator er det nu muligt at tilbyde en lampe, som har to forskellige anvendelsesomr\u00e5der. Det er slut med underh\u00e6rdede kompositfyldninger. Hurtigt og effektivt. Ikke flere underh\u00e6rdede kompositfyldninger.Udgangseffekt 4000 mW\/cm2.B\u00f8lgel\u00e6ngdespektrum 460 til [&hellip;]<\/p>\n","protected":false},"author":1,"featured_media":0,"parent":767,"menu_order":0,"comment_status":"closed","ping_status":"closed","template":"","meta":{"footnotes":""},"class_list":["post-772","page","type-page","status-publish","hentry"],"_links":{"self":[{"href":"https:\/\/cmsdental.com\/da\/wp-json\/wp\/v2\/pages\/772","targetHints":{"allow":["GET"]}}],"collection":[{"href":"https:\/\/cmsdental.com\/da\/wp-json\/wp\/v2\/pages"}],"about":[{"href":"https:\/\/cmsdental.com\/da\/wp-json\/wp\/v2\/types\/page"}],"author":[{"embeddable":true,"href":"https:\/\/cmsdental.com\/da\/wp-json\/wp\/v2\/users\/1"}],"replies":[{"embeddable":true,"href":"https:\/\/cmsdental.com\/da\/wp-json\/wp\/v2\/comments?post=772"}],"version-history":[{"count":2,"href":"https:\/\/cmsdental.com\/da\/wp-json\/wp\/v2\/pages\/772\/revisions"}],"predecessor-version":[{"id":919,"href":"https:\/\/cmsdental.com\/da\/wp-json\/wp\/v2\/pages\/772\/revisions\/919"}],"up":[{"embeddable":true,"href":"https:\/\/cmsdental.com\/da\/wp-json\/wp\/v2\/pages\/767"}],"wp:attachment":[{"href":"https:\/\/cmsdental.com\/da\/wp-json\/wp\/v2\/media?parent=772"}],"curies":[{"name":"wp","href":"https:\/\/api.w.org\/{rel}","templated":true}]}}