{"id":769,"date":"2025-03-11T09:18:21","date_gmt":"2025-03-11T09:18:21","guid":{"rendered":"https:\/\/cms-dental.msnordic.com\/produkter\/flashmax-p3\/"},"modified":"2025-09-25T08:11:14","modified_gmt":"2025-09-25T08:11:14","slug":"flashmax-p3","status":"publish","type":"page","link":"https:\/\/cmsdental.com\/da\/produkter\/flashmax-p3\/","title":{"rendered":"FlashMax P3"},"content":{"rendered":"\t\t<div data-elementor-type=\"wp-page\" data-elementor-id=\"769\" class=\"elementor elementor-769 elementor-306\" data-elementor-post-type=\"page\">\n\t\t\t\t<div class=\"elementor-element elementor-element-9f11a8a e-flex e-con-boxed e-con e-parent\" data-id=\"9f11a8a\" data-element_type=\"container\" data-e-type=\"container\" data-settings=\"{&quot;background_background&quot;:&quot;classic&quot;}\">\n\t\t\t\t\t<div class=\"e-con-inner\">\n\t\t\t\t<div class=\"elementor-element elementor-element-b142a88 elementor-icon-list--layout-inline elementor-list-item-link-full_width elementor-widget elementor-widget-icon-list\" data-id=\"b142a88\" data-element_type=\"widget\" data-e-type=\"widget\" data-widget_type=\"icon-list.default\">\n\t\t\t\t<div class=\"elementor-widget-container\">\n\t\t\t\t\t\t\t<ul class=\"elementor-icon-list-items elementor-inline-items\">\n\t\t\t\t\t\t\t<li class=\"elementor-icon-list-item elementor-inline-item\">\n\t\t\t\t\t\t\t\t\t\t\t<a href=\"https:\/\/cmsdental.com\/da\/\">\n\n\t\t\t\t\t\t\t\t\t\t\t<span class=\"elementor-icon-list-text\">Hjem<\/span>\n\t\t\t\t\t\t\t\t\t\t\t<\/a>\n\t\t\t\t\t\t\t\t\t<\/li>\n\t\t\t\t\t\t\t\t<li class=\"elementor-icon-list-item elementor-inline-item\">\n\t\t\t\t\t\t\t\t\t\t\t<a href=\"https:\/\/cmsdental.com\/da\/produkter\/\">\n\n\t\t\t\t\t\t\t\t\t\t\t\t<span class=\"elementor-icon-list-icon\">\n\t\t\t\t\t\t\t<i aria-hidden=\"true\" class=\"fas fa-chevron-right\"><\/i>\t\t\t\t\t\t<\/span>\n\t\t\t\t\t\t\t\t\t\t<span class=\"elementor-icon-list-text\">Produkter<\/span>\n\t\t\t\t\t\t\t\t\t\t\t<\/a>\n\t\t\t\t\t\t\t\t\t<\/li>\n\t\t\t\t\t\t\t\t<li class=\"elementor-icon-list-item elementor-inline-item\">\n\t\t\t\t\t\t\t\t\t\t\t<span class=\"elementor-icon-list-icon\">\n\t\t\t\t\t\t\t<i aria-hidden=\"true\" class=\"fas fa-chevron-right\"><\/i>\t\t\t\t\t\t<\/span>\n\t\t\t\t\t\t\t\t\t\t<span class=\"elementor-icon-list-text\">FlashMax P3 cure &amp; ortho<\/span>\n\t\t\t\t\t\t\t\t\t<\/li>\n\t\t\t\t\t\t<\/ul>\n\t\t\t\t\t\t<\/div>\n\t\t\t\t<\/div>\n\t\t\t\t\t<\/div>\n\t\t\t\t<\/div>\n\t\t<div class=\"elementor-element elementor-element-580ad77 e-flex e-con-boxed e-con e-parent\" data-id=\"580ad77\" data-element_type=\"container\" data-e-type=\"container\" data-settings=\"{&quot;background_background&quot;:&quot;classic&quot;}\">\n\t\t\t\t\t<div class=\"e-con-inner\">\n\t\t<div class=\"elementor-element elementor-element-79109ff e-con-full e-flex e-con e-child\" data-id=\"79109ff\" data-element_type=\"container\" data-e-type=\"container\" data-settings=\"{&quot;background_background&quot;:&quot;classic&quot;}\">\n\t\t\t\t<div class=\"elementor-element elementor-element-85d25f4 elementor-widget elementor-widget-heading\" data-id=\"85d25f4\" data-element_type=\"widget\" data-e-type=\"widget\" data-widget_type=\"heading.default\">\n\t\t\t\t<div class=\"elementor-widget-container\">\n\t\t\t\t\t<h2 class=\"elementor-heading-title elementor-size-default\">FlashMax P3 cure &amp; ortho\n<\/h2>\t\t\t\t<\/div>\n\t\t\t\t<\/div>\n\t\t\t\t<div class=\"elementor-element elementor-element-19b1a5c elementor-widget elementor-widget-heading\" data-id=\"19b1a5c\" data-element_type=\"widget\" data-e-type=\"widget\" data-widget_type=\"heading.default\">\n\t\t\t\t<div class=\"elementor-widget-container\">\n\t\t\t\t\t<h2 class=\"elementor-heading-title elementor-size-default\">Markedets kraftigste h\u00e6rdelampe<\/h2>\t\t\t\t<\/div>\n\t\t\t\t<\/div>\n\t\t\t\t<div class=\"elementor-element elementor-element-37feb15 elementor-widget elementor-widget-text-editor\" data-id=\"37feb15\" data-element_type=\"widget\" data-e-type=\"widget\" data-widget_type=\"text-editor.default\">\n\t\t\t\t<div class=\"elementor-widget-container\">\n\t\t\t\t\t\t\t\t\t<p>Udgangseffekt op til 4000 mW\/cm2.<br>B\u00f8lgel\u00e6ngdespektrum er 460 &#8211; 470 nm<br>Lysh\u00e6rdning p\u00e5 1-3 sekunder.<br>3 forskellige tidsprogrammer<br>Kontinuerlige programmer til orthobehandling.<br>Meget kraftigbatteri kapacitet<br>Ergonomisk pennegreb.<br>Kan betjenes med b\u00e5de venstre og h\u00f8jre h\u00e5nd<br>Med aktiveringsknapper p\u00e5\u00a8over og underside er den nem at betjene i b\u00e5de over og undermund<br>Let, vejer under 120 gr.<br>Lydsvag.<br>Nem at reng\u00f8re<\/p>\t\t\t\t\t\t\t\t<\/div>\n\t\t\t\t<\/div>\n\t\t\t\t<\/div>\n\t\t<div class=\"elementor-element elementor-element-7c0ee6a e-con-full e-flex e-con e-child\" data-id=\"7c0ee6a\" data-element_type=\"container\" data-e-type=\"container\" data-settings=\"{&quot;background_background&quot;:&quot;classic&quot;}\">\n\t\t\t\t<\/div>\n\t\t\t\t\t<\/div>\n\t\t\t\t<\/div>\n\t\t<div class=\"elementor-element elementor-element-f824788 e-flex e-con-boxed e-con e-parent\" data-id=\"f824788\" data-element_type=\"container\" data-e-type=\"container\">\n\t\t\t\t\t<div class=\"e-con-inner\">\n\t\t\t\t<div class=\"elementor-element elementor-element-bb89410 elementor-widget elementor-widget-heading\" data-id=\"bb89410\" data-element_type=\"widget\" data-e-type=\"widget\" data-widget_type=\"heading.default\">\n\t\t\t\t<div class=\"elementor-widget-container\">\n\t\t\t\t\t<h2 class=\"elementor-heading-title elementor-size-default\">FlasMax P3 byder p\u00e5 mange andre fordele.\n<\/h2>\t\t\t\t<\/div>\n\t\t\t\t<\/div>\n\t\t\t\t\t<\/div>\n\t\t\t\t<\/div>\n\t\t<div class=\"elementor-element elementor-element-b06aa8a e-flex e-con-boxed e-con e-parent\" data-id=\"b06aa8a\" data-element_type=\"container\" data-e-type=\"container\">\n\t\t\t\t\t<div class=\"e-con-inner\">\n\t\t<div class=\"elementor-element elementor-element-8e081cc e-con-full e-flex e-con e-child\" data-id=\"8e081cc\" data-element_type=\"container\" data-e-type=\"container\">\n\t\t\t\t<div class=\"elementor-element elementor-element-74dfae9 elementor-widget elementor-widget-heading\" data-id=\"74dfae9\" data-element_type=\"widget\" data-e-type=\"widget\" data-widget_type=\"heading.default\">\n\t\t\t\t<div class=\"elementor-widget-container\">\n\t\t\t\t\t<h2 class=\"elementor-heading-title elementor-size-default\">F\u00e5 gennemh\u00e6rdede fyldninger lynhurtigt\n<\/h2>\t\t\t\t<\/div>\n\t\t\t\t<\/div>\n\t\t\t\t<div class=\"elementor-element elementor-element-bd08bc8 elementor-widget elementor-widget-text-editor\" data-id=\"bd08bc8\" data-element_type=\"widget\" data-e-type=\"widget\" data-widget_type=\"text-editor.default\">\n\t\t\t\t<div class=\"elementor-widget-container\">\n\t\t\t\t\t\t\t\t\t<p>For almindelige lagvis opbyggede fyldninger skal du anvende 1 sekund for hvert lag, samt 3 sekunder for det afsluttende lag. Hurtigere kan det simpelthen ikke g\u00f8res! <\/p>\t\t\t\t\t\t\t\t<\/div>\n\t\t\t\t<\/div>\n\t\t\t\t<div class=\"elementor-element elementor-element-8c41a08 elementor-widget elementor-widget-spacer\" data-id=\"8c41a08\" data-element_type=\"widget\" data-e-type=\"widget\" data-widget_type=\"spacer.default\">\n\t\t\t\t<div class=\"elementor-widget-container\">\n\t\t\t\t\t\t\t<div class=\"elementor-spacer\">\n\t\t\t<div class=\"elementor-spacer-inner\"><\/div>\n\t\t<\/div>\n\t\t\t\t\t\t<\/div>\n\t\t\t\t<\/div>\n\t\t\t\t<div class=\"elementor-element elementor-element-e14ef5a elementor-widget elementor-widget-heading\" data-id=\"e14ef5a\" data-element_type=\"widget\" data-e-type=\"widget\" data-widget_type=\"heading.default\">\n\t\t\t\t<div class=\"elementor-widget-container\">\n\t\t\t\t\t<h2 class=\"elementor-heading-title elementor-size-default\">Vi har t\u00e6nkt p\u00e5 ergonomien\n<\/h2>\t\t\t\t<\/div>\n\t\t\t\t<\/div>\n\t\t\t\t<div class=\"elementor-element elementor-element-de67ff6 elementor-widget elementor-widget-text-editor\" data-id=\"de67ff6\" data-element_type=\"widget\" data-e-type=\"widget\" data-widget_type=\"text-editor.default\">\n\t\t\t\t<div class=\"elementor-widget-container\">\n\t\t\t\t\t\t\t\t\t<div class=\"col-md-6 col-first\"><div class=\"col-md-6 col-first\"><p>F\u00f8rst og fremmest vejer den kun 120 g. Du har to knapper p\u00e5 oversiden som bruges til undermunden, og to knapper p\u00e5 undersiden som bruges ved anvendelse til overk\u00e6ben. Har du brug for gentagne aktiveringer, for eksempel ved store fyldninger, eller ved ortodonti, ja s\u00e5 v\u00e6lger du et program s\u00e5 du kun trykker \u00e9n gang.  <\/p><\/div><div class=\"col-md-6 col-second\"> <\/div><\/div>\t\t\t\t\t\t\t\t<\/div>\n\t\t\t\t<\/div>\n\t\t\t\t<\/div>\n\t\t<div class=\"elementor-element elementor-element-2a9fde2 e-con-full e-flex e-con e-child\" data-id=\"2a9fde2\" data-element_type=\"container\" data-e-type=\"container\">\n\t\t\t\t<div class=\"elementor-element elementor-element-3355f98 elementor-widget elementor-widget-heading\" data-id=\"3355f98\" data-element_type=\"widget\" data-e-type=\"widget\" data-widget_type=\"heading.default\">\n\t\t\t\t<div class=\"elementor-widget-container\">\n\t\t\t\t\t<h2 class=\"elementor-heading-title elementor-size-default\">Vi har t\u00e6nkt p\u00e5 hygiejnen\n<\/h2>\t\t\t\t<\/div>\n\t\t\t\t<\/div>\n\t\t\t\t<div class=\"elementor-element elementor-element-64632ef elementor-widget elementor-widget-text-editor\" data-id=\"64632ef\" data-element_type=\"widget\" data-e-type=\"widget\" data-widget_type=\"text-editor.default\">\n\t\t\t\t<div class=\"elementor-widget-container\">\n\t\t\t\t\t\t\t\t\t<p>Almindeligvis anbefaler vi, at du rutinem\u00e6ssigt anvender en engangsovertr\u00e6kspose. Det sikrer den optimale hygiejne og eliminerer risiko for krydskontaminering. Det sparer ogs\u00e5 tid p\u00e5 afspritning mellem patienterne. Skal du h\u00e6rde helt op ad gingiva, er der lyslederspidser, der sikrer, at der kun lyses p\u00e5 plasten.   <\/p><p>FlashMax P3 cure &amp; ortho lampen er selvskreven til alle ortodontiske klinikker. F\u00f8rst og fremmest p\u00e5 grund af den super korte h\u00e6rdetid p\u00e5 hvert kontaktpunkt. 1 SEKUND <\/p><p>Lampen har to programmer, s\u00e5 den kan lyse kontinuerligt 1 sekund ad gangen eller 3 sekunder ad gangen. Den skal blot flyttes til hvert kontaktpunkt uden fornyet aktivering. <\/p>\t\t\t\t\t\t\t\t<\/div>\n\t\t\t\t<\/div>\n\t\t\t\t<\/div>\n\t\t\t\t\t<\/div>\n\t\t\t\t<\/div>\n\t\t<div class=\"elementor-element elementor-element-4612050 e-flex e-con-boxed e-con e-parent\" data-id=\"4612050\" data-element_type=\"container\" data-e-type=\"container\">\n\t\t\t\t\t<div class=\"e-con-inner\">\n\t\t<div class=\"elementor-element elementor-element-c22f38c e-con-full e-flex e-con e-child\" data-id=\"c22f38c\" data-element_type=\"container\" data-e-type=\"container\" data-settings=\"{&quot;background_background&quot;:&quot;classic&quot;}\">\n\t\t\t\t<div class=\"elementor-element elementor-element-86e9869 elementor-widget elementor-widget-heading\" data-id=\"86e9869\" data-element_type=\"widget\" data-e-type=\"widget\" data-widget_type=\"heading.default\">\n\t\t\t\t<div class=\"elementor-widget-container\">\n\t\t\t\t\t<h2 class=\"elementor-heading-title elementor-size-default\">Fakta<\/h2>\t\t\t\t<\/div>\n\t\t\t\t<\/div>\n\t\t\t\t<div class=\"elementor-element elementor-element-50cf732 elementor-widget elementor-widget-text-editor\" data-id=\"50cf732\" data-element_type=\"widget\" data-e-type=\"widget\" data-widget_type=\"text-editor.default\">\n\t\t\t\t<div class=\"elementor-widget-container\">\n\t\t\t\t\t\t\t\t\t<p><strong>Lysh\u00e6rdning<\/strong><\/p><p>FlashMaxP3 h\u00e6rder kompositter, som benytter kamferkinon som foto-initiator.<br>Ortodontisk bonding med store tidsbesparelser.<br>FlashMaxP3 med en udgangseffekt p\u00e5 op til 4000 mW\/cm2 h\u00e6rder hvert lag komposit p\u00e5 1 sekund og det afsluttende lag p\u00e5 3 sekunder.<br>FlashMax P3 lampen er i overensstemmelse med ISO10650.<\/p>\t\t\t\t\t\t\t\t<\/div>\n\t\t\t\t<\/div>\n\t\t\t\t<\/div>\n\t\t\t\t\t<\/div>\n\t\t\t\t<\/div>\n\t\t\t\t<\/div>\n\t\t","protected":false},"excerpt":{"rendered":"<p>Hjem Produkter FlashMax P3 cure &amp; ortho FlashMax P3 cure &amp; ortho Markedets kraftigste h\u00e6rdelampe Udgangseffekt op til 4000 mW\/cm2.B\u00f8lgel\u00e6ngdespektrum er 460 &#8211; 470 nmLysh\u00e6rdning p\u00e5 1-3 sekunder.3 forskellige tidsprogrammerKontinuerlige programmer til orthobehandling.Meget kraftigbatteri kapacitetErgonomisk pennegreb.Kan betjenes med b\u00e5de venstre og h\u00f8jre h\u00e5ndMed aktiveringsknapper p\u00e5\u00a8over og underside er den nem at betjene i b\u00e5de over [&hellip;]<\/p>\n","protected":false},"author":1,"featured_media":0,"parent":767,"menu_order":0,"comment_status":"closed","ping_status":"closed","template":"elementor_header_footer","meta":{"footnotes":""},"class_list":["post-769","page","type-page","status-publish","hentry"],"_links":{"self":[{"href":"https:\/\/cmsdental.com\/da\/wp-json\/wp\/v2\/pages\/769","targetHints":{"allow":["GET"]}}],"collection":[{"href":"https:\/\/cmsdental.com\/da\/wp-json\/wp\/v2\/pages"}],"about":[{"href":"https:\/\/cmsdental.com\/da\/wp-json\/wp\/v2\/types\/page"}],"author":[{"embeddable":true,"href":"https:\/\/cmsdental.com\/da\/wp-json\/wp\/v2\/users\/1"}],"replies":[{"embeddable":true,"href":"https:\/\/cmsdental.com\/da\/wp-json\/wp\/v2\/comments?post=769"}],"version-history":[{"count":2,"href":"https:\/\/cmsdental.com\/da\/wp-json\/wp\/v2\/pages\/769\/revisions"}],"predecessor-version":[{"id":918,"href":"https:\/\/cmsdental.com\/da\/wp-json\/wp\/v2\/pages\/769\/revisions\/918"}],"up":[{"embeddable":true,"href":"https:\/\/cmsdental.com\/da\/wp-json\/wp\/v2\/pages\/767"}],"wp:attachment":[{"href":"https:\/\/cmsdental.com\/da\/wp-json\/wp\/v2\/media?parent=769"}],"curies":[{"name":"wp","href":"https:\/\/api.w.org\/{rel}","templated":true}]}}