{"id":761,"date":"2025-03-10T22:24:25","date_gmt":"2025-03-10T22:24:25","guid":{"rendered":"https:\/\/cms-dental.msnordic.com\/patienter\/oral-biofilm\/"},"modified":"2025-09-25T08:00:58","modified_gmt":"2025-09-25T08:00:58","slug":"oral-biofilm","status":"publish","type":"page","link":"https:\/\/cmsdental.com\/da\/patienter\/oral-biofilm\/","title":{"rendered":"Oral Biofilm"},"content":{"rendered":"\t\t<div data-elementor-type=\"wp-page\" data-elementor-id=\"761\" class=\"elementor elementor-761 elementor-144\" data-elementor-post-type=\"page\">\n\t\t\t\t<div class=\"elementor-element elementor-element-6f684f2 e-flex e-con-boxed e-con e-parent\" data-id=\"6f684f2\" data-element_type=\"container\" data-e-type=\"container\" data-settings=\"{&quot;background_background&quot;:&quot;classic&quot;}\">\n\t\t\t\t\t<div class=\"e-con-inner\">\n\t\t\t\t<div class=\"elementor-element elementor-element-2dd5e15 elementor-icon-list--layout-inline elementor-list-item-link-full_width elementor-widget elementor-widget-icon-list\" data-id=\"2dd5e15\" data-element_type=\"widget\" data-e-type=\"widget\" data-widget_type=\"icon-list.default\">\n\t\t\t\t<div class=\"elementor-widget-container\">\n\t\t\t\t\t\t\t<ul class=\"elementor-icon-list-items elementor-inline-items\">\n\t\t\t\t\t\t\t<li class=\"elementor-icon-list-item elementor-inline-item\">\n\t\t\t\t\t\t\t\t\t\t\t<a href=\"https:\/\/cmsdental.com\/da\/\">\n\n\t\t\t\t\t\t\t\t\t\t\t<span class=\"elementor-icon-list-text\">Hjem<\/span>\n\t\t\t\t\t\t\t\t\t\t\t<\/a>\n\t\t\t\t\t\t\t\t\t<\/li>\n\t\t\t\t\t\t\t\t<li class=\"elementor-icon-list-item elementor-inline-item\">\n\t\t\t\t\t\t\t\t\t\t\t<a href=\"https:\/\/cmsdental.com\/index.php\/patients\/\">\n\n\t\t\t\t\t\t\t\t\t\t\t\t<span class=\"elementor-icon-list-icon\">\n\t\t\t\t\t\t\t<i aria-hidden=\"true\" class=\"fas fa-chevron-right\"><\/i>\t\t\t\t\t\t<\/span>\n\t\t\t\t\t\t\t\t\t\t<span class=\"elementor-icon-list-text\">Patienter<\/span>\n\t\t\t\t\t\t\t\t\t\t\t<\/a>\n\t\t\t\t\t\t\t\t\t<\/li>\n\t\t\t\t\t\t\t\t<li class=\"elementor-icon-list-item elementor-inline-item\">\n\t\t\t\t\t\t\t\t\t\t\t<span class=\"elementor-icon-list-icon\">\n\t\t\t\t\t\t\t<i aria-hidden=\"true\" class=\"fas fa-chevron-right\"><\/i>\t\t\t\t\t\t<\/span>\n\t\t\t\t\t\t\t\t\t\t<span class=\"elementor-icon-list-text\">Oral Biofilm<\/span>\n\t\t\t\t\t\t\t\t\t<\/li>\n\t\t\t\t\t\t<\/ul>\n\t\t\t\t\t\t<\/div>\n\t\t\t\t<\/div>\n\t\t\t\t\t<\/div>\n\t\t\t\t<\/div>\n\t\t<div class=\"elementor-element elementor-element-7822c41 e-flex e-con-boxed e-con e-parent\" data-id=\"7822c41\" data-element_type=\"container\" data-e-type=\"container\">\n\t\t\t\t\t<div class=\"e-con-inner\">\n\t\t\t\t<div class=\"elementor-element elementor-element-ad3b2fe elementor-widget elementor-widget-text-editor\" data-id=\"ad3b2fe\" data-element_type=\"widget\" data-e-type=\"widget\" data-widget_type=\"text-editor.default\">\n\t\t\t\t<div class=\"elementor-widget-container\">\n\t\t\t\t\t\t\t\t\t<p><span style=\"color: #000000;\">Patienter<\/span> | Hvad p\u00e5virker din biofilm i mundhulen?<\/p>\t\t\t\t\t\t\t\t<\/div>\n\t\t\t\t<\/div>\n\t\t\t\t\t<\/div>\n\t\t\t\t<\/div>\n\t\t<div class=\"elementor-element elementor-element-3d5c5d6 e-flex e-con-boxed e-con e-parent\" data-id=\"3d5c5d6\" data-element_type=\"container\" data-e-type=\"container\">\n\t\t\t\t\t<div class=\"e-con-inner\">\n\t\t<div class=\"elementor-element elementor-element-1af1880 e-con-full e-flex e-con e-child\" data-id=\"1af1880\" data-element_type=\"container\" data-e-type=\"container\" data-settings=\"{&quot;background_background&quot;:&quot;classic&quot;}\">\n\t\t\t\t<div class=\"elementor-element elementor-element-e9d7b79 elementor-widget elementor-widget-heading\" data-id=\"e9d7b79\" data-element_type=\"widget\" data-e-type=\"widget\" data-widget_type=\"heading.default\">\n\t\t\t\t<div class=\"elementor-widget-container\">\n\t\t\t\t\t<h2 class=\"elementor-heading-title elementor-size-default\">Mundhulens biofilm spiller en vigtig rolle i dit mundhuleforsvar.<\/h2>\t\t\t\t<\/div>\n\t\t\t\t<\/div>\n\t\t\t\t<div class=\"elementor-element elementor-element-84559cd elementor-widget elementor-widget-heading\" data-id=\"84559cd\" data-element_type=\"widget\" data-e-type=\"widget\" data-widget_type=\"heading.default\">\n\t\t\t\t<div class=\"elementor-widget-container\">\n\t\t\t\t\t<h2 class=\"elementor-heading-title elementor-size-default\">En sund biofilm hj\u00e6lper dig ogs\u00e5 til et bedre helbred.<\/h2>\t\t\t\t<\/div>\n\t\t\t\t<\/div>\n\t\t\t\t<div class=\"elementor-element elementor-element-4b52657 elementor-widget elementor-widget-heading\" data-id=\"4b52657\" data-element_type=\"widget\" data-e-type=\"widget\" data-widget_type=\"heading.default\">\n\t\t\t\t<div class=\"elementor-widget-container\">\n\t\t\t\t\t<h2 class=\"elementor-heading-title elementor-size-default\">En sund biofilm hj\u00e6lper dig ogs\u00e5 til et bedre helbred.<\/h2>\t\t\t\t<\/div>\n\t\t\t\t<\/div>\n\t\t\t\t<div class=\"elementor-element elementor-element-cfc2723 elementor-widget elementor-widget-text-editor\" data-id=\"cfc2723\" data-element_type=\"widget\" data-e-type=\"widget\" data-widget_type=\"text-editor.default\">\n\t\t\t\t<div class=\"elementor-widget-container\">\n\t\t\t\t\t\t\t\t\t<p><span>De sygdomme vi har i mundhulen er alts\u00e5 p\u00e5virkelige af biofilmens sammens\u00e6tning og derfor er det af afg\u00f8rende betydning at s\u00e6tte ind, hvor man kan for at forbedre den. Her kan du l\u00e6se de vigtigste ting, der er v\u00e6rd at vide om din biofilm i mundhulen og hvad du selv kan g\u00f8re for at forbedre sammens\u00e6tningen. <\/span><\/p>\t\t\t\t\t\t\t\t<\/div>\n\t\t\t\t<\/div>\n\t\t\t\t<div class=\"elementor-element elementor-element-8bab65b elementor-widget elementor-widget-heading\" data-id=\"8bab65b\" data-element_type=\"widget\" data-e-type=\"widget\" data-widget_type=\"heading.default\">\n\t\t\t\t<div class=\"elementor-widget-container\">\n\t\t\t\t\t<h2 class=\"elementor-heading-title elementor-size-default\">Styrk din biofilm med ProlacSan\u00ae m\u00e6lkesyrebakterier.\n\n<\/h2>\t\t\t\t<\/div>\n\t\t\t\t<\/div>\n\t\t\t\t<div class=\"elementor-element elementor-element-6852be5 elementor-widget elementor-widget-button\" data-id=\"6852be5\" data-element_type=\"widget\" data-e-type=\"widget\" data-widget_type=\"button.default\">\n\t\t\t\t<div class=\"elementor-widget-container\">\n\t\t\t\t\t\t\t\t\t<div class=\"elementor-button-wrapper\">\n\t\t\t\t\t<a class=\"elementor-button elementor-button-link elementor-size-sm\" href=\"https:\/\/cmsdental.com\/da\/produkter\/prolacsan\/\">\n\t\t\t\t\t\t<span class=\"elementor-button-content-wrapper\">\n\t\t\t\t\t\t\t\t\t<span class=\"elementor-button-text\">ProlacSan<\/span>\n\t\t\t\t\t<\/span>\n\t\t\t\t\t<\/a>\n\t\t\t\t<\/div>\n\t\t\t\t\t\t\t\t<\/div>\n\t\t\t\t<\/div>\n\t\t\t\t<\/div>\n\t\t<div class=\"elementor-element elementor-element-3d3c39b e-con-full e-flex e-con e-child\" data-id=\"3d3c39b\" data-element_type=\"container\" data-e-type=\"container\" data-settings=\"{&quot;background_background&quot;:&quot;classic&quot;}\">\n\t\t\t\t<\/div>\n\t\t\t\t\t<\/div>\n\t\t\t\t<\/div>\n\t\t<div class=\"elementor-element elementor-element-b321ecd e-flex e-con-boxed e-con e-parent\" data-id=\"b321ecd\" data-element_type=\"container\" data-e-type=\"container\">\n\t\t\t\t\t<div class=\"e-con-inner\">\n\t\t<div class=\"elementor-element elementor-element-61700c6 e-con-full e-flex e-con e-child\" data-id=\"61700c6\" data-element_type=\"container\" data-e-type=\"container\">\n\t\t\t\t<div class=\"elementor-element elementor-element-a783a5a elementor-widget elementor-widget-heading\" data-id=\"a783a5a\" data-element_type=\"widget\" data-e-type=\"widget\" data-widget_type=\"heading.default\">\n\t\t\t\t<div class=\"elementor-widget-container\">\n\t\t\t\t\t<h2 class=\"elementor-heading-title elementor-size-default\">Mundhulens biofilm\n\n<\/h2>\t\t\t\t<\/div>\n\t\t\t\t<\/div>\n\t\t\t\t<div class=\"elementor-element elementor-element-011043a elementor-widget elementor-widget-text-editor\" data-id=\"011043a\" data-element_type=\"widget\" data-e-type=\"widget\" data-widget_type=\"text-editor.default\">\n\t\t\t\t<div class=\"elementor-widget-container\">\n\t\t\t\t\t\t\t\t\t<p><span>Biofilm er en flerlaget bel\u00e6gning af mikroorganismer og bindemiddel, der ligger hen over slimhinderne og t\u00e6nderne. Mikroorganismerne udg\u00f8res hovedsageligt af bakterier, men ogs\u00e5 af vira og svampe. Man har kendskab til op imod 700 forskellige typer bakterier i mundhulen, men kun 100-200 forskellige hos den enkelte person. Bakterierne deles op i 3 hovedtyper, dem der lever bedst i iltrige omgivelser, dem der lever bedste i iltfattige omgivelser, og s\u00e5 dem der kan begge dele. Bakterierne arrangerer sig indbydes i biofilmen, alt efter deres egenskaber.<\/span><br><br><span>Bakterierne danner affaldsstoffer af f\u00f8deemner, som s\u00e6tter sig p\u00e5 tand- og tandk\u00f8dsoverflader. Dette kaldes ogs\u00e5 for plak.<\/span><\/p><p><span>Nogle af bakterierne er syredannende og kan nedbryde sukker til syre, der \u00f8del\u00e6gger tandens emalje, s\u00e5 der opst\u00e5r caries ogs\u00e5 kaldet &#8220;huller i t\u00e6nderne&#8221;. Hvis ikke det stoppes i tide tr\u00e6nger hullet ind til tandens nerve og der opst\u00e5r en tandrodsbet\u00e6ndelse.<\/span><br><br><span>De skadelige bakterier p\u00e5 tandk\u00f8dsrandens overflade afgiver stoffer, der skaber tandk\u00f8dsbet\u00e6ndelse (inflammation) af tandk\u00f8det (gingivitis). Stoppes det ikke i tide, vil knoglen omkring tanden blive nedbrudt og man udvikler parodontose (parodontitis). Det er en tilstand, der er karakteriseret ved, at tandk\u00f8dslommerne bliver dybere og dybere og bliver hjemsted for bakterier, der lever bedst under iltfattige vilk\u00e5r. Disse bakterier afgiver stoffer, der yderligere nedbryder knoglev\u00e6vet, s\u00e5 hele processen accelereres. Uden behandling, vil tanden l\u00f8sne sig og til sidst g\u00e5 tabt.<\/span><\/p><p><span>Mundhulens biofilm spiller desuden en vigtig rolle i udviklingen af d\u00e5rlig \u00e5nde (halitose), idet den d\u00e5rlige \u00e5nde skyldes svovldampe, der dannes n\u00e5r nogle typer bakterier nedbryder svovlholdige aminosyrer til svovl.<\/span><\/p>\t\t\t\t\t\t\t\t<\/div>\n\t\t\t\t<\/div>\n\t\t\t\t<div class=\"elementor-element elementor-element-bf2eb7f elementor-widget elementor-widget-button\" data-id=\"bf2eb7f\" data-element_type=\"widget\" data-e-type=\"widget\" data-widget_type=\"button.default\">\n\t\t\t\t<div class=\"elementor-widget-container\">\n\t\t\t\t\t\t\t\t\t<div class=\"elementor-button-wrapper\">\n\t\t\t\t\t<a class=\"elementor-button elementor-button-link elementor-size-sm\" href=\"https:\/\/cmsdental.com\/da\/produkter\/prolacsan\/\">\n\t\t\t\t\t\t<span class=\"elementor-button-content-wrapper\">\n\t\t\t\t\t\t\t\t\t<span class=\"elementor-button-text\">ProlacSan sugetabletter forbedrer mundhulens biofilm. <\/span>\n\t\t\t\t\t<\/span>\n\t\t\t\t\t<\/a>\n\t\t\t\t<\/div>\n\t\t\t\t\t\t\t\t<\/div>\n\t\t\t\t<\/div>\n\t\t\t\t<\/div>\n\t\t<div class=\"elementor-element elementor-element-76315f8 e-con-full e-flex e-con e-child\" data-id=\"76315f8\" data-element_type=\"container\" data-e-type=\"container\">\n\t\t\t\t<div class=\"elementor-element elementor-element-1f9d85a elementor-widget elementor-widget-heading\" data-id=\"1f9d85a\" data-element_type=\"widget\" data-e-type=\"widget\" data-widget_type=\"heading.default\">\n\t\t\t\t<div class=\"elementor-widget-container\">\n\t\t\t\t\t<h2 class=\"elementor-heading-title elementor-size-default\">Hvad p\u00e5virker biofilmen?\n<\/h2>\t\t\t\t<\/div>\n\t\t\t\t<\/div>\n\t\t\t\t<div class=\"elementor-element elementor-element-521ff11 elementor-widget elementor-widget-text-editor\" data-id=\"521ff11\" data-element_type=\"widget\" data-e-type=\"widget\" data-widget_type=\"text-editor.default\">\n\t\t\t\t<div class=\"elementor-widget-container\">\n\t\t\t\t\t\t\t\t\t<p><span>Udover de aktive behandlingsformer, som vi beskriver p\u00e5 denne webside, er der 3 faktorer, der p\u00e5virker sammens\u00e6tningen af din biofilm i mundhulen.<\/span><\/p><p><span>De to f\u00f8rste faktorer, som du ikke kan g\u00f8re s\u00e5 meget ved, er genetiske faktorer samt eventuel anden sygdom, som du m\u00e5tte lider af. Typiske eksempler p\u00e5 anden sygdom, der p\u00e5virker din mundhule, er diabetes, stofskiftesygdomme eller hormonforstyrrelser. Det er vigtigt, at du er diagnosticeret for den sygdom, som p\u00e5virker dit generelle helbred, og du er i behandling. N\u00e5r du har din sygdom under kontrol, kan du yderligere forbedre din situation, ved at g\u00f8re noget godt for din krop med din livsstil.<\/span><\/p><p><span>Den tredje faktor er din livsstil. Den kan du i h\u00f8j grad p\u00e5virke, og derfor er det vigtigt, at du kender til de faktorer, der p\u00e5virker bakteriesammens\u00e6tningen i din biofilm.<\/span><\/p><p><span>Groft sagt kan man sige, at det er din livsstil, der sammen med de to f\u00f8rstn\u00e6vnte faktorer, har bestemt hvilken biofilm, du har p\u00e5 et givet tidspunkt i dit liv.<\/span><\/p>\t\t\t\t\t\t\t\t<\/div>\n\t\t\t\t<\/div>\n\t\t\t\t<div class=\"elementor-element elementor-element-6ff3de9 elementor-widget elementor-widget-text-editor\" data-id=\"6ff3de9\" data-element_type=\"widget\" data-e-type=\"widget\" data-widget_type=\"text-editor.default\">\n\t\t\t\t<div class=\"elementor-widget-container\">\n\t\t\t\t\t\t\t\t\t<h4><span style=\"color: #3366ff;\">Du kan selv v\u00e6re med til at forbedre din situation ved at:<\/span><\/h4><p><span>1. Holde en god mundhygiejne og overholde de regelm\u00e6ssige kontrolbes\u00f8g hos tandl\u00e6gen.<\/span><br><span>2. Spise sund kost med fibre, s\u00e5som gr\u00f8ntsager og frugt.<\/span><br><span>3. Reducere p\u00e5 sukker. <\/span> <\/p><h4> <\/h4><h4><span style=\"color: #3366ff;\">Du skal v\u00e6re opm\u00e6rksom p\u00e5 at der er forhold, der kan forv\u00e6rre din mundhulebalance:<\/span><\/h4><p><span>1. Medicin du tager.<\/span><br><span>2. Daglig brug af mundskyllev\u00e6sker.<\/span><br><span>3. Tils\u00e6tningsstoffer i din kost, herunder kunstige s\u00f8demidler.<\/span><br><span>4. Tobaksrygning.<\/span><br><span>5. Moderat til sv\u00e6r overv\u00e6gt.<\/span><\/p>\t\t\t\t\t\t\t\t<\/div>\n\t\t\t\t<\/div>\n\t\t\t\t<\/div>\n\t\t\t\t\t<\/div>\n\t\t\t\t<\/div>\n\t\t\t\t<\/div>\n\t\t","protected":false},"excerpt":{"rendered":"<p>Hjem Patienter Oral Biofilm Patienter | Hvad p\u00e5virker din biofilm i mundhulen? Mundhulens biofilm spiller en vigtig rolle i dit mundhuleforsvar. En sund biofilm hj\u00e6lper dig ogs\u00e5 til et bedre helbred. En sund biofilm hj\u00e6lper dig ogs\u00e5 til et bedre helbred. De sygdomme vi har i mundhulen er alts\u00e5 p\u00e5virkelige af biofilmens sammens\u00e6tning og derfor [&hellip;]<\/p>\n","protected":false},"author":1,"featured_media":0,"parent":732,"menu_order":0,"comment_status":"closed","ping_status":"closed","template":"elementor_header_footer","meta":{"footnotes":""},"class_list":["post-761","page","type-page","status-publish","hentry"],"_links":{"self":[{"href":"https:\/\/cmsdental.com\/da\/wp-json\/wp\/v2\/pages\/761","targetHints":{"allow":["GET"]}}],"collection":[{"href":"https:\/\/cmsdental.com\/da\/wp-json\/wp\/v2\/pages"}],"about":[{"href":"https:\/\/cmsdental.com\/da\/wp-json\/wp\/v2\/types\/page"}],"author":[{"embeddable":true,"href":"https:\/\/cmsdental.com\/da\/wp-json\/wp\/v2\/users\/1"}],"replies":[{"embeddable":true,"href":"https:\/\/cmsdental.com\/da\/wp-json\/wp\/v2\/comments?post=761"}],"version-history":[{"count":5,"href":"https:\/\/cmsdental.com\/da\/wp-json\/wp\/v2\/pages\/761\/revisions"}],"predecessor-version":[{"id":913,"href":"https:\/\/cmsdental.com\/da\/wp-json\/wp\/v2\/pages\/761\/revisions\/913"}],"up":[{"embeddable":true,"href":"https:\/\/cmsdental.com\/da\/wp-json\/wp\/v2\/pages\/732"}],"wp:attachment":[{"href":"https:\/\/cmsdental.com\/da\/wp-json\/wp\/v2\/media?parent=761"}],"curies":[{"name":"wp","href":"https:\/\/api.w.org\/{rel}","templated":true}]}}