{"id":753,"date":"2025-03-10T22:16:29","date_gmt":"2025-03-10T22:16:29","guid":{"rendered":"https:\/\/cms-dental.msnordic.com\/patienter\/rodfyldning\/"},"modified":"2025-09-25T08:01:51","modified_gmt":"2025-09-25T08:01:51","slug":"rodfyldning","status":"publish","type":"page","link":"https:\/\/cmsdental.com\/da\/patienter\/rodfyldning\/","title":{"rendered":"Rodfyldning"},"content":{"rendered":"\t\t<div data-elementor-type=\"wp-page\" data-elementor-id=\"753\" class=\"elementor elementor-753 elementor-124\" data-elementor-post-type=\"page\">\n\t\t\t\t<div class=\"elementor-element elementor-element-8dc924a e-flex e-con-boxed e-con e-parent\" data-id=\"8dc924a\" data-element_type=\"container\" data-e-type=\"container\" data-settings=\"{&quot;background_background&quot;:&quot;classic&quot;}\">\n\t\t\t\t\t<div class=\"e-con-inner\">\n\t\t\t\t<div class=\"elementor-element elementor-element-b533793 elementor-icon-list--layout-inline elementor-list-item-link-full_width elementor-widget elementor-widget-icon-list\" data-id=\"b533793\" data-element_type=\"widget\" data-e-type=\"widget\" data-widget_type=\"icon-list.default\">\n\t\t\t\t<div class=\"elementor-widget-container\">\n\t\t\t\t\t\t\t<ul class=\"elementor-icon-list-items elementor-inline-items\">\n\t\t\t\t\t\t\t<li class=\"elementor-icon-list-item elementor-inline-item\">\n\t\t\t\t\t\t\t\t\t\t\t<a href=\"https:\/\/cmsdental.com\/da\/\">\n\n\t\t\t\t\t\t\t\t\t\t\t<span class=\"elementor-icon-list-text\">Hjem<\/span>\n\t\t\t\t\t\t\t\t\t\t\t<\/a>\n\t\t\t\t\t\t\t\t\t<\/li>\n\t\t\t\t\t\t\t\t<li class=\"elementor-icon-list-item elementor-inline-item\">\n\t\t\t\t\t\t\t\t\t\t\t<a href=\"https:\/\/cmsdental.com\/index.php\/patients\/\">\n\n\t\t\t\t\t\t\t\t\t\t\t\t<span class=\"elementor-icon-list-icon\">\n\t\t\t\t\t\t\t<i aria-hidden=\"true\" class=\"fas fa-chevron-right\"><\/i>\t\t\t\t\t\t<\/span>\n\t\t\t\t\t\t\t\t\t\t<span class=\"elementor-icon-list-text\">Patienter<\/span>\n\t\t\t\t\t\t\t\t\t\t\t<\/a>\n\t\t\t\t\t\t\t\t\t<\/li>\n\t\t\t\t\t\t\t\t<li class=\"elementor-icon-list-item elementor-inline-item\">\n\t\t\t\t\t\t\t\t\t\t\t<span class=\"elementor-icon-list-icon\">\n\t\t\t\t\t\t\t<i aria-hidden=\"true\" class=\"fas fa-chevron-right\"><\/i>\t\t\t\t\t\t<\/span>\n\t\t\t\t\t\t\t\t\t\t<span class=\"elementor-icon-list-text\">Rodfyldning<\/span>\n\t\t\t\t\t\t\t\t\t<\/li>\n\t\t\t\t\t\t<\/ul>\n\t\t\t\t\t\t<\/div>\n\t\t\t\t<\/div>\n\t\t\t\t\t<\/div>\n\t\t\t\t<\/div>\n\t\t<div class=\"elementor-element elementor-element-7f63aad e-flex e-con-boxed e-con e-parent\" data-id=\"7f63aad\" data-element_type=\"container\" data-e-type=\"container\">\n\t\t\t\t\t<div class=\"e-con-inner\">\n\t\t\t\t<div class=\"elementor-element elementor-element-abfe9e6 elementor-widget elementor-widget-text-editor\" data-id=\"abfe9e6\" data-element_type=\"widget\" data-e-type=\"widget\" data-widget_type=\"text-editor.default\">\n\t\t\t\t<div class=\"elementor-widget-container\">\n\t\t\t\t\t\t\t\t\t<p><span style=\"color: #000000;\">Patienter<\/span> | Rodfyldning<\/p>\t\t\t\t\t\t\t\t<\/div>\n\t\t\t\t<\/div>\n\t\t\t\t\t<\/div>\n\t\t\t\t<\/div>\n\t\t<div class=\"elementor-element elementor-element-1d0e319 e-flex e-con-boxed e-con e-parent\" data-id=\"1d0e319\" data-element_type=\"container\" data-e-type=\"container\">\n\t\t\t\t\t<div class=\"e-con-inner\">\n\t\t<div class=\"elementor-element elementor-element-3ab442b e-con-full e-flex e-con e-child\" data-id=\"3ab442b\" data-element_type=\"container\" data-e-type=\"container\" data-settings=\"{&quot;background_background&quot;:&quot;classic&quot;}\">\n\t\t\t\t<div class=\"elementor-element elementor-element-8f10935 elementor-widget elementor-widget-heading\" data-id=\"8f10935\" data-element_type=\"widget\" data-e-type=\"widget\" data-widget_type=\"heading.default\">\n\t\t\t\t<div class=\"elementor-widget-container\">\n\t\t\t\t\t<h2 class=\"elementor-heading-title elementor-size-default\">50% af alle rodfyldninger fejler indenfor en periode p\u00e5 5 \u00e5r.\n<\/h2>\t\t\t\t<\/div>\n\t\t\t\t<\/div>\n\t\t\t\t<div class=\"elementor-element elementor-element-448252b elementor-widget elementor-widget-text-editor\" data-id=\"448252b\" data-element_type=\"widget\" data-e-type=\"widget\" data-widget_type=\"text-editor.default\">\n\t\t\t\t<div class=\"elementor-widget-container\">\n\t\t\t\t\t\t\t\t\t<p>Op mod halvdelen af voksne danskere sk\u00f8nnes at g\u00e5 rundt med en uopdaget rodbet\u00e6ndelse. Patienterne har ofte ikke nogen symptomer, men rodbet\u00e6ndelsen kan blusse op og blive yderst smertefuld og kr\u00e6ve hurtig behandling.<\/p><p>Hvad kan du selv g\u00f8re for at f\u00e5 en sund mund?<\/p><p>En grundig daglig tandhygiejne og tandl\u00e6getjek er naturligvis vigtig til forebyggelse og diagnosticering af mundhulesygdomme. Du kan selv forbedre bakteriesammens\u00e6tningen ved kost\u00e6ndringer samt ved at tage m\u00e6lkesyrebakterier bl.a. ProlacSan\u00ae for mundhulen. M\u00e6lkesyrebakterier styrker din mundhule ved at p\u00e5virke din biofilm og opn\u00e5 en sund bakteriebalance.<\/p>\t\t\t\t\t\t\t\t<\/div>\n\t\t\t\t<\/div>\n\t\t\t\t<div class=\"elementor-element elementor-element-80e8b31 elementor-widget elementor-widget-heading\" data-id=\"80e8b31\" data-element_type=\"widget\" data-e-type=\"widget\" data-widget_type=\"heading.default\">\n\t\t\t\t<div class=\"elementor-widget-container\">\n\t\t\t\t\t<h2 class=\"elementor-heading-title elementor-size-default\">Styrk din mundhule med ProlacSan\u00ae m\u00e6lkesyrebakterier.\n\n\n<\/h2>\t\t\t\t<\/div>\n\t\t\t\t<\/div>\n\t\t\t\t<div class=\"elementor-element elementor-element-f1c3946 elementor-widget elementor-widget-button\" data-id=\"f1c3946\" data-element_type=\"widget\" data-e-type=\"widget\" data-widget_type=\"button.default\">\n\t\t\t\t<div class=\"elementor-widget-container\">\n\t\t\t\t\t\t\t\t\t<div class=\"elementor-button-wrapper\">\n\t\t\t\t\t<a class=\"elementor-button elementor-button-link elementor-size-sm\" href=\"https:\/\/cmsdental.com\/da\/produkter\/prolacsan\/\">\n\t\t\t\t\t\t<span class=\"elementor-button-content-wrapper\">\n\t\t\t\t\t\t\t\t\t<span class=\"elementor-button-text\">ProlacSan<\/span>\n\t\t\t\t\t<\/span>\n\t\t\t\t\t<\/a>\n\t\t\t\t<\/div>\n\t\t\t\t\t\t\t\t<\/div>\n\t\t\t\t<\/div>\n\t\t\t\t<\/div>\n\t\t<div class=\"elementor-element elementor-element-131ee8c e-con-full e-flex e-con e-child\" data-id=\"131ee8c\" data-element_type=\"container\" data-e-type=\"container\" data-settings=\"{&quot;background_background&quot;:&quot;classic&quot;}\">\n\t\t\t\t<\/div>\n\t\t\t\t\t<\/div>\n\t\t\t\t<\/div>\n\t\t<div class=\"elementor-element elementor-element-0be3b74 e-flex e-con-boxed e-con e-parent\" data-id=\"0be3b74\" data-element_type=\"container\" data-e-type=\"container\">\n\t\t\t\t\t<div class=\"e-con-inner\">\n\t\t<div class=\"elementor-element elementor-element-a45f9c8 e-con-full e-flex e-con e-child\" data-id=\"a45f9c8\" data-element_type=\"container\" data-e-type=\"container\">\n\t\t\t\t<div class=\"elementor-element elementor-element-8ff1384 elementor-widget elementor-widget-heading\" data-id=\"8ff1384\" data-element_type=\"widget\" data-e-type=\"widget\" data-widget_type=\"heading.default\">\n\t\t\t\t<div class=\"elementor-widget-container\">\n\t\t\t\t\t<h2 class=\"elementor-heading-title elementor-size-default\">Rodbet\u00e6ndelse og behandling\n<\/h2>\t\t\t\t<\/div>\n\t\t\t\t<\/div>\n\t\t\t\t<div class=\"elementor-element elementor-element-c51b73d elementor-widget elementor-widget-text-editor\" data-id=\"c51b73d\" data-element_type=\"widget\" data-e-type=\"widget\" data-widget_type=\"text-editor.default\">\n\t\t\t\t<div class=\"elementor-widget-container\">\n\t\t\t\t\t\t\t\t\t<p>Rodbet\u00e6ndelse er, en bet\u00e6ndelse ved roden af en tand, hvor nerven er d\u00f8d. Rodbet\u00e6ndelse opst\u00e5r hvis bakterier tr\u00e6nger ind i den d\u00f8de nerve, typisk p\u00e5 grund af et dybt cariesangreb, der er tr\u00e6ngt ind til tandnerven, men tilstanden kan ogs\u00e5 opst\u00e5 efter et slag p\u00e5 tanden eller en opst\u00e5et revne i tanden. Det kan desuden ogs\u00e5 ske, selv efter tanden er blevet rodbehandlet, eller man har f\u00e5et en krone.<\/p><p>De f\u00f8rst tegn p\u00e5 en rodbet\u00e6ndelse er, at tanden er \u00f8m, n\u00e5r man tygger eller banker lidt p\u00e5 den. De fleste g\u00e5r dog med rodbet\u00e6ndelse igennem l\u00e6ngere tid uden symptomer. Rodbet\u00e6ndelse diagnosticeres med et r\u00f8ntgenbillede taget hos tandl\u00e6gen.<\/p>\t\t\t\t\t\t\t\t<\/div>\n\t\t\t\t<\/div>\n\t\t\t\t<div class=\"elementor-element elementor-element-3d9e613 elementor-widget elementor-widget-spacer\" data-id=\"3d9e613\" data-element_type=\"widget\" data-e-type=\"widget\" data-widget_type=\"spacer.default\">\n\t\t\t\t<div class=\"elementor-widget-container\">\n\t\t\t\t\t\t\t<div class=\"elementor-spacer\">\n\t\t\t<div class=\"elementor-spacer-inner\"><\/div>\n\t\t<\/div>\n\t\t\t\t\t\t<\/div>\n\t\t\t\t<\/div>\n\t\t\t\t<div class=\"elementor-element elementor-element-f016415 elementor-widget elementor-widget-heading\" data-id=\"f016415\" data-element_type=\"widget\" data-e-type=\"widget\" data-widget_type=\"heading.default\">\n\t\t\t\t<div class=\"elementor-widget-container\">\n\t\t\t\t\t<h2 class=\"elementor-heading-title elementor-size-default\">Behandling af rodbet\u00e6ndelse\n<\/h2>\t\t\t\t<\/div>\n\t\t\t\t<\/div>\n\t\t\t\t<div class=\"elementor-element elementor-element-bad0a4e elementor-widget elementor-widget-text-editor\" data-id=\"bad0a4e\" data-element_type=\"widget\" data-e-type=\"widget\" data-widget_type=\"text-editor.default\">\n\t\t\t\t<div class=\"elementor-widget-container\">\n\t\t\t\t\t\t\t\t\t<p>En rodbet\u00e6ndelse (pulpitis) kan kun behandles ved, at man enten tr\u00e6kker tanden ud, eller \u00e5bner op, og fjerner den bet\u00e6ndte rod og renser ud. Tandl\u00e6gen vil i den forbindelse lave et konisk hulrum med glat overflade ved at anvende et antal roterende rodfile med stigende diameter og konicitet. Dern\u00e6st skal tandl\u00e6gen rense pulpakammeret s\u00e5 effektivt som muligt for bakterier, hvorefter tandl\u00e6gen fylder det med et t\u00e6t forseglende materiale typisk af gutta percha (naturgummi fra gutta percha tr\u00e6er).<\/p><p>Det er vigtigt, at der ikke er luftlommer i rodfyldningen, for det kan give anledning til fornyet infektion. Det kan lyde nemt, men rent faktisk er det i mange tilf\u00e6lde en sv\u00e6r procedure. F\u00f8rst og fremmest, fordi dimensionerne er meget sm\u00e5, og s\u00e5 ikke mindst, fordi mange rodkanaler kan v\u00e6re meget krumme. At rense og fylde en meget tynd og meget krum kanal uden at kunne se, hvad man foretager sig, er sv\u00e6rt. Det er derfor ogs\u00e5 kun ca. 50% af rodfyldningerne, rent faktisk er en succes efter 5 \u00e5r.<\/p><p>Det er der to hoved\u00e5rsager til: For det f\u00f8rste er det meget sv\u00e6rt at fjerne alle bakterier, fordi de gemmer sig inde i selve v\u00e6ggen af rodkanalen. For det andet er det sv\u00e6rt at fylde en tynd krum kanal helt uden at efterlade en lille luftlomme.<\/p><p>Det g\u00e6lder derfor om, at f\u00e5 dr\u00e6bt bakterierne i rodkanalen, f\u00e5 renset godt ud og lave en t\u00e6t rodfyldning.<\/p>\t\t\t\t\t\t\t\t<\/div>\n\t\t\t\t<\/div>\n\t\t\t\t<\/div>\n\t\t<div class=\"elementor-element elementor-element-cfe0468 e-con-full e-flex e-con e-child\" data-id=\"cfe0468\" data-element_type=\"container\" data-e-type=\"container\">\n\t\t\t\t<div class=\"elementor-element elementor-element-4edbeb6 elementor-widget elementor-widget-heading\" data-id=\"4edbeb6\" data-element_type=\"widget\" data-e-type=\"widget\" data-widget_type=\"heading.default\">\n\t\t\t\t<div class=\"elementor-widget-container\">\n\t\t\t\t\t<h2 class=\"elementor-heading-title elementor-size-default\">CMS Dental's behandlingskoncept\n<\/h2>\t\t\t\t<\/div>\n\t\t\t\t<\/div>\n\t\t\t\t<div class=\"elementor-element elementor-element-dc6d7cb elementor-widget elementor-widget-text-editor\" data-id=\"dc6d7cb\" data-element_type=\"widget\" data-e-type=\"widget\" data-widget_type=\"text-editor.default\">\n\t\t\t\t<div class=\"elementor-widget-container\">\n\t\t\t\t\t\t\t\t\t<p>CMS Dental har udviklet optimale behandlingsl\u00f8sninger og produkter til infektionskontrol i rodkanalen og efterf\u00f8lgende rodfyldning.<\/p><p>L\u00e6s mere under biofilmkontrol og Soft-Core\u00ae rodfyldning.<\/p>\t\t\t\t\t\t\t\t<\/div>\n\t\t\t\t<\/div>\n\t\t\t\t<div class=\"elementor-element elementor-element-d97876f elementor-widget elementor-widget-button\" data-id=\"d97876f\" data-element_type=\"widget\" data-e-type=\"widget\" data-widget_type=\"button.default\">\n\t\t\t\t<div class=\"elementor-widget-container\">\n\t\t\t\t\t\t\t\t\t<div class=\"elementor-button-wrapper\">\n\t\t\t\t\t<a class=\"elementor-button elementor-button-link elementor-size-sm\" href=\"https:\/\/cmsdental.com\/da\/produkter\/softcore\/\">\n\t\t\t\t\t\t<span class=\"elementor-button-content-wrapper\">\n\t\t\t\t\t\t\t\t\t<span class=\"elementor-button-text\">Softcore<\/span>\n\t\t\t\t\t<\/span>\n\t\t\t\t\t<\/a>\n\t\t\t\t<\/div>\n\t\t\t\t\t\t\t\t<\/div>\n\t\t\t\t<\/div>\n\t\t\t\t<div class=\"elementor-element elementor-element-92096a5 elementor-widget elementor-widget-image\" data-id=\"92096a5\" data-element_type=\"widget\" data-e-type=\"widget\" data-widget_type=\"image.default\">\n\t\t\t\t<div class=\"elementor-widget-container\">\n\t\t\t\t\t\t\t\t\t\t\t\t\t\t\t<img fetchpriority=\"high\" decoding=\"async\" width=\"800\" height=\"640\" src=\"https:\/\/cmsdental.com\/wp-content\/uploads\/2025\/03\/prolacsan-tabletter.jpg\" class=\"attachment-large size-large wp-image-472\" alt=\"\" srcset=\"https:\/\/cmsdental.com\/wp-content\/uploads\/2025\/03\/prolacsan-tabletter.jpg 1000w, https:\/\/cmsdental.com\/wp-content\/uploads\/2025\/03\/prolacsan-tabletter-300x240.jpg 300w, https:\/\/cmsdental.com\/wp-content\/uploads\/2025\/03\/prolacsan-tabletter-768x614.jpg 768w\" sizes=\"(max-width: 800px) 100vw, 800px\" \/>\t\t\t\t\t\t\t\t\t\t\t\t\t\t\t<\/div>\n\t\t\t\t<\/div>\n\t\t\t\t<div class=\"elementor-element elementor-element-a877567 elementor-widget elementor-widget-text-editor\" data-id=\"a877567\" data-element_type=\"widget\" data-e-type=\"widget\" data-widget_type=\"text-editor.default\">\n\t\t\t\t<div class=\"elementor-widget-container\">\n\t\t\t\t\t\t\t\t\t<strong>L\u00e6s mere om ProlacSan\u00ae m\u00e6lkesyrebakterier <\/strong>\n\t\t\t\t\t\t\t\t<\/div>\n\t\t\t\t<\/div>\n\t\t\t\t<div class=\"elementor-element elementor-element-0813e26 elementor-widget elementor-widget-button\" data-id=\"0813e26\" data-element_type=\"widget\" data-e-type=\"widget\" data-widget_type=\"button.default\">\n\t\t\t\t<div class=\"elementor-widget-container\">\n\t\t\t\t\t\t\t\t\t<div class=\"elementor-button-wrapper\">\n\t\t\t\t\t<a class=\"elementor-button elementor-button-link elementor-size-sm\" href=\"https:\/\/cmsdental.com\/da\/produkter\/prolacsan\/\">\n\t\t\t\t\t\t<span class=\"elementor-button-content-wrapper\">\n\t\t\t\t\t\t\t\t\t<span class=\"elementor-button-text\">ProlacSan<\/span>\n\t\t\t\t\t<\/span>\n\t\t\t\t\t<\/a>\n\t\t\t\t<\/div>\n\t\t\t\t\t\t\t\t<\/div>\n\t\t\t\t<\/div>\n\t\t\t\t<\/div>\n\t\t\t\t\t<\/div>\n\t\t\t\t<\/div>\n\t\t<div class=\"elementor-element elementor-element-e558e34 e-flex e-con-boxed e-con e-parent\" data-id=\"e558e34\" data-element_type=\"container\" data-e-type=\"container\">\n\t\t\t\t\t<div class=\"e-con-inner\">\n\t\t<div class=\"elementor-element elementor-element-4d4ef5c e-con-full e-flex e-con e-child\" data-id=\"4d4ef5c\" data-element_type=\"container\" data-e-type=\"container\" data-settings=\"{&quot;background_background&quot;:&quot;classic&quot;}\">\n\t\t\t\t<div class=\"elementor-element elementor-element-770019b elementor-widget elementor-widget-heading\" data-id=\"770019b\" data-element_type=\"widget\" data-e-type=\"widget\" data-widget_type=\"heading.default\">\n\t\t\t\t<div class=\"elementor-widget-container\">\n\t\t\t\t\t<h2 class=\"elementor-heading-title elementor-size-default\">Fakta<\/h2>\t\t\t\t<\/div>\n\t\t\t\t<\/div>\n\t\t\t\t<div class=\"elementor-element elementor-element-e52f6db elementor-widget elementor-widget-text-editor\" data-id=\"e52f6db\" data-element_type=\"widget\" data-e-type=\"widget\" data-widget_type=\"text-editor.default\">\n\t\t\t\t<div class=\"elementor-widget-container\">\n\t\t\t\t\t\t\t\t\t<p>Eneste alternativ til en rodfyldning er at tr\u00e6kke tanden ud.<\/p><p>Der udf\u00f8res \u00e5rligt omkring 100 millioner rodfyldninger over hele verden og heraf 450.000 i Danmark. 50% af disse fejler indenfor en periode p\u00e5 5 \u00e5r. Hoved\u00e5rsagen til at en rodfyldning fejler er, at der ikke er renset godt nok ud i rodkanalen og de sygdomsfremkaldende bakterier ikke er dr\u00e6bt og\/eller rodfyldningen ikke er lavet t\u00e6t nok.<\/p><p>Ark\u00e6ologiske fund har vis, at rodbehandling af t\u00e6nder har v\u00e6ret foretaget helt tilbage i romernes tid. Dengang var der ikke mange muligheder for at lave en ordentlig rodfyldning, s\u00e5 der lavede man udrensning af roden. Der var ikke fundet et egnet materiale, som man kunne udfylde rodkanalen med. F\u00f8rst i 1847 fandt man ud af, at et naturgummi materiale, som gutta percha var egnet til det form\u00e5l, da det har de egenskaber, der skal til for at give en t\u00e6t rodfyldning.<\/p><p>Gutta percha benyttes den dag i dag og anses stadigv\u00e6k som v\u00e6rende det mest velegnede og gennemtestede materiale til at lave en t\u00e6t rodfyldning.<\/p>\t\t\t\t\t\t\t\t<\/div>\n\t\t\t\t<\/div>\n\t\t\t\t<\/div>\n\t\t\t\t\t<\/div>\n\t\t\t\t<\/div>\n\t\t\t\t<\/div>\n\t\t","protected":false},"excerpt":{"rendered":"<p>Hjem Patienter Rodfyldning Patienter | Rodfyldning 50% af alle rodfyldninger fejler indenfor en periode p\u00e5 5 \u00e5r. Op mod halvdelen af voksne danskere sk\u00f8nnes at g\u00e5 rundt med en uopdaget rodbet\u00e6ndelse. Patienterne har ofte ikke nogen symptomer, men rodbet\u00e6ndelsen kan blusse op og blive yderst smertefuld og kr\u00e6ve hurtig behandling. Hvad kan du selv g\u00f8re [&hellip;]<\/p>\n","protected":false},"author":1,"featured_media":0,"parent":732,"menu_order":0,"comment_status":"closed","ping_status":"closed","template":"elementor_header_footer","meta":{"footnotes":""},"class_list":["post-753","page","type-page","status-publish","hentry"],"_links":{"self":[{"href":"https:\/\/cmsdental.com\/da\/wp-json\/wp\/v2\/pages\/753","targetHints":{"allow":["GET"]}}],"collection":[{"href":"https:\/\/cmsdental.com\/da\/wp-json\/wp\/v2\/pages"}],"about":[{"href":"https:\/\/cmsdental.com\/da\/wp-json\/wp\/v2\/types\/page"}],"author":[{"embeddable":true,"href":"https:\/\/cmsdental.com\/da\/wp-json\/wp\/v2\/users\/1"}],"replies":[{"embeddable":true,"href":"https:\/\/cmsdental.com\/da\/wp-json\/wp\/v2\/comments?post=753"}],"version-history":[{"count":4,"href":"https:\/\/cmsdental.com\/da\/wp-json\/wp\/v2\/pages\/753\/revisions"}],"predecessor-version":[{"id":914,"href":"https:\/\/cmsdental.com\/da\/wp-json\/wp\/v2\/pages\/753\/revisions\/914"}],"up":[{"embeddable":true,"href":"https:\/\/cmsdental.com\/da\/wp-json\/wp\/v2\/pages\/732"}],"wp:attachment":[{"href":"https:\/\/cmsdental.com\/da\/wp-json\/wp\/v2\/media?parent=753"}],"curies":[{"name":"wp","href":"https:\/\/api.w.org\/{rel}","templated":true}]}}