{"id":750,"date":"2025-03-10T21:46:57","date_gmt":"2025-03-10T21:46:57","guid":{"rendered":"https:\/\/cms-dental.msnordic.com\/patienter\/periimplantitis\/"},"modified":"2025-09-25T08:01:52","modified_gmt":"2025-09-25T08:01:52","slug":"betaendelse-omkring-implantat","status":"publish","type":"page","link":"https:\/\/cmsdental.com\/da\/patienter\/betaendelse-omkring-implantat\/","title":{"rendered":"Periimplantitis"},"content":{"rendered":"\t\t<div data-elementor-type=\"wp-page\" data-elementor-id=\"750\" class=\"elementor elementor-750 elementor-91\" data-elementor-post-type=\"page\">\n\t\t\t\t<div class=\"elementor-element elementor-element-0465d60 e-flex e-con-boxed e-con e-parent\" data-id=\"0465d60\" data-element_type=\"container\" data-e-type=\"container\" data-settings=\"{&quot;background_background&quot;:&quot;classic&quot;}\">\n\t\t\t\t\t<div class=\"e-con-inner\">\n\t\t\t\t<div class=\"elementor-element elementor-element-95223a4 elementor-icon-list--layout-inline elementor-list-item-link-full_width elementor-widget elementor-widget-icon-list\" data-id=\"95223a4\" data-element_type=\"widget\" data-e-type=\"widget\" data-widget_type=\"icon-list.default\">\n\t\t\t\t<div class=\"elementor-widget-container\">\n\t\t\t\t\t\t\t<ul class=\"elementor-icon-list-items elementor-inline-items\">\n\t\t\t\t\t\t\t<li class=\"elementor-icon-list-item elementor-inline-item\">\n\t\t\t\t\t\t\t\t\t\t\t<a href=\"https:\/\/cmsdental.com\/da\/\">\n\n\t\t\t\t\t\t\t\t\t\t\t<span class=\"elementor-icon-list-text\">Hjem<\/span>\n\t\t\t\t\t\t\t\t\t\t\t<\/a>\n\t\t\t\t\t\t\t\t\t<\/li>\n\t\t\t\t\t\t\t\t<li class=\"elementor-icon-list-item elementor-inline-item\">\n\t\t\t\t\t\t\t\t\t\t\t<a href=\"https:\/\/cmsdental.com\/index.php\/patients\/\">\n\n\t\t\t\t\t\t\t\t\t\t\t\t<span class=\"elementor-icon-list-icon\">\n\t\t\t\t\t\t\t<i aria-hidden=\"true\" class=\"fas fa-chevron-right\"><\/i>\t\t\t\t\t\t<\/span>\n\t\t\t\t\t\t\t\t\t\t<span class=\"elementor-icon-list-text\">Patienter<\/span>\n\t\t\t\t\t\t\t\t\t\t\t<\/a>\n\t\t\t\t\t\t\t\t\t<\/li>\n\t\t\t\t\t\t\t\t<li class=\"elementor-icon-list-item elementor-inline-item\">\n\t\t\t\t\t\t\t\t\t\t\t<span class=\"elementor-icon-list-icon\">\n\t\t\t\t\t\t\t<i aria-hidden=\"true\" class=\"fas fa-chevron-right\"><\/i>\t\t\t\t\t\t<\/span>\n\t\t\t\t\t\t\t\t\t\t<span class=\"elementor-icon-list-text\">Periimplantitis<\/span>\n\t\t\t\t\t\t\t\t\t<\/li>\n\t\t\t\t\t\t<\/ul>\n\t\t\t\t\t\t<\/div>\n\t\t\t\t<\/div>\n\t\t\t\t\t<\/div>\n\t\t\t\t<\/div>\n\t\t<div class=\"elementor-element elementor-element-e6b0e2e e-flex e-con-boxed e-con e-parent\" data-id=\"e6b0e2e\" data-element_type=\"container\" data-e-type=\"container\">\n\t\t\t\t\t<div class=\"e-con-inner\">\n\t\t\t\t<div class=\"elementor-element elementor-element-c851170 elementor-widget elementor-widget-text-editor\" data-id=\"c851170\" data-element_type=\"widget\" data-e-type=\"widget\" data-widget_type=\"text-editor.default\">\n\t\t\t\t<div class=\"elementor-widget-container\">\n\t\t\t\t\t\t\t\t\t<p><span style=\"color: #000000;\">Patienter<\/span> | Bet\u00e6ndelse omkring implantat<\/p>\t\t\t\t\t\t\t\t<\/div>\n\t\t\t\t<\/div>\n\t\t\t\t\t<\/div>\n\t\t\t\t<\/div>\n\t\t<div class=\"elementor-element elementor-element-27b6868 e-flex e-con-boxed e-con e-parent\" data-id=\"27b6868\" data-element_type=\"container\" data-e-type=\"container\">\n\t\t\t\t\t<div class=\"e-con-inner\">\n\t\t<div class=\"elementor-element elementor-element-ff103dc e-con-full e-flex e-con e-child\" data-id=\"ff103dc\" data-element_type=\"container\" data-e-type=\"container\" data-settings=\"{&quot;background_background&quot;:&quot;classic&quot;}\">\n\t\t\t\t<div class=\"elementor-element elementor-element-424dc1c elementor-widget elementor-widget-heading\" data-id=\"424dc1c\" data-element_type=\"widget\" data-e-type=\"widget\" data-widget_type=\"heading.default\">\n\t\t\t\t<div class=\"elementor-widget-container\">\n\t\t\t\t\t<h2 class=\"elementor-heading-title elementor-size-default\">Omkring 42% af alle implantater udvikles der en bet\u00e6ndelsestilstand, som kan f\u00f8re til at implantatet mistes.<\/h2>\t\t\t\t<\/div>\n\t\t\t\t<\/div>\n\t\t\t\t<div class=\"elementor-element elementor-element-7bb1f5c elementor-widget elementor-widget-heading\" data-id=\"7bb1f5c\" data-element_type=\"widget\" data-e-type=\"widget\" data-widget_type=\"heading.default\">\n\t\t\t\t<div class=\"elementor-widget-container\">\n\t\t\t\t\t<h2 class=\"elementor-heading-title elementor-size-default\">Hvad kan du g\u00f8re for at f\u00e5 en sund mund? <\/h2>\t\t\t\t<\/div>\n\t\t\t\t<\/div>\n\t\t\t\t<div class=\"elementor-element elementor-element-836112f elementor-widget elementor-widget-text-editor\" data-id=\"836112f\" data-element_type=\"widget\" data-e-type=\"widget\" data-widget_type=\"text-editor.default\">\n\t\t\t\t<div class=\"elementor-widget-container\">\n\t\t\t\t\t\t\t\t\t<p>En grundig daglig tandhygiejne er naturligvis vigtig, men det \u00e6ndrer ikke bakteriesammens\u00e6tningen. Du kan kun \u00e6ndre p\u00e5 bakteriesammens\u00e6tningen ved kost\u00e6ndringer samt ved at tage m\u00e6lkesyrebakterier bl.a. ProlacSan\u00ae til mundhulen. M\u00e6lkesyrebakterier styrker din mundhule ved at p\u00e5virke din biofilm og opn\u00e5 en sund bakteriebalance. <\/p>\t\t\t\t\t\t\t\t<\/div>\n\t\t\t\t<\/div>\n\t\t\t\t<div class=\"elementor-element elementor-element-0ea6c40 elementor-widget elementor-widget-heading\" data-id=\"0ea6c40\" data-element_type=\"widget\" data-e-type=\"widget\" data-widget_type=\"heading.default\">\n\t\t\t\t<div class=\"elementor-widget-container\">\n\t\t\t\t\t<h2 class=\"elementor-heading-title elementor-size-default\">Styrk din mundhule med ProlacSan\u00ae m\u00e6lkesyrebakterier.\n<\/h2>\t\t\t\t<\/div>\n\t\t\t\t<\/div>\n\t\t\t\t<div class=\"elementor-element elementor-element-1dece6c elementor-widget elementor-widget-button\" data-id=\"1dece6c\" data-element_type=\"widget\" data-e-type=\"widget\" data-widget_type=\"button.default\">\n\t\t\t\t<div class=\"elementor-widget-container\">\n\t\t\t\t\t\t\t\t\t<div class=\"elementor-button-wrapper\">\n\t\t\t\t\t<a class=\"elementor-button elementor-button-link elementor-size-sm\" href=\"https:\/\/cmsdental.com\/da\/produkter\/prolacsan\/\">\n\t\t\t\t\t\t<span class=\"elementor-button-content-wrapper\">\n\t\t\t\t\t\t\t\t\t<span class=\"elementor-button-text\">ProlacSan<\/span>\n\t\t\t\t\t<\/span>\n\t\t\t\t\t<\/a>\n\t\t\t\t<\/div>\n\t\t\t\t\t\t\t\t<\/div>\n\t\t\t\t<\/div>\n\t\t\t\t<\/div>\n\t\t<div class=\"elementor-element elementor-element-3a9207e e-con-full e-flex e-con e-child\" data-id=\"3a9207e\" data-element_type=\"container\" data-e-type=\"container\" data-settings=\"{&quot;background_background&quot;:&quot;classic&quot;}\">\n\t\t\t\t<\/div>\n\t\t\t\t\t<\/div>\n\t\t\t\t<\/div>\n\t\t<div class=\"elementor-element elementor-element-83c53eb e-flex e-con-boxed e-con e-parent\" data-id=\"83c53eb\" data-element_type=\"container\" data-e-type=\"container\">\n\t\t\t\t\t<div class=\"e-con-inner\">\n\t\t<div class=\"elementor-element elementor-element-b3c53b2 e-con-full e-flex e-con e-child\" data-id=\"b3c53b2\" data-element_type=\"container\" data-e-type=\"container\">\n\t\t\t\t<div class=\"elementor-element elementor-element-761c1be elementor-widget elementor-widget-heading\" data-id=\"761c1be\" data-element_type=\"widget\" data-e-type=\"widget\" data-widget_type=\"heading.default\">\n\t\t\t\t<div class=\"elementor-widget-container\">\n\t\t\t\t\t<h2 class=\"elementor-heading-title elementor-size-default\">Bet\u00e6ndelse omkring et implantat\n\n<\/h2>\t\t\t\t<\/div>\n\t\t\t\t<\/div>\n\t\t\t\t<div class=\"elementor-element elementor-element-e2fbe73 elementor-widget elementor-widget-text-editor\" data-id=\"e2fbe73\" data-element_type=\"widget\" data-e-type=\"widget\" data-widget_type=\"text-editor.default\">\n\t\t\t\t<div class=\"elementor-widget-container\">\n\t\t\t\t\t\t\t\t\t<p><span>Der kan opst\u00e5 bet\u00e6ndelse omkring et implantat p\u00e5 samme m\u00e5de, som det sker omkring en tand.<\/span><\/p><p><span>Et tandimplantat er en titaniumskrue, der s\u00e6ttes ned i knoglen, hvorefter der s\u00e6ttes en krone p\u00e5 toppen af \u200b\u200bskruen. De to dele er en konstruktion, som skal erstatte tabet af en tand. itaniumskrue opereres ind i k\u00e6beknoglen. Implantatet vokser i l\u00f8bet af nogle m\u00e5neder fast i knoglen og sidder derefter fast. <\/span><\/p><p><span>Ligesom t\u00e6nderne og tandk\u00f8det er belagt med en biofilm, vil implantatet ogs\u00e5 hurtig d\u00e6kkes af samme biofilm. L\u00e6s mere om biofilm. L\u00e6s mere om biofilm.<\/span><\/p><p><span>Der er b\u00e5de gavnlige og skadelige bakterier i biofilmen, som findes overalt p\u00e5 overfladen af \u200b\u200bslimhinder, tand- og implantatoverflader.<\/span><\/p><p><span>De skadelige bakterier p\u00e5 tandk\u00f8dsrandens overflade afgiver stoffer, der skaber bet\u00e6ndelse (bet\u00e6ndelse) af tandk\u00f8det. N\u00e5r det sker omkring et implantat, betegnes det som perimukositis i stedet for gingivitis (tandk\u00f8dsbet\u00e6ndelse), men trods den forskellige ben\u00e6vnelse af tilstanden, s\u00e5 er det den samme mekanisme. Implantatet er kunstigt sammenlignet med en tand, og derfor er bindev\u00e6vet omkring implantatet anderledes end det, man finder omkring en tand. Det betyder, en inflammation vil forl\u00f8be anderledes, og den vigtigste forskel er, at inflammationen breder sig meget hurtigere, st\u00f8tte og v\u00e6vet \u00f8del\u00e6gges hurtigere end, det g\u00f8r omkring en tand.<\/span><\/p>\t\t\t\t\t\t\t\t<\/div>\n\t\t\t\t<\/div>\n\t\t\t\t<\/div>\n\t\t<div class=\"elementor-element elementor-element-8148ca6 e-con-full e-flex e-con e-child\" data-id=\"8148ca6\" data-element_type=\"container\" data-e-type=\"container\">\n\t\t\t\t<div class=\"elementor-element elementor-element-89963d6 elementor-widget elementor-widget-heading\" data-id=\"89963d6\" data-element_type=\"widget\" data-e-type=\"widget\" data-widget_type=\"heading.default\">\n\t\t\t\t<div class=\"elementor-widget-container\">\n\t\t\t\t\t<h2 class=\"elementor-heading-title elementor-size-default\">Perimukositis\n\n<\/h2>\t\t\t\t<\/div>\n\t\t\t\t<\/div>\n\t\t\t\t<div class=\"elementor-element elementor-element-0cea47b elementor-widget elementor-widget-text-editor\" data-id=\"0cea47b\" data-element_type=\"widget\" data-e-type=\"widget\" data-widget_type=\"text-editor.default\">\n\t\t\t\t<div class=\"elementor-widget-container\">\n\t\t\t\t\t\t\t\t\t<p><span>Derfor skal man v\u00e6re om end muligt endnu mere omhyggelig med den daglige hygiejne omkring et implantat. <br>Hvis bet\u00e6ndelse omkring et implantat (perimukositis) ikke bremses i tidevandet, vil inflammationen forv\u00e6rres. <br>Som en del af inflammationsprocessen vil st\u00f8ttev\u00e6vet omkring implantatet blive nedbrudt, og man udvikler periimplantitis, som i sidste ende kan resultere i, at implantatet l\u00f8sner sig. En reaktion, der svarer til det, der sker med tanden ved parodontose (parodontitis).<\/span><\/p><p><span>Det tandl\u00e6gen\/tandplejeren kan g\u00f8re for at forhindre processen er at dr\u00e6be bakterier i tandk\u00f8dslommerne med LAD (lysaktiveret desinfektion, l\u00e6s mere. <\/span><\/p><p><span>Tandl\u00e6gen kan desuden hj\u00e6lpe til, at der hurtigt kommer gavnlige bakterier i tandk\u00f8dslommen ved at tilf\u00f8re specielle m\u00e6lkebakterier ProlacSan\u00ae geludviklet til mundhulen. Du kan derefter selv som patient forts\u00e6tte med ProlacSan\u00ae m\u00e6lkesyrebakterier.<\/span><\/p>\t\t\t\t\t\t\t\t<\/div>\n\t\t\t\t<\/div>\n\t\t\t\t<div class=\"elementor-element elementor-element-ac9af68 elementor-widget elementor-widget-image\" data-id=\"ac9af68\" data-element_type=\"widget\" data-e-type=\"widget\" data-widget_type=\"image.default\">\n\t\t\t\t<div class=\"elementor-widget-container\">\n\t\t\t\t\t\t\t\t\t\t\t\t\t\t\t<img fetchpriority=\"high\" decoding=\"async\" width=\"800\" height=\"640\" src=\"https:\/\/cmsdental.com\/wp-content\/uploads\/2025\/03\/prolacsan-tabletter.jpg\" class=\"attachment-large size-large wp-image-472\" alt=\"\" srcset=\"https:\/\/cmsdental.com\/wp-content\/uploads\/2025\/03\/prolacsan-tabletter.jpg 1000w, https:\/\/cmsdental.com\/wp-content\/uploads\/2025\/03\/prolacsan-tabletter-300x240.jpg 300w, https:\/\/cmsdental.com\/wp-content\/uploads\/2025\/03\/prolacsan-tabletter-768x614.jpg 768w\" sizes=\"(max-width: 800px) 100vw, 800px\" \/>\t\t\t\t\t\t\t\t\t\t\t\t\t\t\t<\/div>\n\t\t\t\t<\/div>\n\t\t\t\t<div class=\"elementor-element elementor-element-b5a5f9b elementor-widget elementor-widget-text-editor\" data-id=\"b5a5f9b\" data-element_type=\"widget\" data-e-type=\"widget\" data-widget_type=\"text-editor.default\">\n\t\t\t\t<div class=\"elementor-widget-container\">\n\t\t\t\t\t\t\t\t\t<strong>L\u00e6s mere om ProlacSan\u00ae m\u00e6lkesyrebakterier <\/strong>\n\t\t\t\t\t\t\t\t<\/div>\n\t\t\t\t<\/div>\n\t\t\t\t<div class=\"elementor-element elementor-element-f5c5e42 elementor-widget elementor-widget-button\" data-id=\"f5c5e42\" data-element_type=\"widget\" data-e-type=\"widget\" data-widget_type=\"button.default\">\n\t\t\t\t<div class=\"elementor-widget-container\">\n\t\t\t\t\t\t\t\t\t<div class=\"elementor-button-wrapper\">\n\t\t\t\t\t<a class=\"elementor-button elementor-button-link elementor-size-sm\" href=\"https:\/\/cmsdental.com\/da\/produkter\/prolacsan\/\">\n\t\t\t\t\t\t<span class=\"elementor-button-content-wrapper\">\n\t\t\t\t\t\t\t\t\t<span class=\"elementor-button-text\">ProlacSan<\/span>\n\t\t\t\t\t<\/span>\n\t\t\t\t\t<\/a>\n\t\t\t\t<\/div>\n\t\t\t\t\t\t\t\t<\/div>\n\t\t\t\t<\/div>\n\t\t\t\t<\/div>\n\t\t\t\t\t<\/div>\n\t\t\t\t<\/div>\n\t\t<div class=\"elementor-element elementor-element-18762c8 e-flex e-con-boxed e-con e-parent\" data-id=\"18762c8\" data-element_type=\"container\" data-e-type=\"container\">\n\t\t\t\t\t<div class=\"e-con-inner\">\n\t\t<div class=\"elementor-element elementor-element-58ce238 e-con-full e-flex e-con e-child\" data-id=\"58ce238\" data-element_type=\"container\" data-e-type=\"container\" data-settings=\"{&quot;background_background&quot;:&quot;classic&quot;}\">\n\t\t\t\t<div class=\"elementor-element elementor-element-9b31cc2 elementor-widget elementor-widget-heading\" data-id=\"9b31cc2\" data-element_type=\"widget\" data-e-type=\"widget\" data-widget_type=\"heading.default\">\n\t\t\t\t<div class=\"elementor-widget-container\">\n\t\t\t\t\t<h2 class=\"elementor-heading-title elementor-size-default\">Fakta<\/h2>\t\t\t\t<\/div>\n\t\t\t\t<\/div>\n\t\t\t\t<div class=\"elementor-element elementor-element-bfc369c elementor-widget elementor-widget-text-editor\" data-id=\"bfc369c\" data-element_type=\"widget\" data-e-type=\"widget\" data-widget_type=\"text-editor.default\">\n\t\t\t\t<div class=\"elementor-widget-container\">\n\t\t\t\t\t\t\t\t\t<section id=\"page-wrapper\" class=\"page-wrapper\"><div class=\"container\"><div class=\"row content-layout\"><div class=\"col-md-12 main-content\"><div class=\"region region-content\"><div id=\"block-mainpagecontent--2\" class=\"block block-system block-system-main-block\"><div class=\"container-wrap clearfix\"><div class=\"block-content\"><div class=\"node node-type-conditions node-content post-wrapper node--promoted conditions-full\" role=\"article\"><div class=\"conditions-footer\"><div class=\"post-body\"><div class=\"field field-field-footer-box field-label-hidden field-item\"><p>Omkring 42% af alle implantater udvikles der en bet\u00e6ndelsestilstand (perimukositis). Omkring halvdelen af \u200b\u200bde tilf\u00e6lde, der ender med periimplantitis og mister et implantat.<\/p><p>Biofilm findes p\u00e5 alle fugtige overflader, b\u00e5de de naturlige, som er en del af vores organisme, men ogs\u00e5 p\u00e5 materialer, som f.eks. implantater, katetre og dr\u00e6n Biofilmen kan man ikke komme af med, s\u00e5 det g\u00e6lder om at holde den sund.<\/p><p><strong><a href=\"https:\/\/cmsdental.com\/da\/tandlaeger\/biofilm-kontrol\/\">L\u00e6s mere om biofilm.<\/a><\/strong><\/p><\/div><\/div><\/div><\/div><\/div><\/div><\/div><\/div><\/div><\/div><\/div><\/section>\t\t\t\t\t\t\t\t<\/div>\n\t\t\t\t<\/div>\n\t\t\t\t<\/div>\n\t\t\t\t\t<\/div>\n\t\t\t\t<\/div>\n\t\t\t\t<\/div>\n\t\t","protected":false},"excerpt":{"rendered":"<p>Hjem Patienter Periimplantitis Patienter | Bet\u00e6ndelse omkring implantat Omkring 42% af alle implantater udvikles der en bet\u00e6ndelsestilstand, som kan f\u00f8re til at implantatet mistes. Hvad kan du g\u00f8re for at f\u00e5 en sund mund? En grundig daglig tandhygiejne er naturligvis vigtig, men det \u00e6ndrer ikke bakteriesammens\u00e6tningen. Du kan kun \u00e6ndre p\u00e5 bakteriesammens\u00e6tningen ved kost\u00e6ndringer samt [&hellip;]<\/p>\n","protected":false},"author":1,"featured_media":0,"parent":732,"menu_order":0,"comment_status":"closed","ping_status":"closed","template":"elementor_header_footer","meta":{"footnotes":""},"class_list":["post-750","page","type-page","status-publish","hentry"],"_links":{"self":[{"href":"https:\/\/cmsdental.com\/da\/wp-json\/wp\/v2\/pages\/750","targetHints":{"allow":["GET"]}}],"collection":[{"href":"https:\/\/cmsdental.com\/da\/wp-json\/wp\/v2\/pages"}],"about":[{"href":"https:\/\/cmsdental.com\/da\/wp-json\/wp\/v2\/types\/page"}],"author":[{"embeddable":true,"href":"https:\/\/cmsdental.com\/da\/wp-json\/wp\/v2\/users\/1"}],"replies":[{"embeddable":true,"href":"https:\/\/cmsdental.com\/da\/wp-json\/wp\/v2\/comments?post=750"}],"version-history":[{"count":6,"href":"https:\/\/cmsdental.com\/da\/wp-json\/wp\/v2\/pages\/750\/revisions"}],"predecessor-version":[{"id":916,"href":"https:\/\/cmsdental.com\/da\/wp-json\/wp\/v2\/pages\/750\/revisions\/916"}],"up":[{"embeddable":true,"href":"https:\/\/cmsdental.com\/da\/wp-json\/wp\/v2\/pages\/732"}],"wp:attachment":[{"href":"https:\/\/cmsdental.com\/da\/wp-json\/wp\/v2\/media?parent=750"}],"curies":[{"name":"wp","href":"https:\/\/api.w.org\/{rel}","templated":true}]}}