{"id":748,"date":"2025-03-10T22:11:27","date_gmt":"2025-03-10T22:11:27","guid":{"rendered":"https:\/\/cms-dental.msnordic.com\/patienter\/mundhulesvamp\/"},"modified":"2025-09-25T08:00:58","modified_gmt":"2025-09-25T08:00:58","slug":"mundhulesvamp","status":"publish","type":"page","link":"https:\/\/cmsdental.com\/da\/patienter\/mundhulesvamp\/","title":{"rendered":"Mundhulesvamp"},"content":{"rendered":"\t\t<div data-elementor-type=\"wp-page\" data-elementor-id=\"748\" class=\"elementor elementor-748 elementor-117\" data-elementor-post-type=\"page\">\n\t\t\t\t<div class=\"elementor-element elementor-element-4fca516 e-flex e-con-boxed e-con e-parent\" data-id=\"4fca516\" data-element_type=\"container\" data-e-type=\"container\" data-settings=\"{&quot;background_background&quot;:&quot;classic&quot;}\">\n\t\t\t\t\t<div class=\"e-con-inner\">\n\t\t\t\t<div class=\"elementor-element elementor-element-714cbb1 elementor-icon-list--layout-inline elementor-list-item-link-full_width elementor-widget elementor-widget-icon-list\" data-id=\"714cbb1\" data-element_type=\"widget\" data-e-type=\"widget\" data-widget_type=\"icon-list.default\">\n\t\t\t\t<div class=\"elementor-widget-container\">\n\t\t\t\t\t\t\t<ul class=\"elementor-icon-list-items elementor-inline-items\">\n\t\t\t\t\t\t\t<li class=\"elementor-icon-list-item elementor-inline-item\">\n\t\t\t\t\t\t\t\t\t\t\t<a href=\"https:\/\/cmsdental.com\/da\/\">\n\n\t\t\t\t\t\t\t\t\t\t\t<span class=\"elementor-icon-list-text\">Hjem<\/span>\n\t\t\t\t\t\t\t\t\t\t\t<\/a>\n\t\t\t\t\t\t\t\t\t<\/li>\n\t\t\t\t\t\t\t\t<li class=\"elementor-icon-list-item elementor-inline-item\">\n\t\t\t\t\t\t\t\t\t\t\t<a href=\"https:\/\/cmsdental.com\/index.php\/patients\/\">\n\n\t\t\t\t\t\t\t\t\t\t\t\t<span class=\"elementor-icon-list-icon\">\n\t\t\t\t\t\t\t<i aria-hidden=\"true\" class=\"fas fa-chevron-right\"><\/i>\t\t\t\t\t\t<\/span>\n\t\t\t\t\t\t\t\t\t\t<span class=\"elementor-icon-list-text\">Patienter<\/span>\n\t\t\t\t\t\t\t\t\t\t\t<\/a>\n\t\t\t\t\t\t\t\t\t<\/li>\n\t\t\t\t\t\t\t\t<li class=\"elementor-icon-list-item elementor-inline-item\">\n\t\t\t\t\t\t\t\t\t\t\t<span class=\"elementor-icon-list-icon\">\n\t\t\t\t\t\t\t<i aria-hidden=\"true\" class=\"fas fa-chevron-right\"><\/i>\t\t\t\t\t\t<\/span>\n\t\t\t\t\t\t\t\t\t\t<span class=\"elementor-icon-list-text\">Mundhulesvamp<\/span>\n\t\t\t\t\t\t\t\t\t<\/li>\n\t\t\t\t\t\t<\/ul>\n\t\t\t\t\t\t<\/div>\n\t\t\t\t<\/div>\n\t\t\t\t\t<\/div>\n\t\t\t\t<\/div>\n\t\t<div class=\"elementor-element elementor-element-a8fa2bd e-flex e-con-boxed e-con e-parent\" data-id=\"a8fa2bd\" data-element_type=\"container\" data-e-type=\"container\">\n\t\t\t\t\t<div class=\"e-con-inner\">\n\t\t\t\t<div class=\"elementor-element elementor-element-21267e0 elementor-widget elementor-widget-text-editor\" data-id=\"21267e0\" data-element_type=\"widget\" data-e-type=\"widget\" data-widget_type=\"text-editor.default\">\n\t\t\t\t<div class=\"elementor-widget-container\">\n\t\t\t\t\t\t\t\t\t<span style=\"color: #000000;\">Patienter<\/span> | Mundhulesvamp\t\t\t\t\t\t\t\t<\/div>\n\t\t\t\t<\/div>\n\t\t\t\t\t<\/div>\n\t\t\t\t<\/div>\n\t\t<div class=\"elementor-element elementor-element-40d1a9d e-flex e-con-boxed e-con e-parent\" data-id=\"40d1a9d\" data-element_type=\"container\" data-e-type=\"container\">\n\t\t\t\t\t<div class=\"e-con-inner\">\n\t\t<div class=\"elementor-element elementor-element-cecd540 e-con-full e-flex e-con e-child\" data-id=\"cecd540\" data-element_type=\"container\" data-e-type=\"container\" data-settings=\"{&quot;background_background&quot;:&quot;classic&quot;}\">\n\t\t\t\t<div class=\"elementor-element elementor-element-9d06f22 elementor-widget elementor-widget-heading\" data-id=\"9d06f22\" data-element_type=\"widget\" data-e-type=\"widget\" data-widget_type=\"heading.default\">\n\t\t\t\t<div class=\"elementor-widget-container\">\n\t\t\t\t\t<h2 class=\"elementor-heading-title elementor-size-default\">Mundhulesvamp for\u00e5rsages prim\u00e6rt af Candida albicans, som findes hos omkring 50% af befolkningen.\n<\/h2>\t\t\t\t<\/div>\n\t\t\t\t<\/div>\n\t\t\t\t<div class=\"elementor-element elementor-element-ff8dfeb elementor-widget elementor-widget-text-editor\" data-id=\"ff8dfeb\" data-element_type=\"widget\" data-e-type=\"widget\" data-widget_type=\"text-editor.default\">\n\t\t\t\t<div class=\"elementor-widget-container\">\n\t\t\t\t\t\t\t\t\t<p>Candida albicans er normalt ikke et problem, men den kan udvikle sig til en parasit, n\u00e5r bakteriebalancen i mundhulen p\u00e5virkes af forskellige faktorer.<\/p><p>Hvad kan du selv g\u00f8re for at f\u00e5 en sund mund?<\/p><p>Grundig daglig tandhygiejne og kontrolunders\u00f8gelser er naturligvis vigtige, men de \u00e6ndrer ikke bakteriesammens\u00e6tningen. Du kan \u00e6ndre bakteriesammens\u00e6tningen ved at tage m\u00e6lkesyrebakterier som f.eks. ProlacSan\u00ae til mundhulen.  M\u00e6lkesyrebakterier styrker din mundhule ved at p\u00e5virke din biofilm og opn\u00e5 en sund bakteriebalance.<\/p>\t\t\t\t\t\t\t\t<\/div>\n\t\t\t\t<\/div>\n\t\t\t\t<div class=\"elementor-element elementor-element-f6e9811 elementor-widget elementor-widget-heading\" data-id=\"f6e9811\" data-element_type=\"widget\" data-e-type=\"widget\" data-widget_type=\"heading.default\">\n\t\t\t\t<div class=\"elementor-widget-container\">\n\t\t\t\t\t<h2 class=\"elementor-heading-title elementor-size-default\">Styrk din mundhule med ProlacSan\u00ae m\u00e6lkesyrebakterier.\n\n\n<\/h2>\t\t\t\t<\/div>\n\t\t\t\t<\/div>\n\t\t\t\t<div class=\"elementor-element elementor-element-d1bbddb elementor-widget elementor-widget-button\" data-id=\"d1bbddb\" data-element_type=\"widget\" data-e-type=\"widget\" data-widget_type=\"button.default\">\n\t\t\t\t<div class=\"elementor-widget-container\">\n\t\t\t\t\t\t\t\t\t<div class=\"elementor-button-wrapper\">\n\t\t\t\t\t<a class=\"elementor-button elementor-button-link elementor-size-sm\" href=\"https:\/\/cmsdental.com\/da\/produkter\/prolacsan\/\">\n\t\t\t\t\t\t<span class=\"elementor-button-content-wrapper\">\n\t\t\t\t\t\t\t\t\t<span class=\"elementor-button-text\">ProlacSan<\/span>\n\t\t\t\t\t<\/span>\n\t\t\t\t\t<\/a>\n\t\t\t\t<\/div>\n\t\t\t\t\t\t\t\t<\/div>\n\t\t\t\t<\/div>\n\t\t\t\t<\/div>\n\t\t<div class=\"elementor-element elementor-element-fed123b e-con-full e-flex e-con e-child\" data-id=\"fed123b\" data-element_type=\"container\" data-e-type=\"container\" data-settings=\"{&quot;background_background&quot;:&quot;classic&quot;}\">\n\t\t\t\t<\/div>\n\t\t\t\t\t<\/div>\n\t\t\t\t<\/div>\n\t\t<div class=\"elementor-element elementor-element-9cf12f8 e-flex e-con-boxed e-con e-parent\" data-id=\"9cf12f8\" data-element_type=\"container\" data-e-type=\"container\">\n\t\t\t\t\t<div class=\"e-con-inner\">\n\t\t<div class=\"elementor-element elementor-element-647d82e e-con-full e-flex e-con e-child\" data-id=\"647d82e\" data-element_type=\"container\" data-e-type=\"container\">\n\t\t\t\t<div class=\"elementor-element elementor-element-0e26ede elementor-widget elementor-widget-heading\" data-id=\"0e26ede\" data-element_type=\"widget\" data-e-type=\"widget\" data-widget_type=\"heading.default\">\n\t\t\t\t<div class=\"elementor-widget-container\">\n\t\t\t\t\t<h2 class=\"elementor-heading-title elementor-size-default\">\u00c5rsag til mundhulesvamp\n\n<\/h2>\t\t\t\t<\/div>\n\t\t\t\t<\/div>\n\t\t\t\t<div class=\"elementor-element elementor-element-b81cfda elementor-widget elementor-widget-text-editor\" data-id=\"b81cfda\" data-element_type=\"widget\" data-e-type=\"widget\" data-widget_type=\"text-editor.default\">\n\t\t\t\t<div class=\"elementor-widget-container\">\n\t\t\t\t\t\t\t\t\t<p>Svampeinfektioner (mukositis) i mundhulen og sv\u00e6lget er en almindelig f\u00f8lgevirkning af faktorer, der p\u00e5virker mundhulens bakteriebalance. Der er typisk tale om sygdomme, bivirkninger til nogle typer af medicinske behandlinger eller slet og ret livsstilsproblemer. <\/p>\t\t\t\t\t\t\t\t<\/div>\n\t\t\t\t<\/div>\n\t\t\t\t<div class=\"elementor-element elementor-element-abd2d26 elementor-widget elementor-widget-spacer\" data-id=\"abd2d26\" data-element_type=\"widget\" data-e-type=\"widget\" data-widget_type=\"spacer.default\">\n\t\t\t\t<div class=\"elementor-widget-container\">\n\t\t\t\t\t\t\t<div class=\"elementor-spacer\">\n\t\t\t<div class=\"elementor-spacer-inner\"><\/div>\n\t\t<\/div>\n\t\t\t\t\t\t<\/div>\n\t\t\t\t<\/div>\n\t\t\t\t<div class=\"elementor-element elementor-element-fdb678e elementor-widget elementor-widget-heading\" data-id=\"fdb678e\" data-element_type=\"widget\" data-e-type=\"widget\" data-widget_type=\"heading.default\">\n\t\t\t\t<div class=\"elementor-widget-container\">\n\t\t\t\t\t<h2 class=\"elementor-heading-title elementor-size-default\">Helbredsfaktorer\n<\/h2>\t\t\t\t<\/div>\n\t\t\t\t<\/div>\n\t\t\t\t<div class=\"elementor-element elementor-element-c3cc355 elementor-widget elementor-widget-text-editor\" data-id=\"c3cc355\" data-element_type=\"widget\" data-e-type=\"widget\" data-widget_type=\"text-editor.default\">\n\t\t\t\t<div class=\"elementor-widget-container\">\n\t\t\t\t\t\t\t\t\t<p><strong>Nogle af de helbredstilstande, der kan bevirke udvikling af mundhulesvamp (mukositis) er:<\/strong><\/p>\t\t\t\t\t\t\t\t<\/div>\n\t\t\t\t<\/div>\n\t\t\t\t<div class=\"elementor-element elementor-element-9138238 elementor-widget elementor-widget-text-editor\" data-id=\"9138238\" data-element_type=\"widget\" data-e-type=\"widget\" data-widget_type=\"text-editor.default\">\n\t\t\t\t<div class=\"elementor-widget-container\">\n\t\t\t\t\t\t\t\t\t<p>Mundt\u00f8rhed (Xerostomi)<\/p><p>Diabetes<\/p><p>Sygdomme, der sv\u00e6kker immunsystemet<\/p>\t\t\t\t\t\t\t\t<\/div>\n\t\t\t\t<\/div>\n\t\t\t\t<div class=\"elementor-element elementor-element-12e092d elementor-widget elementor-widget-spacer\" data-id=\"12e092d\" data-element_type=\"widget\" data-e-type=\"widget\" data-widget_type=\"spacer.default\">\n\t\t\t\t<div class=\"elementor-widget-container\">\n\t\t\t\t\t\t\t<div class=\"elementor-spacer\">\n\t\t\t<div class=\"elementor-spacer-inner\"><\/div>\n\t\t<\/div>\n\t\t\t\t\t\t<\/div>\n\t\t\t\t<\/div>\n\t\t\t\t<div class=\"elementor-element elementor-element-b675ad4 elementor-widget elementor-widget-heading\" data-id=\"b675ad4\" data-element_type=\"widget\" data-e-type=\"widget\" data-widget_type=\"heading.default\">\n\t\t\t\t<div class=\"elementor-widget-container\">\n\t\t\t\t\t<h2 class=\"elementor-heading-title elementor-size-default\">Medicinske faktorer\n<\/h2>\t\t\t\t<\/div>\n\t\t\t\t<\/div>\n\t\t\t\t<div class=\"elementor-element elementor-element-fb817f9 elementor-widget elementor-widget-text-editor\" data-id=\"fb817f9\" data-element_type=\"widget\" data-e-type=\"widget\" data-widget_type=\"text-editor.default\">\n\t\t\t\t<div class=\"elementor-widget-container\">\n\t\t\t\t\t\t\t\t\t<p><strong>Behandlingsformer, der giver \u00f8get risiko for mundhulesvamp (mukositis) er:<\/strong><\/p>\t\t\t\t\t\t\t\t<\/div>\n\t\t\t\t<\/div>\n\t\t\t\t<div class=\"elementor-element elementor-element-1a7de48 elementor-widget elementor-widget-text-editor\" data-id=\"1a7de48\" data-element_type=\"widget\" data-e-type=\"widget\" data-widget_type=\"text-editor.default\">\n\t\t\t\t<div class=\"elementor-widget-container\">\n\t\t\t\t\t\t\t\t\t<p>Langvarige antibiotikabehandlinger, som en af de hyppigste \u00e5rsager. Antibiotika dr\u00e6ber bakterierne i mundhulen, hvorved svampene f\u00e5r r\u00e5derum til at vokse og sprede sig. <\/p><p>Langvarig brug af mundskyllev\u00e6sker<\/p><p>Kemobehandling<\/p><p>Astmamedicin i form af spray<\/p><p>Str\u00e5lebehandling af hoved-hals regionen<\/p>\t\t\t\t\t\t\t\t<\/div>\n\t\t\t\t<\/div>\n\t\t\t\t<div class=\"elementor-element elementor-element-9e56d62 elementor-widget elementor-widget-spacer\" data-id=\"9e56d62\" data-element_type=\"widget\" data-e-type=\"widget\" data-widget_type=\"spacer.default\">\n\t\t\t\t<div class=\"elementor-widget-container\">\n\t\t\t\t\t\t\t<div class=\"elementor-spacer\">\n\t\t\t<div class=\"elementor-spacer-inner\"><\/div>\n\t\t<\/div>\n\t\t\t\t\t\t<\/div>\n\t\t\t\t<\/div>\n\t\t\t\t<div class=\"elementor-element elementor-element-38762b9 elementor-widget elementor-widget-heading\" data-id=\"38762b9\" data-element_type=\"widget\" data-e-type=\"widget\" data-widget_type=\"heading.default\">\n\t\t\t\t<div class=\"elementor-widget-container\">\n\t\t\t\t\t<h2 class=\"elementor-heading-title elementor-size-default\">Livsstilsfaktorer\n\n<\/h2>\t\t\t\t<\/div>\n\t\t\t\t<\/div>\n\t\t\t\t<div class=\"elementor-element elementor-element-66de530 elementor-widget elementor-widget-text-editor\" data-id=\"66de530\" data-element_type=\"widget\" data-e-type=\"widget\" data-widget_type=\"text-editor.default\">\n\t\t\t\t<div class=\"elementor-widget-container\">\n\t\t\t\t\t\t\t\t\t<p>Livsstil er ogs\u00e5 en medvirkende faktor til udvikling af mundhulesvamp og slimhinderne i mundhulen p\u00e5virkes negativt af f\u00f8lgende faktorer:<\/p><p>&#8211; Rygning, brug af skr\u00e5<\/p><p>&#8211; Indtagelse af store m\u00e6ngder sukker, bl.a. ogs\u00e5 i form af sodavand<\/p><p>&#8211; D\u00e5rlig mundhygiejne<\/p><p>Overordnet kan man sige, at mundhulesvamp opst\u00e5r, n\u00e5r der kommer en ubalance i mundhulens bakterieflora. Der er alts\u00e5 ikke tale om en infekti\u00f8s bet\u00e6ndelse, men derimod om en overv\u00e6kst af svampe (en s\u00e5kaldt opportunistisk infektion). <\/p>\t\t\t\t\t\t\t\t<\/div>\n\t\t\t\t<\/div>\n\t\t\t\t<\/div>\n\t\t<div class=\"elementor-element elementor-element-b880a5d e-con-full e-flex e-con e-child\" data-id=\"b880a5d\" data-element_type=\"container\" data-e-type=\"container\">\n\t\t\t\t<div class=\"elementor-element elementor-element-efc47b2 elementor-widget elementor-widget-heading\" data-id=\"efc47b2\" data-element_type=\"widget\" data-e-type=\"widget\" data-widget_type=\"heading.default\">\n\t\t\t\t<div class=\"elementor-widget-container\">\n\t\t\t\t\t<h2 class=\"elementor-heading-title elementor-size-default\">Symptomer p\u00e5 mukositis er ofte:\n<\/h2>\t\t\t\t<\/div>\n\t\t\t\t<\/div>\n\t\t\t\t<div class=\"elementor-element elementor-element-eb13af7 elementor-widget elementor-widget-text-editor\" data-id=\"eb13af7\" data-element_type=\"widget\" data-e-type=\"widget\" data-widget_type=\"text-editor.default\">\n\t\t\t\t<div class=\"elementor-widget-container\">\n\t\t\t\t\t\t\t\t\t<p>Hvide og nogle gange r\u00f8de bel\u00e6gninger p\u00e5 tungen, ganen og sv\u00e6lget. Det kan give gener ved indtagelse af mad og varme og kolde drikke. Til tider kan det udvikle sig til at blive meget smertefuldt og give patienterne store problemer med at indtage f\u00f8de, is\u00e6r krydret mad.  <\/p><p>Der er flere tiltag du selv kan g\u00f8re for at forbedre situationen, hvis du har f\u00e5et mundhulesvamp. Livsstilsfaktorer kan du direkte p\u00e5virke og tager du astmaspray, s\u00e5 b\u00f8r du skylle munden efter brug af spray. <\/p><p>Kliniske erfaringer viser desuden, at et tilskud af nye gavnlige mundhulebakterier b\u00e5de kan styrke din biofilm og lindre symptomer.<\/p>\t\t\t\t\t\t\t\t<\/div>\n\t\t\t\t<\/div>\n\t\t\t\t<div class=\"elementor-element elementor-element-fae0aff elementor-widget elementor-widget-image\" data-id=\"fae0aff\" data-element_type=\"widget\" data-e-type=\"widget\" data-widget_type=\"image.default\">\n\t\t\t\t<div class=\"elementor-widget-container\">\n\t\t\t\t\t\t\t\t\t\t\t\t\t\t\t<img fetchpriority=\"high\" decoding=\"async\" width=\"800\" height=\"640\" src=\"https:\/\/cmsdental.com\/wp-content\/uploads\/2025\/03\/prolacsan-tabletter.jpg\" class=\"attachment-large size-large wp-image-472\" alt=\"\" srcset=\"https:\/\/cmsdental.com\/wp-content\/uploads\/2025\/03\/prolacsan-tabletter.jpg 1000w, https:\/\/cmsdental.com\/wp-content\/uploads\/2025\/03\/prolacsan-tabletter-300x240.jpg 300w, https:\/\/cmsdental.com\/wp-content\/uploads\/2025\/03\/prolacsan-tabletter-768x614.jpg 768w\" sizes=\"(max-width: 800px) 100vw, 800px\" \/>\t\t\t\t\t\t\t\t\t\t\t\t\t\t\t<\/div>\n\t\t\t\t<\/div>\n\t\t\t\t<div class=\"elementor-element elementor-element-c73445e elementor-widget elementor-widget-text-editor\" data-id=\"c73445e\" data-element_type=\"widget\" data-e-type=\"widget\" data-widget_type=\"text-editor.default\">\n\t\t\t\t<div class=\"elementor-widget-container\">\n\t\t\t\t\t\t\t\t\t<strong>L\u00e6s mere om ProlacSan\u00ae m\u00e6lkesyrebakterier <\/strong>\n\t\t\t\t\t\t\t\t<\/div>\n\t\t\t\t<\/div>\n\t\t\t\t<div class=\"elementor-element elementor-element-4e88d58 elementor-widget elementor-widget-button\" data-id=\"4e88d58\" data-element_type=\"widget\" data-e-type=\"widget\" data-widget_type=\"button.default\">\n\t\t\t\t<div class=\"elementor-widget-container\">\n\t\t\t\t\t\t\t\t\t<div class=\"elementor-button-wrapper\">\n\t\t\t\t\t<a class=\"elementor-button elementor-button-link elementor-size-sm\" href=\"https:\/\/cmsdental.com\/da\/produkter\/prolacsan\/\">\n\t\t\t\t\t\t<span class=\"elementor-button-content-wrapper\">\n\t\t\t\t\t\t\t\t\t<span class=\"elementor-button-text\">ProlacSan<\/span>\n\t\t\t\t\t<\/span>\n\t\t\t\t\t<\/a>\n\t\t\t\t<\/div>\n\t\t\t\t\t\t\t\t<\/div>\n\t\t\t\t<\/div>\n\t\t\t\t<\/div>\n\t\t\t\t\t<\/div>\n\t\t\t\t<\/div>\n\t\t<div class=\"elementor-element elementor-element-6d79bd5 e-flex e-con-boxed e-con e-parent\" data-id=\"6d79bd5\" data-element_type=\"container\" data-e-type=\"container\">\n\t\t\t\t\t<div class=\"e-con-inner\">\n\t\t<div class=\"elementor-element elementor-element-ed16021 e-con-full e-flex e-con e-child\" data-id=\"ed16021\" data-element_type=\"container\" data-e-type=\"container\" data-settings=\"{&quot;background_background&quot;:&quot;classic&quot;}\">\n\t\t\t\t<div class=\"elementor-element elementor-element-582e6bb elementor-widget elementor-widget-heading\" data-id=\"582e6bb\" data-element_type=\"widget\" data-e-type=\"widget\" data-widget_type=\"heading.default\">\n\t\t\t\t<div class=\"elementor-widget-container\">\n\t\t\t\t\t<h2 class=\"elementor-heading-title elementor-size-default\">Fakta<\/h2>\t\t\t\t<\/div>\n\t\t\t\t<\/div>\n\t\t\t\t<div class=\"elementor-element elementor-element-5ebce1d elementor-widget elementor-widget-text-editor\" data-id=\"5ebce1d\" data-element_type=\"widget\" data-e-type=\"widget\" data-widget_type=\"text-editor.default\">\n\t\t\t\t<div class=\"elementor-widget-container\">\n\t\t\t\t\t\t\t\t\t<p>Candida albicans er den svamp, der i 85% af tilf\u00e6ldene udl\u00f8ser svampeinfektion i mundhulen.<\/p><p>Candida albicans findes naturligt hos ca. 50% af befolkningen, uden det giver anledning til symptomer.<\/p><p>Mundhulesvamp kaldes ogs\u00e5 mukositis.<\/p><p><strong>Har du symptomer p\u00e5 mundhulesvamp, s\u00e5 f\u00e5 et tandl\u00e6getjek eller s\u00f8g egen l\u00e6ge, f\u00f8r du tager andre skridt til at l\u00f8se problemet.<\/strong><\/p>\t\t\t\t\t\t\t\t<\/div>\n\t\t\t\t<\/div>\n\t\t\t\t<\/div>\n\t\t\t\t\t<\/div>\n\t\t\t\t<\/div>\n\t\t\t\t<\/div>\n\t\t","protected":false},"excerpt":{"rendered":"<p>Hjem Patienter Mundhulesvamp Patienter | Mundhulesvamp Mundhulesvamp for\u00e5rsages prim\u00e6rt af Candida albicans, som findes hos omkring 50% af befolkningen. Candida albicans er normalt ikke et problem, men den kan udvikle sig til en parasit, n\u00e5r bakteriebalancen i mundhulen p\u00e5virkes af forskellige faktorer. Hvad kan du selv g\u00f8re for at f\u00e5 en sund mund? Grundig daglig [&hellip;]<\/p>\n","protected":false},"author":1,"featured_media":0,"parent":732,"menu_order":0,"comment_status":"closed","ping_status":"closed","template":"elementor_header_footer","meta":{"footnotes":""},"class_list":["post-748","page","type-page","status-publish","hentry"],"_links":{"self":[{"href":"https:\/\/cmsdental.com\/da\/wp-json\/wp\/v2\/pages\/748","targetHints":{"allow":["GET"]}}],"collection":[{"href":"https:\/\/cmsdental.com\/da\/wp-json\/wp\/v2\/pages"}],"about":[{"href":"https:\/\/cmsdental.com\/da\/wp-json\/wp\/v2\/types\/page"}],"author":[{"embeddable":true,"href":"https:\/\/cmsdental.com\/da\/wp-json\/wp\/v2\/users\/1"}],"replies":[{"embeddable":true,"href":"https:\/\/cmsdental.com\/da\/wp-json\/wp\/v2\/comments?post=748"}],"version-history":[{"count":3,"href":"https:\/\/cmsdental.com\/da\/wp-json\/wp\/v2\/pages\/748\/revisions"}],"predecessor-version":[{"id":911,"href":"https:\/\/cmsdental.com\/da\/wp-json\/wp\/v2\/pages\/748\/revisions\/911"}],"up":[{"embeddable":true,"href":"https:\/\/cmsdental.com\/da\/wp-json\/wp\/v2\/pages\/732"}],"wp:attachment":[{"href":"https:\/\/cmsdental.com\/da\/wp-json\/wp\/v2\/media?parent=748"}],"curies":[{"name":"wp","href":"https:\/\/api.w.org\/{rel}","templated":true}]}}