{"id":744,"date":"2025-03-10T22:01:00","date_gmt":"2025-03-10T22:01:00","guid":{"rendered":"https:\/\/cms-dental.msnordic.com\/patienter\/tandkoedsbetaendelseog-parodontitis\/"},"modified":"2025-09-25T07:59:54","modified_gmt":"2025-09-25T07:59:54","slug":"tandkoedsbetaendelseog-parodontitis","status":"publish","type":"page","link":"https:\/\/cmsdental.com\/da\/patienter\/tandkoedsbetaendelseog-parodontitis\/","title":{"rendered":"Tandk\u00f8dsbet\u00e6ndelse<br>og parodontitis"},"content":{"rendered":"\t\t<div data-elementor-type=\"wp-page\" data-elementor-id=\"744\" class=\"elementor elementor-744 elementor-103\" data-elementor-post-type=\"page\">\n\t\t\t\t<div class=\"elementor-element elementor-element-1b8a4a2 e-flex e-con-boxed e-con e-parent\" data-id=\"1b8a4a2\" data-element_type=\"container\" data-e-type=\"container\" data-settings=\"{&quot;background_background&quot;:&quot;classic&quot;}\">\n\t\t\t\t\t<div class=\"e-con-inner\">\n\t\t\t\t<div class=\"elementor-element elementor-element-35efe94 elementor-icon-list--layout-inline elementor-list-item-link-full_width elementor-widget elementor-widget-icon-list\" data-id=\"35efe94\" data-element_type=\"widget\" data-e-type=\"widget\" data-widget_type=\"icon-list.default\">\n\t\t\t\t<div class=\"elementor-widget-container\">\n\t\t\t\t\t\t\t<ul class=\"elementor-icon-list-items elementor-inline-items\">\n\t\t\t\t\t\t\t<li class=\"elementor-icon-list-item elementor-inline-item\">\n\t\t\t\t\t\t\t\t\t\t\t<a href=\"https:\/\/cmsdental.com\/da\/\">\n\n\t\t\t\t\t\t\t\t\t\t\t<span class=\"elementor-icon-list-text\">Hjem<\/span>\n\t\t\t\t\t\t\t\t\t\t\t<\/a>\n\t\t\t\t\t\t\t\t\t<\/li>\n\t\t\t\t\t\t\t\t<li class=\"elementor-icon-list-item elementor-inline-item\">\n\t\t\t\t\t\t\t\t\t\t\t<a href=\"https:\/\/cmsdental.com\/index.php\/patients\/\">\n\n\t\t\t\t\t\t\t\t\t\t\t\t<span class=\"elementor-icon-list-icon\">\n\t\t\t\t\t\t\t<i aria-hidden=\"true\" class=\"fas fa-chevron-right\"><\/i>\t\t\t\t\t\t<\/span>\n\t\t\t\t\t\t\t\t\t\t<span class=\"elementor-icon-list-text\">Patienter<\/span>\n\t\t\t\t\t\t\t\t\t\t\t<\/a>\n\t\t\t\t\t\t\t\t\t<\/li>\n\t\t\t\t\t\t\t\t<li class=\"elementor-icon-list-item elementor-inline-item\">\n\t\t\t\t\t\t\t\t\t\t\t<span class=\"elementor-icon-list-icon\">\n\t\t\t\t\t\t\t<i aria-hidden=\"true\" class=\"fas fa-chevron-right\"><\/i>\t\t\t\t\t\t<\/span>\n\t\t\t\t\t\t\t\t\t\t<span class=\"elementor-icon-list-text\">Tandk\u00f8dsbet\u00e6ndelse<br>og parodontitis<\/span>\n\t\t\t\t\t\t\t\t\t<\/li>\n\t\t\t\t\t\t<\/ul>\n\t\t\t\t\t\t<\/div>\n\t\t\t\t<\/div>\n\t\t\t\t\t<\/div>\n\t\t\t\t<\/div>\n\t\t<div class=\"elementor-element elementor-element-905c9c3 e-flex e-con-boxed e-con e-parent\" data-id=\"905c9c3\" data-element_type=\"container\" data-e-type=\"container\">\n\t\t\t\t\t<div class=\"e-con-inner\">\n\t\t\t\t<div class=\"elementor-element elementor-element-63fc4f3 elementor-widget elementor-widget-text-editor\" data-id=\"63fc4f3\" data-element_type=\"widget\" data-e-type=\"widget\" data-widget_type=\"text-editor.default\">\n\t\t\t\t<div class=\"elementor-widget-container\">\n\t\t\t\t\t\t\t\t\t<p><span style=\"color: #000000;\">Patienter<\/span> | Tandk\u00f8dsbet\u00e6ndelse og parodontitis<\/p>\t\t\t\t\t\t\t\t<\/div>\n\t\t\t\t<\/div>\n\t\t\t\t\t<\/div>\n\t\t\t\t<\/div>\n\t\t<div class=\"elementor-element elementor-element-9b0d78d e-flex e-con-boxed e-con e-parent\" data-id=\"9b0d78d\" data-element_type=\"container\" data-e-type=\"container\">\n\t\t\t\t\t<div class=\"e-con-inner\">\n\t\t<div class=\"elementor-element elementor-element-a4010b5 e-con-full e-flex e-con e-child\" data-id=\"a4010b5\" data-element_type=\"container\" data-e-type=\"container\" data-settings=\"{&quot;background_background&quot;:&quot;classic&quot;}\">\n\t\t\t\t<div class=\"elementor-element elementor-element-8d2ebd6 elementor-widget elementor-widget-heading\" data-id=\"8d2ebd6\" data-element_type=\"widget\" data-e-type=\"widget\" data-widget_type=\"heading.default\">\n\t\t\t\t<div class=\"elementor-widget-container\">\n\t\t\t\t\t<h2 class=\"elementor-heading-title elementor-size-default\">Tandk\u00f8dsbet\u00e6ndelse og parodontitis p\u00e5virker din generelle helbredstilstand.<\/h2>\t\t\t\t<\/div>\n\t\t\t\t<\/div>\n\t\t\t\t<div class=\"elementor-element elementor-element-2563152 elementor-widget elementor-widget-text-editor\" data-id=\"2563152\" data-element_type=\"widget\" data-e-type=\"widget\" data-widget_type=\"text-editor.default\">\n\t\t\t\t<div class=\"elementor-widget-container\">\n\t\t\t\t\t\t\t\t\t<p>Vi ved, at det er vigtigt at holde sin mund sund for at sikre sig en sund krop, og nu har yderligere unders\u00f8gelser vist, at nogle af de sygdomsfremkaldende bakterier, som har st\u00f8rst betydning for udviklingen af parodontitis, ogs\u00e5 p\u00e5virker resten af din krop og har indflydelse p\u00e5 udviklingen af alvorlige systemiske sygdomme.<\/p>\t\t\t\t\t\t\t\t<\/div>\n\t\t\t\t<\/div>\n\t\t\t\t<div class=\"elementor-element elementor-element-b6db813 elementor-widget elementor-widget-heading\" data-id=\"b6db813\" data-element_type=\"widget\" data-e-type=\"widget\" data-widget_type=\"heading.default\">\n\t\t\t\t<div class=\"elementor-widget-container\">\n\t\t\t\t\t<h2 class=\"elementor-heading-title elementor-size-default\">Hvad kan du selv g\u00f8re for at f\u00e5 en sund mund?\n\n<\/h2>\t\t\t\t<\/div>\n\t\t\t\t<\/div>\n\t\t\t\t<div class=\"elementor-element elementor-element-e7ec46d elementor-widget elementor-widget-text-editor\" data-id=\"e7ec46d\" data-element_type=\"widget\" data-e-type=\"widget\" data-widget_type=\"text-editor.default\">\n\t\t\t\t<div class=\"elementor-widget-container\">\n\t\t\t\t\t\t\t\t\t<p>En grundig daglig tandhygiejne og tandl\u00e6getjek er naturligvis vigtig, men det \u00e6ndrer ikke bakteriesammens\u00e6tningen. Du kan kun \u00e6ndre p\u00e5 bakteriesammens\u00e6tningen ved kost\u00e6ndringer samt ved at tage m\u00e6lkesyrebakterier bl.a. ProlacSan\u00ae for mundhulen.  M\u00e6lkesyrebakterier styrker din mundhule ved at p\u00e5virke din biofilm og opn\u00e5 en sund bakteriebalance.<\/p>\t\t\t\t\t\t\t\t<\/div>\n\t\t\t\t<\/div>\n\t\t\t\t<div class=\"elementor-element elementor-element-fbc12db elementor-widget elementor-widget-heading\" data-id=\"fbc12db\" data-element_type=\"widget\" data-e-type=\"widget\" data-widget_type=\"heading.default\">\n\t\t\t\t<div class=\"elementor-widget-container\">\n\t\t\t\t\t<h2 class=\"elementor-heading-title elementor-size-default\">Styrk din mundhule med ProlacSan\u00ae m\u00e6lkesyrebakterier.\n<\/h2>\t\t\t\t<\/div>\n\t\t\t\t<\/div>\n\t\t\t\t<div class=\"elementor-element elementor-element-eb63aa6 elementor-widget elementor-widget-button\" data-id=\"eb63aa6\" data-element_type=\"widget\" data-e-type=\"widget\" data-widget_type=\"button.default\">\n\t\t\t\t<div class=\"elementor-widget-container\">\n\t\t\t\t\t\t\t\t\t<div class=\"elementor-button-wrapper\">\n\t\t\t\t\t<a class=\"elementor-button elementor-button-link elementor-size-sm\" href=\"https:\/\/cmsdental.com\/da\/produkter\/prolacsan\/\">\n\t\t\t\t\t\t<span class=\"elementor-button-content-wrapper\">\n\t\t\t\t\t\t\t\t\t<span class=\"elementor-button-text\">ProlacSan<\/span>\n\t\t\t\t\t<\/span>\n\t\t\t\t\t<\/a>\n\t\t\t\t<\/div>\n\t\t\t\t\t\t\t\t<\/div>\n\t\t\t\t<\/div>\n\t\t\t\t<\/div>\n\t\t<div class=\"elementor-element elementor-element-2611426 e-con-full e-flex e-con e-child\" data-id=\"2611426\" data-element_type=\"container\" data-e-type=\"container\" data-settings=\"{&quot;background_background&quot;:&quot;classic&quot;}\">\n\t\t\t\t<\/div>\n\t\t\t\t\t<\/div>\n\t\t\t\t<\/div>\n\t\t<div class=\"elementor-element elementor-element-f82b4e6 e-flex e-con-boxed e-con e-parent\" data-id=\"f82b4e6\" data-element_type=\"container\" data-e-type=\"container\">\n\t\t\t\t\t<div class=\"e-con-inner\">\n\t\t<div class=\"elementor-element elementor-element-a15bb58 e-con-full e-flex e-con e-child\" data-id=\"a15bb58\" data-element_type=\"container\" data-e-type=\"container\">\n\t\t\t\t<div class=\"elementor-element elementor-element-b64027d elementor-widget elementor-widget-heading\" data-id=\"b64027d\" data-element_type=\"widget\" data-e-type=\"widget\" data-widget_type=\"heading.default\">\n\t\t\t\t<div class=\"elementor-widget-container\">\n\t\t\t\t\t<h2 class=\"elementor-heading-title elementor-size-default\">Tandk\u00f8dsbet\u00e6ndelse\n\n<\/h2>\t\t\t\t<\/div>\n\t\t\t\t<\/div>\n\t\t\t\t<div class=\"elementor-element elementor-element-5275348 elementor-widget elementor-widget-text-editor\" data-id=\"5275348\" data-element_type=\"widget\" data-e-type=\"widget\" data-widget_type=\"text-editor.default\">\n\t\t\t\t<div class=\"elementor-widget-container\">\n\t\t\t\t\t\t\t\t\t<p>T\u00e6nderne og tandk\u00f8det er belagt med et lag bakterier og andre mikroorganismer, som sammen med et bindemiddel udg\u00f8r biofilmen. L\u00e6s mere om biofilm her: <\/p>\t\t\t\t\t\t\t\t<\/div>\n\t\t\t\t<\/div>\n\t\t\t\t<div class=\"elementor-element elementor-element-bad54cb elementor-widget elementor-widget-button\" data-id=\"bad54cb\" data-element_type=\"widget\" data-e-type=\"widget\" data-widget_type=\"button.default\">\n\t\t\t\t<div class=\"elementor-widget-container\">\n\t\t\t\t\t\t\t\t\t<div class=\"elementor-button-wrapper\">\n\t\t\t\t\t<a class=\"elementor-button elementor-button-link elementor-size-sm\" href=\"https:\/\/cmsdental.com\/da\/patienter\/oral-biofilm\/\">\n\t\t\t\t\t\t<span class=\"elementor-button-content-wrapper\">\n\t\t\t\t\t\t\t\t\t<span class=\"elementor-button-text\">Biofilm<\/span>\n\t\t\t\t\t<\/span>\n\t\t\t\t\t<\/a>\n\t\t\t\t<\/div>\n\t\t\t\t\t\t\t\t<\/div>\n\t\t\t\t<\/div>\n\t\t\t\t<div class=\"elementor-element elementor-element-b3f8339 elementor-widget elementor-widget-text-editor\" data-id=\"b3f8339\" data-element_type=\"widget\" data-e-type=\"widget\" data-widget_type=\"text-editor.default\">\n\t\t\t\t<div class=\"elementor-widget-container\">\n\t\t\t\t\t\t\t\t\t<p>Bakterierne danner affaldsstoffer af f\u00f8deemner, som s\u00e6tter sig p\u00e5 tand- og tandk\u00f8dsoverflader. Det er det lag, der kaldes for plak. <\/p><p>Der er b\u00e5de gavnlige og skadelige bakterier p\u00e5 overfladen af slimhinder og tandoverflader.<\/p><p>De skadelige bakterier p\u00e5 tandk\u00f8dsrandens overflade afgiver stoffer, der skaber inflammation (bet\u00e6ndelse) af tandk\u00f8det (gingivitis). N\u00e6sten alle voksne har en varierende grad af tandk\u00f8dsbet\u00e6ndelse, som opleves som, at tandk\u00f8dsranden er \u00f8m, n\u00e5r man bruger tandstikker, og\/eller tandk\u00f8det bl\u00f8der fra tandk\u00f8dsranden, n\u00e5r man b\u00f8rster t\u00e6nder eller bruger tandstikker. Tandk\u00f8dsbet\u00e6ndelsen vil som oftest hele op, n\u00e5r man har f\u00e5et foretaget en effektiv og professionel tandrensning og man forts\u00e6tter med en h\u00f8j tandhygiejne og forebygger.  <\/p>\t\t\t\t\t\t\t\t<\/div>\n\t\t\t\t<\/div>\n\t\t\t\t<div class=\"elementor-element elementor-element-7f05772 elementor-widget elementor-widget-spacer\" data-id=\"7f05772\" data-element_type=\"widget\" data-e-type=\"widget\" data-widget_type=\"spacer.default\">\n\t\t\t\t<div class=\"elementor-widget-container\">\n\t\t\t\t\t\t\t<div class=\"elementor-spacer\">\n\t\t\t<div class=\"elementor-spacer-inner\"><\/div>\n\t\t<\/div>\n\t\t\t\t\t\t<\/div>\n\t\t\t\t<\/div>\n\t\t\t\t<div class=\"elementor-element elementor-element-e9a5f85 elementor-widget elementor-widget-heading\" data-id=\"e9a5f85\" data-element_type=\"widget\" data-e-type=\"widget\" data-widget_type=\"heading.default\">\n\t\t\t\t<div class=\"elementor-widget-container\">\n\t\t\t\t\t<h2 class=\"elementor-heading-title elementor-size-default\">Parodontose\/parodontitis\n<\/h2>\t\t\t\t<\/div>\n\t\t\t\t<\/div>\n\t\t\t\t<div class=\"elementor-element elementor-element-8517e62 elementor-widget elementor-widget-text-editor\" data-id=\"8517e62\" data-element_type=\"widget\" data-e-type=\"widget\" data-widget_type=\"text-editor.default\">\n\t\t\t\t<div class=\"elementor-widget-container\">\n\t\t\t\t\t\t\t\t\t<p>Hvis gingivitis ikke stoppes i tide, vil bet\u00e6ndelsen blive v\u00e6rre og v\u00e6rre. Som en del af bet\u00e6ndelsesprocessen nedbrydes det st\u00f8ttev\u00e6v, der omgiver tanden, og du udvikler parodontitis. Parodontitis er kendetegnet ved, at tandk\u00f8dslommerne bliver dybere og dybere, og de bliver hjem for bakterier, der trives bedst under iltfattige forhold.   Disse bakterier afgiver stoffer, der yderligere nedbryder knoglev\u00e6vet, s\u00e5 hele processen accelereres. Uden behandling, vil tanden l\u00f8sne sig og til sidst g\u00e5 tabt.<\/p>\t\t\t\t\t\t\t\t<\/div>\n\t\t\t\t<\/div>\n\t\t\t\t<\/div>\n\t\t<div class=\"elementor-element elementor-element-992c9cd e-con-full e-flex e-con e-child\" data-id=\"992c9cd\" data-element_type=\"container\" data-e-type=\"container\">\n\t\t\t\t<div class=\"elementor-element elementor-element-4b57934 elementor-widget elementor-widget-heading\" data-id=\"4b57934\" data-element_type=\"widget\" data-e-type=\"widget\" data-widget_type=\"heading.default\">\n\t\t\t\t<div class=\"elementor-widget-container\">\n\t\t\t\t\t<h2 class=\"elementor-heading-title elementor-size-default\">Behandling hos tandl\u00e6gen\n<\/h2>\t\t\t\t<\/div>\n\t\t\t\t<\/div>\n\t\t\t\t<div class=\"elementor-element elementor-element-652fc36 elementor-widget elementor-widget-text-editor\" data-id=\"652fc36\" data-element_type=\"widget\" data-e-type=\"widget\" data-widget_type=\"text-editor.default\">\n\t\t\t\t<div class=\"elementor-widget-container\">\n\t\t\t\t\t\t\t\t\t<p>Behandling kan v\u00e6re ikke-kirurgisk og kirurgisk. Den ikke kirurgiske behandling best\u00e5r af rensning af tandrodsoverfladerne, dels manuelt, og dels med ultralyd. Dern\u00e6st kan tandl\u00e6gen\/tandplejeren dr\u00e6be bakterierne i tandk\u00f8dslommerne med LAD (lysaktiveret desinfektion), l\u00e6s mere om dette her:  <\/p>\t\t\t\t\t\t\t\t<\/div>\n\t\t\t\t<\/div>\n\t\t\t\t<div class=\"elementor-element elementor-element-83fedd1 elementor-widget elementor-widget-button\" data-id=\"83fedd1\" data-element_type=\"widget\" data-e-type=\"widget\" data-widget_type=\"button.default\">\n\t\t\t\t<div class=\"elementor-widget-container\">\n\t\t\t\t\t\t\t\t\t<div class=\"elementor-button-wrapper\">\n\t\t\t\t\t<a class=\"elementor-button elementor-button-link elementor-size-sm\" href=\"https:\/\/cmsdental.com\/da\/tandlaeger\/biofilm-kontrol\/lad\/\">\n\t\t\t\t\t\t<span class=\"elementor-button-content-wrapper\">\n\t\t\t\t\t\t\t\t\t<span class=\"elementor-button-text\">LAD - Light activated disinfection<\/span>\n\t\t\t\t\t<\/span>\n\t\t\t\t\t<\/a>\n\t\t\t\t<\/div>\n\t\t\t\t\t\t\t\t<\/div>\n\t\t\t\t<\/div>\n\t\t\t\t<div class=\"elementor-element elementor-element-aeaf518 elementor-widget elementor-widget-image\" data-id=\"aeaf518\" data-element_type=\"widget\" data-e-type=\"widget\" data-widget_type=\"image.default\">\n\t\t\t\t<div class=\"elementor-widget-container\">\n\t\t\t\t\t\t\t\t\t\t\t\t\t\t\t<img fetchpriority=\"high\" decoding=\"async\" width=\"800\" height=\"640\" src=\"https:\/\/cmsdental.com\/wp-content\/uploads\/2025\/03\/prolacsan-tabletter.jpg\" class=\"attachment-large size-large wp-image-472\" alt=\"\" srcset=\"https:\/\/cmsdental.com\/wp-content\/uploads\/2025\/03\/prolacsan-tabletter.jpg 1000w, https:\/\/cmsdental.com\/wp-content\/uploads\/2025\/03\/prolacsan-tabletter-300x240.jpg 300w, https:\/\/cmsdental.com\/wp-content\/uploads\/2025\/03\/prolacsan-tabletter-768x614.jpg 768w\" sizes=\"(max-width: 800px) 100vw, 800px\" \/>\t\t\t\t\t\t\t\t\t\t\t\t\t\t\t<\/div>\n\t\t\t\t<\/div>\n\t\t\t\t<div class=\"elementor-element elementor-element-bbb5c73 elementor-widget elementor-widget-text-editor\" data-id=\"bbb5c73\" data-element_type=\"widget\" data-e-type=\"widget\" data-widget_type=\"text-editor.default\">\n\t\t\t\t<div class=\"elementor-widget-container\">\n\t\t\t\t\t\t\t\t\t<p>Tandl\u00e6gen kan hj\u00e6lpe til, at styrke en sund biofilm i tandk\u00f8dslommen ved at tilf\u00f8re m\u00e6lkesyrebakterier specielt fundet til mundhulen (ProlacSan\u00ae gel).<\/p><p>Du skal derefter selv forts\u00e6tte med at tage ProlacSan m\u00e6lkesyrebakterier hjemme.<\/p>\t\t\t\t\t\t\t\t<\/div>\n\t\t\t\t<\/div>\n\t\t\t\t<div class=\"elementor-element elementor-element-05aad7d elementor-widget elementor-widget-text-editor\" data-id=\"05aad7d\" data-element_type=\"widget\" data-e-type=\"widget\" data-widget_type=\"text-editor.default\">\n\t\t\t\t<div class=\"elementor-widget-container\">\n\t\t\t\t\t\t\t\t\t<p><strong>L\u00e6s mere om ProlacSan\u00ae m\u00e6lkesyrebakterier <\/strong><\/p>\t\t\t\t\t\t\t\t<\/div>\n\t\t\t\t<\/div>\n\t\t\t\t<div class=\"elementor-element elementor-element-b7defa3 elementor-widget elementor-widget-button\" data-id=\"b7defa3\" data-element_type=\"widget\" data-e-type=\"widget\" data-widget_type=\"button.default\">\n\t\t\t\t<div class=\"elementor-widget-container\">\n\t\t\t\t\t\t\t\t\t<div class=\"elementor-button-wrapper\">\n\t\t\t\t\t<a class=\"elementor-button elementor-button-link elementor-size-sm\" href=\"https:\/\/cmsdental.com\/da\/produkter\/prolacsan\/\">\n\t\t\t\t\t\t<span class=\"elementor-button-content-wrapper\">\n\t\t\t\t\t\t\t\t\t<span class=\"elementor-button-text\">ProlacSan<\/span>\n\t\t\t\t\t<\/span>\n\t\t\t\t\t<\/a>\n\t\t\t\t<\/div>\n\t\t\t\t\t\t\t\t<\/div>\n\t\t\t\t<\/div>\n\t\t\t\t<\/div>\n\t\t\t\t\t<\/div>\n\t\t\t\t<\/div>\n\t\t<div class=\"elementor-element elementor-element-1fb6d43 e-flex e-con-boxed e-con e-parent\" data-id=\"1fb6d43\" data-element_type=\"container\" data-e-type=\"container\">\n\t\t\t\t\t<div class=\"e-con-inner\">\n\t\t<div class=\"elementor-element elementor-element-06f60d5 e-con-full e-flex e-con e-child\" data-id=\"06f60d5\" data-element_type=\"container\" data-e-type=\"container\" data-settings=\"{&quot;background_background&quot;:&quot;classic&quot;}\">\n\t\t\t\t<div class=\"elementor-element elementor-element-e435c7f elementor-widget elementor-widget-heading\" data-id=\"e435c7f\" data-element_type=\"widget\" data-e-type=\"widget\" data-widget_type=\"heading.default\">\n\t\t\t\t<div class=\"elementor-widget-container\">\n\t\t\t\t\t<h2 class=\"elementor-heading-title elementor-size-default\">Fakta<\/h2>\t\t\t\t<\/div>\n\t\t\t\t<\/div>\n\t\t\t\t<div class=\"elementor-element elementor-element-33fa71a elementor-widget elementor-widget-text-editor\" data-id=\"33fa71a\" data-element_type=\"widget\" data-e-type=\"widget\" data-widget_type=\"text-editor.default\">\n\t\t\t\t<div class=\"elementor-widget-container\">\n\t\t\t\t\t\t\t\t\t<section id=\"page-wrapper\" class=\"page-wrapper\"><div class=\"container\"><div class=\"row content-layout\"><div class=\"col-md-12 main-content\"><div class=\"region region-content\"><div id=\"block-mainpagecontent--2\" class=\"block block-system block-system-main-block\"><div class=\"container-wrap clearfix\"><div class=\"block-content\"><div class=\"node node-type-conditions node-content post-wrapper node--promoted conditions-full\" role=\"article\"><div class=\"conditions-footer\"><div class=\"post-body\"><div class=\"field field-field-footer-box field-label-hidden field-item\"><p>Omkring 85% af alle voksne lider af tandk\u00f8dsbet\u00e6ndelse.<\/p><p>Omkring halvdelen af den voksne befolkning lider af parodontitis omkring mindst en tand.<\/p><p>De bakterier, der for\u00e5rsager parodontitis, er involveret i en lang r\u00e6kke andre alvorlige sygdomme:<\/p><p>Hjerte-karsygdomme<\/p><p>Visse former for kr\u00e6ft<\/p><p>Inflammatoriske sygdomme i tarmen<\/p><p>Neurologiske sygdomme<\/p><p>Alzheimers<\/p><p>Autoimmune sygdomme som leddegigt og dissemineret sklerose.<\/p><p>L\u00e6s mere under tema om biofilm og bakterien P. gingivalis.<\/p><p><strong>Har du symptomer p\u00e5 tandk\u00f8dsbet\u00e6ndelse, s\u00e5 f\u00e5 et tandl\u00e6getjek.<\/strong><\/p><\/div><\/div><\/div><\/div><\/div><\/div><\/div><\/div><\/div><\/div><\/div><\/section>\t\t\t\t\t\t\t\t<\/div>\n\t\t\t\t<\/div>\n\t\t\t\t<\/div>\n\t\t\t\t\t<\/div>\n\t\t\t\t<\/div>\n\t\t\t\t<\/div>\n\t\t","protected":false},"excerpt":{"rendered":"<p>Hjem Patienter Tandk\u00f8dsbet\u00e6ndelseog parodontitis Patienter | Tandk\u00f8dsbet\u00e6ndelse og parodontitis Tandk\u00f8dsbet\u00e6ndelse og parodontitis p\u00e5virker din generelle helbredstilstand. Vi ved, at det er vigtigt at holde sin mund sund for at sikre sig en sund krop, og nu har yderligere unders\u00f8gelser vist, at nogle af de sygdomsfremkaldende bakterier, som har st\u00f8rst betydning for udviklingen af parodontitis, ogs\u00e5 [&hellip;]<\/p>\n","protected":false},"author":1,"featured_media":0,"parent":732,"menu_order":0,"comment_status":"closed","ping_status":"closed","template":"elementor_header_footer","meta":{"footnotes":""},"class_list":["post-744","page","type-page","status-publish","hentry"],"_links":{"self":[{"href":"https:\/\/cmsdental.com\/da\/wp-json\/wp\/v2\/pages\/744","targetHints":{"allow":["GET"]}}],"collection":[{"href":"https:\/\/cmsdental.com\/da\/wp-json\/wp\/v2\/pages"}],"about":[{"href":"https:\/\/cmsdental.com\/da\/wp-json\/wp\/v2\/types\/page"}],"author":[{"embeddable":true,"href":"https:\/\/cmsdental.com\/da\/wp-json\/wp\/v2\/users\/1"}],"replies":[{"embeddable":true,"href":"https:\/\/cmsdental.com\/da\/wp-json\/wp\/v2\/comments?post=744"}],"version-history":[{"count":6,"href":"https:\/\/cmsdental.com\/da\/wp-json\/wp\/v2\/pages\/744\/revisions"}],"predecessor-version":[{"id":910,"href":"https:\/\/cmsdental.com\/da\/wp-json\/wp\/v2\/pages\/744\/revisions\/910"}],"up":[{"embeddable":true,"href":"https:\/\/cmsdental.com\/da\/wp-json\/wp\/v2\/pages\/732"}],"wp:attachment":[{"href":"https:\/\/cmsdental.com\/da\/wp-json\/wp\/v2\/media?parent=744"}],"curies":[{"name":"wp","href":"https:\/\/api.w.org\/{rel}","templated":true}]}}