{"id":740,"date":"2025-03-10T22:06:55","date_gmt":"2025-03-10T22:06:55","guid":{"rendered":"https:\/\/cms-dental.msnordic.com\/patienter\/caries\/"},"modified":"2025-09-25T07:59:20","modified_gmt":"2025-09-25T07:59:20","slug":"caries","status":"publish","type":"page","link":"https:\/\/cmsdental.com\/da\/patienter\/caries\/","title":{"rendered":"Caries"},"content":{"rendered":"\t\t<div data-elementor-type=\"wp-page\" data-elementor-id=\"740\" class=\"elementor elementor-740 elementor-110\" data-elementor-post-type=\"page\">\n\t\t\t\t<div class=\"elementor-element elementor-element-21ba163 e-flex e-con-boxed e-con e-parent\" data-id=\"21ba163\" data-element_type=\"container\" data-e-type=\"container\" data-settings=\"{&quot;background_background&quot;:&quot;classic&quot;}\">\n\t\t\t\t\t<div class=\"e-con-inner\">\n\t\t\t\t<div class=\"elementor-element elementor-element-aeef36c elementor-icon-list--layout-inline elementor-list-item-link-full_width elementor-widget elementor-widget-icon-list\" data-id=\"aeef36c\" data-element_type=\"widget\" data-e-type=\"widget\" data-widget_type=\"icon-list.default\">\n\t\t\t\t<div class=\"elementor-widget-container\">\n\t\t\t\t\t\t\t<ul class=\"elementor-icon-list-items elementor-inline-items\">\n\t\t\t\t\t\t\t<li class=\"elementor-icon-list-item elementor-inline-item\">\n\t\t\t\t\t\t\t\t\t\t\t<a href=\"https:\/\/cmsdental.com\/da\/\">\n\n\t\t\t\t\t\t\t\t\t\t\t<span class=\"elementor-icon-list-text\">Hjem<\/span>\n\t\t\t\t\t\t\t\t\t\t\t<\/a>\n\t\t\t\t\t\t\t\t\t<\/li>\n\t\t\t\t\t\t\t\t<li class=\"elementor-icon-list-item elementor-inline-item\">\n\t\t\t\t\t\t\t\t\t\t\t<a href=\"https:\/\/cmsdental.com\/index.php\/patients\/\">\n\n\t\t\t\t\t\t\t\t\t\t\t\t<span class=\"elementor-icon-list-icon\">\n\t\t\t\t\t\t\t<i aria-hidden=\"true\" class=\"fas fa-chevron-right\"><\/i>\t\t\t\t\t\t<\/span>\n\t\t\t\t\t\t\t\t\t\t<span class=\"elementor-icon-list-text\">Patienter<\/span>\n\t\t\t\t\t\t\t\t\t\t\t<\/a>\n\t\t\t\t\t\t\t\t\t<\/li>\n\t\t\t\t\t\t\t\t<li class=\"elementor-icon-list-item elementor-inline-item\">\n\t\t\t\t\t\t\t\t\t\t\t<span class=\"elementor-icon-list-icon\">\n\t\t\t\t\t\t\t<i aria-hidden=\"true\" class=\"fas fa-chevron-right\"><\/i>\t\t\t\t\t\t<\/span>\n\t\t\t\t\t\t\t\t\t\t<span class=\"elementor-icon-list-text\"> Caries<\/span>\n\t\t\t\t\t\t\t\t\t<\/li>\n\t\t\t\t\t\t<\/ul>\n\t\t\t\t\t\t<\/div>\n\t\t\t\t<\/div>\n\t\t\t\t\t<\/div>\n\t\t\t\t<\/div>\n\t\t<div class=\"elementor-element elementor-element-bdcf584 e-flex e-con-boxed e-con e-parent\" data-id=\"bdcf584\" data-element_type=\"container\" data-e-type=\"container\">\n\t\t\t\t\t<div class=\"e-con-inner\">\n\t\t\t\t<div class=\"elementor-element elementor-element-c5132d0 elementor-widget elementor-widget-text-editor\" data-id=\"c5132d0\" data-element_type=\"widget\" data-e-type=\"widget\" data-widget_type=\"text-editor.default\">\n\t\t\t\t<div class=\"elementor-widget-container\">\n\t\t\t\t\t\t\t\t\t<p><span style=\"color: #000000;\">Patienter<\/span> | Caries<\/p>\t\t\t\t\t\t\t\t<\/div>\n\t\t\t\t<\/div>\n\t\t\t\t\t<\/div>\n\t\t\t\t<\/div>\n\t\t<div class=\"elementor-element elementor-element-63b2f8a e-flex e-con-boxed e-con e-parent\" data-id=\"63b2f8a\" data-element_type=\"container\" data-e-type=\"container\">\n\t\t\t\t\t<div class=\"e-con-inner\">\n\t\t<div class=\"elementor-element elementor-element-f774aec e-con-full e-flex e-con e-child\" data-id=\"f774aec\" data-element_type=\"container\" data-e-type=\"container\" data-settings=\"{&quot;background_background&quot;:&quot;classic&quot;}\">\n\t\t\t\t<div class=\"elementor-element elementor-element-7d08d7d elementor-widget elementor-widget-heading\" data-id=\"7d08d7d\" data-element_type=\"widget\" data-e-type=\"widget\" data-widget_type=\"heading.default\">\n\t\t\t\t<div class=\"elementor-widget-container\">\n\t\t\t\t\t<h2 class=\"elementor-heading-title elementor-size-default\">Caries er en sygdom, der b\u00e5de rammer b\u00f8rn og voksne.\n<\/h2>\t\t\t\t<\/div>\n\t\t\t\t<\/div>\n\t\t\t\t<div class=\"elementor-element elementor-element-2df2934 elementor-widget elementor-widget-heading\" data-id=\"2df2934\" data-element_type=\"widget\" data-e-type=\"widget\" data-widget_type=\"heading.default\">\n\t\t\t\t<div class=\"elementor-widget-container\">\n\t\t\t\t\t<h2 class=\"elementor-heading-title elementor-size-default\">Den kan forebygges og helt undg\u00e5s med omhyggelig tandpleje.\n<\/h2>\t\t\t\t<\/div>\n\t\t\t\t<\/div>\n\t\t\t\t<div class=\"elementor-element elementor-element-0372e0a elementor-widget elementor-widget-heading\" data-id=\"0372e0a\" data-element_type=\"widget\" data-e-type=\"widget\" data-widget_type=\"heading.default\">\n\t\t\t\t<div class=\"elementor-widget-container\">\n\t\t\t\t\t<h2 class=\"elementor-heading-title elementor-size-default\">Hvad kan du selv g\u00f8re for at f\u00e5 en sund mund?\n\n<\/h2>\t\t\t\t<\/div>\n\t\t\t\t<\/div>\n\t\t\t\t<div class=\"elementor-element elementor-element-f5a731b elementor-widget elementor-widget-text-editor\" data-id=\"f5a731b\" data-element_type=\"widget\" data-e-type=\"widget\" data-widget_type=\"text-editor.default\">\n\t\t\t\t<div class=\"elementor-widget-container\">\n\t\t\t\t\t\t\t\t\tEn grundig daglig tandhygiejne og tandl\u00e6getjek er naturligvis vigtig, og tandb\u00f8rstning med fluortandpasta, men det \u00e6ndrer ikke bakteriesammens\u00e6tningen. Du kan kun \u00e6ndre p\u00e5 bakteriesammens\u00e6tningen ved livstils\u00e6ndringer, s\u00e5som kost\u00e6ndringer samt ved at tage m\u00e6lkesyrebakterier bl.a. ProlacSan\u00ae for mundhulen. M\u00e6lkesyrebakterier styrker din mundhule ved at p\u00e5virke din biofilm og opn\u00e5 en sund bakteriebalance.\t\t\t\t\t\t\t\t<\/div>\n\t\t\t\t<\/div>\n\t\t\t\t<div class=\"elementor-element elementor-element-bb10c49 elementor-widget elementor-widget-heading\" data-id=\"bb10c49\" data-element_type=\"widget\" data-e-type=\"widget\" data-widget_type=\"heading.default\">\n\t\t\t\t<div class=\"elementor-widget-container\">\n\t\t\t\t\t<h2 class=\"elementor-heading-title elementor-size-default\">Styrk din mundhule med ProlacSan\u00ae m\u00e6lkesyrebakterier.\n\n\n<\/h2>\t\t\t\t<\/div>\n\t\t\t\t<\/div>\n\t\t\t\t<div class=\"elementor-element elementor-element-d7b4673 elementor-widget elementor-widget-button\" data-id=\"d7b4673\" data-element_type=\"widget\" data-e-type=\"widget\" data-widget_type=\"button.default\">\n\t\t\t\t<div class=\"elementor-widget-container\">\n\t\t\t\t\t\t\t\t\t<div class=\"elementor-button-wrapper\">\n\t\t\t\t\t<a class=\"elementor-button elementor-button-link elementor-size-sm\" href=\"https:\/\/cmsdental.com\/da\/produkter\/prolacsan\/\">\n\t\t\t\t\t\t<span class=\"elementor-button-content-wrapper\">\n\t\t\t\t\t\t\t\t\t<span class=\"elementor-button-text\">ProlacSan<\/span>\n\t\t\t\t\t<\/span>\n\t\t\t\t\t<\/a>\n\t\t\t\t<\/div>\n\t\t\t\t\t\t\t\t<\/div>\n\t\t\t\t<\/div>\n\t\t\t\t<\/div>\n\t\t<div class=\"elementor-element elementor-element-e61b311 e-con-full e-flex e-con e-child\" data-id=\"e61b311\" data-element_type=\"container\" data-e-type=\"container\" data-settings=\"{&quot;background_background&quot;:&quot;classic&quot;}\">\n\t\t\t\t<\/div>\n\t\t\t\t\t<\/div>\n\t\t\t\t<\/div>\n\t\t<div class=\"elementor-element elementor-element-367dbc6 e-flex e-con-boxed e-con e-parent\" data-id=\"367dbc6\" data-element_type=\"container\" data-e-type=\"container\">\n\t\t\t\t\t<div class=\"e-con-inner\">\n\t\t<div class=\"elementor-element elementor-element-d4c456a e-con-full e-flex e-con e-child\" data-id=\"d4c456a\" data-element_type=\"container\" data-e-type=\"container\">\n\t\t\t\t<div class=\"elementor-element elementor-element-08d627d elementor-widget elementor-widget-heading\" data-id=\"08d627d\" data-element_type=\"widget\" data-e-type=\"widget\" data-widget_type=\"heading.default\">\n\t\t\t\t<div class=\"elementor-widget-container\">\n\t\t\t\t\t<h2 class=\"elementor-heading-title elementor-size-default\">Caries\n<\/h2>\t\t\t\t<\/div>\n\t\t\t\t<\/div>\n\t\t\t\t<div class=\"elementor-element elementor-element-68554b6 elementor-widget elementor-widget-text-editor\" data-id=\"68554b6\" data-element_type=\"widget\" data-e-type=\"widget\" data-widget_type=\"text-editor.default\">\n\t\t\t\t<div class=\"elementor-widget-container\">\n\t\t\t\t\t\t\t\t\t<p>Den biofilm, der l\u00e6gger sig p\u00e5 t\u00e6nderne kaldes ogs\u00e5 plak.<\/p><p>Plakken best\u00e5r af ca. 20% bakterier mens resten best\u00e5r af en s\u00e5kaldt &#8220;ekstracellul\u00e6r masse&#8221;, som blandt andet best\u00e5r af nedbrudte f\u00f8deemner. er skal to faktorer til for at udvikle caries. Sukker og syredannende bakterier i plakken. Nogle bakterier kan nedbryde sukker til syrer, som nedbryder emaljelaget p\u00e5 tanden. Det er en proces der tager lang tid. N\u00e5r emaljen er gennembrudt angribes selve tandbenet (dentinen), og hvis processen ikke stoppes i tide, tr\u00e6nger caries ind til tandens nerve og der opst\u00e5r en tandrodsbet\u00e6ndelse. Hvis det sker, er der kun to behandlingsmuligheder, enten at ekstrahere tanden, eller lave en rodbehandling. L\u00e6s mere om selve begrebet biofilm.<\/p>\t\t\t\t\t\t\t\t<\/div>\n\t\t\t\t<\/div>\n\t\t\t\t<div class=\"elementor-element elementor-element-6e78a41 elementor-widget elementor-widget-button\" data-id=\"6e78a41\" data-element_type=\"widget\" data-e-type=\"widget\" data-widget_type=\"button.default\">\n\t\t\t\t<div class=\"elementor-widget-container\">\n\t\t\t\t\t\t\t\t\t<div class=\"elementor-button-wrapper\">\n\t\t\t\t\t<a class=\"elementor-button elementor-button-link elementor-size-sm\" href=\"https:\/\/cmsdental.com\/da\/tandlaeger\/biofilm-kontrol\/\">\n\t\t\t\t\t\t<span class=\"elementor-button-content-wrapper\">\n\t\t\t\t\t\t\t\t\t<span class=\"elementor-button-text\">Biofilmkontrol<\/span>\n\t\t\t\t\t<\/span>\n\t\t\t\t\t<\/a>\n\t\t\t\t<\/div>\n\t\t\t\t\t\t\t\t<\/div>\n\t\t\t\t<\/div>\n\t\t\t\t<div class=\"elementor-element elementor-element-0fe80a1 elementor-widget elementor-widget-spacer\" data-id=\"0fe80a1\" data-element_type=\"widget\" data-e-type=\"widget\" data-widget_type=\"spacer.default\">\n\t\t\t\t<div class=\"elementor-widget-container\">\n\t\t\t\t\t\t\t<div class=\"elementor-spacer\">\n\t\t\t<div class=\"elementor-spacer-inner\"><\/div>\n\t\t<\/div>\n\t\t\t\t\t\t<\/div>\n\t\t\t\t<\/div>\n\t\t\t\t<div class=\"elementor-element elementor-element-53a4f06 elementor-widget elementor-widget-heading\" data-id=\"53a4f06\" data-element_type=\"widget\" data-e-type=\"widget\" data-widget_type=\"heading.default\">\n\t\t\t\t<div class=\"elementor-widget-container\">\n\t\t\t\t\t<h2 class=\"elementor-heading-title elementor-size-default\">Caries hos voksne\n<\/h2>\t\t\t\t<\/div>\n\t\t\t\t<\/div>\n\t\t\t\t<div class=\"elementor-element elementor-element-b1a613d elementor-widget elementor-widget-text-editor\" data-id=\"b1a613d\" data-element_type=\"widget\" data-e-type=\"widget\" data-widget_type=\"text-editor.default\">\n\t\t\t\t<div class=\"elementor-widget-container\">\n\t\t\t\t\t\t\t\t\t<p>De fleste opfatter caries som et b\u00f8rne- og ungdomsf\u00e6nomen. Det er da ogs\u00e5 rigtigt, at hyppigheden topper blandt de unge, men der kommer faktisk en top mere senere i livet. De tilf\u00e6lde man ofte ser er, at der udvikler sig caries i forbindelse med en tidligere anlagt fyldning, det man popul\u00e6rt kalder &#8220;sekund\u00e6r caries&#8221; og ved andre tilf\u00e6lde angriber caries selve tandbenet (dentinen) under emaljegr\u00e6nsen hos \u00e6ldre, der har reduceret tandk\u00f8dsrand. Det vil sige, at bakterierne i disse tilf\u00e6lde springer emaljelaget over og angriber dentinen direkte, hvilket naturligvis er en hurtigt accelererende proces.<\/p>\t\t\t\t\t\t\t\t<\/div>\n\t\t\t\t<\/div>\n\t\t\t\t<div class=\"elementor-element elementor-element-5ac8dd7 elementor-widget elementor-widget-text-editor\" data-id=\"5ac8dd7\" data-element_type=\"widget\" data-e-type=\"widget\" data-widget_type=\"text-editor.default\">\n\t\t\t\t<div class=\"elementor-widget-container\">\n\t\t\t\t\t\t\t\t\t<strong>Styrk din mundhule med ProlacSan\u00ae m\u00e6lkesyrebakterier.<\/strong>\n\t\t\t\t\t\t\t\t<\/div>\n\t\t\t\t<\/div>\n\t\t\t\t<\/div>\n\t\t<div class=\"elementor-element elementor-element-f2aaaa3 e-con-full e-flex e-con e-child\" data-id=\"f2aaaa3\" data-element_type=\"container\" data-e-type=\"container\">\n\t\t\t\t<div class=\"elementor-element elementor-element-35e8bb3 elementor-widget elementor-widget-heading\" data-id=\"35e8bb3\" data-element_type=\"widget\" data-e-type=\"widget\" data-widget_type=\"heading.default\">\n\t\t\t\t<div class=\"elementor-widget-container\">\n\t\t\t\t\t<h2 class=\"elementor-heading-title elementor-size-default\">Hvad kan man selv g\u00f8re som patient for at undg\u00e5 caries?\n\n<\/h2>\t\t\t\t<\/div>\n\t\t\t\t<\/div>\n\t\t\t\t<div class=\"elementor-element elementor-element-1b1bc5b elementor-widget elementor-widget-text-editor\" data-id=\"1b1bc5b\" data-element_type=\"widget\" data-e-type=\"widget\" data-widget_type=\"text-editor.default\">\n\t\t\t\t<div class=\"elementor-widget-container\">\n\t\t\t\t\t\t\t\t\t<p>Som sagt skal der v\u00e6re plak med sukker og syredannende bakterier for at udvikle caries. S\u00e5 f\u00f8rst og fremmest skal man b\u00f8rste t\u00e6nder regelm\u00e6ssigt for at fjerne plaklaget. Dern\u00e6st kan man reducere mest muligt p\u00e5 indtag af sukker, b\u00e5de det direkte sukkerindtag fra sukker i kaffe og the, sodavand, slik og kager, og det indirekte sukkerindtag, som er i mange industrifremstillede f\u00f8devarer.<\/p><p>Det er vigtigt at m\u00f8de til kontrolbes\u00f8g hos tandl\u00e6gen, s\u00e5 et cariesangreb bliver opdaget i tide, f\u00f8r det udvikler sig til et mere aggressivt angreb, der kan give tandtab.<\/p><p>Som noget nyt kan man desuden \u00e6ndre sammens\u00e6tningen af bakterierne i biofilmen (plakken) s\u00e5ledes, at de meget syredannende bakterier erstattes med bakteriestammer, der n\u00e6sten ikke danner syre ud af sukker.<\/p>\t\t\t\t\t\t\t\t<\/div>\n\t\t\t\t<\/div>\n\t\t\t\t<div class=\"elementor-element elementor-element-a5f7811 elementor-widget elementor-widget-image\" data-id=\"a5f7811\" data-element_type=\"widget\" data-e-type=\"widget\" data-widget_type=\"image.default\">\n\t\t\t\t<div class=\"elementor-widget-container\">\n\t\t\t\t\t\t\t\t\t\t\t\t\t\t\t<img fetchpriority=\"high\" decoding=\"async\" width=\"800\" height=\"640\" src=\"https:\/\/cmsdental.com\/wp-content\/uploads\/2025\/03\/prolacsan-tabletter.jpg\" class=\"attachment-large size-large wp-image-472\" alt=\"\" srcset=\"https:\/\/cmsdental.com\/wp-content\/uploads\/2025\/03\/prolacsan-tabletter.jpg 1000w, https:\/\/cmsdental.com\/wp-content\/uploads\/2025\/03\/prolacsan-tabletter-300x240.jpg 300w, https:\/\/cmsdental.com\/wp-content\/uploads\/2025\/03\/prolacsan-tabletter-768x614.jpg 768w\" sizes=\"(max-width: 800px) 100vw, 800px\" \/>\t\t\t\t\t\t\t\t\t\t\t\t\t\t\t<\/div>\n\t\t\t\t<\/div>\n\t\t\t\t<div class=\"elementor-element elementor-element-c586de6 elementor-widget elementor-widget-text-editor\" data-id=\"c586de6\" data-element_type=\"widget\" data-e-type=\"widget\" data-widget_type=\"text-editor.default\">\n\t\t\t\t<div class=\"elementor-widget-container\">\n\t\t\t\t\t\t\t\t\t<strong>L\u00e6s mere om ProlacSan\u00ae m\u00e6lkesyrebakterier <\/strong>\n\t\t\t\t\t\t\t\t<\/div>\n\t\t\t\t<\/div>\n\t\t\t\t<div class=\"elementor-element elementor-element-c385d50 elementor-widget elementor-widget-button\" data-id=\"c385d50\" data-element_type=\"widget\" data-e-type=\"widget\" data-widget_type=\"button.default\">\n\t\t\t\t<div class=\"elementor-widget-container\">\n\t\t\t\t\t\t\t\t\t<div class=\"elementor-button-wrapper\">\n\t\t\t\t\t<a class=\"elementor-button elementor-button-link elementor-size-sm\" href=\"https:\/\/cmsdental.com\/da\/produkter\/prolacsan\/\">\n\t\t\t\t\t\t<span class=\"elementor-button-content-wrapper\">\n\t\t\t\t\t\t\t\t\t<span class=\"elementor-button-text\">ProlacSan<\/span>\n\t\t\t\t\t<\/span>\n\t\t\t\t\t<\/a>\n\t\t\t\t<\/div>\n\t\t\t\t\t\t\t\t<\/div>\n\t\t\t\t<\/div>\n\t\t\t\t<\/div>\n\t\t\t\t\t<\/div>\n\t\t\t\t<\/div>\n\t\t<div class=\"elementor-element elementor-element-53fc2f8 e-flex e-con-boxed e-con e-parent\" data-id=\"53fc2f8\" data-element_type=\"container\" data-e-type=\"container\">\n\t\t\t\t\t<div class=\"e-con-inner\">\n\t\t<div class=\"elementor-element elementor-element-0f72ee1 e-con-full e-flex e-con e-child\" data-id=\"0f72ee1\" data-element_type=\"container\" data-e-type=\"container\" data-settings=\"{&quot;background_background&quot;:&quot;classic&quot;}\">\n\t\t\t\t<div class=\"elementor-element elementor-element-6d16366 elementor-widget elementor-widget-heading\" data-id=\"6d16366\" data-element_type=\"widget\" data-e-type=\"widget\" data-widget_type=\"heading.default\">\n\t\t\t\t<div class=\"elementor-widget-container\">\n\t\t\t\t\t<h2 class=\"elementor-heading-title elementor-size-default\">Fakta<\/h2>\t\t\t\t<\/div>\n\t\t\t\t<\/div>\n\t\t\t\t<div class=\"elementor-element elementor-element-7ec15a3 elementor-widget elementor-widget-text-editor\" data-id=\"7ec15a3\" data-element_type=\"widget\" data-e-type=\"widget\" data-widget_type=\"text-editor.default\">\n\t\t\t\t<div class=\"elementor-widget-container\">\n\t\t\t\t\t\t\t\t\t<p>Ubehandlet caries med sk\u00f8nnet 2,3 milliarder tilf\u00e6lde topper WHO&#8217;s liste over &#8220;Global Health Burden&#8221;, og koster verdenssamfundet et stort milliardbel\u00f8b \u00e5rligt. Caries er den hyppigste \u00e5rsag til tandl\u00f8shed i den ikke industrialiserede verden.<\/p>\t\t\t\t\t\t\t\t<\/div>\n\t\t\t\t<\/div>\n\t\t\t\t<\/div>\n\t\t\t\t\t<\/div>\n\t\t\t\t<\/div>\n\t\t\t\t<\/div>\n\t\t","protected":false},"excerpt":{"rendered":"<p>Hjem Patienter Caries Patienter | Caries Caries er en sygdom, der b\u00e5de rammer b\u00f8rn og voksne. Den kan forebygges og helt undg\u00e5s med omhyggelig tandpleje. Hvad kan du selv g\u00f8re for at f\u00e5 en sund mund? En grundig daglig tandhygiejne og tandl\u00e6getjek er naturligvis vigtig, og tandb\u00f8rstning med fluortandpasta, men det \u00e6ndrer ikke bakteriesammens\u00e6tningen. Du [&hellip;]<\/p>\n","protected":false},"author":1,"featured_media":0,"parent":732,"menu_order":0,"comment_status":"closed","ping_status":"closed","template":"elementor_header_footer","meta":{"footnotes":""},"class_list":["post-740","page","type-page","status-publish","hentry"],"_links":{"self":[{"href":"https:\/\/cmsdental.com\/da\/wp-json\/wp\/v2\/pages\/740","targetHints":{"allow":["GET"]}}],"collection":[{"href":"https:\/\/cmsdental.com\/da\/wp-json\/wp\/v2\/pages"}],"about":[{"href":"https:\/\/cmsdental.com\/da\/wp-json\/wp\/v2\/types\/page"}],"author":[{"embeddable":true,"href":"https:\/\/cmsdental.com\/da\/wp-json\/wp\/v2\/users\/1"}],"replies":[{"embeddable":true,"href":"https:\/\/cmsdental.com\/da\/wp-json\/wp\/v2\/comments?post=740"}],"version-history":[{"count":4,"href":"https:\/\/cmsdental.com\/da\/wp-json\/wp\/v2\/pages\/740\/revisions"}],"predecessor-version":[{"id":907,"href":"https:\/\/cmsdental.com\/da\/wp-json\/wp\/v2\/pages\/740\/revisions\/907"}],"up":[{"embeddable":true,"href":"https:\/\/cmsdental.com\/da\/wp-json\/wp\/v2\/pages\/732"}],"wp:attachment":[{"href":"https:\/\/cmsdental.com\/da\/wp-json\/wp\/v2\/media?parent=740"}],"curies":[{"name":"wp","href":"https:\/\/api.w.org\/{rel}","templated":true}]}}