{"id":736,"date":"2025-03-10T22:20:14","date_gmt":"2025-03-10T22:20:14","guid":{"rendered":"https:\/\/cms-dental.msnordic.com\/patienter\/daarlig-aande\/"},"modified":"2025-09-25T07:59:20","modified_gmt":"2025-09-25T07:59:20","slug":"daarlig-aande","status":"publish","type":"page","link":"https:\/\/cmsdental.com\/da\/patienter\/daarlig-aande\/","title":{"rendered":"D\u00e5rlig \u00e5nde"},"content":{"rendered":"\t\t<div data-elementor-type=\"wp-page\" data-elementor-id=\"736\" class=\"elementor elementor-736 elementor-131\" data-elementor-post-type=\"page\">\n\t\t\t\t<div class=\"elementor-element elementor-element-f7762dd e-flex e-con-boxed e-con e-parent\" data-id=\"f7762dd\" data-element_type=\"container\" data-e-type=\"container\" data-settings=\"{&quot;background_background&quot;:&quot;classic&quot;}\">\n\t\t\t\t\t<div class=\"e-con-inner\">\n\t\t\t\t<div class=\"elementor-element elementor-element-04c898e elementor-icon-list--layout-inline elementor-list-item-link-full_width elementor-widget elementor-widget-icon-list\" data-id=\"04c898e\" data-element_type=\"widget\" data-e-type=\"widget\" data-widget_type=\"icon-list.default\">\n\t\t\t\t<div class=\"elementor-widget-container\">\n\t\t\t\t\t\t\t<ul class=\"elementor-icon-list-items elementor-inline-items\">\n\t\t\t\t\t\t\t<li class=\"elementor-icon-list-item elementor-inline-item\">\n\t\t\t\t\t\t\t\t\t\t\t<a href=\"https:\/\/cmsdental.com\/da\/\">\n\n\t\t\t\t\t\t\t\t\t\t\t<span class=\"elementor-icon-list-text\">Hjem<\/span>\n\t\t\t\t\t\t\t\t\t\t\t<\/a>\n\t\t\t\t\t\t\t\t\t<\/li>\n\t\t\t\t\t\t\t\t<li class=\"elementor-icon-list-item elementor-inline-item\">\n\t\t\t\t\t\t\t\t\t\t\t<a href=\"https:\/\/cmsdental.com\/index.php\/patients\/\">\n\n\t\t\t\t\t\t\t\t\t\t\t\t<span class=\"elementor-icon-list-icon\">\n\t\t\t\t\t\t\t<i aria-hidden=\"true\" class=\"fas fa-chevron-right\"><\/i>\t\t\t\t\t\t<\/span>\n\t\t\t\t\t\t\t\t\t\t<span class=\"elementor-icon-list-text\">Patienter<\/span>\n\t\t\t\t\t\t\t\t\t\t\t<\/a>\n\t\t\t\t\t\t\t\t\t<\/li>\n\t\t\t\t\t\t\t\t<li class=\"elementor-icon-list-item elementor-inline-item\">\n\t\t\t\t\t\t\t\t\t\t\t<span class=\"elementor-icon-list-icon\">\n\t\t\t\t\t\t\t<i aria-hidden=\"true\" class=\"fas fa-chevron-right\"><\/i>\t\t\t\t\t\t<\/span>\n\t\t\t\t\t\t\t\t\t\t<span class=\"elementor-icon-list-text\">D\u00e5rlig \u00e5nde<\/span>\n\t\t\t\t\t\t\t\t\t<\/li>\n\t\t\t\t\t\t<\/ul>\n\t\t\t\t\t\t<\/div>\n\t\t\t\t<\/div>\n\t\t\t\t\t<\/div>\n\t\t\t\t<\/div>\n\t\t<div class=\"elementor-element elementor-element-49b9995 e-flex e-con-boxed e-con e-parent\" data-id=\"49b9995\" data-element_type=\"container\" data-e-type=\"container\">\n\t\t\t\t\t<div class=\"e-con-inner\">\n\t\t\t\t<div class=\"elementor-element elementor-element-551cce8 elementor-widget elementor-widget-text-editor\" data-id=\"551cce8\" data-element_type=\"widget\" data-e-type=\"widget\" data-widget_type=\"text-editor.default\">\n\t\t\t\t<div class=\"elementor-widget-container\">\n\t\t\t\t\t\t\t\t\t<span style=\"color: #000000;\">Patienter<\/span> | D\u00e5rlig \u00e5nde\t\t\t\t\t\t\t\t<\/div>\n\t\t\t\t<\/div>\n\t\t\t\t\t<\/div>\n\t\t\t\t<\/div>\n\t\t<div class=\"elementor-element elementor-element-9d2ed7e e-flex e-con-boxed e-con e-parent\" data-id=\"9d2ed7e\" data-element_type=\"container\" data-e-type=\"container\">\n\t\t\t\t\t<div class=\"e-con-inner\">\n\t\t<div class=\"elementor-element elementor-element-de7cc0f e-con-full e-flex e-con e-child\" data-id=\"de7cc0f\" data-element_type=\"container\" data-e-type=\"container\" data-settings=\"{&quot;background_background&quot;:&quot;classic&quot;}\">\n\t\t\t\t<div class=\"elementor-element elementor-element-244aa6c elementor-widget elementor-widget-heading\" data-id=\"244aa6c\" data-element_type=\"widget\" data-e-type=\"widget\" data-widget_type=\"heading.default\">\n\t\t\t\t<div class=\"elementor-widget-container\">\n\t\t\t\t\t<h2 class=\"elementor-heading-title elementor-size-default\">85 % af tilf\u00e6ldene af vedvarende d\u00e5rlig \u00e5nde stammer fra mundhulen.\n<\/h2>\t\t\t\t<\/div>\n\t\t\t\t<\/div>\n\t\t\t\t<div class=\"elementor-element elementor-element-7980920 elementor-widget elementor-widget-text-editor\" data-id=\"7980920\" data-element_type=\"widget\" data-e-type=\"widget\" data-widget_type=\"text-editor.default\">\n\t\t\t\t<div class=\"elementor-widget-container\">\n\t\t\t\t\t\t\t\t\t<p>Den skyldes svovldampe, som produceres af bakterier, der lever i tungens furer. edvarende d\u00e5rlig \u00e5nde varierer ikke i l\u00f8bet af dagen og kan ikke sammenlignes med den type d\u00e5rlig \u00e5nde, der for\u00e5rsages af bestemte f\u00f8devarer, hvidl\u00f8g, kaffe osv. D\u00e5rlig \u00e5nde kan ramme alle aldersgrupper, men er mere almindelig hos \u00e6ldre mennesker.<\/p>\t\t\t\t\t\t\t\t<\/div>\n\t\t\t\t<\/div>\n\t\t\t\t<div class=\"elementor-element elementor-element-86397cf elementor-widget elementor-widget-heading\" data-id=\"86397cf\" data-element_type=\"widget\" data-e-type=\"widget\" data-widget_type=\"heading.default\">\n\t\t\t\t<div class=\"elementor-widget-container\">\n\t\t\t\t\t<h2 class=\"elementor-heading-title elementor-size-default\">Hvad kan du g\u00f8re for at f\u00e5 en sund mund?<\/h2>\t\t\t\t<\/div>\n\t\t\t\t<\/div>\n\t\t\t\t<div class=\"elementor-element elementor-element-cf183a4 elementor-widget elementor-widget-text-editor\" data-id=\"cf183a4\" data-element_type=\"widget\" data-e-type=\"widget\" data-widget_type=\"text-editor.default\">\n\t\t\t\t<div class=\"elementor-widget-container\">\n\t\t\t\t\t\t\t\t\t<p>Grundig daglig tandhygiejne og tandl\u00e6geunders\u00f8gelser er naturligvis vigtige. Du kan kun \u00e6ndre bakteriesammens\u00e6tningen ved at \u00e6ndre kosten og ved at indtage m\u00e6lkesyrebakterier som f.eks. ProlacSan\u00ae til mundhulen. M\u00e6lkesyrebakterier styrker din mundhule ved at p\u00e5virke din biofilm og opn\u00e5 en sund bakteriebalance. <\/p>\t\t\t\t\t\t\t\t<\/div>\n\t\t\t\t<\/div>\n\t\t\t\t<div class=\"elementor-element elementor-element-8c585e1 elementor-widget elementor-widget-heading\" data-id=\"8c585e1\" data-element_type=\"widget\" data-e-type=\"widget\" data-widget_type=\"heading.default\">\n\t\t\t\t<div class=\"elementor-widget-container\">\n\t\t\t\t\t<h2 class=\"elementor-heading-title elementor-size-default\">Styrk din mundhule med ProlacSan\u00ae m\u00e6lkesyrebakterier.<\/h2>\t\t\t\t<\/div>\n\t\t\t\t<\/div>\n\t\t\t\t<\/div>\n\t\t<div class=\"elementor-element elementor-element-ab46e14 e-con-full e-flex e-con e-child\" data-id=\"ab46e14\" data-element_type=\"container\" data-e-type=\"container\" data-settings=\"{&quot;background_background&quot;:&quot;classic&quot;}\">\n\t\t\t\t<\/div>\n\t\t\t\t\t<\/div>\n\t\t\t\t<\/div>\n\t\t<div class=\"elementor-element elementor-element-2dc546b e-flex e-con-boxed e-con e-parent\" data-id=\"2dc546b\" data-element_type=\"container\" data-e-type=\"container\">\n\t\t\t\t\t<div class=\"e-con-inner\">\n\t\t<div class=\"elementor-element elementor-element-5007449 e-con-full e-flex e-con e-child\" data-id=\"5007449\" data-element_type=\"container\" data-e-type=\"container\">\n\t\t\t\t<div class=\"elementor-element elementor-element-ac0d57a elementor-widget elementor-widget-heading\" data-id=\"ac0d57a\" data-element_type=\"widget\" data-e-type=\"widget\" data-widget_type=\"heading.default\">\n\t\t\t\t<div class=\"elementor-widget-container\">\n\t\t\t\t\t<h2 class=\"elementor-heading-title elementor-size-default\">D\u00e5rlig \u00e5nde\n\n<\/h2>\t\t\t\t<\/div>\n\t\t\t\t<\/div>\n\t\t\t\t<div class=\"elementor-element elementor-element-cd0fba6 elementor-widget elementor-widget-text-editor\" data-id=\"cd0fba6\" data-element_type=\"widget\" data-e-type=\"widget\" data-widget_type=\"text-editor.default\">\n\t\t\t\t<div class=\"elementor-widget-container\">\n\t\t\t\t\t\t\t\t\t<p>Kronisk d\u00e5rlig \u00e5nde, eller Halitosis, som det hedder fagligt, er et stort problem for mange, uanset alder.<\/p><p>Problemet skyldes i 85% af tilf\u00e6ldene bakterier i furerne p\u00e5 oversiden af tungens bageste 1\/3. Der er tale om s\u00e5kaldte gram negative anaerobe bakterier (dvs. bakterier, der lever i omgivelser uden ilt), der holder til i de meget dybe furer i tungen. Desv\u00e6rre kan en tandb\u00f8rste ikke fjerne dem, for de sidder simpelthen for dybt placeret i tungefurerne.<\/p><p>Det, der giver den d\u00e5rlige \u00e5nde er svovlholdige dampe, som dannes ved bakteriernes nedbrydning af aminosyrer, som indeholder svovlatomer. Det er fuldst\u00e6ndig de samme kemiske processer, som foreg\u00e5r i en kloak.<\/p><p>Hvis man er p\u00e5 low cab- high proteine diet, vil man derfor kunne forv\u00e6rre en d\u00e5rlig \u00e5nde, idet man f\u00e5r mange aminosyrer, dvs. protein.<\/p>\t\t\t\t\t\t\t\t<\/div>\n\t\t\t\t<\/div>\n\t\t\t\t<div class=\"elementor-element elementor-element-6b02b75 elementor-widget elementor-widget-spacer\" data-id=\"6b02b75\" data-element_type=\"widget\" data-e-type=\"widget\" data-widget_type=\"spacer.default\">\n\t\t\t\t<div class=\"elementor-widget-container\">\n\t\t\t\t\t\t\t<div class=\"elementor-spacer\">\n\t\t\t<div class=\"elementor-spacer-inner\"><\/div>\n\t\t<\/div>\n\t\t\t\t\t\t<\/div>\n\t\t\t\t<\/div>\n\t\t\t\t<div class=\"elementor-element elementor-element-1301b4e elementor-widget elementor-widget-heading\" data-id=\"1301b4e\" data-element_type=\"widget\" data-e-type=\"widget\" data-widget_type=\"heading.default\">\n\t\t\t\t<div class=\"elementor-widget-container\">\n\t\t\t\t\t<h2 class=\"elementor-heading-title elementor-size-default\">Mekanismerne ved udviklingen af d\u00e5rlig \u00e5nde\n<\/h2>\t\t\t\t<\/div>\n\t\t\t\t<\/div>\n\t\t\t\t<div class=\"elementor-element elementor-element-0e3f3ae elementor-widget elementor-widget-text-editor\" data-id=\"0e3f3ae\" data-element_type=\"widget\" data-e-type=\"widget\" data-widget_type=\"text-editor.default\">\n\t\t\t\t<div class=\"elementor-widget-container\">\n\t\t\t\t\t\t\t\t\t<p>Der er to vigtige spillere ved udvikling af d\u00e5rlig \u00e5nde og det er to forskellige typer af bakterier, der samarbejder.<\/p><p>Den ene type bakterier er dem, som danner svovldampe og den anden type bakterier er dem, som hj\u00e6lper til med at nedbryde kulhydratsidek\u00e6der.<\/p><p>Problemstillingen med d\u00e5rlig \u00e5nde er alts\u00e5 meget mere kompleks end man umiddelbart skulle tro.<\/p><p>De fleste af de tilf\u00f8rte aminosyrer kommer via f\u00f8den i form af glyko-proteiner, dvs. proteiner med kulhydratsidek\u00e6der.<\/p><p>Kulhydratsidek\u00e6derne skal klippes af, f\u00f8r de f\u00f8romtalte anaerobe bakterier kan nedbryde dem til svovldampe (kaldet VSC: volatile sulphuric compounds)<\/p><p>Denne \u201dafklipning\u201d sker ved hj\u00e6lp af et enzym, der hedder beta-galactosidase. Det er et enzym, der dannes af andre bakterier p\u00e5 tungens overflade, og som er helt anderledes tilg\u00e6ngelige for tandb\u00f8rsten, men ogs\u00e5 kan p\u00e5virkes af sammens\u00e6tningen af dine mundhulebakterier.<\/p>\t\t\t\t\t\t\t\t<\/div>\n\t\t\t\t<\/div>\n\t\t\t\t<\/div>\n\t\t<div class=\"elementor-element elementor-element-d2bfbfc e-con-full e-flex e-con e-child\" data-id=\"d2bfbfc\" data-element_type=\"container\" data-e-type=\"container\">\n\t\t\t\t<div class=\"elementor-element elementor-element-f3cf1e3 elementor-widget elementor-widget-heading\" data-id=\"f3cf1e3\" data-element_type=\"widget\" data-e-type=\"widget\" data-widget_type=\"heading.default\">\n\t\t\t\t<div class=\"elementor-widget-container\">\n\t\t\t\t\t<h2 class=\"elementor-heading-title elementor-size-default\">Link til paradentose\n<\/h2>\t\t\t\t<\/div>\n\t\t\t\t<\/div>\n\t\t\t\t<div class=\"elementor-element elementor-element-c36b47c elementor-widget elementor-widget-text-editor\" data-id=\"c36b47c\" data-element_type=\"widget\" data-e-type=\"widget\" data-widget_type=\"text-editor.default\">\n\t\t\t\t<div class=\"elementor-widget-container\">\n\t\t\t\t\t\t\t\t\t<p>De bakterier, der producerer svovldampe, som giver d\u00e5rlig \u00e5nde, er de samme, som for\u00e5rsager parodontose (parodontitis), s\u00e5 de to tilstande er forbundne. Dette er vigtigt, for det betyder, at selv om man f\u00e5r parodontitis under kontrol, vil de bakterier ,der gemmer sig i tungens dybe furer, kunne fungere som et reservoir til fornyet forv\u00e6rring af parodontitistilstanden. worsening of the periodontitis condition.<\/p>\t\t\t\t\t\t\t\t<\/div>\n\t\t\t\t<\/div>\n\t\t\t\t<div class=\"elementor-element elementor-element-33afd00 elementor-widget elementor-widget-image\" data-id=\"33afd00\" data-element_type=\"widget\" data-e-type=\"widget\" data-widget_type=\"image.default\">\n\t\t\t\t<div class=\"elementor-widget-container\">\n\t\t\t\t\t\t\t\t\t\t\t\t\t\t\t<img fetchpriority=\"high\" decoding=\"async\" width=\"800\" height=\"640\" src=\"https:\/\/cmsdental.com\/wp-content\/uploads\/2025\/03\/prolacsan-tabletter.jpg\" class=\"attachment-large size-large wp-image-472\" alt=\"\" srcset=\"https:\/\/cmsdental.com\/wp-content\/uploads\/2025\/03\/prolacsan-tabletter.jpg 1000w, https:\/\/cmsdental.com\/wp-content\/uploads\/2025\/03\/prolacsan-tabletter-300x240.jpg 300w, https:\/\/cmsdental.com\/wp-content\/uploads\/2025\/03\/prolacsan-tabletter-768x614.jpg 768w\" sizes=\"(max-width: 800px) 100vw, 800px\" \/>\t\t\t\t\t\t\t\t\t\t\t\t\t\t\t<\/div>\n\t\t\t\t<\/div>\n\t\t\t\t<div class=\"elementor-element elementor-element-200999a elementor-widget elementor-widget-text-editor\" data-id=\"200999a\" data-element_type=\"widget\" data-e-type=\"widget\" data-widget_type=\"text-editor.default\">\n\t\t\t\t<div class=\"elementor-widget-container\">\n\t\t\t\t\t\t\t\t\t<strong>L\u00e6s mere om ProlacSan\u00ae m\u00e6lkesyrebakterier <\/strong>\n\t\t\t\t\t\t\t\t<\/div>\n\t\t\t\t<\/div>\n\t\t\t\t<div class=\"elementor-element elementor-element-00875aa elementor-widget elementor-widget-text-editor\" data-id=\"00875aa\" data-element_type=\"widget\" data-e-type=\"widget\" data-widget_type=\"text-editor.default\">\n\t\t\t\t<div class=\"elementor-widget-container\">\n\t\t\t\t\t\t\t\t\t<div class=\"row\"><div class=\"col-md-6\"><p>Sammens\u00e6tningen af mundhulebakterierne p\u00e5virkes af de faktorer, der er beskrevet under &#8220;Mundhulens biofilm&#8221;, men kan for eksempel ogs\u00e5 p\u00e5virkes positivt af mundhuleprobiotika, det vil sige positive bakterier, der kan udkonkurrere de bakterier der for\u00e5rsager den d\u00e5rlige \u00e5nde.<\/p><\/div><\/div>\t\t\t\t\t\t\t\t<\/div>\n\t\t\t\t<\/div>\n\t\t\t\t<div class=\"elementor-element elementor-element-4a02a3a elementor-widget elementor-widget-button\" data-id=\"4a02a3a\" data-element_type=\"widget\" data-e-type=\"widget\" data-widget_type=\"button.default\">\n\t\t\t\t<div class=\"elementor-widget-container\">\n\t\t\t\t\t\t\t\t\t<div class=\"elementor-button-wrapper\">\n\t\t\t\t\t<a class=\"elementor-button elementor-button-link elementor-size-sm\" href=\"https:\/\/cmsdental.com\/da\/produkter\/prolacsan\/\">\n\t\t\t\t\t\t<span class=\"elementor-button-content-wrapper\">\n\t\t\t\t\t\t\t\t\t<span class=\"elementor-button-text\">ProlacSan<\/span>\n\t\t\t\t\t<\/span>\n\t\t\t\t\t<\/a>\n\t\t\t\t<\/div>\n\t\t\t\t\t\t\t\t<\/div>\n\t\t\t\t<\/div>\n\t\t\t\t<\/div>\n\t\t\t\t\t<\/div>\n\t\t\t\t<\/div>\n\t\t<div class=\"elementor-element elementor-element-8f8319e e-flex e-con-boxed e-con e-parent\" data-id=\"8f8319e\" data-element_type=\"container\" data-e-type=\"container\">\n\t\t\t\t\t<div class=\"e-con-inner\">\n\t\t<div class=\"elementor-element elementor-element-65305fb e-con-full e-flex e-con e-child\" data-id=\"65305fb\" data-element_type=\"container\" data-e-type=\"container\" data-settings=\"{&quot;background_background&quot;:&quot;classic&quot;}\">\n\t\t\t\t<div class=\"elementor-element elementor-element-367ca1b elementor-widget elementor-widget-heading\" data-id=\"367ca1b\" data-element_type=\"widget\" data-e-type=\"widget\" data-widget_type=\"heading.default\">\n\t\t\t\t<div class=\"elementor-widget-container\">\n\t\t\t\t\t<h2 class=\"elementor-heading-title elementor-size-default\">Fakta<\/h2>\t\t\t\t<\/div>\n\t\t\t\t<\/div>\n\t\t\t\t<div class=\"elementor-element elementor-element-37a7dec elementor-widget elementor-widget-text-editor\" data-id=\"37a7dec\" data-element_type=\"widget\" data-e-type=\"widget\" data-widget_type=\"text-editor.default\">\n\t\t\t\t<div class=\"elementor-widget-container\">\n\t\t\t\t\t\t\t\t\t<p>Antallet af mennesker med vedvarende d\u00e5rlig \u00e5nde (halitose) varierer voldsomt fra land til land, det kan svinge imellem ca.10% til over 50% af befolkningen.<\/p><p>85% af tilf\u00e6lde med vedvarende d\u00e5rlig \u00e5nde stammer fra mundhulen.<\/p><p>Du kan godt f\u00e5 d\u00e5rlig \u00e5nde, selvom du har en god mundhygiejne.<\/p><p>De bakterier, der producerer de svovldampe, som giver d\u00e5rlig \u00e5nde, er de samme ,som for\u00e5rsager parodontose (parodontitis), s\u00e5 de to tilstande er forbundne.<\/p><p>P.Gingivalis og T.Forsythia er de to bakterier, der danner svovldampe i mundhulen.<\/p><p><strong>Lider du af d\u00e5rlig \u00e5nde, s\u00e5 f\u00e5 et tandl\u00e6getjek, f\u00f8r du tager andre skridt til at l\u00f8se problemet.<br><\/strong><\/p>\t\t\t\t\t\t\t\t<\/div>\n\t\t\t\t<\/div>\n\t\t\t\t<\/div>\n\t\t\t\t\t<\/div>\n\t\t\t\t<\/div>\n\t\t\t\t<\/div>\n\t\t","protected":false},"excerpt":{"rendered":"<p>Hjem Patienter D\u00e5rlig \u00e5nde Patienter | D\u00e5rlig \u00e5nde 85 % af tilf\u00e6ldene af vedvarende d\u00e5rlig \u00e5nde stammer fra mundhulen. Den skyldes svovldampe, som produceres af bakterier, der lever i tungens furer. edvarende d\u00e5rlig \u00e5nde varierer ikke i l\u00f8bet af dagen og kan ikke sammenlignes med den type d\u00e5rlig \u00e5nde, der for\u00e5rsages af bestemte f\u00f8devarer, hvidl\u00f8g, [&hellip;]<\/p>\n","protected":false},"author":1,"featured_media":0,"parent":732,"menu_order":0,"comment_status":"closed","ping_status":"closed","template":"elementor_header_footer","meta":{"footnotes":""},"class_list":["post-736","page","type-page","status-publish","hentry"],"_links":{"self":[{"href":"https:\/\/cmsdental.com\/da\/wp-json\/wp\/v2\/pages\/736","targetHints":{"allow":["GET"]}}],"collection":[{"href":"https:\/\/cmsdental.com\/da\/wp-json\/wp\/v2\/pages"}],"about":[{"href":"https:\/\/cmsdental.com\/da\/wp-json\/wp\/v2\/types\/page"}],"author":[{"embeddable":true,"href":"https:\/\/cmsdental.com\/da\/wp-json\/wp\/v2\/users\/1"}],"replies":[{"embeddable":true,"href":"https:\/\/cmsdental.com\/da\/wp-json\/wp\/v2\/comments?post=736"}],"version-history":[{"count":4,"href":"https:\/\/cmsdental.com\/da\/wp-json\/wp\/v2\/pages\/736\/revisions"}],"predecessor-version":[{"id":908,"href":"https:\/\/cmsdental.com\/da\/wp-json\/wp\/v2\/pages\/736\/revisions\/908"}],"up":[{"embeddable":true,"href":"https:\/\/cmsdental.com\/da\/wp-json\/wp\/v2\/pages\/732"}],"wp:attachment":[{"href":"https:\/\/cmsdental.com\/da\/wp-json\/wp\/v2\/media?parent=736"}],"curies":[{"name":"wp","href":"https:\/\/api.w.org\/{rel}","templated":true}]}}