{"id":732,"date":"2025-03-10T21:23:09","date_gmt":"2025-03-10T21:23:09","guid":{"rendered":"https:\/\/cms-dental.msnordic.com\/patienter\/"},"modified":"2025-09-25T07:58:27","modified_gmt":"2025-09-25T07:58:27","slug":"patienter","status":"publish","type":"page","link":"https:\/\/cmsdental.com\/da\/patienter\/","title":{"rendered":"Patienter"},"content":{"rendered":"\t\t<div data-elementor-type=\"wp-page\" data-elementor-id=\"732\" class=\"elementor elementor-732 elementor-65\" data-elementor-post-type=\"page\">\n\t\t\t\t<div class=\"elementor-element elementor-element-ebbe41a e-flex e-con-boxed e-con e-parent\" data-id=\"ebbe41a\" data-element_type=\"container\" data-e-type=\"container\" data-settings=\"{&quot;background_background&quot;:&quot;classic&quot;}\">\n\t\t\t\t\t<div class=\"e-con-inner\">\n\t\t\t\t<div class=\"elementor-element elementor-element-353ab94 elementor-icon-list--layout-inline elementor-list-item-link-full_width elementor-widget elementor-widget-icon-list\" data-id=\"353ab94\" data-element_type=\"widget\" data-e-type=\"widget\" data-widget_type=\"icon-list.default\">\n\t\t\t\t<div class=\"elementor-widget-container\">\n\t\t\t\t\t\t\t<ul class=\"elementor-icon-list-items elementor-inline-items\">\n\t\t\t\t\t\t\t<li class=\"elementor-icon-list-item elementor-inline-item\">\n\t\t\t\t\t\t\t\t\t\t\t<a href=\"https:\/\/cmsdental.com\/da\/\">\n\n\t\t\t\t\t\t\t\t\t\t\t<span class=\"elementor-icon-list-text\">Hjem<\/span>\n\t\t\t\t\t\t\t\t\t\t\t<\/a>\n\t\t\t\t\t\t\t\t\t<\/li>\n\t\t\t\t\t\t\t\t<li class=\"elementor-icon-list-item elementor-inline-item\">\n\t\t\t\t\t\t\t\t\t\t\t<span class=\"elementor-icon-list-icon\">\n\t\t\t\t\t\t\t<i aria-hidden=\"true\" class=\"fas fa-chevron-right\"><\/i>\t\t\t\t\t\t<\/span>\n\t\t\t\t\t\t\t\t\t\t<span class=\"elementor-icon-list-text\">Patienter<\/span>\n\t\t\t\t\t\t\t\t\t<\/li>\n\t\t\t\t\t\t<\/ul>\n\t\t\t\t\t\t<\/div>\n\t\t\t\t<\/div>\n\t\t\t\t\t<\/div>\n\t\t\t\t<\/div>\n\t\t<div class=\"elementor-element elementor-element-895207b e-con-full e-flex e-con e-parent\" data-id=\"895207b\" data-element_type=\"container\" data-e-type=\"container\">\n\t\t\t\t<div class=\"elementor-element elementor-element-ef3a985 elementor--h-position-left elementor--v-position-middle elementor-pagination-position-inside elementor-widget elementor-widget-slides\" data-id=\"ef3a985\" data-element_type=\"widget\" data-e-type=\"widget\" data-settings=\"{&quot;navigation&quot;:&quot;dots&quot;,&quot;autoplay&quot;:&quot;yes&quot;,&quot;pause_on_hover&quot;:&quot;yes&quot;,&quot;pause_on_interaction&quot;:&quot;yes&quot;,&quot;autoplay_speed&quot;:5000,&quot;infinite&quot;:&quot;yes&quot;,&quot;transition&quot;:&quot;slide&quot;,&quot;transition_speed&quot;:500}\" data-widget_type=\"slides.default\">\n\t\t\t\t<div class=\"elementor-widget-container\">\n\t\t\t\t\t\t\t\t\t<div class=\"elementor-swiper\">\n\t\t\t\t\t<div class=\"elementor-slides-wrapper elementor-main-swiper swiper\" role=\"region\" aria-roledescription=\"carousel\" aria-label=\"Slides\" dir=\"ltr\" data-animation=\"fadeInUp\">\n\t\t\t\t<div class=\"swiper-wrapper elementor-slides\">\n\t\t\t\t\t\t\t\t\t\t<div class=\"elementor-repeater-item-32b2c2f swiper-slide\" role=\"group\" aria-roledescription=\"slide\"><div class=\"swiper-slide-bg\" role=\"img\" aria-label=\"patienter-cmsdental\"><\/div><div class=\"swiper-slide-inner\" ><div class=\"swiper-slide-contents\"><div class=\"elementor-slide-heading\">Sund mund<\/div><div class=\"elementor-slide-description\"><p>Sund krop<\/p>\n<\/div><\/div><\/div><\/div>\t\t\t\t<\/div>\n\t\t\t\t\t\t\t<\/div>\n\t\t\t\t<\/div>\n\t\t\t\t\t\t\t\t<\/div>\n\t\t\t\t<\/div>\n\t\t\t\t<\/div>\n\t\t<div class=\"elementor-element elementor-element-84aa4b3 e-flex e-con-boxed e-con e-parent\" data-id=\"84aa4b3\" data-element_type=\"container\" data-e-type=\"container\">\n\t\t\t\t\t<div class=\"e-con-inner\">\n\t\t\t\t<div class=\"elementor-element elementor-element-f9f3de8 elementor-widget elementor-widget-heading\" data-id=\"f9f3de8\" data-element_type=\"widget\" data-e-type=\"widget\" data-widget_type=\"heading.default\">\n\t\t\t\t<div class=\"elementor-widget-container\">\n\t\t\t\t\t<h2 class=\"elementor-heading-title elementor-size-default\">Hvorfor f\u00e5r vi problemer med mundhulen?\n<\/h2>\t\t\t\t<\/div>\n\t\t\t\t<\/div>\n\t\t\t\t<div class=\"elementor-element elementor-element-bcea76b elementor-widget elementor-widget-text-editor\" data-id=\"bcea76b\" data-element_type=\"widget\" data-e-type=\"widget\" data-widget_type=\"text-editor.default\">\n\t\t\t\t<div class=\"elementor-widget-container\">\n\t\t\t\t\t\t\t\t\t<div class=\"col-md-6\"><div class=\"margin-left-30 margin-right-20\"><p>Der er flere faktorer, der spiller ind, n\u00e5r vi f\u00e5r problemer med mundhulen. Det er velkendt at en god mundhygiejne og en forebyggende indsats er afg\u00f8rende for, hvorvidt vi f\u00e5r en sygdomstilstand i mundhulen. F\u00e6rre ved, at det ikke den eneste faktor, der er afg\u00f8rende for at bevare en sund mund.  <\/p><p>Det er derimod en kombination af livsstil, herunder forebyggende tandpleje, genetik, immunsystem og som en meget v\u00e6sentlig faktor, b\u00f8r der v\u00e6re fokus p\u00e5 bakteriesammens\u00e6tningen i mundhulen. Alle faktorer udg\u00f8r et samspil og kan derfor ikke ses isoleret eller ignoreres, n\u00e5r man ser p\u00e5 sygdoms\u00e5rsag og behandlingsindsats i tandplejen. <\/p><p>Personlig tandhygiejne og forebyggende tandpleje p\u00e5 klinikkerne har forbedret tandstatus og mundhygiejnen betydeligt og det vil til stadighed v\u00e6re en vigtig del af indsatsen, men det kan ikke st\u00e5 alene.<\/p><\/div><\/div><div class=\"col-md-6\"><div class=\"margin-left-30 margin-right-20\"><p>Systemiske sygdomme og medicinsk behandling har ligeledes stor indflydelse p\u00e5 mundhulebalancen og dermed p\u00e5 sundhedstilstanden i mundhulen. Det er derfor vigtigt, at tandl\u00e6gen f\u00e5r oplysninger om vores generelle sundhedstilstand, medicinforbrug og livsstil, da det hj\u00e6lper tandl\u00e6gen til at lave en vurdering af vores sundhedstilstand i mundhulen. <\/p><p>Unders\u00f8gelser har vist, at mundhulens sygdomme har indflydelse p\u00e5 udviklingen af adskillige systemiske sygdomme, ligesom de systemiske sygdomme har indflydelse p\u00e5 sundhedstilstanden i munden. Det er et samspil, som s\u00e5 meget andet i vores krop. <\/p><p>L\u00e6s mere om den humane bakteriebalance og vigtigheden af at have en sund biofilm i afsnitttet om biofilm.<\/p><p>Ved en sygdom som parodontitis kender man de fire afg\u00f8rende faktorer, der helt tydeligt spiller ind ved udvikling af lidelsen og prognosen.<\/p><p>L\u00e6s mere om parodontitis og de fire brikker BAKTERIER, GENETIK, IMMUNSYSTEM, LIVSSTIL, der indg\u00e5r som vigtige faktorer i udvikling af sygdommen.<\/p><\/div><\/div>\t\t\t\t\t\t\t\t<\/div>\n\t\t\t\t<\/div>\n\t\t\t\t\t<\/div>\n\t\t\t\t<\/div>\n\t\t<div class=\"elementor-element elementor-element-f40d4ef e-con-full e-flex e-con e-parent\" data-id=\"f40d4ef\" data-element_type=\"container\" data-e-type=\"container\" data-settings=\"{&quot;background_background&quot;:&quot;classic&quot;}\">\n\t\t<div class=\"elementor-element elementor-element-2136048 e-flex e-con-boxed e-con e-child\" data-id=\"2136048\" data-element_type=\"container\" data-e-type=\"container\">\n\t\t\t\t\t<div class=\"e-con-inner\">\n\t\t<div class=\"elementor-element elementor-element-63cef4c e-con-full e-flex e-con e-child\" data-id=\"63cef4c\" data-element_type=\"container\" data-e-type=\"container\">\n\t\t\t\t<div class=\"elementor-element elementor-element-a5529f7 elementor-position-top elementor-widget elementor-widget-image-box\" data-id=\"a5529f7\" data-element_type=\"widget\" data-e-type=\"widget\" data-widget_type=\"image-box.default\">\n\t\t\t\t<div class=\"elementor-widget-container\">\n\t\t\t\t\t<div class=\"elementor-image-box-wrapper\"><figure class=\"elementor-image-box-img\"><a href=\"https:\/\/cmsdental.com\/da\/patienter\/caries\/\" tabindex=\"-1\"><img fetchpriority=\"high\" decoding=\"async\" width=\"300\" height=\"300\" src=\"https:\/\/cmsdental.com\/wp-content\/uploads\/2025\/03\/caries.png\" class=\"attachment-full size-full wp-image-74\" alt=\"\" srcset=\"https:\/\/cmsdental.com\/wp-content\/uploads\/2025\/03\/caries.png 300w, https:\/\/cmsdental.com\/wp-content\/uploads\/2025\/03\/caries-150x150.png 150w\" sizes=\"(max-width: 300px) 100vw, 300px\" \/><\/a><\/figure><div class=\"elementor-image-box-content\"><h3 class=\"elementor-image-box-title\"><a href=\"https:\/\/cmsdental.com\/da\/patienter\/caries\/\">Caries og<br>tandhygiejne<\/a><\/h3><p class=\"elementor-image-box-description\">Caries er en sygdom, der b\u00e5de rammer b\u00f8rn og voksne. Den kan forebygges og helt undg\u00e5s med omhyggelig tandpleje. <\/p><\/div><\/div>\t\t\t\t<\/div>\n\t\t\t\t<\/div>\n\t\t\t\t<div class=\"elementor-element elementor-element-c12c570 elementor-align-center elementor-widget elementor-widget-button\" data-id=\"c12c570\" data-element_type=\"widget\" data-e-type=\"widget\" data-widget_type=\"button.default\">\n\t\t\t\t<div class=\"elementor-widget-container\">\n\t\t\t\t\t\t\t\t\t<div class=\"elementor-button-wrapper\">\n\t\t\t\t\t<a class=\"elementor-button elementor-button-link elementor-size-sm\" href=\"https:\/\/cmsdental.com\/da\/patienter\/caries\/\">\n\t\t\t\t\t\t<span class=\"elementor-button-content-wrapper\">\n\t\t\t\t\t\t\t\t\t<span class=\"elementor-button-text\">L\u00e6s mere<\/span>\n\t\t\t\t\t<\/span>\n\t\t\t\t\t<\/a>\n\t\t\t\t<\/div>\n\t\t\t\t\t\t\t\t<\/div>\n\t\t\t\t<\/div>\n\t\t\t\t<\/div>\n\t\t<div class=\"elementor-element elementor-element-86f1bd0 e-con-full e-flex e-con e-child\" data-id=\"86f1bd0\" data-element_type=\"container\" data-e-type=\"container\">\n\t\t\t\t<div class=\"elementor-element elementor-element-a171078 elementor-position-top elementor-widget elementor-widget-image-box\" data-id=\"a171078\" data-element_type=\"widget\" data-e-type=\"widget\" data-widget_type=\"image-box.default\">\n\t\t\t\t<div class=\"elementor-widget-container\">\n\t\t\t\t\t<div class=\"elementor-image-box-wrapper\"><figure class=\"elementor-image-box-img\"><a href=\"https:\/\/cmsdental.com\/da\/patienter\/tandkoedsbetaendelseog-parodontitis\/\" tabindex=\"-1\"><img decoding=\"async\" width=\"300\" height=\"300\" src=\"https:\/\/cmsdental.com\/wp-content\/uploads\/2025\/03\/parodontitis.png\" class=\"attachment-full size-full wp-image-75\" alt=\"\" srcset=\"https:\/\/cmsdental.com\/wp-content\/uploads\/2025\/03\/parodontitis.png 300w, https:\/\/cmsdental.com\/wp-content\/uploads\/2025\/03\/parodontitis-150x150.png 150w\" sizes=\"(max-width: 300px) 100vw, 300px\" \/><\/a><\/figure><div class=\"elementor-image-box-content\"><h3 class=\"elementor-image-box-title\"><a href=\"https:\/\/cmsdental.com\/da\/patienter\/tandkoedsbetaendelseog-parodontitis\/\">Tandk\u00f8dsbet\u00e6ndelse<br>og parodontitis<\/a><\/h3><p class=\"elementor-image-box-description\">Tandk\u00f8dsbet\u00e6ndelse og is\u00e6r parodontitis har en v\u00e6sentlig p\u00e5virkning p\u00e5 din generelle helbredstilstand.<\/p><\/div><\/div>\t\t\t\t<\/div>\n\t\t\t\t<\/div>\n\t\t\t\t<div class=\"elementor-element elementor-element-a11f977 elementor-align-center elementor-widget elementor-widget-button\" data-id=\"a11f977\" data-element_type=\"widget\" data-e-type=\"widget\" data-widget_type=\"button.default\">\n\t\t\t\t<div class=\"elementor-widget-container\">\n\t\t\t\t\t\t\t\t\t<div class=\"elementor-button-wrapper\">\n\t\t\t\t\t<a class=\"elementor-button elementor-button-link elementor-size-sm\" href=\"https:\/\/cmsdental.com\/da\/patienter\/tandkoedsbetaendelseog-parodontitis\/\">\n\t\t\t\t\t\t<span class=\"elementor-button-content-wrapper\">\n\t\t\t\t\t\t\t\t\t<span class=\"elementor-button-text\">L\u00e6s mere<\/span>\n\t\t\t\t\t<\/span>\n\t\t\t\t\t<\/a>\n\t\t\t\t<\/div>\n\t\t\t\t\t\t\t\t<\/div>\n\t\t\t\t<\/div>\n\t\t\t\t<\/div>\n\t\t<div class=\"elementor-element elementor-element-bd38785 e-con-full e-flex e-con e-child\" data-id=\"bd38785\" data-element_type=\"container\" data-e-type=\"container\">\n\t\t\t\t<div class=\"elementor-element elementor-element-5a68c11 elementor-position-top elementor-widget elementor-widget-image-box\" data-id=\"5a68c11\" data-element_type=\"widget\" data-e-type=\"widget\" data-widget_type=\"image-box.default\">\n\t\t\t\t<div class=\"elementor-widget-container\">\n\t\t\t\t\t<div class=\"elementor-image-box-wrapper\"><figure class=\"elementor-image-box-img\"><a href=\"https:\/\/cmsdental.com\/da\/patienter\/betaendelse-omkring-implantat\/\" tabindex=\"-1\"><img decoding=\"async\" width=\"300\" height=\"300\" src=\"https:\/\/cmsdental.com\/wp-content\/uploads\/2025\/03\/betaendelse_implantat.png\" class=\"attachment-full size-full wp-image-76\" alt=\"\" srcset=\"https:\/\/cmsdental.com\/wp-content\/uploads\/2025\/03\/betaendelse_implantat.png 300w, https:\/\/cmsdental.com\/wp-content\/uploads\/2025\/03\/betaendelse_implantat-150x150.png 150w\" sizes=\"(max-width: 300px) 100vw, 300px\" \/><\/a><\/figure><div class=\"elementor-image-box-content\"><h3 class=\"elementor-image-box-title\"><a href=\"https:\/\/cmsdental.com\/da\/patienter\/betaendelse-omkring-implantat\/\">Bet\u00e6ndelse omkring<br>implantat<\/a><\/h3><p class=\"elementor-image-box-description\">Omkring 42% af alle implantater udvikles der en bet\u00e6ndelsestilstand, som kan f\u00f8re til at implantatet mistes.<\/p><\/div><\/div>\t\t\t\t<\/div>\n\t\t\t\t<\/div>\n\t\t\t\t<div class=\"elementor-element elementor-element-5aa78b5 elementor-align-center elementor-widget elementor-widget-button\" data-id=\"5aa78b5\" data-element_type=\"widget\" data-e-type=\"widget\" data-widget_type=\"button.default\">\n\t\t\t\t<div class=\"elementor-widget-container\">\n\t\t\t\t\t\t\t\t\t<div class=\"elementor-button-wrapper\">\n\t\t\t\t\t<a class=\"elementor-button elementor-button-link elementor-size-sm\" href=\"https:\/\/cmsdental.com\/da\/patienter\/betaendelse-omkring-implantat\/\">\n\t\t\t\t\t\t<span class=\"elementor-button-content-wrapper\">\n\t\t\t\t\t\t\t\t\t<span class=\"elementor-button-text\">L\u00e6s mere<\/span>\n\t\t\t\t\t<\/span>\n\t\t\t\t\t<\/a>\n\t\t\t\t<\/div>\n\t\t\t\t\t\t\t\t<\/div>\n\t\t\t\t<\/div>\n\t\t\t\t<\/div>\n\t\t<div class=\"elementor-element elementor-element-d70ec2a e-con-full e-flex e-con e-child\" data-id=\"d70ec2a\" data-element_type=\"container\" data-e-type=\"container\">\n\t\t\t\t<div class=\"elementor-element elementor-element-3908599 elementor-position-top elementor-widget elementor-widget-image-box\" data-id=\"3908599\" data-element_type=\"widget\" data-e-type=\"widget\" data-widget_type=\"image-box.default\">\n\t\t\t\t<div class=\"elementor-widget-container\">\n\t\t\t\t\t<div class=\"elementor-image-box-wrapper\"><figure class=\"elementor-image-box-img\"><a href=\"https:\/\/cmsdental.com\/en\/patients\/mundhulesvamp\" tabindex=\"-1\"><img loading=\"lazy\" decoding=\"async\" width=\"300\" height=\"300\" src=\"https:\/\/cmsdental.com\/wp-content\/uploads\/2025\/03\/oralcavity.png\" class=\"attachment-full size-full wp-image-77\" alt=\"\" srcset=\"https:\/\/cmsdental.com\/wp-content\/uploads\/2025\/03\/oralcavity.png 300w, https:\/\/cmsdental.com\/wp-content\/uploads\/2025\/03\/oralcavity-150x150.png 150w\" sizes=\"(max-width: 300px) 100vw, 300px\" \/><\/a><\/figure><div class=\"elementor-image-box-content\"><h3 class=\"elementor-image-box-title\"><a href=\"https:\/\/cmsdental.com\/en\/patients\/mundhulesvamp\">Mundhulesvamp<\/a><\/h3><p class=\"elementor-image-box-description\">Mundhulesvamp for\u00e5rsages prim\u00e6rt af Candida albicans, som findes hos omkring 50% af befolkningen.<\/p><\/div><\/div>\t\t\t\t<\/div>\n\t\t\t\t<\/div>\n\t\t\t\t<div class=\"elementor-element elementor-element-11baf5f elementor-align-center elementor-widget elementor-widget-button\" data-id=\"11baf5f\" data-element_type=\"widget\" data-e-type=\"widget\" data-widget_type=\"button.default\">\n\t\t\t\t<div class=\"elementor-widget-container\">\n\t\t\t\t\t\t\t\t\t<div class=\"elementor-button-wrapper\">\n\t\t\t\t\t<a class=\"elementor-button elementor-button-link elementor-size-sm\" href=\"https:\/\/cmsdental.com\/en\/patients\/mundhulesvamp\">\n\t\t\t\t\t\t<span class=\"elementor-button-content-wrapper\">\n\t\t\t\t\t\t\t\t\t<span class=\"elementor-button-text\">L\u00e6s mere<\/span>\n\t\t\t\t\t<\/span>\n\t\t\t\t\t<\/a>\n\t\t\t\t<\/div>\n\t\t\t\t\t\t\t\t<\/div>\n\t\t\t\t<\/div>\n\t\t\t\t<\/div>\n\t\t<div class=\"elementor-element elementor-element-7f9b810 e-con-full e-flex e-con e-child\" data-id=\"7f9b810\" data-element_type=\"container\" data-e-type=\"container\">\n\t\t\t\t<div class=\"elementor-element elementor-element-6a72a1f elementor-position-top elementor-widget elementor-widget-image-box\" data-id=\"6a72a1f\" data-element_type=\"widget\" data-e-type=\"widget\" data-widget_type=\"image-box.default\">\n\t\t\t\t<div class=\"elementor-widget-container\">\n\t\t\t\t\t<div class=\"elementor-image-box-wrapper\"><figure class=\"elementor-image-box-img\"><a href=\"https:\/\/cmsdental.com\/da\/patienter\/rodfyldning\/\" tabindex=\"-1\"><img loading=\"lazy\" decoding=\"async\" width=\"300\" height=\"300\" src=\"https:\/\/cmsdental.com\/wp-content\/uploads\/2025\/03\/rootcanal.png\" class=\"attachment-full size-full wp-image-78\" alt=\"\" srcset=\"https:\/\/cmsdental.com\/wp-content\/uploads\/2025\/03\/rootcanal.png 300w, https:\/\/cmsdental.com\/wp-content\/uploads\/2025\/03\/rootcanal-150x150.png 150w\" sizes=\"(max-width: 300px) 100vw, 300px\" \/><\/a><\/figure><div class=\"elementor-image-box-content\"><h3 class=\"elementor-image-box-title\"><a href=\"https:\/\/cmsdental.com\/da\/patienter\/rodfyldning\/\">Rodfyldning<\/a><\/h3><p class=\"elementor-image-box-description\">Op mod halvdelen af voksne danskere sk\u00f8nnes at g\u00e5 rundt med en uopdaget rodbet\u00e6ndelse.<\/p><\/div><\/div>\t\t\t\t<\/div>\n\t\t\t\t<\/div>\n\t\t\t\t<div class=\"elementor-element elementor-element-9af5a51 elementor-align-center elementor-widget elementor-widget-button\" data-id=\"9af5a51\" data-element_type=\"widget\" data-e-type=\"widget\" data-widget_type=\"button.default\">\n\t\t\t\t<div class=\"elementor-widget-container\">\n\t\t\t\t\t\t\t\t\t<div class=\"elementor-button-wrapper\">\n\t\t\t\t\t<a class=\"elementor-button elementor-button-link elementor-size-sm\" href=\"https:\/\/cmsdental.com\/da\/patienter\/rodfyldning\/\">\n\t\t\t\t\t\t<span class=\"elementor-button-content-wrapper\">\n\t\t\t\t\t\t\t\t\t<span class=\"elementor-button-text\">L\u00e6s mere<\/span>\n\t\t\t\t\t<\/span>\n\t\t\t\t\t<\/a>\n\t\t\t\t<\/div>\n\t\t\t\t\t\t\t\t<\/div>\n\t\t\t\t<\/div>\n\t\t\t\t<\/div>\n\t\t<div class=\"elementor-element elementor-element-5f1ccfe e-con-full e-flex e-con e-child\" data-id=\"5f1ccfe\" data-element_type=\"container\" data-e-type=\"container\">\n\t\t\t\t<div class=\"elementor-element elementor-element-bd02b9e elementor-position-top elementor-widget elementor-widget-image-box\" data-id=\"bd02b9e\" data-element_type=\"widget\" data-e-type=\"widget\" data-widget_type=\"image-box.default\">\n\t\t\t\t<div class=\"elementor-widget-container\">\n\t\t\t\t\t<div class=\"elementor-image-box-wrapper\"><figure class=\"elementor-image-box-img\"><a href=\"https:\/\/cmsdental.com\/da\/patienter\/daarlig-aande\/\" tabindex=\"-1\"><img loading=\"lazy\" decoding=\"async\" width=\"300\" height=\"300\" src=\"https:\/\/cmsdental.com\/wp-content\/uploads\/2025\/03\/badbreath.png\" class=\"attachment-full size-full wp-image-79\" alt=\"\" srcset=\"https:\/\/cmsdental.com\/wp-content\/uploads\/2025\/03\/badbreath.png 300w, https:\/\/cmsdental.com\/wp-content\/uploads\/2025\/03\/badbreath-150x150.png 150w\" sizes=\"(max-width: 300px) 100vw, 300px\" \/><\/a><\/figure><div class=\"elementor-image-box-content\"><h3 class=\"elementor-image-box-title\"><a href=\"https:\/\/cmsdental.com\/da\/patienter\/daarlig-aande\/\">D\u00e5rlig \u00e5nde<\/a><\/h3><p class=\"elementor-image-box-description\">85 % af tilf\u00e6ldene af vedvarende d\u00e5rlig \u00e5nde stammer fra mundhulen.\n\n<\/p><\/div><\/div>\t\t\t\t<\/div>\n\t\t\t\t<\/div>\n\t\t\t\t<div class=\"elementor-element elementor-element-23d1ab8 elementor-align-center elementor-widget elementor-widget-button\" data-id=\"23d1ab8\" data-element_type=\"widget\" data-e-type=\"widget\" data-widget_type=\"button.default\">\n\t\t\t\t<div class=\"elementor-widget-container\">\n\t\t\t\t\t\t\t\t\t<div class=\"elementor-button-wrapper\">\n\t\t\t\t\t<a class=\"elementor-button elementor-button-link elementor-size-sm\" href=\"https:\/\/cmsdental.com\/da\/patienter\/daarlig-aande\/\">\n\t\t\t\t\t\t<span class=\"elementor-button-content-wrapper\">\n\t\t\t\t\t\t\t\t\t<span class=\"elementor-button-text\">L\u00e6s mere<\/span>\n\t\t\t\t\t<\/span>\n\t\t\t\t\t<\/a>\n\t\t\t\t<\/div>\n\t\t\t\t\t\t\t\t<\/div>\n\t\t\t\t<\/div>\n\t\t\t\t<\/div>\n\t\t\t\t\t<\/div>\n\t\t\t\t<\/div>\n\t\t\t\t<\/div>\n\t\t<div class=\"elementor-element elementor-element-a3b16c1 e-flex e-con-boxed e-con e-parent\" data-id=\"a3b16c1\" data-element_type=\"container\" data-e-type=\"container\">\n\t\t\t\t\t<div class=\"e-con-inner\">\n\t\t\t\t<div class=\"elementor-element elementor-element-ff7250c elementor-widget elementor-widget-image\" data-id=\"ff7250c\" data-element_type=\"widget\" data-e-type=\"widget\" data-widget_type=\"image.default\">\n\t\t\t\t<div class=\"elementor-widget-container\">\n\t\t\t\t\t\t\t\t\t\t\t\t\t\t\t<img loading=\"lazy\" decoding=\"async\" width=\"194\" height=\"194\" src=\"https:\/\/cmsdental.com\/wp-content\/uploads\/2025\/03\/certificeret-cmsdental.png\" class=\"attachment-large size-large wp-image-470\" alt=\"\" srcset=\"https:\/\/cmsdental.com\/wp-content\/uploads\/2025\/03\/certificeret-cmsdental.png 194w, https:\/\/cmsdental.com\/wp-content\/uploads\/2025\/03\/certificeret-cmsdental-150x150.png 150w\" sizes=\"(max-width: 194px) 100vw, 194px\" \/>\t\t\t\t\t\t\t\t\t\t\t\t\t\t\t<\/div>\n\t\t\t\t<\/div>\n\t\t\t\t<div class=\"elementor-element elementor-element-3afdde5 elementor-widget__width-initial elementor-widget-mobile__width-inherit elementor-widget elementor-widget-text-editor\" data-id=\"3afdde5\" data-element_type=\"widget\" data-e-type=\"widget\" data-widget_type=\"text-editor.default\">\n\t\t\t\t<div class=\"elementor-widget-container\">\n\t\t\t\t\t\t\t\t\t<p>CMS Dental A\/S er certificeret i overensstemmelse med <strong>ISO 13485:2016<\/strong> og <strong>\u00a739 godkendt GMP autorisation.<\/strong> Virksomhedens produkter er <strong>CE-m\u00e6rkede.<\/strong><\/p>\t\t\t\t\t\t\t\t<\/div>\n\t\t\t\t<\/div>\n\t\t\t\t\t<\/div>\n\t\t\t\t<\/div>\n\t\t\t\t<\/div>\n\t\t","protected":false},"excerpt":{"rendered":"<p>Hjem Patienter Sund mund Sund krop Hvorfor f\u00e5r vi problemer med mundhulen? Der er flere faktorer, der spiller ind, n\u00e5r vi f\u00e5r problemer med mundhulen. Det er velkendt at en god mundhygiejne og en forebyggende indsats er afg\u00f8rende for, hvorvidt vi f\u00e5r en sygdomstilstand i mundhulen. F\u00e6rre ved, at det ikke den eneste faktor, der [&hellip;]<\/p>\n","protected":false},"author":1,"featured_media":0,"parent":0,"menu_order":0,"comment_status":"closed","ping_status":"closed","template":"elementor_header_footer","meta":{"footnotes":""},"class_list":["post-732","page","type-page","status-publish","hentry"],"_links":{"self":[{"href":"https:\/\/cmsdental.com\/da\/wp-json\/wp\/v2\/pages\/732","targetHints":{"allow":["GET"]}}],"collection":[{"href":"https:\/\/cmsdental.com\/da\/wp-json\/wp\/v2\/pages"}],"about":[{"href":"https:\/\/cmsdental.com\/da\/wp-json\/wp\/v2\/types\/page"}],"author":[{"embeddable":true,"href":"https:\/\/cmsdental.com\/da\/wp-json\/wp\/v2\/users\/1"}],"replies":[{"embeddable":true,"href":"https:\/\/cmsdental.com\/da\/wp-json\/wp\/v2\/comments?post=732"}],"version-history":[{"count":8,"href":"https:\/\/cmsdental.com\/da\/wp-json\/wp\/v2\/pages\/732\/revisions"}],"predecessor-version":[{"id":906,"href":"https:\/\/cmsdental.com\/da\/wp-json\/wp\/v2\/pages\/732\/revisions\/906"}],"wp:attachment":[{"href":"https:\/\/cmsdental.com\/da\/wp-json\/wp\/v2\/media?parent=732"}],"curies":[{"name":"wp","href":"https:\/\/api.w.org\/{rel}","templated":true}]}}