{"id":722,"date":"2025-03-10T23:10:28","date_gmt":"2025-03-10T23:10:28","guid":{"rendered":"https:\/\/cms-dental.msnordic.com\/tandlaeger\/endodonti\/"},"modified":"2025-09-25T07:49:22","modified_gmt":"2025-09-25T07:49:22","slug":"endodonti","status":"publish","type":"page","link":"https:\/\/cmsdental.com\/da\/tandlaeger\/endodonti\/","title":{"rendered":"Endodonti"},"content":{"rendered":"<ul>\n<li>\n\t\t\t\t\t\t\t\t\t\tHjem\n\t\t\t\t\t\t\t\t\t<\/li>\n<li>\n\t\t\t\t\t\t\t\t\t\t\t<a href=\"https:\/\/cmsdental.com\/index.php\/dentists\/\"><br \/>\n\t\t\t\t\t\t\t\t\t\tTandl\u00e6ger<br \/>\n\t\t\t\t\t\t\t\t\t\t\t<\/a>\n\t\t\t\t\t\t\t\t\t<\/li>\n<li>\n\t\t\t\t\t\t\t\t\t\tEndodonti\n\t\t\t\t\t\t\t\t\t<\/li>\n<\/ul>\n<h2>Endodonti<\/h2>\n<h2>Der er kommet mere fokus p\u00e5, hvor vigtigt det er for den generelle sundhedstilstand, at vi bevarer vores naturlige tands\u00e6t og derfor er endodonti et speciale, som har h\u00f8j prioritet.<\/h2>\n<p>Det er \u00e5benbart, at tandtab \u00e6ndrer b\u00e5de patientens strukturelle og funktionelle forhold i k\u00e6ben og det har ogs\u00e5 en kosmetisk effekt, n\u00e5r patienterne mister t\u00e6nder. Tab af en tand p\u00e5virker det omgivende v\u00e6v, der ikke l\u00e6ngere skal forsyne en tandrod med blod og ilt og derved sker der som en f\u00f8lgevirkning, tab af knoglesubstans i det omgivende v\u00e6v. En rodfyldning bliver lavet for at bevare en tand. <\/p>\n<p>Endodontisk behandling udf\u00f8res af praktiserende tandl\u00e6ger og specialister, n\u00e5r pulpa er beskadiget p\u00e5 den ene eller anden m\u00e5de, som f\u00f8lge af infektion eller traumer. Det kan v\u00e6re direkte traumer eller indirekte f\u00f8lger af skader p\u00e5 det periradikul\u00e6re v\u00e6v. <\/p>\n<p>Endodontisk behandling kan v\u00e6re kirurgisk eller ikke kirurgisk.<\/p>\n<h2>Den ikke-kirurgiske behandling har f\u00f8lgende form\u00e5l:<\/h2>\n<p><strong>1.<\/strong><br \/>At udrense rodkanalen, s\u00e5 den er s\u00e5 ren som muligt uden bakteriel indtr\u00e6ngen.<\/p>\n<p><strong>2.<\/strong><br \/>Forsegle rodkanalen ved apex, s\u00e5 der ikke sker indtr\u00e6ngen af v\u00e6ske fra det omgivende v\u00e6v og der ikke er materiale fra rodforseglingen, der siver ud i det periapikale v\u00e6v.<\/p>\n<p><strong>3.<\/strong><br \/>Fylde rodkanalen med et egnet og afpr\u00f8vet rodfyldningsmateriale.<\/p>\n<p><strong>4.<\/strong><\/p>\n<p>Lave en koronal forsegling, som beskytter rodkanalen fra at blive kontamineret med saliva og mikroorganismer fra mundhulen.<\/p>\n<p>Kriteriet for at opn\u00e5 en tilfredsstillende endodontisk behandling er at opn\u00e5 en ren rodkanal fri for v\u00e6vsrester og bakterier, s\u00e5 rodkanalen kan blive formet og forberedt til at blive fyldt med et egnet rodfyldningsmateriale. Rodfyldningen skal opfylde kriterier, som giver en t\u00e6t forsegling af apex, t\u00e6t fyldning af rodkanalen og en t\u00e6t forsegling koronalt. <\/p>\n<p>L\u00e6s mere om vores to rodfyldningssystemer SoftCore\u00ae og OneStep\u00ae<\/p>\n<p>\t\t\t\t\t<a href=\"https:\/\/cmsdental.com\/da\/produkter\/softcore\/\"><br \/>\n\t\t\t\t\t\t\t\t\tSoftCore\u00ae<br \/>\n\t\t\t\t\t<\/a><br \/>\n\t\t\t\t\t<a href=\"https:\/\/cmsdental.com\/da\/produkter\/onestep\/\"><br \/>\n\t\t\t\t\t\t\t\t\tOneStep\u00ae<br \/>\n\t\t\t\t\t<\/a><\/p>\n<h2>N\u00e5r en endodontisk behandling ikke lykkes eller ikke holder, skyldes det som oftest:<br \/>\n<\/h2>\n<p><strong>1.<\/strong><br \/>At rodkanalen ikke er tilstr\u00e6kkeligt udrenset og der resterer v\u00e6vsrester og\/eller mikroorganismer i kanalen.<\/p>\n<p><strong>2.<\/strong>\u200b\u200b\u200b\u200b\u200b\u200b<br \/>At rodkanalen ikke er tilstr\u00e6kkeligt forseglet, s\u00e5 mikroorganismer kan tr\u00e6nge ind.<\/p>\n<p><strong>3.<\/strong><br \/>At rodfyldningsmaterialet ikke fylder kanalen tilstr\u00e6kkeligt ud imod kanalv\u00e6gge og i sidekanaler.<\/p>\n<p><strong>4.<\/strong><br \/>At rodkanaler er blevet overset og ikke fyldt.<\/p>\n<p><strong>5.<\/strong><br \/>At der er overskydende rodfyldningsmateriale, der er penetreret ud i det periapikale v\u00e6v.<\/p>\n<p>En af de v\u00e6sentligste \u00e5rsager til en forfejlet rodbehandling er tilstedev\u00e6relsen af mikroorganismer i rodkanalen. Bakteriernes betydning for en periradikul\u00e6r infektion er veldokumenteret I litteraturen og det er velkendt, at der er forh\u00f8jet risiko for en sekund\u00e6r infektion i rodkanalen, hvis der er bakterier i sidekanalerne, n\u00e5r tanden rodfyldes. Det er n\u00e6sten umuligt at eliminere alle bakterier i isthmus og dentin tubuli med desinficerende midler alene, da produkterne ikke kan tr\u00e6nge ind alle vegne.  <\/p>\n<p>\t\t\t\t\t\t\t\t\t\t\t\t\t\t\t<img fetchpriority=\"high\" decoding=\"async\" width=\"800\" height=\"600\" src=\"https:\/\/cmsdental.com\/wp-content\/uploads\/2025\/03\/Tandrodognerve.jpg\" alt=\"\" srcset=\"https:\/\/cmsdental.com\/wp-content\/uploads\/2025\/03\/Tandrodognerve.jpg 800w, https:\/\/cmsdental.com\/wp-content\/uploads\/2025\/03\/Tandrodognerve-300x225.jpg 300w, https:\/\/cmsdental.com\/wp-content\/uploads\/2025\/03\/Tandrodognerve-768x576.jpg 768w\" sizes=\"(max-width: 800px) 100vw, 800px\" \/>\t\t\t\t\t\t\t\t\t\t\t\t\t\t\t<\/p>\n<h2>CMS Dental startede i 1990\u2019erne med at producere endoprodukterne<br \/>\n<\/h2>\n<p>Soft-Core\u00ae Endodontic Obturator<br \/>One-Step Obturator\u2122<\/p>\n<p>Al udvikling og produktion af de to patenterede rodfyldningsprodukter er sket i samarbejde med Teknologisk Institut i Danmark. CMS Dental har specialiseret sig i fremstilling af pr\u00e6cisionsprodukter til rodfyldning. Alt produceres p\u00e5 egen fabrik i Glyng\u00f8re.  <\/p>\n<p>Historien begynder med Soft-Core, som blev udviklet og markedsf\u00f8rt i 1996 og senere blev One-Step tilf\u00f8jet.<\/p>\n<p>\t\t\t\t\t<a href=\"https:\/\/cmsdental.com\/da\/produkter\/onestep\/\"><br \/>\n\t\t\t\t\t\t\t\t\tL\u00e6s mere om One-Step<br \/>\n\t\t\t\t\t<\/a><br \/>\n\t\t\t\t\t\t\t\t\t\t\t\t\t\t\t<img decoding=\"async\" width=\"800\" height=\"600\" src=\"https:\/\/cmsdental.com\/wp-content\/uploads\/2025\/03\/Kvindertappergummi.jpg\" alt=\"\" srcset=\"https:\/\/cmsdental.com\/wp-content\/uploads\/2025\/03\/Kvindertappergummi.jpg 800w, https:\/\/cmsdental.com\/wp-content\/uploads\/2025\/03\/Kvindertappergummi-300x225.jpg 300w, https:\/\/cmsdental.com\/wp-content\/uploads\/2025\/03\/Kvindertappergummi-768x576.jpg 768w\" sizes=\"(max-width: 800px) 100vw, 800px\" \/>\t\t\t\t\t\t\t\t\t\t\t\t\t\t\t<\/p>\n<h2>FAKTA<br \/>\n<\/h2>\n<p>I mere end 25 \u00e5r har CMS Dental produceret dental-obturatorer.<\/p>\n<p>CMS Dental benytter som de enesete i verden natur Gutta Percha til sine rodfyldningsprodukter.<\/p>\n<p>Natur Gutta Percha er den r\u00e5vare, der er godkendt til brug for rodfyldning af t\u00e6nder og den har vist sig at v\u00e6re det optimale materiale til rodfyldning.<\/p>\n<p>Natur Gutta Percha har v\u00e6ret benyttet i mere end 100 \u00e5r til rodfyldning af t\u00e6nder.<\/p>\n<p>Hvert \u00e5r udf\u00f8res der 1 million rodfyldninger med Soft-Core p\u00e5 verdensplan.<\/p>\n<p>\t\t\t\t\t<a href=\"https:\/\/cmsdental.com\/da\/produkter\/softcore\/\"><br \/>\n\t\t\t\t\t\t\t\t\tL\u00e6s mere om SoftCore\u00ae<br \/>\n\t\t\t\t\t<\/a><br \/>\n\t\t\t\t\t\t\t\t\t\t\t\t\t\t\t<img decoding=\"async\" width=\"800\" height=\"600\" src=\"https:\/\/cmsdental.com\/wp-content\/uploads\/2025\/03\/RodfyldningWEB.jpg\" alt=\"\" srcset=\"https:\/\/cmsdental.com\/wp-content\/uploads\/2025\/03\/RodfyldningWEB.jpg 800w, https:\/\/cmsdental.com\/wp-content\/uploads\/2025\/03\/RodfyldningWEB-300x225.jpg 300w, https:\/\/cmsdental.com\/wp-content\/uploads\/2025\/03\/RodfyldningWEB-768x576.jpg 768w\" sizes=\"(max-width: 800px) 100vw, 800px\" \/>\t\t\t\t\t\t\t\t\t\t\t\t\t\t\t<\/p>\n<h2>Vigtig info om rodfyldning<br \/>\n<\/h2>\n<p>F\u00f8r man rodfylder en tand skal man v\u00e6re sikker p\u00e5, at rodkanalen er fri for bakterier.<\/p>\n<p>CMS Dental har derfor udviklet et behandlingskoncept til at eliminere bakterier i rodkanalen, det kaldes LAD (Light activated desinfection), og best\u00e5r af en lyskilde og en fotosensitizer. Lyset aktiverer fotosensitizeren, som udvikler reaktivt oxygen, der p\u00e5 millisekunder dr\u00e6ber mikrober i rodkanalen. Hvor lyset kan tr\u00e6nge ind og aktivere fotosensitizeren, er metoden s\u00e6rdeles effektiv og uden bivirkninger.  <\/p>\n<p>\t\t\t\t\t<a href=\"https:\/\/cmsdental.com\/da\/produkter\/flashmax-p7\/\"><br \/>\n\t\t\t\t\t\t\t\t\tL\u00e6s mere om FlashMaxP7<br \/>\n\t\t\t\t\t<\/a><\/p>\n","protected":false},"excerpt":{"rendered":"<p>Hjem Tandl\u00e6ger Endodonti Endodonti Der er kommet mere fokus p\u00e5, hvor vigtigt det er for den generelle sundhedstilstand, at vi bevarer vores naturlige tands\u00e6t og derfor er endodonti et speciale, som har h\u00f8j prioritet. Det er \u00e5benbart, at tandtab \u00e6ndrer b\u00e5de patientens strukturelle og funktionelle forhold i k\u00e6ben og det har ogs\u00e5 en kosmetisk effekt, [&hellip;]<\/p>\n","protected":false},"author":1,"featured_media":0,"parent":701,"menu_order":0,"comment_status":"closed","ping_status":"closed","template":"elementor_header_footer","meta":{"footnotes":""},"class_list":["post-722","page","type-page","status-publish","hentry"],"_links":{"self":[{"href":"https:\/\/cmsdental.com\/da\/wp-json\/wp\/v2\/pages\/722","targetHints":{"allow":["GET"]}}],"collection":[{"href":"https:\/\/cmsdental.com\/da\/wp-json\/wp\/v2\/pages"}],"about":[{"href":"https:\/\/cmsdental.com\/da\/wp-json\/wp\/v2\/types\/page"}],"author":[{"embeddable":true,"href":"https:\/\/cmsdental.com\/da\/wp-json\/wp\/v2\/users\/1"}],"replies":[{"embeddable":true,"href":"https:\/\/cmsdental.com\/da\/wp-json\/wp\/v2\/comments?post=722"}],"version-history":[{"count":6,"href":"https:\/\/cmsdental.com\/da\/wp-json\/wp\/v2\/pages\/722\/revisions"}],"predecessor-version":[{"id":897,"href":"https:\/\/cmsdental.com\/da\/wp-json\/wp\/v2\/pages\/722\/revisions\/897"}],"up":[{"embeddable":true,"href":"https:\/\/cmsdental.com\/da\/wp-json\/wp\/v2\/pages\/701"}],"wp:attachment":[{"href":"https:\/\/cmsdental.com\/da\/wp-json\/wp\/v2\/media?parent=722"}],"curies":[{"name":"wp","href":"https:\/\/api.w.org\/{rel}","templated":true}]}}