{"id":720,"date":"2025-03-10T22:52:08","date_gmt":"2025-03-10T22:52:08","guid":{"rendered":"https:\/\/cms-dental.msnordic.com\/tandlaeger\/biofilmkontrol-i-mundhulen\/det-orale-mikrobiom\/"},"modified":"2025-09-25T07:49:22","modified_gmt":"2025-09-25T07:49:22","slug":"orale-mikrobiom","status":"publish","type":"page","link":"https:\/\/cmsdental.com\/da\/tandlaeger\/biofilm-kontrol\/orale-mikrobiom\/","title":{"rendered":"Det orale mikrobiom"},"content":{"rendered":"\t\t<div data-elementor-type=\"wp-page\" data-elementor-id=\"720\" class=\"elementor elementor-720 elementor-187\" data-elementor-post-type=\"page\">\n\t\t\t\t<div class=\"elementor-element elementor-element-ead580f e-flex e-con-boxed e-con e-parent\" data-id=\"ead580f\" data-element_type=\"container\" data-e-type=\"container\" data-settings=\"{&quot;background_background&quot;:&quot;classic&quot;}\">\n\t\t\t\t\t<div class=\"e-con-inner\">\n\t\t\t\t<div class=\"elementor-element elementor-element-e941fab elementor-icon-list--layout-inline elementor-list-item-link-full_width elementor-widget elementor-widget-icon-list\" data-id=\"e941fab\" data-element_type=\"widget\" data-e-type=\"widget\" data-widget_type=\"icon-list.default\">\n\t\t\t\t<div class=\"elementor-widget-container\">\n\t\t\t\t\t\t\t<ul class=\"elementor-icon-list-items elementor-inline-items\">\n\t\t\t\t\t\t\t<li class=\"elementor-icon-list-item elementor-inline-item\">\n\t\t\t\t\t\t\t\t\t\t\t<a href=\"https:\/\/cmsdental.com\/da\/\">\n\n\t\t\t\t\t\t\t\t\t\t\t<span class=\"elementor-icon-list-text\">Hjem<\/span>\n\t\t\t\t\t\t\t\t\t\t\t<\/a>\n\t\t\t\t\t\t\t\t\t<\/li>\n\t\t\t\t\t\t\t\t<li class=\"elementor-icon-list-item elementor-inline-item\">\n\t\t\t\t\t\t\t\t\t\t\t<a href=\"https:\/\/cmsdental.com\/index.php\/dentists\/\">\n\n\t\t\t\t\t\t\t\t\t\t\t\t<span class=\"elementor-icon-list-icon\">\n\t\t\t\t\t\t\t<i aria-hidden=\"true\" class=\"fas fa-chevron-right\"><\/i>\t\t\t\t\t\t<\/span>\n\t\t\t\t\t\t\t\t\t\t<span class=\"elementor-icon-list-text\">Tandl\u00e6ger<\/span>\n\t\t\t\t\t\t\t\t\t\t\t<\/a>\n\t\t\t\t\t\t\t\t\t<\/li>\n\t\t\t\t\t\t\t\t<li class=\"elementor-icon-list-item elementor-inline-item\">\n\t\t\t\t\t\t\t\t\t\t\t<a href=\"https:\/\/cmsdental.com\/index.php\/dentists\/biofilm-control\/\">\n\n\t\t\t\t\t\t\t\t\t\t\t\t<span class=\"elementor-icon-list-icon\">\n\t\t\t\t\t\t\t<i aria-hidden=\"true\" class=\"fas fa-chevron-right\"><\/i>\t\t\t\t\t\t<\/span>\n\t\t\t\t\t\t\t\t\t\t<span class=\"elementor-icon-list-text\">Biofilmkontrol<\/span>\n\t\t\t\t\t\t\t\t\t\t\t<\/a>\n\t\t\t\t\t\t\t\t\t<\/li>\n\t\t\t\t\t\t\t\t<li class=\"elementor-icon-list-item elementor-inline-item\">\n\t\t\t\t\t\t\t\t\t\t\t<span class=\"elementor-icon-list-icon\">\n\t\t\t\t\t\t\t<i aria-hidden=\"true\" class=\"fas fa-chevron-right\"><\/i>\t\t\t\t\t\t<\/span>\n\t\t\t\t\t\t\t\t\t\t<span class=\"elementor-icon-list-text\">Det orale mikrobiom<\/span>\n\t\t\t\t\t\t\t\t\t<\/li>\n\t\t\t\t\t\t<\/ul>\n\t\t\t\t\t\t<\/div>\n\t\t\t\t<\/div>\n\t\t\t\t\t<\/div>\n\t\t\t\t<\/div>\n\t\t<div class=\"elementor-element elementor-element-2120ec3 e-flex e-con-boxed e-con e-parent\" data-id=\"2120ec3\" data-element_type=\"container\" data-e-type=\"container\" data-settings=\"{&quot;background_background&quot;:&quot;classic&quot;}\">\n\t\t\t\t\t<div class=\"e-con-inner\">\n\t\t<div class=\"elementor-element elementor-element-453f7de e-con-full e-flex e-con e-child\" data-id=\"453f7de\" data-element_type=\"container\" data-e-type=\"container\" data-settings=\"{&quot;background_background&quot;:&quot;classic&quot;}\">\n\t\t\t\t<div class=\"elementor-element elementor-element-aeb2d59 elementor-widget elementor-widget-heading\" data-id=\"aeb2d59\" data-element_type=\"widget\" data-e-type=\"widget\" data-widget_type=\"heading.default\">\n\t\t\t\t<div class=\"elementor-widget-container\">\n\t\t\t\t\t<h2 class=\"elementor-heading-title elementor-size-default\">Det orale mikrobiom<\/h2>\t\t\t\t<\/div>\n\t\t\t\t<\/div>\n\t\t\t\t<div class=\"elementor-element elementor-element-4860494 elementor-widget elementor-widget-text-editor\" data-id=\"4860494\" data-element_type=\"widget\" data-e-type=\"widget\" data-widget_type=\"text-editor.default\">\n\t\t\t\t<div class=\"elementor-widget-container\">\n\t\t\t\t\t\t\t\t\t<p class=\"lead\">Mikrobiomet er den samlede m\u00e6ngde fremmed DNA\/RNA i vores krop, defineret ved at v\u00e6re det \u00f8kologiske samfund af mikroorganismer, der deler en organismes indre og ydre rum.<\/p><p>Det best\u00e5r af tre typer af mikroorganismer:<\/p><p>1. kommensaler (mikroorganismer, der ikke skader eller p\u00e5virker v\u00e6rten).<br>2. symbiotiske mikroorganismer (mikroorganismer, der er til gavn for v\u00e6rten).<br>3. patogene mikroorganismer (mikroorganismer, der skader v\u00e6rten).<\/p>\t\t\t\t\t\t\t\t<\/div>\n\t\t\t\t<\/div>\n\t\t\t\t<\/div>\n\t\t<div class=\"elementor-element elementor-element-de1c6e7 e-con-full e-flex e-con e-child\" data-id=\"de1c6e7\" data-element_type=\"container\" data-e-type=\"container\" data-settings=\"{&quot;background_background&quot;:&quot;classic&quot;}\">\n\t\t\t\t<\/div>\n\t\t\t\t\t<\/div>\n\t\t\t\t<\/div>\n\t\t<div class=\"elementor-element elementor-element-1b855ba e-flex e-con-boxed e-con e-parent\" data-id=\"1b855ba\" data-element_type=\"container\" data-e-type=\"container\">\n\t\t\t\t\t<div class=\"e-con-inner\">\n\t\t\t\t<div class=\"elementor-element elementor-element-cc645d8 elementor-widget elementor-widget-heading\" data-id=\"cc645d8\" data-element_type=\"widget\" data-e-type=\"widget\" data-widget_type=\"heading.default\">\n\t\t\t\t<div class=\"elementor-widget-container\">\n\t\t\t\t\t<h2 class=\"elementor-heading-title elementor-size-default\">Hvad er biofilm egentlig?\n<\/h2>\t\t\t\t<\/div>\n\t\t\t\t<\/div>\n\t\t\t\t<div class=\"elementor-element elementor-element-8efc4eb elementor-widget elementor-widget-text-editor\" data-id=\"8efc4eb\" data-element_type=\"widget\" data-e-type=\"widget\" data-widget_type=\"text-editor.default\">\n\t\t\t\t<div class=\"elementor-widget-container\">\n\t\t\t\t\t\t\t\t\t<p>Det orale mikrobiom er den del, der er lokaliseret i mundhulen.<\/p><p>Vi ved, at mikrobiomet er involveret i sygdomsudviklingen af stort set alle kroniske sygdomme, lige fra tarmsygdomme, som Mb.Crohn, Colitis Ulcerosa til degenerative lidelser som Alzheimers.<\/p><p>Tilsvarende ved vi, at det orale mikrobiom er involveret i udviklingen af stort set alle mundhulelidelser.<\/p><p>Der er op til ca. 1.500 forskellige bakteriestammer i tarmsystemet, fordelt over 8-9 meter tarm, mens der i mundhulen findes op til 700 forskellige stammer fordelt over mindre end 20 cm v\u00e6vsoverflade. Biodiversiteten pr. areal er alts\u00e5 omkring 25 gange h\u00f8jere i mundhulen, end i tarmen, hvilket er imponerende. Der er nok en mening med, at der er s\u00e5 stor en diversitet af bakterier i mundhulen svarende til areal sammenlignet med tarmen.  <\/p><p>Der er op til ca. 1.500 forskellige bakteriestammer i tarmsystemet, fordelt over 8-9 meter tarm, mens der i mundhulen findes op til 700 forskellige stammer fordelt over mindre end 20 cm v\u00e6vsoverflade.<\/p><p>Biodiversiteten pr. areal er alts\u00e5 omkring 25 gange h\u00f8jere i mundhulen, end i tarmen, hvilket er imponerende. Der er nok en mening med, at der er s\u00e5 stor en diversitet af bakterier i mundhulen svarende til areal sammenlignet med tarmen. <\/p><p>Det er vel v\u00e6rd at bem\u00e6rke, at samtidig med denne forskel, s\u00e5 er de blivende t\u00e6nder ogs\u00e5 den eneste del af vores krops overflade, der ikke konstant udskiftes. Det giver selvf\u00f8lgelige nogle helt unikke nicheforhold for udvikling af biofilm. Som i alle andre sammenh\u00e6nge er det netop gr\u00e6nsefladerne mellem de h\u00e5rde og de bl\u00f8de overflader, der udg\u00f8r et s\u00e6rligt problem. V\u00e6sentlig er det ogs\u00e5, at mundhulen er indgangsporten for alle n\u00e6ringsstoffer til kroppen og bakterierne. Det viser helt klart, at mundhulen er yderst interessant for at forst\u00e5 den komplicerede sammenh\u00e6ng, der er mellem det fremmede DNA og vores immunsystem. En balance, som i sidste ende afg\u00f8r vores helbredstilstand.     <\/p>\t\t\t\t\t\t\t\t<\/div>\n\t\t\t\t<\/div>\n\t\t\t\t<div class=\"elementor-element elementor-element-029848b elementor-align-center elementor-widget elementor-widget-button\" data-id=\"029848b\" data-element_type=\"widget\" data-e-type=\"widget\" data-widget_type=\"button.default\">\n\t\t\t\t<div class=\"elementor-widget-container\">\n\t\t\t\t\t\t\t\t\t<div class=\"elementor-button-wrapper\">\n\t\t\t\t\t<a class=\"elementor-button elementor-button-link elementor-size-sm\" href=\"https:\/\/cmsdental.com\/da\/tandlaeger\/biofilm-kontrol\/\">\n\t\t\t\t\t\t<span class=\"elementor-button-content-wrapper\">\n\t\t\t\t\t\t\t\t\t<span class=\"elementor-button-text\">L\u00e6s mere om biofilmen<\/span>\n\t\t\t\t\t<\/span>\n\t\t\t\t\t<\/a>\n\t\t\t\t<\/div>\n\t\t\t\t\t\t\t\t<\/div>\n\t\t\t\t<\/div>\n\t\t\t\t\t<\/div>\n\t\t\t\t<\/div>\n\t\t\t\t<\/div>\n\t\t","protected":false},"excerpt":{"rendered":"<p>Hjem Tandl\u00e6ger Biofilmkontrol Det orale mikrobiom Det orale mikrobiom Mikrobiomet er den samlede m\u00e6ngde fremmed DNA\/RNA i vores krop, defineret ved at v\u00e6re det \u00f8kologiske samfund af mikroorganismer, der deler en organismes indre og ydre rum. Det best\u00e5r af tre typer af mikroorganismer: 1. kommensaler (mikroorganismer, der ikke skader eller p\u00e5virker v\u00e6rten).2. symbiotiske mikroorganismer (mikroorganismer, [&hellip;]<\/p>\n","protected":false},"author":1,"featured_media":0,"parent":703,"menu_order":0,"comment_status":"closed","ping_status":"closed","template":"elementor_header_footer","meta":{"footnotes":""},"class_list":["post-720","page","type-page","status-publish","hentry"],"_links":{"self":[{"href":"https:\/\/cmsdental.com\/da\/wp-json\/wp\/v2\/pages\/720","targetHints":{"allow":["GET"]}}],"collection":[{"href":"https:\/\/cmsdental.com\/da\/wp-json\/wp\/v2\/pages"}],"about":[{"href":"https:\/\/cmsdental.com\/da\/wp-json\/wp\/v2\/types\/page"}],"author":[{"embeddable":true,"href":"https:\/\/cmsdental.com\/da\/wp-json\/wp\/v2\/users\/1"}],"replies":[{"embeddable":true,"href":"https:\/\/cmsdental.com\/da\/wp-json\/wp\/v2\/comments?post=720"}],"version-history":[{"count":3,"href":"https:\/\/cmsdental.com\/da\/wp-json\/wp\/v2\/pages\/720\/revisions"}],"predecessor-version":[{"id":904,"href":"https:\/\/cmsdental.com\/da\/wp-json\/wp\/v2\/pages\/720\/revisions\/904"}],"up":[{"embeddable":true,"href":"https:\/\/cmsdental.com\/da\/wp-json\/wp\/v2\/pages\/703"}],"wp:attachment":[{"href":"https:\/\/cmsdental.com\/da\/wp-json\/wp\/v2\/media?parent=720"}],"curies":[{"name":"wp","href":"https:\/\/api.w.org\/{rel}","templated":true}]}}