{"id":715,"date":"2025-03-10T22:56:08","date_gmt":"2025-03-10T22:56:08","guid":{"rendered":"https:\/\/cms-dental.msnordic.com\/tandlaeger\/biofilmkontrol-i-mundhulen\/probiotika\/"},"modified":"2025-09-25T07:48:29","modified_gmt":"2025-09-25T07:48:29","slug":"probiotika","status":"publish","type":"page","link":"https:\/\/cmsdental.com\/da\/tandlaeger\/biofilm-kontrol\/probiotika\/","title":{"rendered":"Probiotika"},"content":{"rendered":"\t\t<div data-elementor-type=\"wp-page\" data-elementor-id=\"715\" class=\"elementor elementor-715 elementor-197\" data-elementor-post-type=\"page\">\n\t\t\t\t<div class=\"elementor-element elementor-element-833e34e e-flex e-con-boxed e-con e-parent\" data-id=\"833e34e\" data-element_type=\"container\" data-e-type=\"container\" data-settings=\"{&quot;background_background&quot;:&quot;classic&quot;}\">\n\t\t\t\t\t<div class=\"e-con-inner\">\n\t\t\t\t<div class=\"elementor-element elementor-element-b4facdd elementor-icon-list--layout-inline elementor-list-item-link-full_width elementor-widget elementor-widget-icon-list\" data-id=\"b4facdd\" data-element_type=\"widget\" data-e-type=\"widget\" data-widget_type=\"icon-list.default\">\n\t\t\t\t<div class=\"elementor-widget-container\">\n\t\t\t\t\t\t\t<ul class=\"elementor-icon-list-items elementor-inline-items\">\n\t\t\t\t\t\t\t<li class=\"elementor-icon-list-item elementor-inline-item\">\n\t\t\t\t\t\t\t\t\t\t\t<a href=\"https:\/\/cmsdental.com\/da\/\">\n\n\t\t\t\t\t\t\t\t\t\t\t<span class=\"elementor-icon-list-text\">Hjem<\/span>\n\t\t\t\t\t\t\t\t\t\t\t<\/a>\n\t\t\t\t\t\t\t\t\t<\/li>\n\t\t\t\t\t\t\t\t<li class=\"elementor-icon-list-item elementor-inline-item\">\n\t\t\t\t\t\t\t\t\t\t\t<a href=\"https:\/\/cmsdental.com\/index.php\/dentists\/\">\n\n\t\t\t\t\t\t\t\t\t\t\t\t<span class=\"elementor-icon-list-icon\">\n\t\t\t\t\t\t\t<i aria-hidden=\"true\" class=\"fas fa-chevron-right\"><\/i>\t\t\t\t\t\t<\/span>\n\t\t\t\t\t\t\t\t\t\t<span class=\"elementor-icon-list-text\">Tandl\u00e6ger<\/span>\n\t\t\t\t\t\t\t\t\t\t\t<\/a>\n\t\t\t\t\t\t\t\t\t<\/li>\n\t\t\t\t\t\t\t\t<li class=\"elementor-icon-list-item elementor-inline-item\">\n\t\t\t\t\t\t\t\t\t\t\t<a href=\"https:\/\/cmsdental.com\/index.php\/dentists\/biofilm-control\/\">\n\n\t\t\t\t\t\t\t\t\t\t\t\t<span class=\"elementor-icon-list-icon\">\n\t\t\t\t\t\t\t<i aria-hidden=\"true\" class=\"fas fa-chevron-right\"><\/i>\t\t\t\t\t\t<\/span>\n\t\t\t\t\t\t\t\t\t\t<span class=\"elementor-icon-list-text\">Biofilmkontrol<\/span>\n\t\t\t\t\t\t\t\t\t\t\t<\/a>\n\t\t\t\t\t\t\t\t\t<\/li>\n\t\t\t\t\t\t\t\t<li class=\"elementor-icon-list-item elementor-inline-item\">\n\t\t\t\t\t\t\t\t\t\t\t<span class=\"elementor-icon-list-icon\">\n\t\t\t\t\t\t\t<i aria-hidden=\"true\" class=\"fas fa-chevron-right\"><\/i>\t\t\t\t\t\t<\/span>\n\t\t\t\t\t\t\t\t\t\t<span class=\"elementor-icon-list-text\">Probiotika<\/span>\n\t\t\t\t\t\t\t\t\t<\/li>\n\t\t\t\t\t\t<\/ul>\n\t\t\t\t\t\t<\/div>\n\t\t\t\t<\/div>\n\t\t\t\t\t<\/div>\n\t\t\t\t<\/div>\n\t\t<div class=\"elementor-element elementor-element-007926f e-flex e-con-boxed e-con e-parent\" data-id=\"007926f\" data-element_type=\"container\" data-e-type=\"container\" data-settings=\"{&quot;background_background&quot;:&quot;classic&quot;}\">\n\t\t\t\t\t<div class=\"e-con-inner\">\n\t\t<div class=\"elementor-element elementor-element-4de7b9d e-con-full e-flex e-con e-child\" data-id=\"4de7b9d\" data-element_type=\"container\" data-e-type=\"container\" data-settings=\"{&quot;background_background&quot;:&quot;classic&quot;}\">\n\t\t\t\t<div class=\"elementor-element elementor-element-a273e9d elementor-widget elementor-widget-heading\" data-id=\"a273e9d\" data-element_type=\"widget\" data-e-type=\"widget\" data-widget_type=\"heading.default\">\n\t\t\t\t<div class=\"elementor-widget-container\">\n\t\t\t\t\t<h2 class=\"elementor-heading-title elementor-size-default\">Probiotika\n<\/h2>\t\t\t\t<\/div>\n\t\t\t\t<\/div>\n\t\t\t\t<div class=\"elementor-element elementor-element-7daff32 elementor-widget elementor-widget-text-editor\" data-id=\"7daff32\" data-element_type=\"widget\" data-e-type=\"widget\" data-widget_type=\"text-editor.default\">\n\t\t\t\t<div class=\"elementor-widget-container\">\n\t\t\t\t\t\t\t\t\t<p>Probiotika kommer fra gr\u00e6sk og betyder &#8220;for livet&#8221;. Betegnelsen d\u00e6kker over en r\u00e6kke mikroorganismer, som prim\u00e6rt best\u00e5r af m\u00e6lkesyre- og bifido-bakterier. <\/p><p>De till\u00e6gges sundhedsfremmende egenskaber, fordi de ved deres tilstedev\u00e6relse anses for at have en gavnlig indflydelse p\u00e5 den mikrobielle flora, det s\u00e5kaldte mikrobiom, og dermed p\u00e5 sammens\u00e6tningen af biofilmen. Det sker gennem et samspil med immunsystemet. <\/p>\t\t\t\t\t\t\t\t<\/div>\n\t\t\t\t<\/div>\n\t\t\t\t<\/div>\n\t\t<div class=\"elementor-element elementor-element-4276cd3 e-con-full e-flex e-con e-child\" data-id=\"4276cd3\" data-element_type=\"container\" data-e-type=\"container\" data-settings=\"{&quot;background_background&quot;:&quot;classic&quot;}\">\n\t\t\t\t<\/div>\n\t\t\t\t\t<\/div>\n\t\t\t\t<\/div>\n\t\t<div class=\"elementor-element elementor-element-e11c7d4 e-flex e-con-boxed e-con e-parent\" data-id=\"e11c7d4\" data-element_type=\"container\" data-e-type=\"container\">\n\t\t\t\t\t<div class=\"e-con-inner\">\n\t\t\t\t<div class=\"elementor-element elementor-element-2d78fbf elementor-widget elementor-widget-text-editor\" data-id=\"2d78fbf\" data-element_type=\"widget\" data-e-type=\"widget\" data-widget_type=\"text-editor.default\">\n\t\t\t\t<div class=\"elementor-widget-container\">\n\t\t\t\t\t\t\t\t\t<p>Immunsystemet stimulerer ofte via enten mundhulen eller tarmkanalen, hvor der er flest bakterier til stede. Selve form\u00e5let med en probiotika er at styrke biofilmen i mundhulen, eller alternativt at beskytte tandoverflader og slimhinder i mundhulen. <\/p><p>Der er vigtige egenskaber, som skal v\u00e6re til stede for et mundhule-probiotikum.<\/p><p>For at kunne g\u00f8re det, er de allervigtigste egenskaber for en probiotikastamme:<\/p><p>&#8211; At de valgte stammer kan overleve i mundhulen.<\/p><p>&#8211; At de valgte stammer kan f\u00e6stne sig p\u00e5 alle mundhulens forskellige overflader.<\/p><p>Dern\u00e6st skal de valgte stammer kunne danne biofilm samt indg\u00e5 i en biofilm. Bakteriestammerne er nemlig ikke isoleret \u2013 bortset fra i laboratorier! Bakterier lever frit i en kompleks struktur kaldet biofilm.  <\/p><p>Til geng\u00e6ld er der egenskaber, som vi ikke \u00f8nsker at potentielle probiotiske stammer skal have, de m\u00e5 ikke producere syre og de m\u00e5 ikke producere VSC (volatile svovlforbindelser).<\/p><p>Overordnet set, m\u00e5 de valgte stammer heller ikke indeholde gener for antibiotikaresistens. Det er ikke egenskaber, man \u00f8nsker at sprede mere end h\u00f8jst n\u00f8dvendigt. <\/p><p>Probiotika konkurrerer med de skadelige bakterier om plads i biofilm og de tilg\u00e6ngelige n\u00e6ringsstoffer. De skubber simpelthen de skadelige bakterier ud og spiser deres mad. <\/p><p>Dern\u00e6st afgiver probiotika lokale antibakterielle stoffer. \u00c5rsagen til det, er at, det er en del af de forskellige bakterier, som har konkurreret gennem hundredvis af millioner \u00e5r. Nogle af bakterierne har simpelthen udviklet mekanismer til at opn\u00e5 fordele i forhold til andre bakterier.  <\/p>\t\t\t\t\t\t\t\t<\/div>\n\t\t\t\t<\/div>\n\t\t\t\t\t<\/div>\n\t\t\t\t<\/div>\n\t\t<div class=\"elementor-element elementor-element-ffe029e e-flex e-con-boxed e-con e-parent\" data-id=\"ffe029e\" data-element_type=\"container\" data-e-type=\"container\">\n\t\t\t\t\t<div class=\"e-con-inner\">\n\t\t<div class=\"elementor-element elementor-element-07d618d e-con-full e-flex e-con e-child\" data-id=\"07d618d\" data-element_type=\"container\" data-e-type=\"container\">\n\t\t\t\t<div class=\"elementor-element elementor-element-74ea831 elementor-widget elementor-widget-image\" data-id=\"74ea831\" data-element_type=\"widget\" data-e-type=\"widget\" data-widget_type=\"image.default\">\n\t\t\t\t<div class=\"elementor-widget-container\">\n\t\t\t\t\t\t\t\t\t\t\t\t\t\t\t<img fetchpriority=\"high\" decoding=\"async\" width=\"800\" height=\"600\" src=\"https:\/\/cmsdental.com\/wp-content\/uploads\/2025\/03\/petriglasWEB.jpg\" class=\"attachment-large size-large wp-image-497\" alt=\"\" srcset=\"https:\/\/cmsdental.com\/wp-content\/uploads\/2025\/03\/petriglasWEB.jpg 800w, https:\/\/cmsdental.com\/wp-content\/uploads\/2025\/03\/petriglasWEB-300x225.jpg 300w, https:\/\/cmsdental.com\/wp-content\/uploads\/2025\/03\/petriglasWEB-768x576.jpg 768w\" sizes=\"(max-width: 800px) 100vw, 800px\" \/>\t\t\t\t\t\t\t\t\t\t\t\t\t\t\t<\/div>\n\t\t\t\t<\/div>\n\t\t\t\t<div class=\"elementor-element elementor-element-9b7e8fd elementor-widget elementor-widget-heading\" data-id=\"9b7e8fd\" data-element_type=\"widget\" data-e-type=\"widget\" data-widget_type=\"heading.default\">\n\t\t\t\t<div class=\"elementor-widget-container\">\n\t\t\t\t\t<h2 class=\"elementor-heading-title elementor-size-default\">S\u00e5dan udv\u00e6lges de mest virksomme probiotika\n<\/h2>\t\t\t\t<\/div>\n\t\t\t\t<\/div>\n\t\t\t\t<div class=\"elementor-element elementor-element-a310257 elementor-widget elementor-widget-text-editor\" data-id=\"a310257\" data-element_type=\"widget\" data-e-type=\"widget\" data-widget_type=\"text-editor.default\">\n\t\t\t\t<div class=\"elementor-widget-container\">\n\t\t\t\t\t\t\t\t\t<p><span>N\u00e5r vi taler om de lokale virkninger, s\u00e5 er det vigtigt, at det er probiotika, som naturligt lever i de lokale omgivelser, om det s\u00e5 er hud, mundhule, tarm, vagina og s\u00e5 videre.<\/span><\/p><p><span>Dern\u00e6st m\u00e5 man se p\u00e5 de mere specifikke detaljer. Hvis man for eksempel skal anvende et probiotikum til at forebygge karies, s\u00e5 skal bakterierne kunne f\u00e6stne sig p\u00e5 tandoverfladen, men ikke nok med det, de m\u00e5 heller ikke danne syre, for det er jo netop det, man f\u00e5r huller i t\u00e6nderne af. Probiotika bakterierne skal derudover nemt kunne overleve p\u00e5virkningen fra kemikalier i tandpasta, skyllev\u00e6sker og andre kemikalier, der benyttes i mundhulen.  <\/span><\/p>\t\t\t\t\t\t\t\t<\/div>\n\t\t\t\t<\/div>\n\t\t\t\t<\/div>\n\t\t<div class=\"elementor-element elementor-element-e944f13 e-con-full e-flex e-con e-child\" data-id=\"e944f13\" data-element_type=\"container\" data-e-type=\"container\">\n\t\t\t\t<div class=\"elementor-element elementor-element-0b02f41 elementor-widget elementor-widget-image\" data-id=\"0b02f41\" data-element_type=\"widget\" data-e-type=\"widget\" data-widget_type=\"image.default\">\n\t\t\t\t<div class=\"elementor-widget-container\">\n\t\t\t\t\t\t\t\t\t\t\t\t\t\t\t<img decoding=\"async\" width=\"800\" height=\"600\" src=\"https:\/\/cmsdental.com\/wp-content\/uploads\/2025\/03\/Pigemed-ged.jpg\" class=\"attachment-large size-large wp-image-498\" alt=\"\" srcset=\"https:\/\/cmsdental.com\/wp-content\/uploads\/2025\/03\/Pigemed-ged.jpg 800w, https:\/\/cmsdental.com\/wp-content\/uploads\/2025\/03\/Pigemed-ged-300x225.jpg 300w, https:\/\/cmsdental.com\/wp-content\/uploads\/2025\/03\/Pigemed-ged-768x576.jpg 768w\" sizes=\"(max-width: 800px) 100vw, 800px\" \/>\t\t\t\t\t\t\t\t\t\t\t\t\t\t\t<\/div>\n\t\t\t\t<\/div>\n\t\t\t\t<div class=\"elementor-element elementor-element-e90da81 elementor-widget elementor-widget-heading\" data-id=\"e90da81\" data-element_type=\"widget\" data-e-type=\"widget\" data-widget_type=\"heading.default\">\n\t\t\t\t<div class=\"elementor-widget-container\">\n\t\t\t\t\t<h2 class=\"elementor-heading-title elementor-size-default\">Probiotika oprindelse human eller animalsk\n<\/h2>\t\t\t\t<\/div>\n\t\t\t\t<\/div>\n\t\t\t\t<div class=\"elementor-element elementor-element-cb3dd91 elementor-widget elementor-widget-text-editor\" data-id=\"cb3dd91\" data-element_type=\"widget\" data-e-type=\"widget\" data-widget_type=\"text-editor.default\">\n\t\t\t\t<div class=\"elementor-widget-container\">\n\t\t\t\t\t\t\t\t\t<p><span>I den videnskabelige litteratur er det underligt nok ikke behandlet, hvorvidt det er en fordel, at probiotika er af human oprindelse \u2013 dvs. om de oprindeligt er udvundet fra mennesker. Alternativt om de for eksempel stammer fra h\u00f8ns, mus eller andre dyr. <\/span><\/p><p><span>Efter vores opfattelse er det logisk, at den naturlige udviklingsproces gennem millioner af \u00e5r, har udvalgt, hvilke bakterier, der er bedst egnet til at overleve i og p\u00e5 mennesket.<\/span><\/p><p><span>Af den grund burde probiotika af menneskelig oprindelse v\u00e6re at foretr\u00e6kke, fordi de simpelthen har bedre overlevelseschancer.<\/span><\/p><p><span>Denne betragtning g\u00e6lder udelukkende for de lokale virkninger, hvor man \u00f8nsker, at de valgte bakterier skal kolonisere det specifikke omr\u00e5de s\u00e5 l\u00e6nge som muligt.<\/span><\/p>\t\t\t\t\t\t\t\t<\/div>\n\t\t\t\t<\/div>\n\t\t\t\t<\/div>\n\t\t<div class=\"elementor-element elementor-element-cf01b3e e-con-full e-flex e-con e-child\" data-id=\"cf01b3e\" data-element_type=\"container\" data-e-type=\"container\">\n\t\t\t\t<div class=\"elementor-element elementor-element-96364f1 elementor-widget elementor-widget-image\" data-id=\"96364f1\" data-element_type=\"widget\" data-e-type=\"widget\" data-widget_type=\"image.default\">\n\t\t\t\t<div class=\"elementor-widget-container\">\n\t\t\t\t\t\t\t\t\t\t\t\t\t\t\t<img decoding=\"async\" width=\"800\" height=\"600\" src=\"https:\/\/cmsdental.com\/wp-content\/uploads\/2025\/03\/iStock-925472746.jpg\" class=\"attachment-large size-large wp-image-499\" alt=\"\" srcset=\"https:\/\/cmsdental.com\/wp-content\/uploads\/2025\/03\/iStock-925472746.jpg 800w, https:\/\/cmsdental.com\/wp-content\/uploads\/2025\/03\/iStock-925472746-300x225.jpg 300w, https:\/\/cmsdental.com\/wp-content\/uploads\/2025\/03\/iStock-925472746-768x576.jpg 768w\" sizes=\"(max-width: 800px) 100vw, 800px\" \/>\t\t\t\t\t\t\t\t\t\t\t\t\t\t\t<\/div>\n\t\t\t\t<\/div>\n\t\t\t\t<div class=\"elementor-element elementor-element-8db23da elementor-widget elementor-widget-heading\" data-id=\"8db23da\" data-element_type=\"widget\" data-e-type=\"widget\" data-widget_type=\"heading.default\">\n\t\t\t\t<div class=\"elementor-widget-container\">\n\t\t\t\t\t<h2 class=\"elementor-heading-title elementor-size-default\">Kunstige eller naturlige bakterier i probiotika\n<\/h2>\t\t\t\t<\/div>\n\t\t\t\t<\/div>\n\t\t\t\t<div class=\"elementor-element elementor-element-932c6ab elementor-widget elementor-widget-text-editor\" data-id=\"932c6ab\" data-element_type=\"widget\" data-e-type=\"widget\" data-widget_type=\"text-editor.default\">\n\t\t\t\t<div class=\"elementor-widget-container\">\n\t\t\t\t\t\t\t\t\t<p><span>Der hersker tilsyneladende den misforst\u00e5else, at der i probiotika er kunstige bakterier versus naturlige bakterier i fermenterede f\u00f8devarer.<\/span><\/p><p><span>Lad os f\u00f8rst sl\u00e5 fast, at de bakterier, der er i probiotiske mundplejeprodukter og kosttilskud er naturlige bakterier.<\/span><\/p><p><span>Med \u201dkunstige\u201d bakterier skal forst\u00e5s GMO-bakterier, alts\u00e5 genmodificerede bakterier.<\/span><\/p><p><span>Bakterier, der indg\u00e5r i fermenterede f\u00f8devarer er ikke mere \u201dnaturlige\u201d end dem der indg\u00e5r i kosttilskud. Eller om man vil, de er alle lige naturlige. Det faktum, at de er naturlige, betyder ikke n\u00f8dvendigvis, at de kan bos\u00e6tte sig i vores krop, hvis man indtager dem som enten kosttilskud eller via f\u00f8den. Det er bakteriernes egenskaber, der afg\u00f8r om de kan kolonisere sig i kroppen.   <\/span><\/p>\t\t\t\t\t\t\t\t<\/div>\n\t\t\t\t<\/div>\n\t\t\t\t<\/div>\n\t\t<div class=\"elementor-element elementor-element-7a8741e e-con-full e-flex e-con e-child\" data-id=\"7a8741e\" data-element_type=\"container\" data-e-type=\"container\">\n\t\t\t\t<div class=\"elementor-element elementor-element-025eb41 elementor-widget elementor-widget-image\" data-id=\"025eb41\" data-element_type=\"widget\" data-e-type=\"widget\" data-widget_type=\"image.default\">\n\t\t\t\t<div class=\"elementor-widget-container\">\n\t\t\t\t\t\t\t\t\t\t\t\t\t\t\t<img loading=\"lazy\" decoding=\"async\" width=\"800\" height=\"600\" src=\"https:\/\/cmsdental.com\/wp-content\/uploads\/2025\/03\/TandlaegemundbundWEB.jpg\" class=\"attachment-large size-large wp-image-500\" alt=\"\" srcset=\"https:\/\/cmsdental.com\/wp-content\/uploads\/2025\/03\/TandlaegemundbundWEB.jpg 800w, https:\/\/cmsdental.com\/wp-content\/uploads\/2025\/03\/TandlaegemundbundWEB-300x225.jpg 300w, https:\/\/cmsdental.com\/wp-content\/uploads\/2025\/03\/TandlaegemundbundWEB-768x576.jpg 768w\" sizes=\"(max-width: 800px) 100vw, 800px\" \/>\t\t\t\t\t\t\t\t\t\t\t\t\t\t\t<\/div>\n\t\t\t\t<\/div>\n\t\t\t\t<div class=\"elementor-element elementor-element-c9ebb16 elementor-widget elementor-widget-heading\" data-id=\"c9ebb16\" data-element_type=\"widget\" data-e-type=\"widget\" data-widget_type=\"heading.default\">\n\t\t\t\t<div class=\"elementor-widget-container\">\n\t\t\t\t\t<h2 class=\"elementor-heading-title elementor-size-default\">Probiotika anvendelse\n<\/h2>\t\t\t\t<\/div>\n\t\t\t\t<\/div>\n\t\t\t\t<div class=\"elementor-element elementor-element-8fbbc08 elementor-widget elementor-widget-text-editor\" data-id=\"8fbbc08\" data-element_type=\"widget\" data-e-type=\"widget\" data-widget_type=\"text-editor.default\">\n\t\t\t\t<div class=\"elementor-widget-container\">\n\t\t\t\t\t\t\t\t\t<p><span>Man kan anvende probiotika til alle patienter, der er ingen bivirkninger eller kontraindikationer.<\/span><\/p><p><span>Patienter der har en ubalance i bakteriesammens\u00e6tningen i mundhulens biofilm har gl\u00e6de af probiotika til mundhulen.<\/span><\/p><p><span>Det ses hos patienter med systemiske kroniske sygdomme og visse typer farmaceutiske behandlinger.<\/span><\/p><p><span>Det er faktorer, der p\u00e5virker sundhedstilstanden i mundhulen og kan for\u00e5rsage \u00f8get risiko for karies, parodontalsygdomme samt risiko for svampeinfektioner.<\/span><\/p>\t\t\t\t\t\t\t\t<\/div>\n\t\t\t\t<\/div>\n\t\t\t\t<\/div>\n\t\t<div class=\"elementor-element elementor-element-78818a7 e-con-full e-flex e-con e-child\" data-id=\"78818a7\" data-element_type=\"container\" data-e-type=\"container\">\n\t\t\t\t<div class=\"elementor-element elementor-element-7948251 elementor-widget elementor-widget-image\" data-id=\"7948251\" data-element_type=\"widget\" data-e-type=\"widget\" data-widget_type=\"image.default\">\n\t\t\t\t<div class=\"elementor-widget-container\">\n\t\t\t\t\t\t\t\t\t\t\t\t\t\t\t<img loading=\"lazy\" decoding=\"async\" width=\"800\" height=\"600\" src=\"https:\/\/cmsdental.com\/wp-content\/uploads\/2025\/03\/iStock-1151574706.jpg\" class=\"attachment-large size-large wp-image-501\" alt=\"\" srcset=\"https:\/\/cmsdental.com\/wp-content\/uploads\/2025\/03\/iStock-1151574706.jpg 800w, https:\/\/cmsdental.com\/wp-content\/uploads\/2025\/03\/iStock-1151574706-300x225.jpg 300w, https:\/\/cmsdental.com\/wp-content\/uploads\/2025\/03\/iStock-1151574706-768x576.jpg 768w\" sizes=\"(max-width: 800px) 100vw, 800px\" \/>\t\t\t\t\t\t\t\t\t\t\t\t\t\t\t<\/div>\n\t\t\t\t<\/div>\n\t\t\t\t<div class=\"elementor-element elementor-element-9e92813 elementor-widget elementor-widget-heading\" data-id=\"9e92813\" data-element_type=\"widget\" data-e-type=\"widget\" data-widget_type=\"heading.default\">\n\t\t\t\t<div class=\"elementor-widget-container\">\n\t\t\t\t\t<h2 class=\"elementor-heading-title elementor-size-default\">ProlacSan og mundhule-probiotika\n<\/h2>\t\t\t\t<\/div>\n\t\t\t\t<\/div>\n\t\t\t\t<div class=\"elementor-element elementor-element-2b7888e elementor-widget elementor-widget-text-editor\" data-id=\"2b7888e\" data-element_type=\"widget\" data-e-type=\"widget\" data-widget_type=\"text-editor.default\">\n\t\t\t\t<div class=\"elementor-widget-container\">\n\t\t\t\t\t\t\t\t\t<p>M\u00e6lkesyrebakterierne i ProlacSan\u00ae, Lactobacillus brevis og plantarum, er bakteriestammer, der er specielt valgt og testet til brug i mundhulen. De er oprindeligt fundet i mundhulen hos b\u00f8rn med en virkelig god mundstatus p\u00e5 trods af, at de lever i omr\u00e5der af verden uden forebyggende tandbehandling. <\/p>\t\t\t\t\t\t\t\t<\/div>\n\t\t\t\t<\/div>\n\t\t\t\t<\/div>\n\t\t<div class=\"elementor-element elementor-element-d8a6cad e-con-full e-flex e-con e-child\" data-id=\"d8a6cad\" data-element_type=\"container\" data-e-type=\"container\">\n\t\t\t\t<div class=\"elementor-element elementor-element-5c9e9b5 elementor-widget elementor-widget-image\" data-id=\"5c9e9b5\" data-element_type=\"widget\" data-e-type=\"widget\" data-widget_type=\"image.default\">\n\t\t\t\t<div class=\"elementor-widget-container\">\n\t\t\t\t\t\t\t\t\t\t\t\t\t\t\t<img loading=\"lazy\" decoding=\"async\" width=\"800\" height=\"600\" src=\"https:\/\/cmsdental.com\/wp-content\/uploads\/2025\/03\/prolacsan-cmsdental-biofilm.jpg\" class=\"attachment-large size-large wp-image-502\" alt=\"\" srcset=\"https:\/\/cmsdental.com\/wp-content\/uploads\/2025\/03\/prolacsan-cmsdental-biofilm.jpg 800w, https:\/\/cmsdental.com\/wp-content\/uploads\/2025\/03\/prolacsan-cmsdental-biofilm-300x225.jpg 300w, https:\/\/cmsdental.com\/wp-content\/uploads\/2025\/03\/prolacsan-cmsdental-biofilm-768x576.jpg 768w\" sizes=\"(max-width: 800px) 100vw, 800px\" \/>\t\t\t\t\t\t\t\t\t\t\t\t\t\t\t<\/div>\n\t\t\t\t<\/div>\n\t\t\t\t<div class=\"elementor-element elementor-element-e3136ac elementor-widget elementor-widget-heading\" data-id=\"e3136ac\" data-element_type=\"widget\" data-e-type=\"widget\" data-widget_type=\"heading.default\">\n\t\t\t\t<div class=\"elementor-widget-container\">\n\t\t\t\t\t<h2 class=\"elementor-heading-title elementor-size-default\">ProlacSan\u00ae styrker biofilmen i mundhulen<\/h2>\t\t\t\t<\/div>\n\t\t\t\t<\/div>\n\t\t\t\t<div class=\"elementor-element elementor-element-05d4817 elementor-widget elementor-widget-text-editor\" data-id=\"05d4817\" data-element_type=\"widget\" data-e-type=\"widget\" data-widget_type=\"text-editor.default\">\n\t\t\t\t<div class=\"elementor-widget-container\">\n\t\t\t\t\t\t\t\t\t<p>ProlacSan\u00ae styrker biofilmen i mundhulen og kan gavne patienter med mundhuleproblemer, der er for\u00e5rsaget af en af f\u00f8lgende lidelser:<\/p><p>&#8211; Diabetes<\/p><p>&#8211; Parodontitis<\/p><p>&#8211; Halitose<\/p><p>&#8211; Aphter<\/p><p>&#8211; Xerostomi<\/p><p>Medicinske behandlinger kan ligeledes forrykke bakteriebalancen i mundhulen. Det ses hos patienter, der tager astmamedicin, antibiotika og for de patienter, som er i kemobehandling. I de tilf\u00e6lde vil ProlacSan\u00ae bidrage til at bevare en sund mundhule i den rette bakteriebalance.  <\/p>\t\t\t\t\t\t\t\t<\/div>\n\t\t\t\t<\/div>\n\t\t\t\t<div class=\"elementor-element elementor-element-5894787 elementor-widget elementor-widget-button\" data-id=\"5894787\" data-element_type=\"widget\" data-e-type=\"widget\" data-widget_type=\"button.default\">\n\t\t\t\t<div class=\"elementor-widget-container\">\n\t\t\t\t\t\t\t\t\t<div class=\"elementor-button-wrapper\">\n\t\t\t\t\t<a class=\"elementor-button elementor-button-link elementor-size-sm\" href=\"https:\/\/cmsdental.com\/da\/produkter\/prolacsan\/\">\n\t\t\t\t\t\t<span class=\"elementor-button-content-wrapper\">\n\t\t\t\t\t\t\t\t\t<span class=\"elementor-button-text\">L\u00e6s mere om ProlacSan<\/span>\n\t\t\t\t\t<\/span>\n\t\t\t\t\t<\/a>\n\t\t\t\t<\/div>\n\t\t\t\t\t\t\t\t<\/div>\n\t\t\t\t<\/div>\n\t\t\t\t<\/div>\n\t\t\t\t\t<\/div>\n\t\t\t\t<\/div>\n\t\t\t\t<\/div>\n\t\t","protected":false},"excerpt":{"rendered":"<p>Hjem Tandl\u00e6ger Biofilmkontrol Probiotika Probiotika Probiotika kommer fra gr\u00e6sk og betyder &#8220;for livet&#8221;. Betegnelsen d\u00e6kker over en r\u00e6kke mikroorganismer, som prim\u00e6rt best\u00e5r af m\u00e6lkesyre- og bifido-bakterier. De till\u00e6gges sundhedsfremmende egenskaber, fordi de ved deres tilstedev\u00e6relse anses for at have en gavnlig indflydelse p\u00e5 den mikrobielle flora, det s\u00e5kaldte mikrobiom, og dermed p\u00e5 sammens\u00e6tningen af biofilmen. [&hellip;]<\/p>\n","protected":false},"author":1,"featured_media":0,"parent":703,"menu_order":0,"comment_status":"closed","ping_status":"closed","template":"elementor_header_footer","meta":{"footnotes":""},"class_list":["post-715","page","type-page","status-publish","hentry"],"_links":{"self":[{"href":"https:\/\/cmsdental.com\/da\/wp-json\/wp\/v2\/pages\/715","targetHints":{"allow":["GET"]}}],"collection":[{"href":"https:\/\/cmsdental.com\/da\/wp-json\/wp\/v2\/pages"}],"about":[{"href":"https:\/\/cmsdental.com\/da\/wp-json\/wp\/v2\/types\/page"}],"author":[{"embeddable":true,"href":"https:\/\/cmsdental.com\/da\/wp-json\/wp\/v2\/users\/1"}],"replies":[{"embeddable":true,"href":"https:\/\/cmsdental.com\/da\/wp-json\/wp\/v2\/comments?post=715"}],"version-history":[{"count":4,"href":"https:\/\/cmsdental.com\/da\/wp-json\/wp\/v2\/pages\/715\/revisions"}],"predecessor-version":[{"id":894,"href":"https:\/\/cmsdental.com\/da\/wp-json\/wp\/v2\/pages\/715\/revisions\/894"}],"up":[{"embeddable":true,"href":"https:\/\/cmsdental.com\/da\/wp-json\/wp\/v2\/pages\/703"}],"wp:attachment":[{"href":"https:\/\/cmsdental.com\/da\/wp-json\/wp\/v2\/media?parent=715"}],"curies":[{"name":"wp","href":"https:\/\/api.w.org\/{rel}","templated":true}]}}