{"id":711,"date":"2025-03-10T23:04:25","date_gmt":"2025-03-10T23:04:25","guid":{"rendered":"https:\/\/cms-dental.msnordic.com\/tandlaeger\/biofilmkontrol-i-mundhulen\/parodontitis-og-andre-sygdomme\/"},"modified":"2025-09-25T07:48:29","modified_gmt":"2025-09-25T07:48:29","slug":"parodontitis-og-andre-sygdomme","status":"publish","type":"page","link":"https:\/\/cmsdental.com\/da\/tandlaeger\/biofilm-kontrol\/parodontitis-og-andre-sygdomme\/","title":{"rendered":"Parodontitis og andre sygdomme"},"content":{"rendered":"\t\t<div data-elementor-type=\"wp-page\" data-elementor-id=\"711\" class=\"elementor elementor-711 elementor-223\" data-elementor-post-type=\"page\">\n\t\t\t\t<div class=\"elementor-element elementor-element-4f944f9 e-flex e-con-boxed e-con e-parent\" data-id=\"4f944f9\" data-element_type=\"container\" data-e-type=\"container\" data-settings=\"{&quot;background_background&quot;:&quot;classic&quot;}\">\n\t\t\t\t\t<div class=\"e-con-inner\">\n\t\t\t\t<div class=\"elementor-element elementor-element-c8f8308 elementor-icon-list--layout-inline elementor-list-item-link-full_width elementor-widget elementor-widget-icon-list\" data-id=\"c8f8308\" data-element_type=\"widget\" data-e-type=\"widget\" data-widget_type=\"icon-list.default\">\n\t\t\t\t<div class=\"elementor-widget-container\">\n\t\t\t\t\t\t\t<ul class=\"elementor-icon-list-items elementor-inline-items\">\n\t\t\t\t\t\t\t<li class=\"elementor-icon-list-item elementor-inline-item\">\n\t\t\t\t\t\t\t\t\t\t\t<a href=\"https:\/\/cmsdental.com\/da\/\">\n\n\t\t\t\t\t\t\t\t\t\t\t<span class=\"elementor-icon-list-text\">Hjem<\/span>\n\t\t\t\t\t\t\t\t\t\t\t<\/a>\n\t\t\t\t\t\t\t\t\t<\/li>\n\t\t\t\t\t\t\t\t<li class=\"elementor-icon-list-item elementor-inline-item\">\n\t\t\t\t\t\t\t\t\t\t\t<a href=\"https:\/\/cmsdental.com\/index.php\/dentists\/\">\n\n\t\t\t\t\t\t\t\t\t\t\t\t<span class=\"elementor-icon-list-icon\">\n\t\t\t\t\t\t\t<i aria-hidden=\"true\" class=\"fas fa-chevron-right\"><\/i>\t\t\t\t\t\t<\/span>\n\t\t\t\t\t\t\t\t\t\t<span class=\"elementor-icon-list-text\">Tandl\u00e6ger<\/span>\n\t\t\t\t\t\t\t\t\t\t\t<\/a>\n\t\t\t\t\t\t\t\t\t<\/li>\n\t\t\t\t\t\t\t\t<li class=\"elementor-icon-list-item elementor-inline-item\">\n\t\t\t\t\t\t\t\t\t\t\t<a href=\"https:\/\/cmsdental.com\/index.php\/dentists\/biofilm-control\/\">\n\n\t\t\t\t\t\t\t\t\t\t\t\t<span class=\"elementor-icon-list-icon\">\n\t\t\t\t\t\t\t<i aria-hidden=\"true\" class=\"fas fa-chevron-right\"><\/i>\t\t\t\t\t\t<\/span>\n\t\t\t\t\t\t\t\t\t\t<span class=\"elementor-icon-list-text\">Biofilmkontrol<\/span>\n\t\t\t\t\t\t\t\t\t\t\t<\/a>\n\t\t\t\t\t\t\t\t\t<\/li>\n\t\t\t\t\t\t\t\t<li class=\"elementor-icon-list-item elementor-inline-item\">\n\t\t\t\t\t\t\t\t\t\t\t<span class=\"elementor-icon-list-icon\">\n\t\t\t\t\t\t\t<i aria-hidden=\"true\" class=\"fas fa-chevron-right\"><\/i>\t\t\t\t\t\t<\/span>\n\t\t\t\t\t\t\t\t\t\t<span class=\"elementor-icon-list-text\">Parodontitis og andre sygdomme<\/span>\n\t\t\t\t\t\t\t\t\t<\/li>\n\t\t\t\t\t\t<\/ul>\n\t\t\t\t\t\t<\/div>\n\t\t\t\t<\/div>\n\t\t\t\t\t<\/div>\n\t\t\t\t<\/div>\n\t\t<div class=\"elementor-element elementor-element-2465eb4 e-flex e-con-boxed e-con e-parent\" data-id=\"2465eb4\" data-element_type=\"container\" data-e-type=\"container\" data-settings=\"{&quot;background_background&quot;:&quot;classic&quot;}\">\n\t\t\t\t\t<div class=\"e-con-inner\">\n\t\t<div class=\"elementor-element elementor-element-9e5b0b7 e-con-full e-flex e-con e-child\" data-id=\"9e5b0b7\" data-element_type=\"container\" data-e-type=\"container\" data-settings=\"{&quot;background_background&quot;:&quot;classic&quot;}\">\n\t\t\t\t<div class=\"elementor-element elementor-element-2220df3 elementor-widget elementor-widget-heading\" data-id=\"2220df3\" data-element_type=\"widget\" data-e-type=\"widget\" data-widget_type=\"heading.default\">\n\t\t\t\t<div class=\"elementor-widget-container\">\n\t\t\t\t\t<h2 class=\"elementor-heading-title elementor-size-default\">Parodontitis og andre sygdomme<\/h2>\t\t\t\t<\/div>\n\t\t\t\t<\/div>\n\t\t\t\t<div class=\"elementor-element elementor-element-e84af0a elementor-widget elementor-widget-text-editor\" data-id=\"e84af0a\" data-element_type=\"widget\" data-e-type=\"widget\" data-widget_type=\"text-editor.default\">\n\t\t\t\t<div class=\"elementor-widget-container\">\n\t\t\t\t\t\t\t\t\t<p>CMS Dental har i en \u00e5rr\u00e6kke v\u00e6ret f\u00f8rende indenfor udvikling af LAD behandling og udbygger det med en lancering af et &#8220;opgraderet&#8221; totalkoncept til mundhulens biofilmkontrol.<\/p><p>Det g\u00f8res med LAD (light activated disinfection) og probiotika tilf\u00f8rsel til styrkelse af biofilmen.<\/p>\t\t\t\t\t\t\t\t<\/div>\n\t\t\t\t<\/div>\n\t\t\t\t<\/div>\n\t\t<div class=\"elementor-element elementor-element-103329b e-con-full e-flex e-con e-child\" data-id=\"103329b\" data-element_type=\"container\" data-e-type=\"container\" data-settings=\"{&quot;background_background&quot;:&quot;classic&quot;}\">\n\t\t\t\t<\/div>\n\t\t\t\t\t<\/div>\n\t\t\t\t<\/div>\n\t\t<div class=\"elementor-element elementor-element-b8dbda4 e-flex e-con-boxed e-con e-parent\" data-id=\"b8dbda4\" data-element_type=\"container\" data-e-type=\"container\">\n\t\t\t\t\t<div class=\"e-con-inner\">\n\t\t\t\t<div class=\"elementor-element elementor-element-e35b33a elementor-widget elementor-widget-heading\" data-id=\"e35b33a\" data-element_type=\"widget\" data-e-type=\"widget\" data-widget_type=\"heading.default\">\n\t\t\t\t<div class=\"elementor-widget-container\">\n\t\t\t\t\t<h2 class=\"elementor-heading-title elementor-size-default\">Hvad er biofilm egentlig?\n<\/h2>\t\t\t\t<\/div>\n\t\t\t\t<\/div>\n\t\t\t\t<div class=\"elementor-element elementor-element-9060eb9 elementor-widget elementor-widget-text-editor\" data-id=\"9060eb9\" data-element_type=\"widget\" data-e-type=\"widget\" data-widget_type=\"text-editor.default\">\n\t\t\t\t<div class=\"elementor-widget-container\">\n\t\t\t\t\t\t\t\t\t<div class=\"col-md-6 col-first\"><p>Der er god dokumentation for sammenh\u00e6ngen imellem parodontitis og flere systemiske sygdomme som diabetes, arteriosklerose, inflammatoriske mave-tarmsygdomme, rheumatoid artritis, og Alzheimer.<\/p><p>Det understreger derfor betydningen af god forebyggelse, en tidlig diagnosticering og en umiddelbar igangs\u00e6ttelse af behandling. Behandlingen b\u00f8r v\u00e6re omfattet en \u00f8get bakteriekontrol og fokus p\u00e5 en modulering af biofilmen. Biofilmens sammens\u00e6tning har nemlig stor afg\u00f8rende indflydelse p\u00e5 sygdomsforl\u00f8bet.  <\/p><p>De ikke-kirurgiske behandlingstilbud indenfor parodontologi er som en f\u00f8lge heraf i rivende udvikling. De nye teknologier udfylder det &#8220;gap&#8221;, der er mellem de to traditionelle behandlingsindsatser, som er mekanisk tand- og tandrodsrensning og kirurgisk indgreb. <\/p><\/div><div class=\"col-md-6 col-second\"><p>Konventionel periodontal behandling kan forebygge yderligere tab af knogle, men de inflammationsfremkaldende bakterier herunder P.gingivalis vil stadig v\u00e6re til stede i biofilmen, hvor de forts\u00e6tter med at frigive enzymer til hjernen, til leddene og andre v\u00e6v, hvor de initierer en degenerering af v\u00e6vene.<\/p><p>CMS Dental har fokus p\u00e5 at behandle \u00e5rsagen til sygdommen og g\u00e5r derfor ind og eliminerer de patogene bakterier direkte i biofilmen.<\/p><p>Med FlashMax\u00ae P7 LAD har du et medicinsk udstyr, der fuldst\u00e6ndig kan eliminere P. gingivalis og andre inflammationsfremkaldende bakterier i biofilmen i tandk\u00f8dslommerne hurtigt og sikkert.<\/p><\/div>\t\t\t\t\t\t\t\t<\/div>\n\t\t\t\t<\/div>\n\t\t\t\t<div class=\"elementor-element elementor-element-4dd3d07 elementor-align-center elementor-widget elementor-widget-button\" data-id=\"4dd3d07\" data-element_type=\"widget\" data-e-type=\"widget\" data-widget_type=\"button.default\">\n\t\t\t\t<div class=\"elementor-widget-container\">\n\t\t\t\t\t\t\t\t\t<div class=\"elementor-button-wrapper\">\n\t\t\t\t\t<a class=\"elementor-button elementor-button-link elementor-size-sm\" href=\"https:\/\/cmsdental.com\/da\/produkter\/flashmax-p7\/\">\n\t\t\t\t\t\t<span class=\"elementor-button-content-wrapper\">\n\t\t\t\t\t\t\t\t\t<span class=\"elementor-button-text\">L\u00e6s mere om Flashmax P7<\/span>\n\t\t\t\t\t<\/span>\n\t\t\t\t\t<\/a>\n\t\t\t\t<\/div>\n\t\t\t\t\t\t\t\t<\/div>\n\t\t\t\t<\/div>\n\t\t\t\t\t<\/div>\n\t\t\t\t<\/div>\n\t\t<div class=\"elementor-element elementor-element-f256909 e-flex e-con-boxed e-con e-parent\" data-id=\"f256909\" data-element_type=\"container\" data-e-type=\"container\">\n\t\t\t\t\t<div class=\"e-con-inner\">\n\t\t<div class=\"elementor-element elementor-element-d8548df e-con-full e-flex e-con e-child\" data-id=\"d8548df\" data-element_type=\"container\" data-e-type=\"container\">\n\t\t\t\t<div class=\"elementor-element elementor-element-1931fc6 elementor-widget elementor-widget-image\" data-id=\"1931fc6\" data-element_type=\"widget\" data-e-type=\"widget\" data-widget_type=\"image.default\">\n\t\t\t\t<div class=\"elementor-widget-container\">\n\t\t\t\t\t\t\t\t\t\t\t\t\t\t\t<img fetchpriority=\"high\" decoding=\"async\" width=\"800\" height=\"600\" src=\"https:\/\/cmsdental.com\/wp-content\/uploads\/2025\/03\/P.gingivalis.turkis.jpg\" class=\"attachment-large size-large wp-image-505\" alt=\"\" srcset=\"https:\/\/cmsdental.com\/wp-content\/uploads\/2025\/03\/P.gingivalis.turkis.jpg 800w, https:\/\/cmsdental.com\/wp-content\/uploads\/2025\/03\/P.gingivalis.turkis-300x225.jpg 300w, https:\/\/cmsdental.com\/wp-content\/uploads\/2025\/03\/P.gingivalis.turkis-768x576.jpg 768w\" sizes=\"(max-width: 800px) 100vw, 800px\" \/>\t\t\t\t\t\t\t\t\t\t\t\t\t\t\t<\/div>\n\t\t\t\t<\/div>\n\t\t\t\t<div class=\"elementor-element elementor-element-d553482 elementor-widget elementor-widget-heading\" data-id=\"d553482\" data-element_type=\"widget\" data-e-type=\"widget\" data-widget_type=\"heading.default\">\n\t\t\t\t<div class=\"elementor-widget-container\">\n\t\t\t\t\t<h2 class=\"elementor-heading-title elementor-size-default\">P.gingivalis\n<\/h2>\t\t\t\t<\/div>\n\t\t\t\t<\/div>\n\t\t\t\t<div class=\"elementor-element elementor-element-f912002 elementor-widget elementor-widget-heading\" data-id=\"f912002\" data-element_type=\"widget\" data-e-type=\"widget\" data-widget_type=\"heading.default\">\n\t\t\t\t<div class=\"elementor-widget-container\">\n\t\t\t\t\t<h4 class=\"elementor-heading-title elementor-size-default\">Der er 7 gode grunde til at bek\u00e6mpe P.gingivalis.\n<\/h4>\t\t\t\t<\/div>\n\t\t\t\t<\/div>\n\t\t\t\t<div class=\"elementor-element elementor-element-b4d204f elementor-widget elementor-widget-text-editor\" data-id=\"b4d204f\" data-element_type=\"widget\" data-e-type=\"widget\" data-widget_type=\"text-editor.default\">\n\t\t\t\t<div class=\"elementor-widget-container\">\n\t\t\t\t\t\t\t\t\t<p><strong>1.<\/strong><br>P. gingivalis har vist sig at v\u00e6re den prim\u00e6re \u00e5rsag i udvikling, vedligeholdelse og forv\u00e6rring af den periodontale inflammation. PG har evnen til at neutralisere patientens immunreaktion b\u00e5de overfor bakterien selv, men ogs\u00e5 for andre patogene bakterier. <\/p><p><strong>2.<\/strong><br>P. gingivalis frigiver enzymer til blodbanen, bl.a. gingipain, som i flere unders\u00f8gelser har vist, sig at v\u00e6re medvirkende ved udviklingen af Alzheimers.<\/p><p><strong>3.<\/strong><br>P. gingivalis har evnen til at h\u00e6fte sig p\u00e5 de r\u00f8de blodlegemer og p\u00e5 den m\u00e5de surfe igennem blodbanen uopdaget uden modstand fra menneskets immunsystem. Det g\u00f8r det muligt for bakterien at kolonisere sig i forskellige organer og dermed for\u00e5rsage immunsystemiske sygdomme hos patienterne. <\/p><p><strong>4.<\/strong><br>P. gingivalis f\u00e5r adgang til kroppen via mundhulen i stort antal. Hos patienter med parodontitis vil patienten synke i st\u00f8rrelsesorden 1 milliard bakterier om dagen. Bakterierne er syreresistente og de kan forholdsvis let passere ned i colon, hvor de for\u00e5rsager dysbiose, som medf\u00f8rer talrige sygdomme.  <\/p><p><strong>5.<\/strong><br>P. gingivalis omdanner ethanol til acetaldehyd. Acetaldehyd er et kendt carcinogen hos mennesker. Det er en mulig forklaring p\u00e5 den korrelation, der er imellem P. gingivalis og mundhulecancere.  <\/p><p><strong>6.<\/strong><br>P. gingivalis\u2019 membran LPS (liposaccarider) er h\u00f8jvirulente og for\u00e5rsager endotoxemi (h\u00f8jt proinflammatorisk respons), som er relateret til fedme og diabetes.<\/p><p><strong>7.<\/strong><br>P.gingivalis\u2019s membran LPS (liposaccarider) stimulerer periostal osteoclast dannelse og knoglenedbrydning, og har desuden negative effekter p\u00e5 patienter med rheumatoid arthritis.<\/p>\t\t\t\t\t\t\t\t<\/div>\n\t\t\t\t<\/div>\n\t\t\t\t<\/div>\n\t\t<div class=\"elementor-element elementor-element-9e2d50a e-con-full e-flex e-con e-child\" data-id=\"9e2d50a\" data-element_type=\"container\" data-e-type=\"container\">\n\t\t\t\t<div class=\"elementor-element elementor-element-f316122 elementor-widget elementor-widget-image\" data-id=\"f316122\" data-element_type=\"widget\" data-e-type=\"widget\" data-widget_type=\"image.default\">\n\t\t\t\t<div class=\"elementor-widget-container\">\n\t\t\t\t\t\t\t\t\t\t\t\t\t\t\t<img decoding=\"async\" width=\"800\" height=\"600\" src=\"https:\/\/cmsdental.com\/wp-content\/uploads\/2025\/03\/Commensal_bacteria_biofilm.jpg\" class=\"attachment-large size-large wp-image-506\" alt=\"\" srcset=\"https:\/\/cmsdental.com\/wp-content\/uploads\/2025\/03\/Commensal_bacteria_biofilm.jpg 800w, https:\/\/cmsdental.com\/wp-content\/uploads\/2025\/03\/Commensal_bacteria_biofilm-300x225.jpg 300w, https:\/\/cmsdental.com\/wp-content\/uploads\/2025\/03\/Commensal_bacteria_biofilm-768x576.jpg 768w\" sizes=\"(max-width: 800px) 100vw, 800px\" \/>\t\t\t\t\t\t\t\t\t\t\t\t\t\t\t<\/div>\n\t\t\t\t<\/div>\n\t\t\t\t<div class=\"elementor-element elementor-element-4c98fe4 elementor-widget elementor-widget-heading\" data-id=\"4c98fe4\" data-element_type=\"widget\" data-e-type=\"widget\" data-widget_type=\"heading.default\">\n\t\t\t\t<div class=\"elementor-widget-container\">\n\t\t\t\t\t<h2 class=\"elementor-heading-title elementor-size-default\">Biofilmkontrol\n\n<\/h2>\t\t\t\t<\/div>\n\t\t\t\t<\/div>\n\t\t\t\t<div class=\"elementor-element elementor-element-acdfa6a elementor-widget elementor-widget-heading\" data-id=\"acdfa6a\" data-element_type=\"widget\" data-e-type=\"widget\" data-widget_type=\"heading.default\">\n\t\t\t\t<div class=\"elementor-widget-container\">\n\t\t\t\t\t<h4 class=\"elementor-heading-title elementor-size-default\">En n\u00f8glebrik i kampen mod parodontitis og P.gingivalis.\n<\/h4>\t\t\t\t<\/div>\n\t\t\t\t<\/div>\n\t\t\t\t<div class=\"elementor-element elementor-element-dcdf86c elementor-widget elementor-widget-text-editor\" data-id=\"dcdf86c\" data-element_type=\"widget\" data-e-type=\"widget\" data-widget_type=\"text-editor.default\">\n\t\t\t\t<div class=\"elementor-widget-container\">\n\t\t\t\t\t\t\t\t\t<p>Hvis man skal se en varig klinisk forbedring af parodontitis, s\u00e5 skal der ske en \u00e6ndring af bakteriesammens\u00e6tningen i biofilmen i pocherne (tandk\u00f8dslommerne). Ved parodontitis er der en selvforst\u00e6rkende inflammationsproces, der nedbryder det parodontale v\u00e6v, herunder knoglen. Det er den proces, der skal forebygges eller vendes, og det kr\u00e6ver, at bakteriesammens\u00e6tningen \u00e6ndres radikalt.  <\/p><p>Det g\u00f8res ved en indsats i fire trin:<\/p><p><strong>Trin 1<\/strong><br>F\u00f8rst udf\u00f8res der mekanisk tand &#8211; og tandrodsrensning som vanligt. Det \u00e6ndrer ikke bakteriesammens\u00e6tningen som s\u00e5dan, men fjerner aflejringer p\u00e5 overfladen, som g\u00f8r det nemmere for anaerobe bakterier at overleve, og er derfor en vigtig del af behandlingen. <\/p><p><strong>Trin 2<\/strong><br>Dern\u00e6st eliminerer man s\u00e5 mange bakterier i pocherne, som det er muligt.<\/p><p>Det g\u00f8r man ved lysaktiveret desinfektion, som er den mest effektive og samtidig mest sk\u00e5nsomme lokale antibakterielle metode, der findes.<\/p><p><strong>Trin 3<\/strong><br>Biofilmen g\u00e5r \u00f8jeblikkeligt i gang med at blive genopbygget. Det er vigtigt for prognosen, at behandleren booster biofilmen i den rigtige retning. Det g\u00f8r man ved med det samme at tilf\u00f8re gavnlige bakterier (probiotika) i form af en gel best\u00e5ende af Lactobacillus plantarum og Lactobacillus brevis. De to stammer er udvalgte p\u00e5 grund af deres s\u00e6rlige egenskaber, som medvirker til at styrke en sund biofilm.   <\/p><p><strong>Trin 4.<\/strong><\/p><p>Patienten skal forts\u00e6tte den probiotiske p\u00e5virkning med en sugetablet dagligt af de samme m\u00e6lkesyrebakterier. Meget gerne efter tandb\u00f8rstning om aftenen s\u00e5 tabletten virker hele natten. <\/p><p>En indsats med FlashMax P7, der vender en usund biofilm i pocherne til en balanceret biofilm, og ProlacSan\u00ae, som styrker den sunde biofilm er en foruds\u00e6tning for en sund mundhule.<\/p>\t\t\t\t\t\t\t\t<\/div>\n\t\t\t\t<\/div>\n\t\t\t\t<\/div>\n\t\t\t\t\t<\/div>\n\t\t\t\t<\/div>\n\t\t<div class=\"elementor-element elementor-element-9ded784 e-flex e-con-boxed e-con e-parent\" data-id=\"9ded784\" data-element_type=\"container\" data-e-type=\"container\">\n\t\t\t\t\t<div class=\"e-con-inner\">\n\t\t<div class=\"elementor-element elementor-element-36ecb8f e-con-full e-flex e-con e-child\" data-id=\"36ecb8f\" data-element_type=\"container\" data-e-type=\"container\" data-settings=\"{&quot;background_background&quot;:&quot;classic&quot;}\">\n\t\t<div class=\"elementor-element elementor-element-c8f77fe e-con-full e-flex e-con e-child\" data-id=\"c8f77fe\" data-element_type=\"container\" data-e-type=\"container\">\n\t\t\t\t<div class=\"elementor-element elementor-element-6bbb458 elementor-widget elementor-widget-image\" data-id=\"6bbb458\" data-element_type=\"widget\" data-e-type=\"widget\" data-widget_type=\"image.default\">\n\t\t\t\t<div class=\"elementor-widget-container\">\n\t\t\t\t\t\t\t\t\t\t\t\t\t\t\t<img decoding=\"async\" width=\"600\" height=\"400\" src=\"https:\/\/cmsdental.com\/wp-content\/uploads\/2025\/03\/BW_unge_mennesker.jpg\" class=\"attachment-large size-large wp-image-507\" alt=\"\" srcset=\"https:\/\/cmsdental.com\/wp-content\/uploads\/2025\/03\/BW_unge_mennesker.jpg 600w, https:\/\/cmsdental.com\/wp-content\/uploads\/2025\/03\/BW_unge_mennesker-300x200.jpg 300w\" sizes=\"(max-width: 600px) 100vw, 600px\" \/>\t\t\t\t\t\t\t\t\t\t\t\t\t\t\t<\/div>\n\t\t\t\t<\/div>\n\t\t\t\t<\/div>\n\t\t<div class=\"elementor-element elementor-element-1066414 e-con-full e-flex e-con e-child\" data-id=\"1066414\" data-element_type=\"container\" data-e-type=\"container\">\n\t\t\t\t<div class=\"elementor-element elementor-element-685f438 elementor-widget elementor-widget-heading\" data-id=\"685f438\" data-element_type=\"widget\" data-e-type=\"widget\" data-widget_type=\"heading.default\">\n\t\t\t\t<div class=\"elementor-widget-container\">\n\t\t\t\t\t<h2 class=\"elementor-heading-title elementor-size-default\">Fakta<\/h2>\t\t\t\t<\/div>\n\t\t\t\t<\/div>\n\t\t\t\t<div class=\"elementor-element elementor-element-e54d3f7 elementor-widget elementor-widget-text-editor\" data-id=\"e54d3f7\" data-element_type=\"widget\" data-e-type=\"widget\" data-widget_type=\"text-editor.default\">\n\t\t\t\t<div class=\"elementor-widget-container\">\n\t\t\t\t\t\t\t\t\t<p>Vidste du, at incidensen, eller hyppigheden af nye tilf\u00e6lde af sv\u00e6r parodontitis allerede topper ved 38 \u00e5rs alderen?<br><br>Vi ved meget om de bakteriekomplekser, der findes i sv\u00e6r parodontitis, og som menes at v\u00e6re ansvarlige for patogenesen bag parodontitis. Til geng\u00e6ld ved vi ikke s\u00e5 meget om udviklingen af den bakterielle dysbiose i \u00e5rene, f\u00f8r parodontitis klinisk diagnosticeres. Det antages at tage flere \u00e5r. Derfor er pr\u00e6ventive tiltag, s\u00e5 som tandl\u00e6getjek og supplement med mundhuleprobiotikum en god start.   <\/p>\t\t\t\t\t\t\t\t<\/div>\n\t\t\t\t<\/div>\n\t\t\t\t<\/div>\n\t\t\t\t<\/div>\n\t\t\t\t\t<\/div>\n\t\t\t\t<\/div>\n\t\t\t\t<\/div>\n\t\t","protected":false},"excerpt":{"rendered":"<p>Hjem Tandl\u00e6ger Biofilmkontrol Parodontitis og andre sygdomme Parodontitis og andre sygdomme CMS Dental har i en \u00e5rr\u00e6kke v\u00e6ret f\u00f8rende indenfor udvikling af LAD behandling og udbygger det med en lancering af et &#8220;opgraderet&#8221; totalkoncept til mundhulens biofilmkontrol. Det g\u00f8res med LAD (light activated disinfection) og probiotika tilf\u00f8rsel til styrkelse af biofilmen. Hvad er biofilm egentlig? [&hellip;]<\/p>\n","protected":false},"author":1,"featured_media":0,"parent":703,"menu_order":0,"comment_status":"closed","ping_status":"closed","template":"elementor_header_footer","meta":{"footnotes":""},"class_list":["post-711","page","type-page","status-publish","hentry"],"_links":{"self":[{"href":"https:\/\/cmsdental.com\/da\/wp-json\/wp\/v2\/pages\/711","targetHints":{"allow":["GET"]}}],"collection":[{"href":"https:\/\/cmsdental.com\/da\/wp-json\/wp\/v2\/pages"}],"about":[{"href":"https:\/\/cmsdental.com\/da\/wp-json\/wp\/v2\/types\/page"}],"author":[{"embeddable":true,"href":"https:\/\/cmsdental.com\/da\/wp-json\/wp\/v2\/users\/1"}],"replies":[{"embeddable":true,"href":"https:\/\/cmsdental.com\/da\/wp-json\/wp\/v2\/comments?post=711"}],"version-history":[{"count":4,"href":"https:\/\/cmsdental.com\/da\/wp-json\/wp\/v2\/pages\/711\/revisions"}],"predecessor-version":[{"id":895,"href":"https:\/\/cmsdental.com\/da\/wp-json\/wp\/v2\/pages\/711\/revisions\/895"}],"up":[{"embeddable":true,"href":"https:\/\/cmsdental.com\/da\/wp-json\/wp\/v2\/pages\/703"}],"wp:attachment":[{"href":"https:\/\/cmsdental.com\/da\/wp-json\/wp\/v2\/media?parent=711"}],"curies":[{"name":"wp","href":"https:\/\/api.w.org\/{rel}","templated":true}]}}