{"id":707,"date":"2025-03-10T23:02:04","date_gmt":"2025-03-10T23:02:04","guid":{"rendered":"https:\/\/cms-dental.msnordic.com\/tandlaeger\/biofilmkontrol-i-mundhulen\/lad-lysaktiveret-desinfektion\/"},"modified":"2025-09-25T07:47:31","modified_gmt":"2025-09-25T07:47:31","slug":"lad","status":"publish","type":"page","link":"https:\/\/cmsdental.com\/da\/tandlaeger\/biofilm-kontrol\/lad\/","title":{"rendered":"LAD \/Lysaktiveret desinfektion"},"content":{"rendered":"\t\t<div data-elementor-type=\"wp-page\" data-elementor-id=\"707\" class=\"elementor elementor-707 elementor-210\" data-elementor-post-type=\"page\">\n\t\t\t\t<div class=\"elementor-element elementor-element-dc3b800 e-flex e-con-boxed e-con e-parent\" data-id=\"dc3b800\" data-element_type=\"container\" data-e-type=\"container\" data-settings=\"{&quot;background_background&quot;:&quot;classic&quot;}\">\n\t\t\t\t\t<div class=\"e-con-inner\">\n\t\t\t\t<div class=\"elementor-element elementor-element-c43f011 elementor-icon-list--layout-inline elementor-list-item-link-full_width elementor-widget elementor-widget-icon-list\" data-id=\"c43f011\" data-element_type=\"widget\" data-e-type=\"widget\" data-widget_type=\"icon-list.default\">\n\t\t\t\t<div class=\"elementor-widget-container\">\n\t\t\t\t\t\t\t<ul class=\"elementor-icon-list-items elementor-inline-items\">\n\t\t\t\t\t\t\t<li class=\"elementor-icon-list-item elementor-inline-item\">\n\t\t\t\t\t\t\t\t\t\t\t<a href=\"https:\/\/cmsdental.com\/da\/\">\n\n\t\t\t\t\t\t\t\t\t\t\t<span class=\"elementor-icon-list-text\">Hjem<\/span>\n\t\t\t\t\t\t\t\t\t\t\t<\/a>\n\t\t\t\t\t\t\t\t\t<\/li>\n\t\t\t\t\t\t\t\t<li class=\"elementor-icon-list-item elementor-inline-item\">\n\t\t\t\t\t\t\t\t\t\t\t<a href=\"https:\/\/cmsdental.com\/index.php\/dentists\/\">\n\n\t\t\t\t\t\t\t\t\t\t\t\t<span class=\"elementor-icon-list-icon\">\n\t\t\t\t\t\t\t<i aria-hidden=\"true\" class=\"fas fa-chevron-right\"><\/i>\t\t\t\t\t\t<\/span>\n\t\t\t\t\t\t\t\t\t\t<span class=\"elementor-icon-list-text\">Tandl\u00e6ger<\/span>\n\t\t\t\t\t\t\t\t\t\t\t<\/a>\n\t\t\t\t\t\t\t\t\t<\/li>\n\t\t\t\t\t\t\t\t<li class=\"elementor-icon-list-item elementor-inline-item\">\n\t\t\t\t\t\t\t\t\t\t\t<a href=\"https:\/\/cmsdental.com\/index.php\/dentists\/biofilm-control\/\">\n\n\t\t\t\t\t\t\t\t\t\t\t\t<span class=\"elementor-icon-list-icon\">\n\t\t\t\t\t\t\t<i aria-hidden=\"true\" class=\"fas fa-chevron-right\"><\/i>\t\t\t\t\t\t<\/span>\n\t\t\t\t\t\t\t\t\t\t<span class=\"elementor-icon-list-text\">Biofilmkontrol<\/span>\n\t\t\t\t\t\t\t\t\t\t\t<\/a>\n\t\t\t\t\t\t\t\t\t<\/li>\n\t\t\t\t\t\t\t\t<li class=\"elementor-icon-list-item elementor-inline-item\">\n\t\t\t\t\t\t\t\t\t\t\t<span class=\"elementor-icon-list-icon\">\n\t\t\t\t\t\t\t<i aria-hidden=\"true\" class=\"fas fa-chevron-right\"><\/i>\t\t\t\t\t\t<\/span>\n\t\t\t\t\t\t\t\t\t\t<span class=\"elementor-icon-list-text\">  LAD<\/span>\n\t\t\t\t\t\t\t\t\t<\/li>\n\t\t\t\t\t\t<\/ul>\n\t\t\t\t\t\t<\/div>\n\t\t\t\t<\/div>\n\t\t\t\t\t<\/div>\n\t\t\t\t<\/div>\n\t\t<div class=\"elementor-element elementor-element-f8311ce e-flex e-con-boxed e-con e-parent\" data-id=\"f8311ce\" data-element_type=\"container\" data-e-type=\"container\" data-settings=\"{&quot;background_background&quot;:&quot;classic&quot;}\">\n\t\t\t\t\t<div class=\"e-con-inner\">\n\t\t<div class=\"elementor-element elementor-element-59d4172 e-con-full e-flex e-con e-child\" data-id=\"59d4172\" data-element_type=\"container\" data-e-type=\"container\" data-settings=\"{&quot;background_background&quot;:&quot;classic&quot;}\">\n\t\t\t\t<div class=\"elementor-element elementor-element-5d41a7f elementor-widget elementor-widget-heading\" data-id=\"5d41a7f\" data-element_type=\"widget\" data-e-type=\"widget\" data-widget_type=\"heading.default\">\n\t\t\t\t<div class=\"elementor-widget-container\">\n\t\t\t\t\t<h2 class=\"elementor-heading-title elementor-size-default\">LAD\nLysaktiveret desinfektion<\/h2>\t\t\t\t<\/div>\n\t\t\t\t<\/div>\n\t\t\t\t<div class=\"elementor-element elementor-element-a93ccb5 elementor-widget elementor-widget-text-editor\" data-id=\"a93ccb5\" data-element_type=\"widget\" data-e-type=\"widget\" data-widget_type=\"text-editor.default\">\n\t\t\t\t<div class=\"elementor-widget-container\">\n\t\t\t\t\t\t\t\t\t<p class=\"lead\">LAD kaldes ogs\u00e5 PDT for antimicrobiel photodynamic therapy.<\/p><p>Der er tale om en kombinationsbehandling med lys og en fotoinitiator, der kan absorbere energi fra en bestemt b\u00f8lgel\u00e6ngde lys, og derved frig\u00f8re denne energi som reaktive iltforbindelser. Fordi fotoinitiatoren \u2013 binder sig til overfalden af bakterierne, dr\u00e6bes disse \u00f8jeblikkeligt af iltforbindelserne.<\/p>\t\t\t\t\t\t\t\t<\/div>\n\t\t\t\t<\/div>\n\t\t\t\t<\/div>\n\t\t<div class=\"elementor-element elementor-element-4417276 e-con-full e-flex e-con e-child\" data-id=\"4417276\" data-element_type=\"container\" data-e-type=\"container\" data-settings=\"{&quot;background_background&quot;:&quot;classic&quot;}\">\n\t\t\t\t<\/div>\n\t\t\t\t\t<\/div>\n\t\t\t\t<\/div>\n\t\t<div class=\"elementor-element elementor-element-6b070c0 e-flex e-con-boxed e-con e-parent\" data-id=\"6b070c0\" data-element_type=\"container\" data-e-type=\"container\">\n\t\t\t\t\t<div class=\"e-con-inner\">\n\t\t\t\t<div class=\"elementor-element elementor-element-dff4253 elementor-widget elementor-widget-text-editor\" data-id=\"dff4253\" data-element_type=\"widget\" data-e-type=\"widget\" data-widget_type=\"text-editor.default\">\n\t\t\t\t<div class=\"elementor-widget-container\">\n\t\t\t\t\t\t\t\t\t<div class=\"col-md-6 col-first\"><p>LAD er specielt velegnet til at dr\u00e6be bakterier i afgr\u00e6nsede omr\u00e5der, som f.eks. pocher og rodkanaler, men ogs\u00e5 p\u00e5 andre overflader. Betingelsen er blot, at der skal kunne tr\u00e6nge nok lys frem til det behandlede omr\u00e5de for at starte processen.<\/p><p><strong>LAD har en lang r\u00e6kke fordele<\/strong><\/p><ul><li>&#8211; Det virker p\u00e5 alle typer bakterier<\/li><li>&#8211; Har ingen bivirkninger<\/li><li>&#8211; Kan gentages.<\/li><li>&#8211; Der er ingen risiko for resistensudvikling.<\/li><\/ul><p>Behandlingen er hurtig og billig og kan udf\u00f8res af tandplejere i forbindelse med forebyggende behandling, tandrensning og kontrolbes\u00f8g p\u00e5 klinikken.<\/p><\/div><div class=\"col-md-6 col-second\"><p>LAD er ikke en stand alone behandling, da bakterierne vil komme tilbage efter kort tid, s\u00e5fremt man ikke \u00e6ndrer p\u00e5 det orale bakteriemilj\u00f8, som indg\u00e5r i biofilmen. Derfor skal LAD f\u00f8lges op af en \u201dBacterial replacement\u201d \u2013 ogs\u00e5 kaldet probiotika tilf\u00f8rsel.<\/p><p>Det g\u00e5r ud p\u00e5 at tilf\u00f8re gavnlige bakterier, som kan forrykke balancen mellem mundhulens bakterier.<\/p><p>Rationalet er, at der skal rettes op p\u00e5 en sk\u00e6v balance mellem disse bakterier, der for\u00e5rsager de fleste mundhulesygdomme. Balancen skal genoprettes, s\u00e5 kroppen kan reducere inflammationsprocessen.<\/p><\/div>\t\t\t\t\t\t\t\t<\/div>\n\t\t\t\t<\/div>\n\t\t\t\t<div class=\"elementor-element elementor-element-bb82f09 elementor-align-left elementor-widget elementor-widget-button\" data-id=\"bb82f09\" data-element_type=\"widget\" data-e-type=\"widget\" data-widget_type=\"button.default\">\n\t\t\t\t<div class=\"elementor-widget-container\">\n\t\t\t\t\t\t\t\t\t<div class=\"elementor-button-wrapper\">\n\t\t\t\t\t<a class=\"elementor-button elementor-button-link elementor-size-sm\" href=\"https:\/\/cmsdental.com\/da\/tandlaeger\/biofilm-kontrol\/probiotika\/\">\n\t\t\t\t\t\t<span class=\"elementor-button-content-wrapper\">\n\t\t\t\t\t\t\t\t\t<span class=\"elementor-button-text\">L\u00e6s om probiotika<\/span>\n\t\t\t\t\t<\/span>\n\t\t\t\t\t<\/a>\n\t\t\t\t<\/div>\n\t\t\t\t\t\t\t\t<\/div>\n\t\t\t\t<\/div>\n\t\t\t\t\t<\/div>\n\t\t\t\t<\/div>\n\t\t\t\t<\/div>\n\t\t","protected":false},"excerpt":{"rendered":"<p>Hjem Tandl\u00e6ger Biofilmkontrol LAD LAD Lysaktiveret desinfektion LAD kaldes ogs\u00e5 PDT for antimicrobiel photodynamic therapy. Der er tale om en kombinationsbehandling med lys og en fotoinitiator, der kan absorbere energi fra en bestemt b\u00f8lgel\u00e6ngde lys, og derved frig\u00f8re denne energi som reaktive iltforbindelser. Fordi fotoinitiatoren \u2013 binder sig til overfalden af bakterierne, dr\u00e6bes disse \u00f8jeblikkeligt [&hellip;]<\/p>\n","protected":false},"author":1,"featured_media":0,"parent":703,"menu_order":0,"comment_status":"closed","ping_status":"closed","template":"elementor_header_footer","meta":{"footnotes":""},"class_list":["post-707","page","type-page","status-publish","hentry"],"_links":{"self":[{"href":"https:\/\/cmsdental.com\/da\/wp-json\/wp\/v2\/pages\/707","targetHints":{"allow":["GET"]}}],"collection":[{"href":"https:\/\/cmsdental.com\/da\/wp-json\/wp\/v2\/pages"}],"about":[{"href":"https:\/\/cmsdental.com\/da\/wp-json\/wp\/v2\/types\/page"}],"author":[{"embeddable":true,"href":"https:\/\/cmsdental.com\/da\/wp-json\/wp\/v2\/users\/1"}],"replies":[{"embeddable":true,"href":"https:\/\/cmsdental.com\/da\/wp-json\/wp\/v2\/comments?post=707"}],"version-history":[{"count":5,"href":"https:\/\/cmsdental.com\/da\/wp-json\/wp\/v2\/pages\/707\/revisions"}],"predecessor-version":[{"id":893,"href":"https:\/\/cmsdental.com\/da\/wp-json\/wp\/v2\/pages\/707\/revisions\/893"}],"up":[{"embeddable":true,"href":"https:\/\/cmsdental.com\/da\/wp-json\/wp\/v2\/pages\/703"}],"wp:attachment":[{"href":"https:\/\/cmsdental.com\/da\/wp-json\/wp\/v2\/media?parent=707"}],"curies":[{"name":"wp","href":"https:\/\/api.w.org\/{rel}","templated":true}]}}