{"id":701,"date":"2025-03-10T22:27:58","date_gmt":"2025-03-10T22:27:58","guid":{"rendered":"https:\/\/cms-dental.msnordic.com\/tandlaeger\/"},"modified":"2025-09-25T07:46:34","modified_gmt":"2025-09-25T07:46:34","slug":"tandlaeger","status":"publish","type":"page","link":"https:\/\/cmsdental.com\/da\/tandlaeger\/","title":{"rendered":"Tandl\u00e6ger"},"content":{"rendered":"\t\t<div data-elementor-type=\"wp-page\" data-elementor-id=\"701\" class=\"elementor elementor-701 elementor-150\" data-elementor-post-type=\"page\">\n\t\t\t\t<div class=\"elementor-element elementor-element-1748494 e-flex e-con-boxed e-con e-parent\" data-id=\"1748494\" data-element_type=\"container\" data-e-type=\"container\" data-settings=\"{&quot;background_background&quot;:&quot;classic&quot;}\">\n\t\t\t\t\t<div class=\"e-con-inner\">\n\t\t\t\t<div class=\"elementor-element elementor-element-a8fb40e elementor-icon-list--layout-inline elementor-list-item-link-full_width elementor-widget elementor-widget-icon-list\" data-id=\"a8fb40e\" data-element_type=\"widget\" data-e-type=\"widget\" data-widget_type=\"icon-list.default\">\n\t\t\t\t<div class=\"elementor-widget-container\">\n\t\t\t\t\t\t\t<ul class=\"elementor-icon-list-items elementor-inline-items\">\n\t\t\t\t\t\t\t<li class=\"elementor-icon-list-item elementor-inline-item\">\n\t\t\t\t\t\t\t\t\t\t\t<a href=\"https:\/\/cmsdental.com\/da\/\">\n\n\t\t\t\t\t\t\t\t\t\t\t<span class=\"elementor-icon-list-text\">Hjem<\/span>\n\t\t\t\t\t\t\t\t\t\t\t<\/a>\n\t\t\t\t\t\t\t\t\t<\/li>\n\t\t\t\t\t\t\t\t<li class=\"elementor-icon-list-item elementor-inline-item\">\n\t\t\t\t\t\t\t\t\t\t\t<span class=\"elementor-icon-list-icon\">\n\t\t\t\t\t\t\t<i aria-hidden=\"true\" class=\"fas fa-chevron-right\"><\/i>\t\t\t\t\t\t<\/span>\n\t\t\t\t\t\t\t\t\t\t<span class=\"elementor-icon-list-text\">Tandl\u00e6ger<\/span>\n\t\t\t\t\t\t\t\t\t<\/li>\n\t\t\t\t\t\t<\/ul>\n\t\t\t\t\t\t<\/div>\n\t\t\t\t<\/div>\n\t\t\t\t\t<\/div>\n\t\t\t\t<\/div>\n\t\t<div class=\"elementor-element elementor-element-5cd894a e-con-full e-flex e-con e-parent\" data-id=\"5cd894a\" data-element_type=\"container\" data-e-type=\"container\">\n\t\t\t\t<div class=\"elementor-element elementor-element-54eb187 elementor--h-position-left elementor--v-position-middle elementor-pagination-position-inside elementor-widget elementor-widget-slides\" data-id=\"54eb187\" data-element_type=\"widget\" data-e-type=\"widget\" data-settings=\"{&quot;navigation&quot;:&quot;dots&quot;,&quot;autoplay&quot;:&quot;yes&quot;,&quot;pause_on_hover&quot;:&quot;yes&quot;,&quot;pause_on_interaction&quot;:&quot;yes&quot;,&quot;autoplay_speed&quot;:5000,&quot;infinite&quot;:&quot;yes&quot;,&quot;transition&quot;:&quot;slide&quot;,&quot;transition_speed&quot;:500}\" data-widget_type=\"slides.default\">\n\t\t\t\t<div class=\"elementor-widget-container\">\n\t\t\t\t\t\t\t\t\t<div class=\"elementor-swiper\">\n\t\t\t\t\t<div class=\"elementor-slides-wrapper elementor-main-swiper swiper\" role=\"region\" aria-roledescription=\"carousel\" aria-label=\"Slides\" dir=\"ltr\" data-animation=\"fadeInUp\">\n\t\t\t\t<div class=\"swiper-wrapper elementor-slides\">\n\t\t\t\t\t\t\t\t\t\t<div class=\"elementor-repeater-item-32b2c2f swiper-slide\" role=\"group\" aria-roledescription=\"slide\"><div class=\"swiper-slide-bg\" role=\"img\" aria-label=\"tandlaeger-cmsdental\"><\/div><div class=\"swiper-slide-inner\" ><div class=\"swiper-slide-contents\"><div class=\"elementor-slide-heading\">Tandl\u00e6ger<\/div><div class=\"elementor-slide-description\"><p>Det handler ikke kun om t\u00e6nder<\/p>\n<\/div><\/div><\/div><\/div>\t\t\t\t<\/div>\n\t\t\t\t\t\t\t<\/div>\n\t\t\t\t<\/div>\n\t\t\t\t\t\t\t\t<\/div>\n\t\t\t\t<\/div>\n\t\t\t\t<\/div>\n\t\t<div class=\"elementor-element elementor-element-d7662ac e-flex e-con-boxed e-con e-parent\" data-id=\"d7662ac\" data-element_type=\"container\" data-e-type=\"container\">\n\t\t\t\t\t<div class=\"e-con-inner\">\n\t\t\t\t<div class=\"elementor-element elementor-element-7a12a6b elementor-widget elementor-widget-heading\" data-id=\"7a12a6b\" data-element_type=\"widget\" data-e-type=\"widget\" data-widget_type=\"heading.default\">\n\t\t\t\t<div class=\"elementor-widget-container\">\n\t\t\t\t\t<h2 class=\"elementor-heading-title elementor-size-default\">Hvorfor f\u00e5r dine patienter problemer med mundhulen?\n<\/h2>\t\t\t\t<\/div>\n\t\t\t\t<\/div>\n\t\t\t\t<div class=\"elementor-element elementor-element-4d3251c elementor-widget elementor-widget-text-editor\" data-id=\"4d3251c\" data-element_type=\"widget\" data-e-type=\"widget\" data-widget_type=\"text-editor.default\">\n\t\t\t\t<div class=\"elementor-widget-container\">\n\t\t\t\t\t\t\t\t\t<p>Der er flere faktorer, der spiller ind, n\u00e5r dine patienter f\u00e5r problemer med mundhulen. Selvom det er essentielt at en god mundhygiejne og det er velkendt, at en forebyggende indsats er afg\u00f8rende for, hvorvidt en patient f\u00e5r en sygdomstilstand i mundhulen, s\u00e5 er det ikke den faktor alene, der afg\u00f8r et sygdomsudbrud og forl\u00f8b.<\/p><p>Det er derimod en kombination af livsstil, herunder forebyggende tandpleje, genetik, immunsystem og som en meget v\u00e6sentlig faktor, b\u00f8r der v\u00e6re fokus p\u00e5 bakteriesammens\u00e6tningen i mundhulen. Alle faktorer udg\u00f8r et samspil og kan derfor ikke ses isoleret eller ignoreres, n\u00e5r man ser p\u00e5 sygdoms\u00e6tiologi og behandlingsindsats i tandplejen.<\/p><p>Personlig tandhygiejne og forebyggende tandpleje p\u00e5 klinikkerne har forbedret tandstatus og mundhygiejnen betydeligt og det vil til stadighed v\u00e6re en vigtig del af indsatsen.<\/p><p>Systemiske sygdomme og medicinsk behandling har ligeledes stor indflydelse p\u00e5 mundhulebalancen og dermed p\u00e5 sundhedstilstanden i mundhulen. Oplysninger om patientens generelle sundhedstilstand, medicinforbrug og livsstilsfaktorer b\u00f8r derfor indg\u00e5 i vurderingen af patientens sundhedstilstand i mundhulen. Mundhulens sygdomme har indflydelse p\u00e5 udviklingen af adskillige systemiske sygdomme, ligesom de systemiske sygdomme har indflydelse p\u00e5 sundhedstilstanden i munden.<\/p><p>L\u00e6s mere om bakteriebalancen og en sund biofilm i afsnittet om biofilm.<\/p><p>Ved en sygdom som parodontitis ser man de fire afg\u00f8rende faktorer helt tydeligt spille ind for sygdomsudvikling og prognose.<\/p><p>L\u00e6s mere om parodontitis og de fire brikker BAKTERIER, GENETIK, IMMUNSYSTEM, LIVSSTIL, der indg\u00e5r som vigtige faktorer i udvikling af sygdommen under parodontologi.<\/p>\t\t\t\t\t\t\t\t<\/div>\n\t\t\t\t<\/div>\n\t\t\t\t\t<\/div>\n\t\t\t\t<\/div>\n\t\t<div class=\"elementor-element elementor-element-eccc0fd e-con-full e-flex e-con e-parent\" data-id=\"eccc0fd\" data-element_type=\"container\" data-e-type=\"container\" data-settings=\"{&quot;background_background&quot;:&quot;classic&quot;}\">\n\t\t<div class=\"elementor-element elementor-element-392d345 e-flex e-con-boxed e-con e-child\" data-id=\"392d345\" data-element_type=\"container\" data-e-type=\"container\">\n\t\t\t\t\t<div class=\"e-con-inner\">\n\t\t<div class=\"elementor-element elementor-element-0f12144 e-con-full e-flex e-con e-child\" data-id=\"0f12144\" data-element_type=\"container\" data-e-type=\"container\">\n\t\t\t\t<div class=\"elementor-element elementor-element-f7f9ca6 elementor-widget elementor-widget-image\" data-id=\"f7f9ca6\" data-element_type=\"widget\" data-e-type=\"widget\" data-widget_type=\"image.default\">\n\t\t\t\t<div class=\"elementor-widget-container\">\n\t\t\t\t\t\t\t\t\t\t\t\t\t\t\t<img fetchpriority=\"high\" decoding=\"async\" width=\"800\" height=\"816\" src=\"https:\/\/cmsdental.com\/wp-content\/uploads\/2025\/03\/4-pieces.jpg\" class=\"attachment-large size-large wp-image-479\" alt=\"\" srcset=\"https:\/\/cmsdental.com\/wp-content\/uploads\/2025\/03\/4-pieces.jpg 842w, https:\/\/cmsdental.com\/wp-content\/uploads\/2025\/03\/4-pieces-294x300.jpg 294w, https:\/\/cmsdental.com\/wp-content\/uploads\/2025\/03\/4-pieces-768x784.jpg 768w\" sizes=\"(max-width: 800px) 100vw, 800px\" \/>\t\t\t\t\t\t\t\t\t\t\t\t\t\t\t<\/div>\n\t\t\t\t<\/div>\n\t\t\t\t<\/div>\n\t\t<div class=\"elementor-element elementor-element-3d44453 e-con-full e-flex e-con e-child\" data-id=\"3d44453\" data-element_type=\"container\" data-e-type=\"container\">\n\t\t<div class=\"elementor-element elementor-element-95a1a68 e-con-full e-flex e-con e-child\" data-id=\"95a1a68\" data-element_type=\"container\" data-e-type=\"container\">\n\t\t\t\t<div class=\"elementor-element elementor-element-fdd882a elementor-position-top elementor-widget elementor-widget-image-box\" data-id=\"fdd882a\" data-element_type=\"widget\" data-e-type=\"widget\" data-widget_type=\"image-box.default\">\n\t\t\t\t<div class=\"elementor-widget-container\">\n\t\t\t\t\t<div class=\"elementor-image-box-wrapper\"><figure class=\"elementor-image-box-img\"><a href=\"https:\/\/cmsdental.com\/da\/patienter\/caries\/\" tabindex=\"-1\"><img decoding=\"async\" width=\"300\" height=\"300\" src=\"https:\/\/cmsdental.com\/wp-content\/uploads\/2025\/03\/bacteria-piece.png\" class=\"attachment-full size-full wp-image-157\" alt=\"\" srcset=\"https:\/\/cmsdental.com\/wp-content\/uploads\/2025\/03\/bacteria-piece.png 300w, https:\/\/cmsdental.com\/wp-content\/uploads\/2025\/03\/bacteria-piece-150x150.png 150w\" sizes=\"(max-width: 300px) 100vw, 300px\" \/><\/a><\/figure><div class=\"elementor-image-box-content\"><h3 class=\"elementor-image-box-title\"><a href=\"https:\/\/cmsdental.com\/da\/patienter\/caries\/\">Bakterier<\/a><\/h3><p class=\"elementor-image-box-description\">Den f\u00f8rste brik er tilstedev\u00e6relsen af bestemte\ntyper bakterier i mundhulen. <\/p><\/div><\/div>\t\t\t\t<\/div>\n\t\t\t\t<\/div>\n\t\t\t\t<\/div>\n\t\t<div class=\"elementor-element elementor-element-d4dd656 e-con-full e-flex e-con e-child\" data-id=\"d4dd656\" data-element_type=\"container\" data-e-type=\"container\">\n\t\t\t\t<div class=\"elementor-element elementor-element-49f7f20 elementor-position-top elementor-widget elementor-widget-image-box\" data-id=\"49f7f20\" data-element_type=\"widget\" data-e-type=\"widget\" data-widget_type=\"image-box.default\">\n\t\t\t\t<div class=\"elementor-widget-container\">\n\t\t\t\t\t<div class=\"elementor-image-box-wrapper\"><figure class=\"elementor-image-box-img\"><a href=\"https:\/\/cmsdental.com\/da\/patienter\/tandkoedsbetaendelseog-parodontitis\/\" tabindex=\"-1\"><img decoding=\"async\" width=\"300\" height=\"300\" src=\"https:\/\/cmsdental.com\/wp-content\/uploads\/2025\/03\/genetics-piece.png\" class=\"attachment-full size-full wp-image-158\" alt=\"\" srcset=\"https:\/\/cmsdental.com\/wp-content\/uploads\/2025\/03\/genetics-piece.png 300w, https:\/\/cmsdental.com\/wp-content\/uploads\/2025\/03\/genetics-piece-150x150.png 150w\" sizes=\"(max-width: 300px) 100vw, 300px\" \/><\/a><\/figure><div class=\"elementor-image-box-content\"><h3 class=\"elementor-image-box-title\"><a href=\"https:\/\/cmsdental.com\/da\/patienter\/tandkoedsbetaendelseog-parodontitis\/\">Genetik<\/a><\/h3><p class=\"elementor-image-box-description\">Den anden brik er de\ngenetiske foruds\u00e6tninger.<\/p><\/div><\/div>\t\t\t\t<\/div>\n\t\t\t\t<\/div>\n\t\t\t\t<\/div>\n\t\t<div class=\"elementor-element elementor-element-f88a4af e-con-full e-flex e-con e-child\" data-id=\"f88a4af\" data-element_type=\"container\" data-e-type=\"container\">\n\t\t\t\t<div class=\"elementor-element elementor-element-e16fd4a elementor-position-top elementor-widget elementor-widget-image-box\" data-id=\"e16fd4a\" data-element_type=\"widget\" data-e-type=\"widget\" data-widget_type=\"image-box.default\">\n\t\t\t\t<div class=\"elementor-widget-container\">\n\t\t\t\t\t<div class=\"elementor-image-box-wrapper\"><figure class=\"elementor-image-box-img\"><a href=\"https:\/\/cmsdental.com\/en\/patients\/mundhulesvamp\" tabindex=\"-1\"><img loading=\"lazy\" decoding=\"async\" width=\"300\" height=\"300\" src=\"https:\/\/cmsdental.com\/wp-content\/uploads\/2025\/03\/immune-system-piece.png\" class=\"attachment-full size-full wp-image-159\" alt=\"\" srcset=\"https:\/\/cmsdental.com\/wp-content\/uploads\/2025\/03\/immune-system-piece.png 300w, https:\/\/cmsdental.com\/wp-content\/uploads\/2025\/03\/immune-system-piece-150x150.png 150w\" sizes=\"(max-width: 300px) 100vw, 300px\" \/><\/a><\/figure><div class=\"elementor-image-box-content\"><h3 class=\"elementor-image-box-title\"><a href=\"https:\/\/cmsdental.com\/en\/patients\/mundhulesvamp\">Immunsystem<\/a><\/h3><p class=\"elementor-image-box-description\">Mundhulesvamp for\u00e5rsages prim\u00e6rt af Candida albicans, som findes hos omkring 50% af befolkningen.<\/p><\/div><\/div>\t\t\t\t<\/div>\n\t\t\t\t<\/div>\n\t\t\t\t<\/div>\n\t\t<div class=\"elementor-element elementor-element-f103171 e-con-full e-flex e-con e-child\" data-id=\"f103171\" data-element_type=\"container\" data-e-type=\"container\">\n\t\t\t\t<div class=\"elementor-element elementor-element-950a2ff elementor-position-top elementor-widget elementor-widget-image-box\" data-id=\"950a2ff\" data-element_type=\"widget\" data-e-type=\"widget\" data-widget_type=\"image-box.default\">\n\t\t\t\t<div class=\"elementor-widget-container\">\n\t\t\t\t\t<div class=\"elementor-image-box-wrapper\"><figure class=\"elementor-image-box-img\"><a href=\"https:\/\/cmsdental.com\/da\/patienter\/rodfyldning\/\" tabindex=\"-1\"><img loading=\"lazy\" decoding=\"async\" width=\"300\" height=\"300\" src=\"https:\/\/cmsdental.com\/wp-content\/uploads\/2025\/03\/lifestyle-piece.png\" class=\"attachment-full size-full wp-image-160\" alt=\"\" srcset=\"https:\/\/cmsdental.com\/wp-content\/uploads\/2025\/03\/lifestyle-piece.png 300w, https:\/\/cmsdental.com\/wp-content\/uploads\/2025\/03\/lifestyle-piece-150x150.png 150w\" sizes=\"(max-width: 300px) 100vw, 300px\" \/><\/a><\/figure><div class=\"elementor-image-box-content\"><h3 class=\"elementor-image-box-title\"><a href=\"https:\/\/cmsdental.com\/da\/patienter\/rodfyldning\/\">Livsstil<\/a><\/h3><p class=\"elementor-image-box-description\">Den fjerde brik er alle de p\u00e5virkninger\npatienten selv har indflydelse p\u00e5.<\/p><\/div><\/div>\t\t\t\t<\/div>\n\t\t\t\t<\/div>\n\t\t\t\t<\/div>\n\t\t\t\t<\/div>\n\t\t\t\t\t<\/div>\n\t\t\t\t<\/div>\n\t\t\t\t<\/div>\n\t\t<div class=\"elementor-element elementor-element-1215ff1 e-flex e-con-boxed e-con e-parent\" data-id=\"1215ff1\" data-element_type=\"container\" data-e-type=\"container\">\n\t\t\t\t\t<div class=\"e-con-inner\">\n\t\t<div class=\"elementor-element elementor-element-d95bd5c e-con-full e-flex e-con e-child\" data-id=\"d95bd5c\" data-element_type=\"container\" data-e-type=\"container\">\n\t\t\t\t<div class=\"elementor-element elementor-element-aac24ac elementor-widget elementor-widget-image\" data-id=\"aac24ac\" data-element_type=\"widget\" data-e-type=\"widget\" data-widget_type=\"image.default\">\n\t\t\t\t<div class=\"elementor-widget-container\">\n\t\t\t\t\t\t\t\t\t\t\t\t\t\t\t<img loading=\"lazy\" decoding=\"async\" width=\"800\" height=\"455\" src=\"https:\/\/cmsdental.com\/wp-content\/uploads\/2025\/03\/biofilmkontrol-1024x583.jpg\" class=\"attachment-large size-large wp-image-484\" alt=\"\" srcset=\"https:\/\/cmsdental.com\/wp-content\/uploads\/2025\/03\/biofilmkontrol-1024x583.jpg 1024w, https:\/\/cmsdental.com\/wp-content\/uploads\/2025\/03\/biofilmkontrol-300x171.jpg 300w, https:\/\/cmsdental.com\/wp-content\/uploads\/2025\/03\/biofilmkontrol-768x437.jpg 768w, https:\/\/cmsdental.com\/wp-content\/uploads\/2025\/03\/biofilmkontrol.jpg 1100w\" sizes=\"(max-width: 800px) 100vw, 800px\" \/>\t\t\t\t\t\t\t\t\t\t\t\t\t\t\t<\/div>\n\t\t\t\t<\/div>\n\t\t\t\t<div class=\"elementor-element elementor-element-af27dfb elementor-widget elementor-widget-heading\" data-id=\"af27dfb\" data-element_type=\"widget\" data-e-type=\"widget\" data-widget_type=\"heading.default\">\n\t\t\t\t<div class=\"elementor-widget-container\">\n\t\t\t\t\t<h2 class=\"elementor-heading-title elementor-size-default\">Biofilmkontrol\n<\/h2>\t\t\t\t<\/div>\n\t\t\t\t<\/div>\n\t\t\t\t<div class=\"elementor-element elementor-element-004d30c elementor-widget elementor-widget-text-editor\" data-id=\"004d30c\" data-element_type=\"widget\" data-e-type=\"widget\" data-widget_type=\"text-editor.default\">\n\t\t\t\t<div class=\"elementor-widget-container\">\n\t\t\t\t\t\t\t\t\tBiofilm i mundhulen er \u00e5rsag til stort set alle mundhuleproblemer!\n\t\t\t\t\t\t\t\t<\/div>\n\t\t\t\t<\/div>\n\t\t\t\t<div class=\"elementor-element elementor-element-2bbff85 elementor-widget elementor-widget-button\" data-id=\"2bbff85\" data-element_type=\"widget\" data-e-type=\"widget\" data-widget_type=\"button.default\">\n\t\t\t\t<div class=\"elementor-widget-container\">\n\t\t\t\t\t\t\t\t\t<div class=\"elementor-button-wrapper\">\n\t\t\t\t\t<a class=\"elementor-button elementor-button-link elementor-size-sm\" href=\"https:\/\/cmsdental.com\/da\/tandlaeger\/biofilm-kontrol\/\">\n\t\t\t\t\t\t<span class=\"elementor-button-content-wrapper\">\n\t\t\t\t\t\t\t\t\t<span class=\"elementor-button-text\">L\u00e6s mere<\/span>\n\t\t\t\t\t<\/span>\n\t\t\t\t\t<\/a>\n\t\t\t\t<\/div>\n\t\t\t\t\t\t\t\t<\/div>\n\t\t\t\t<\/div>\n\t\t\t\t<\/div>\n\t\t<div class=\"elementor-element elementor-element-e7e9a4c e-con-full e-flex e-con e-child\" data-id=\"e7e9a4c\" data-element_type=\"container\" data-e-type=\"container\">\n\t\t\t\t<div class=\"elementor-element elementor-element-9f7c42a elementor-widget elementor-widget-image\" data-id=\"9f7c42a\" data-element_type=\"widget\" data-e-type=\"widget\" data-widget_type=\"image.default\">\n\t\t\t\t<div class=\"elementor-widget-container\">\n\t\t\t\t\t\t\t\t\t\t\t\t\t\t\t<img loading=\"lazy\" decoding=\"async\" width=\"800\" height=\"455\" src=\"https:\/\/cmsdental.com\/wp-content\/uploads\/2025\/03\/parodontologi-1024x583.jpg\" class=\"attachment-large size-large wp-image-485\" alt=\"\" srcset=\"https:\/\/cmsdental.com\/wp-content\/uploads\/2025\/03\/parodontologi-1024x583.jpg 1024w, https:\/\/cmsdental.com\/wp-content\/uploads\/2025\/03\/parodontologi-300x171.jpg 300w, https:\/\/cmsdental.com\/wp-content\/uploads\/2025\/03\/parodontologi-768x437.jpg 768w, https:\/\/cmsdental.com\/wp-content\/uploads\/2025\/03\/parodontologi.jpg 1100w\" sizes=\"(max-width: 800px) 100vw, 800px\" \/>\t\t\t\t\t\t\t\t\t\t\t\t\t\t\t<\/div>\n\t\t\t\t<\/div>\n\t\t\t\t<div class=\"elementor-element elementor-element-4117a87 elementor-widget elementor-widget-heading\" data-id=\"4117a87\" data-element_type=\"widget\" data-e-type=\"widget\" data-widget_type=\"heading.default\">\n\t\t\t\t<div class=\"elementor-widget-container\">\n\t\t\t\t\t<h2 class=\"elementor-heading-title elementor-size-default\">Parodontologi\n<\/h2>\t\t\t\t<\/div>\n\t\t\t\t<\/div>\n\t\t\t\t<div class=\"elementor-element elementor-element-a010582 elementor-widget elementor-widget-text-editor\" data-id=\"a010582\" data-element_type=\"widget\" data-e-type=\"widget\" data-widget_type=\"text-editor.default\">\n\t\t\t\t<div class=\"elementor-widget-container\">\n\t\t\t\t\t\t\t\t\tDer er god dokumentation for sammenh\u00e6ngen imellem parodontitis og flere systemiske sygdomme som diabetes, arteriosklerose, inflammatoriske mave-tarmsygdomme, rheumatoid artritis, og Alzheimer.\n\t\t\t\t\t\t\t\t<\/div>\n\t\t\t\t<\/div>\n\t\t\t\t<div class=\"elementor-element elementor-element-93e2069 elementor-widget elementor-widget-button\" data-id=\"93e2069\" data-element_type=\"widget\" data-e-type=\"widget\" data-widget_type=\"button.default\">\n\t\t\t\t<div class=\"elementor-widget-container\">\n\t\t\t\t\t\t\t\t\t<div class=\"elementor-button-wrapper\">\n\t\t\t\t\t<a class=\"elementor-button elementor-button-link elementor-size-sm\" href=\"https:\/\/cmsdental.com\/da\/tandlaeger\/parodontologi\/\">\n\t\t\t\t\t\t<span class=\"elementor-button-content-wrapper\">\n\t\t\t\t\t\t\t\t\t<span class=\"elementor-button-text\">L\u00e6s mere<\/span>\n\t\t\t\t\t<\/span>\n\t\t\t\t\t<\/a>\n\t\t\t\t<\/div>\n\t\t\t\t\t\t\t\t<\/div>\n\t\t\t\t<\/div>\n\t\t\t\t<\/div>\n\t\t\t\t\t<\/div>\n\t\t\t\t<\/div>\n\t\t<div class=\"elementor-element elementor-element-47cb2c8 e-flex e-con-boxed e-con e-parent\" data-id=\"47cb2c8\" data-element_type=\"container\" data-e-type=\"container\">\n\t\t\t\t\t<div class=\"e-con-inner\">\n\t\t<div class=\"elementor-element elementor-element-5bd5e7d e-con-full e-flex e-con e-child\" data-id=\"5bd5e7d\" data-element_type=\"container\" data-e-type=\"container\">\n\t\t\t\t<div class=\"elementor-element elementor-element-71e5c4d elementor-widget elementor-widget-image\" data-id=\"71e5c4d\" data-element_type=\"widget\" data-e-type=\"widget\" data-widget_type=\"image.default\">\n\t\t\t\t<div class=\"elementor-widget-container\">\n\t\t\t\t\t\t\t\t\t\t\t\t\t\t\t<img loading=\"lazy\" decoding=\"async\" width=\"800\" height=\"455\" src=\"https:\/\/cmsdental.com\/wp-content\/uploads\/2025\/03\/endodonti-1024x583.jpg\" class=\"attachment-large size-large wp-image-486\" alt=\"\" srcset=\"https:\/\/cmsdental.com\/wp-content\/uploads\/2025\/03\/endodonti-1024x583.jpg 1024w, https:\/\/cmsdental.com\/wp-content\/uploads\/2025\/03\/endodonti-300x171.jpg 300w, https:\/\/cmsdental.com\/wp-content\/uploads\/2025\/03\/endodonti-768x437.jpg 768w, https:\/\/cmsdental.com\/wp-content\/uploads\/2025\/03\/endodonti.jpg 1100w\" sizes=\"(max-width: 800px) 100vw, 800px\" \/>\t\t\t\t\t\t\t\t\t\t\t\t\t\t\t<\/div>\n\t\t\t\t<\/div>\n\t\t\t\t<div class=\"elementor-element elementor-element-8b206b4 elementor-widget elementor-widget-heading\" data-id=\"8b206b4\" data-element_type=\"widget\" data-e-type=\"widget\" data-widget_type=\"heading.default\">\n\t\t\t\t<div class=\"elementor-widget-container\">\n\t\t\t\t\t<h2 class=\"elementor-heading-title elementor-size-default\">Endodonti<\/h2>\t\t\t\t<\/div>\n\t\t\t\t<\/div>\n\t\t\t\t<div class=\"elementor-element elementor-element-996d167 elementor-widget elementor-widget-text-editor\" data-id=\"996d167\" data-element_type=\"widget\" data-e-type=\"widget\" data-widget_type=\"text-editor.default\">\n\t\t\t\t<div class=\"elementor-widget-container\">\n\t\t\t\t\t\t\t\t\tDer er kommet mere fokus p\u00e5, hvor vigtigt det er for den generelle sundhedstilstand, at vi bevarer vores naturlige tands\u00e6t og derfor er endodonti et speciale, som har h\u00f8jt fokus.\n\t\t\t\t\t\t\t\t<\/div>\n\t\t\t\t<\/div>\n\t\t\t\t<div class=\"elementor-element elementor-element-70c0b51 elementor-widget elementor-widget-button\" data-id=\"70c0b51\" data-element_type=\"widget\" data-e-type=\"widget\" data-widget_type=\"button.default\">\n\t\t\t\t<div class=\"elementor-widget-container\">\n\t\t\t\t\t\t\t\t\t<div class=\"elementor-button-wrapper\">\n\t\t\t\t\t<a class=\"elementor-button elementor-button-link elementor-size-sm\" href=\"https:\/\/cmsdental.com\/da\/tandlaeger\/endodonti\/\">\n\t\t\t\t\t\t<span class=\"elementor-button-content-wrapper\">\n\t\t\t\t\t\t\t\t\t<span class=\"elementor-button-text\">L\u00e6s mere<\/span>\n\t\t\t\t\t<\/span>\n\t\t\t\t\t<\/a>\n\t\t\t\t<\/div>\n\t\t\t\t\t\t\t\t<\/div>\n\t\t\t\t<\/div>\n\t\t\t\t<\/div>\n\t\t<div class=\"elementor-element elementor-element-7a47610 e-con-full e-flex e-con e-child\" data-id=\"7a47610\" data-element_type=\"container\" data-e-type=\"container\">\n\t\t\t\t<div class=\"elementor-element elementor-element-42574a9 elementor-widget elementor-widget-image\" data-id=\"42574a9\" data-element_type=\"widget\" data-e-type=\"widget\" data-widget_type=\"image.default\">\n\t\t\t\t<div class=\"elementor-widget-container\">\n\t\t\t\t\t\t\t\t\t\t\t\t\t\t\t<img loading=\"lazy\" decoding=\"async\" width=\"794\" height=\"450\" src=\"https:\/\/cmsdental.com\/wp-content\/uploads\/2025\/03\/LAD-behanding-2.jpg\" class=\"attachment-large size-large wp-image-487\" alt=\"\" srcset=\"https:\/\/cmsdental.com\/wp-content\/uploads\/2025\/03\/LAD-behanding-2.jpg 794w, https:\/\/cmsdental.com\/wp-content\/uploads\/2025\/03\/LAD-behanding-2-300x170.jpg 300w, https:\/\/cmsdental.com\/wp-content\/uploads\/2025\/03\/LAD-behanding-2-768x435.jpg 768w\" sizes=\"(max-width: 794px) 100vw, 794px\" \/>\t\t\t\t\t\t\t\t\t\t\t\t\t\t\t<\/div>\n\t\t\t\t<\/div>\n\t\t\t\t<div class=\"elementor-element elementor-element-a962652 elementor-widget elementor-widget-heading\" data-id=\"a962652\" data-element_type=\"widget\" data-e-type=\"widget\" data-widget_type=\"heading.default\">\n\t\t\t\t<div class=\"elementor-widget-container\">\n\t\t\t\t\t<h2 class=\"elementor-heading-title elementor-size-default\">LAD-behandling\n<\/h2>\t\t\t\t<\/div>\n\t\t\t\t<\/div>\n\t\t\t\t<div class=\"elementor-element elementor-element-43b5235 elementor-widget elementor-widget-text-editor\" data-id=\"43b5235\" data-element_type=\"widget\" data-e-type=\"widget\" data-widget_type=\"text-editor.default\">\n\t\t\t\t<div class=\"elementor-widget-container\">\n\t\t\t\t\t\t\t\t\tLAD er specielt velegnet til at dr\u00e6be bakterier i afgr\u00e6nsede omr\u00e5der, som f.eks. pocher og rodkanaler, men ogs\u00e5 p\u00e5 andre overflader. Betingelsen er blot, at der skal kunne tr\u00e6nge nok lys frem til det behandlede omr\u00e5de for at starte processen.\n\t\t\t\t\t\t\t\t<\/div>\n\t\t\t\t<\/div>\n\t\t\t\t<div class=\"elementor-element elementor-element-774edf3 elementor-widget elementor-widget-button\" data-id=\"774edf3\" data-element_type=\"widget\" data-e-type=\"widget\" data-widget_type=\"button.default\">\n\t\t\t\t<div class=\"elementor-widget-container\">\n\t\t\t\t\t\t\t\t\t<div class=\"elementor-button-wrapper\">\n\t\t\t\t\t<a class=\"elementor-button elementor-button-link elementor-size-sm\" href=\"https:\/\/cmsdental.com\/da\/tandlaeger\/biofilm-kontrol\/lad\/\">\n\t\t\t\t\t\t<span class=\"elementor-button-content-wrapper\">\n\t\t\t\t\t\t\t\t\t<span class=\"elementor-button-text\">L\u00e6s mere<\/span>\n\t\t\t\t\t<\/span>\n\t\t\t\t\t<\/a>\n\t\t\t\t<\/div>\n\t\t\t\t\t\t\t\t<\/div>\n\t\t\t\t<\/div>\n\t\t\t\t<\/div>\n\t\t\t\t\t<\/div>\n\t\t\t\t<\/div>\n\t\t\t\t<\/div>\n\t\t","protected":false},"excerpt":{"rendered":"<p>Hjem Tandl\u00e6ger Tandl\u00e6ger Det handler ikke kun om t\u00e6nder Hvorfor f\u00e5r dine patienter problemer med mundhulen? Der er flere faktorer, der spiller ind, n\u00e5r dine patienter f\u00e5r problemer med mundhulen. Selvom det er essentielt at en god mundhygiejne og det er velkendt, at en forebyggende indsats er afg\u00f8rende for, hvorvidt en patient f\u00e5r en sygdomstilstand [&hellip;]<\/p>\n","protected":false},"author":1,"featured_media":0,"parent":0,"menu_order":0,"comment_status":"closed","ping_status":"closed","template":"elementor_header_footer","meta":{"footnotes":""},"class_list":["post-701","page","type-page","status-publish","hentry"],"_links":{"self":[{"href":"https:\/\/cmsdental.com\/da\/wp-json\/wp\/v2\/pages\/701","targetHints":{"allow":["GET"]}}],"collection":[{"href":"https:\/\/cmsdental.com\/da\/wp-json\/wp\/v2\/pages"}],"about":[{"href":"https:\/\/cmsdental.com\/da\/wp-json\/wp\/v2\/types\/page"}],"author":[{"embeddable":true,"href":"https:\/\/cmsdental.com\/da\/wp-json\/wp\/v2\/users\/1"}],"replies":[{"embeddable":true,"href":"https:\/\/cmsdental.com\/da\/wp-json\/wp\/v2\/comments?post=701"}],"version-history":[{"count":9,"href":"https:\/\/cmsdental.com\/da\/wp-json\/wp\/v2\/pages\/701\/revisions"}],"predecessor-version":[{"id":889,"href":"https:\/\/cmsdental.com\/da\/wp-json\/wp\/v2\/pages\/701\/revisions\/889"}],"wp:attachment":[{"href":"https:\/\/cmsdental.com\/da\/wp-json\/wp\/v2\/media?parent=701"}],"curies":[{"name":"wp","href":"https:\/\/api.w.org\/{rel}","templated":true}]}}