{"id":691,"date":"2025-03-11T10:02:18","date_gmt":"2025-03-11T10:02:18","guid":{"rendered":"https:\/\/cms-dental.msnordic.com\/om-os\/historie\/"},"modified":"2025-09-25T07:45:22","modified_gmt":"2025-09-25T07:45:22","slug":"historie","status":"publish","type":"page","link":"https:\/\/cmsdental.com\/da\/om-os\/historie\/","title":{"rendered":"Historie"},"content":{"rendered":"\t\t<div data-elementor-type=\"wp-page\" data-elementor-id=\"691\" class=\"elementor elementor-691 elementor-378\" data-elementor-post-type=\"page\">\n\t\t\t\t<div class=\"elementor-element elementor-element-2afb2bb e-flex e-con-boxed e-con e-parent\" data-id=\"2afb2bb\" data-element_type=\"container\" data-e-type=\"container\" data-settings=\"{&quot;background_background&quot;:&quot;classic&quot;}\">\n\t\t\t\t\t<div class=\"e-con-inner\">\n\t\t\t\t<div class=\"elementor-element elementor-element-19ea0eb elementor-icon-list--layout-inline elementor-list-item-link-full_width elementor-widget elementor-widget-icon-list\" data-id=\"19ea0eb\" data-element_type=\"widget\" data-e-type=\"widget\" data-widget_type=\"icon-list.default\">\n\t\t\t\t<div class=\"elementor-widget-container\">\n\t\t\t\t\t\t\t<ul class=\"elementor-icon-list-items elementor-inline-items\">\n\t\t\t\t\t\t\t<li class=\"elementor-icon-list-item elementor-inline-item\">\n\t\t\t\t\t\t\t\t\t\t\t<a href=\"https:\/\/cmsdental.com\/da\/\">\n\n\t\t\t\t\t\t\t\t\t\t\t<span class=\"elementor-icon-list-text\">Hjem<\/span>\n\t\t\t\t\t\t\t\t\t\t\t<\/a>\n\t\t\t\t\t\t\t\t\t<\/li>\n\t\t\t\t\t\t\t\t<li class=\"elementor-icon-list-item elementor-inline-item\">\n\t\t\t\t\t\t\t\t\t\t\t<a href=\"https:\/\/cmsdental.com\/da\/om-os\/\">\n\n\t\t\t\t\t\t\t\t\t\t\t\t<span class=\"elementor-icon-list-icon\">\n\t\t\t\t\t\t\t<i aria-hidden=\"true\" class=\"fas fa-chevron-right\"><\/i>\t\t\t\t\t\t<\/span>\n\t\t\t\t\t\t\t\t\t\t<span class=\"elementor-icon-list-text\">Om os<\/span>\n\t\t\t\t\t\t\t\t\t\t\t<\/a>\n\t\t\t\t\t\t\t\t\t<\/li>\n\t\t\t\t\t\t\t\t<li class=\"elementor-icon-list-item elementor-inline-item\">\n\t\t\t\t\t\t\t\t\t\t\t<span class=\"elementor-icon-list-icon\">\n\t\t\t\t\t\t\t<i aria-hidden=\"true\" class=\"fas fa-chevron-right\"><\/i>\t\t\t\t\t\t<\/span>\n\t\t\t\t\t\t\t\t\t\t<span class=\"elementor-icon-list-text\">Historie<\/span>\n\t\t\t\t\t\t\t\t\t<\/li>\n\t\t\t\t\t\t<\/ul>\n\t\t\t\t\t\t<\/div>\n\t\t\t\t<\/div>\n\t\t\t\t\t<\/div>\n\t\t\t\t<\/div>\n\t\t<div class=\"elementor-element elementor-element-0077fc8 e-flex e-con-boxed e-con e-parent\" data-id=\"0077fc8\" data-element_type=\"container\" data-e-type=\"container\">\n\t\t\t\t\t<div class=\"e-con-inner\">\n\t\t\t\t<div class=\"elementor-element elementor-element-1035ef4 elementor-widget elementor-widget-text-editor\" data-id=\"1035ef4\" data-element_type=\"widget\" data-e-type=\"widget\" data-widget_type=\"text-editor.default\">\n\t\t\t\t<div class=\"elementor-widget-container\">\n\t\t\t\t\t\t\t\t\t<p><span style=\"color: #000000;\">Om os<\/span> | Historien om CMS Dental<\/p>\t\t\t\t\t\t\t\t<\/div>\n\t\t\t\t<\/div>\n\t\t\t\t<div class=\"elementor-element elementor-element-d95cec0 elementor-widget elementor-widget-text-editor\" data-id=\"d95cec0\" data-element_type=\"widget\" data-e-type=\"widget\" data-widget_type=\"text-editor.default\">\n\t\t\t\t<div class=\"elementor-widget-container\">\n\t\t\t\t\t\t\t\t\t<p>Vejen har v\u00e6ret lang og snoet, men det hele v\u00e6rd<\/p>\t\t\t\t\t\t\t\t<\/div>\n\t\t\t\t<\/div>\n\t\t\t\t\t<\/div>\n\t\t\t\t<\/div>\n\t\t<div class=\"elementor-element elementor-element-148614b e-flex e-con-boxed e-con e-parent\" data-id=\"148614b\" data-element_type=\"container\" data-e-type=\"container\">\n\t\t\t\t\t<div class=\"e-con-inner\">\n\t\t<div class=\"elementor-element elementor-element-9e53cd7 e-con-full e-flex e-con e-child\" data-id=\"9e53cd7\" data-element_type=\"container\" data-e-type=\"container\" data-settings=\"{&quot;background_background&quot;:&quot;classic&quot;}\">\n\t\t\t\t<div class=\"elementor-element elementor-element-0c87d50 elementor-widget elementor-widget-heading\" data-id=\"0c87d50\" data-element_type=\"widget\" data-e-type=\"widget\" data-widget_type=\"heading.default\">\n\t\t\t\t<div class=\"elementor-widget-container\">\n\t\t\t\t\t<h2 class=\"elementor-heading-title elementor-size-default\">Da l\u00e6gerne Jimmie Kert og Lisbeth Rose oprindeligt startede virksomheden i 1993, havde de allerede fokus p\u00e5 laserbehandling og de muligheder, der l\u00e5 indenfor dette nye sp\u00e6ndende felt.<\/h2>\t\t\t\t<\/div>\n\t\t\t\t<\/div>\n\t\t\t\t<div class=\"elementor-element elementor-element-904ef20 elementor-widget elementor-widget-text-editor\" data-id=\"904ef20\" data-element_type=\"widget\" data-e-type=\"widget\" data-widget_type=\"text-editor.default\">\n\t\t\t\t<div class=\"elementor-widget-container\">\n\t\t\t\t\t\t\t\t\t<p>Det var et emne, som de havde arbejdet med siden 1986 og som de har skrevet flere b\u00f8ger om. De beskrev erfaringerne med behandling af inflammatoriske tilstande og smertekontrol. Siden har virksomheden udviklet sit arbejde med lyset og benyttelsen af det til bakteriekontrol og herunder biofilmkontrol i mundhulen.<\/p><p>Der er tale om et behandlingskoncept med LAD (lysaktiveret desinfektion), et sp\u00e6ndende felt, hvor lys benyttes sammen med en fotoinitiator til at eliminere mikroorganismer.<\/p>\t\t\t\t\t\t\t\t<\/div>\n\t\t\t\t<\/div>\n\t\t\t\t<\/div>\n\t\t<div class=\"elementor-element elementor-element-d33a6f9 e-con-full e-flex e-con e-child\" data-id=\"d33a6f9\" data-element_type=\"container\" data-e-type=\"container\" data-settings=\"{&quot;background_background&quot;:&quot;classic&quot;}\">\n\t\t\t\t<\/div>\n\t\t\t\t\t<\/div>\n\t\t\t\t<\/div>\n\t\t<div class=\"elementor-element elementor-element-b1749d3 e-flex e-con-boxed e-con e-parent\" data-id=\"b1749d3\" data-element_type=\"container\" data-e-type=\"container\">\n\t\t\t\t\t<div class=\"e-con-inner\">\n\t\t\t\t<div class=\"elementor-element elementor-element-b1827c9 elementor-widget elementor-widget-text-editor\" data-id=\"b1827c9\" data-element_type=\"widget\" data-e-type=\"widget\" data-widget_type=\"text-editor.default\">\n\t\t\t\t<div class=\"elementor-widget-container\">\n\t\t\t\t\t\t\t\t\t<div class=\"col-md-6 col-first\"><div class=\"col-md-6\"><p>Som en naturlig forl\u00e6ngelse af arbejdet med LAD, der benyttes til bakteriekontrol blev et probiotika ProlacSan\u00ae tilf\u00f8jet til produktsortimentet. ProlacSan\u00ae er et probiotika, som styrker biofilmen i mundhulen og derved hj\u00e6lper patienten med at opn\u00e5 en forbedret bakteriebalance.<\/p><p>Arbejdet med bakteriekontrol er opst\u00e5et som en naturlig f\u00f8lge af arbejdet med lys igennem mange \u00e5r og interessen for nye behandlingsmetoder og alternativer til de traditionelle metoder.<\/p><p>Et meget v\u00e6sentligt omr\u00e5de som bakteriebalance har derfor fyldt meget i de senere \u00e5r og udm\u00f8ntede sig ogs\u00e5 i udgivelse af en bog om dette fascinerende emne.<\/p><p>Udover de produkter, som udsprang sig af en dyb interesse og et stort engagement i en livsforbedrende og forebyggende behandlingsform har de to l\u00e6ger udviklet et enkelt og effektivt rodfyldningssystem, der benyttes over hele verden. Igen var form\u00e5let at bevare patienternes naturlige t\u00e6nder og forbedre mundhulens biofilm.<\/p><\/div><\/div>\t\t\t\t\t\t\t\t<\/div>\n\t\t\t\t<\/div>\n\t\t\t\t\t<\/div>\n\t\t\t\t<\/div>\n\t\t<div class=\"elementor-element elementor-element-c61d691 e-flex e-con-boxed e-con e-parent\" data-id=\"c61d691\" data-element_type=\"container\" data-e-type=\"container\">\n\t\t\t\t\t<div class=\"e-con-inner\">\n\t\t<div class=\"elementor-element elementor-element-4bd1198 e-con-full e-flex e-con e-child\" data-id=\"4bd1198\" data-element_type=\"container\" data-e-type=\"container\" data-settings=\"{&quot;background_background&quot;:&quot;classic&quot;}\">\n\t\t\t\t<\/div>\n\t\t<div class=\"elementor-element elementor-element-170bc7e e-con-full e-flex e-con e-child\" data-id=\"170bc7e\" data-element_type=\"container\" data-e-type=\"container\" data-settings=\"{&quot;background_background&quot;:&quot;classic&quot;}\">\n\t\t\t\t<div class=\"elementor-element elementor-element-5692b38 elementor-widget elementor-widget-heading\" data-id=\"5692b38\" data-element_type=\"widget\" data-e-type=\"widget\" data-widget_type=\"heading.default\">\n\t\t\t\t<div class=\"elementor-widget-container\">\n\t\t\t\t\t<h2 class=\"elementor-heading-title elementor-size-default\">Bogudgivelser\n<\/h2>\t\t\t\t<\/div>\n\t\t\t\t<\/div>\n\t\t\t\t<div class=\"elementor-element elementor-element-dfa8893 elementor-widget elementor-widget-text-editor\" data-id=\"dfa8893\" data-element_type=\"widget\" data-e-type=\"widget\" data-widget_type=\"text-editor.default\">\n\t\t\t\t<div class=\"elementor-widget-container\">\n\t\t\t\t\t\t\t\t\t<p>&#8211; Laserterapi udgivet 1986<\/p><p>&#8211; Klinisk Laserbehandling (Low Level Laser Therapy) udgivet 1989<\/p><p>&#8211; Clinical Laser Therapy (Low Level Laser Therapy) udgivet 1989<\/p><p>&#8211; Sund med dine gode bakterier udgivet 2016.<\/p><p>&#8211; Being Healthy with Your Own Good Bacteria E.bog udgivet 2018.<\/p>\t\t\t\t\t\t\t\t<\/div>\n\t\t\t\t<\/div>\n\t\t\t\t<div class=\"elementor-element elementor-element-d05caf0 elementor-widget elementor-widget-button\" data-id=\"d05caf0\" data-element_type=\"widget\" data-e-type=\"widget\" data-widget_type=\"button.default\">\n\t\t\t\t<div class=\"elementor-widget-container\">\n\t\t\t\t\t\t\t\t\t<div class=\"elementor-button-wrapper\">\n\t\t\t\t\t<a class=\"elementor-button elementor-button-link elementor-size-sm\" href=\"https:\/\/www.cmsdentalshop.dk\/sund-dine-gode-bakterier-p-1267.html\" target=\"_blank\">\n\t\t\t\t\t\t<span class=\"elementor-button-content-wrapper\">\n\t\t\t\t\t\t\t\t\t<span class=\"elementor-button-text\">K\u00f8b bogen<\/span>\n\t\t\t\t\t<\/span>\n\t\t\t\t\t<\/a>\n\t\t\t\t<\/div>\n\t\t\t\t\t\t\t\t<\/div>\n\t\t\t\t<\/div>\n\t\t\t\t<\/div>\n\t\t\t\t\t<\/div>\n\t\t\t\t<\/div>\n\t\t<div class=\"elementor-element elementor-element-a0b3a30 e-flex e-con-boxed e-con e-parent\" data-id=\"a0b3a30\" data-element_type=\"container\" data-e-type=\"container\">\n\t\t\t\t\t<div class=\"e-con-inner\">\n\t\t<div class=\"elementor-element elementor-element-fcfde15 e-con-full e-flex e-con e-child\" data-id=\"fcfde15\" data-element_type=\"container\" data-e-type=\"container\">\n\t\t\t\t<div class=\"elementor-element elementor-element-429b583 elementor-widget elementor-widget-heading\" data-id=\"429b583\" data-element_type=\"widget\" data-e-type=\"widget\" data-widget_type=\"heading.default\">\n\t\t\t\t<div class=\"elementor-widget-container\">\n\t\t\t\t\t<h2 class=\"elementor-heading-title elementor-size-default\">CMS Dental A\/S fejrer 25-\u00e5rs jubil\u00e6um i 2024\n<\/h2>\t\t\t\t<\/div>\n\t\t\t\t<\/div>\n\t\t\t\t<div class=\"elementor-element elementor-element-641aa28 elementor-widget elementor-widget-heading\" data-id=\"641aa28\" data-element_type=\"widget\" data-e-type=\"widget\" data-widget_type=\"heading.default\">\n\t\t\t\t<div class=\"elementor-widget-container\">\n\t\t\t\t\t<h2 class=\"elementor-heading-title elementor-size-default\">CMS Dental fejrer i \u00e5r 25-\u00e5rs jubil\u00e6um som en af Danmarks f\u00f8rende leverand\u00f8rer af medicin og medicinsk udstyr til tandklinikker.<\/h2>\t\t\t\t<\/div>\n\t\t\t\t<\/div>\n\t\t\t\t<div class=\"elementor-element elementor-element-b4676e1 elementor-widget elementor-widget-text-editor\" data-id=\"b4676e1\" data-element_type=\"widget\" data-e-type=\"widget\" data-widget_type=\"text-editor.default\">\n\t\t\t\t<div class=\"elementor-widget-container\">\n\t\t\t\t\t\t\t\t\t<p>Grundlagt af to sundhedspassionerede l\u00e6ger, har virksomheden gennem et kvart \u00e5rhundrede v\u00e6ret dedikeret til at levere h\u00f8j kvalitet og p\u00e5lidelighed til danske tandl\u00e6ger. CMS Dental startede med at s\u00e6lge og distribuere lokalbed\u00f8velser til tandklinikker i hele Danmark, men har sidenhen udvidet deres produktsortiment og produktion til at omfatte medicinsk udstyr til tandl\u00e6ger i hele verden.<\/p><p>Med en fabrik beliggende i Glyng\u00f8re i Jylland, er CMS Dental en stolt dansk producent, der har form\u00e5et at opbygge en betydelig eksportforretning. Virksomheden er kendt for sin innovative tilgang til produktudvikling og nye b\u00e6redygtige behandlingsmetoder. CMS Dental har form\u00e5et at opbygge et st\u00e6rkt globalt netv\u00e6rk af kunder og partnere. Gennem \u00e5rene har CMS Dental ogs\u00e5 arrangeret mange kursusrejser for tandl\u00e6ger og samarbejdspartnere til forskellige udenlandske producenter, hvor de har delt deres viden og erfaring inden for omr\u00e5derne tandl\u00e6geudstyr og medicin til tandl\u00e6ger. CMS Dental forts\u00e6tter med at levere innovative l\u00f8sninger og nye b\u00e6redygtige behandlingsmetoder i bedste kvalitet.<\/p><p><strong>Vi ser frem til at servicere og levere h\u00f8jkvalitetsprodukter til CMS Dentals kunder de n\u00e6ste mange \u00e5r.<\/strong><\/p>\t\t\t\t\t\t\t\t<\/div>\n\t\t\t\t<\/div>\n\t\t\t\t<\/div>\n\t\t<div class=\"elementor-element elementor-element-e9e2c23 e-con-full e-flex e-con e-child\" data-id=\"e9e2c23\" data-element_type=\"container\" data-e-type=\"container\">\n\t\t\t\t<div class=\"elementor-element elementor-element-49a8e5a elementor-widget elementor-widget-image\" data-id=\"49a8e5a\" data-element_type=\"widget\" data-e-type=\"widget\" data-widget_type=\"image.default\">\n\t\t\t\t<div class=\"elementor-widget-container\">\n\t\t\t\t\t\t\t\t\t\t\t\t\t\t\t<img fetchpriority=\"high\" decoding=\"async\" width=\"800\" height=\"935\" src=\"https:\/\/cmsdental.com\/wp-content\/uploads\/2025\/03\/CMS-Dental-25-jubilaeum-876x1024.jpg\" class=\"attachment-large size-large wp-image-542\" alt=\"\" srcset=\"https:\/\/cmsdental.com\/wp-content\/uploads\/2025\/03\/CMS-Dental-25-jubilaeum-876x1024.jpg 876w, https:\/\/cmsdental.com\/wp-content\/uploads\/2025\/03\/CMS-Dental-25-jubilaeum-257x300.jpg 257w, https:\/\/cmsdental.com\/wp-content\/uploads\/2025\/03\/CMS-Dental-25-jubilaeum-768x898.jpg 768w, https:\/\/cmsdental.com\/wp-content\/uploads\/2025\/03\/CMS-Dental-25-jubilaeum.jpg 900w\" sizes=\"(max-width: 800px) 100vw, 800px\" \/>\t\t\t\t\t\t\t\t\t\t\t\t\t\t\t<\/div>\n\t\t\t\t<\/div>\n\t\t\t\t<\/div>\n\t\t\t\t\t<\/div>\n\t\t\t\t<\/div>\n\t\t\t\t<\/div>\n\t\t","protected":false},"excerpt":{"rendered":"<p>Hjem Om os Historie Om os | Historien om CMS Dental Vejen har v\u00e6ret lang og snoet, men det hele v\u00e6rd Da l\u00e6gerne Jimmie Kert og Lisbeth Rose oprindeligt startede virksomheden i 1993, havde de allerede fokus p\u00e5 laserbehandling og de muligheder, der l\u00e5 indenfor dette nye sp\u00e6ndende felt. Det var et emne, som de [&hellip;]<\/p>\n","protected":false},"author":1,"featured_media":0,"parent":681,"menu_order":0,"comment_status":"closed","ping_status":"closed","template":"","meta":{"footnotes":""},"class_list":["post-691","page","type-page","status-publish","hentry"],"_links":{"self":[{"href":"https:\/\/cmsdental.com\/da\/wp-json\/wp\/v2\/pages\/691","targetHints":{"allow":["GET"]}}],"collection":[{"href":"https:\/\/cmsdental.com\/da\/wp-json\/wp\/v2\/pages"}],"about":[{"href":"https:\/\/cmsdental.com\/da\/wp-json\/wp\/v2\/types\/page"}],"author":[{"embeddable":true,"href":"https:\/\/cmsdental.com\/da\/wp-json\/wp\/v2\/users\/1"}],"replies":[{"embeddable":true,"href":"https:\/\/cmsdental.com\/da\/wp-json\/wp\/v2\/comments?post=691"}],"version-history":[{"count":3,"href":"https:\/\/cmsdental.com\/da\/wp-json\/wp\/v2\/pages\/691\/revisions"}],"predecessor-version":[{"id":887,"href":"https:\/\/cmsdental.com\/da\/wp-json\/wp\/v2\/pages\/691\/revisions\/887"}],"up":[{"embeddable":true,"href":"https:\/\/cmsdental.com\/da\/wp-json\/wp\/v2\/pages\/681"}],"wp:attachment":[{"href":"https:\/\/cmsdental.com\/da\/wp-json\/wp\/v2\/media?parent=691"}],"curies":[{"name":"wp","href":"https:\/\/api.w.org\/{rel}","templated":true}]}}