{"id":681,"date":"2025-03-11T09:50:56","date_gmt":"2025-03-11T09:50:56","guid":{"rendered":"https:\/\/cms-dental.msnordic.com\/om-os\/"},"modified":"2025-09-25T07:44:27","modified_gmt":"2025-09-25T07:44:27","slug":"om-os","status":"publish","type":"page","link":"https:\/\/cmsdental.com\/da\/om-os\/","title":{"rendered":"Om os"},"content":{"rendered":"\t\t<div data-elementor-type=\"wp-page\" data-elementor-id=\"681\" class=\"elementor elementor-681 elementor-365\" data-elementor-post-type=\"page\">\n\t\t\t\t<div class=\"elementor-element elementor-element-f1e36ae e-flex e-con-boxed e-con e-parent\" data-id=\"f1e36ae\" data-element_type=\"container\" data-e-type=\"container\" data-settings=\"{&quot;background_background&quot;:&quot;classic&quot;}\">\n\t\t\t\t\t<div class=\"e-con-inner\">\n\t\t\t\t<div class=\"elementor-element elementor-element-490501b elementor-icon-list--layout-inline elementor-list-item-link-full_width elementor-widget elementor-widget-icon-list\" data-id=\"490501b\" data-element_type=\"widget\" data-e-type=\"widget\" data-widget_type=\"icon-list.default\">\n\t\t\t\t<div class=\"elementor-widget-container\">\n\t\t\t\t\t\t\t<ul class=\"elementor-icon-list-items elementor-inline-items\">\n\t\t\t\t\t\t\t<li class=\"elementor-icon-list-item elementor-inline-item\">\n\t\t\t\t\t\t\t\t\t\t\t<a href=\"https:\/\/cmsdental.com\/da\/\">\n\n\t\t\t\t\t\t\t\t\t\t\t<span class=\"elementor-icon-list-text\">Hjem<\/span>\n\t\t\t\t\t\t\t\t\t\t\t<\/a>\n\t\t\t\t\t\t\t\t\t<\/li>\n\t\t\t\t\t\t\t\t<li class=\"elementor-icon-list-item elementor-inline-item\">\n\t\t\t\t\t\t\t\t\t\t\t<span class=\"elementor-icon-list-icon\">\n\t\t\t\t\t\t\t<i aria-hidden=\"true\" class=\"fas fa-chevron-right\"><\/i>\t\t\t\t\t\t<\/span>\n\t\t\t\t\t\t\t\t\t\t<span class=\"elementor-icon-list-text\">Om os<\/span>\n\t\t\t\t\t\t\t\t\t<\/li>\n\t\t\t\t\t\t<\/ul>\n\t\t\t\t\t\t<\/div>\n\t\t\t\t<\/div>\n\t\t\t\t\t<\/div>\n\t\t\t\t<\/div>\n\t\t<div class=\"elementor-element elementor-element-e84cc7e e-con-full e-flex e-con e-parent\" data-id=\"e84cc7e\" data-element_type=\"container\" data-e-type=\"container\">\n\t\t\t\t<div class=\"elementor-element elementor-element-73c0a60 elementor--h-position-left elementor--v-position-middle elementor-pagination-position-inside elementor-widget elementor-widget-slides\" data-id=\"73c0a60\" data-element_type=\"widget\" data-e-type=\"widget\" data-settings=\"{&quot;navigation&quot;:&quot;dots&quot;,&quot;autoplay&quot;:&quot;yes&quot;,&quot;pause_on_hover&quot;:&quot;yes&quot;,&quot;pause_on_interaction&quot;:&quot;yes&quot;,&quot;autoplay_speed&quot;:5000,&quot;infinite&quot;:&quot;yes&quot;,&quot;transition&quot;:&quot;slide&quot;,&quot;transition_speed&quot;:500}\" data-widget_type=\"slides.default\">\n\t\t\t\t<div class=\"elementor-widget-container\">\n\t\t\t\t\t\t\t\t\t<div class=\"elementor-swiper\">\n\t\t\t\t\t<div class=\"elementor-slides-wrapper elementor-main-swiper swiper\" role=\"region\" aria-roledescription=\"carousel\" aria-label=\"Slides\" dir=\"ltr\" data-animation=\"fadeInUp\">\n\t\t\t\t<div class=\"swiper-wrapper elementor-slides\">\n\t\t\t\t\t\t\t\t\t\t<div class=\"elementor-repeater-item-32b2c2f swiper-slide\" role=\"group\" aria-roledescription=\"slide\"><div class=\"swiper-slide-bg\" role=\"img\" aria-label=\"om-CMS-dentail-frontrunners\"><\/div><div class=\"swiper-slide-inner\" ><div class=\"swiper-slide-contents\"><div class=\"elementor-slide-heading\">Frontrunners<\/div><\/div><\/div><\/div>\t\t\t\t<\/div>\n\t\t\t\t\t\t\t<\/div>\n\t\t\t\t<\/div>\n\t\t\t\t\t\t\t\t<\/div>\n\t\t\t\t<\/div>\n\t\t\t\t<\/div>\n\t\t<div class=\"elementor-element elementor-element-220c278 e-flex e-con-boxed e-con e-parent\" data-id=\"220c278\" data-element_type=\"container\" data-e-type=\"container\">\n\t\t\t\t\t<div class=\"e-con-inner\">\n\t\t\t\t<div class=\"elementor-element elementor-element-d01d67c elementor-widget elementor-widget-heading\" data-id=\"d01d67c\" data-element_type=\"widget\" data-e-type=\"widget\" data-widget_type=\"heading.default\">\n\t\t\t\t<div class=\"elementor-widget-container\">\n\t\t\t\t\t<h2 class=\"elementor-heading-title elementor-size-default\">CMS Dental er grundlagt af to l\u00e6ger, som har arbejdet ud fra den teori, at sygdomstilstande i mundhulen p\u00e5virker sundhedstilstanden i resten af kroppen og burde f\u00e5 samme fokus som kroppens andre sygdomme. \n<\/h2>\t\t\t\t<\/div>\n\t\t\t\t<\/div>\n\t\t\t\t<div class=\"elementor-element elementor-element-f087250 elementor-widget elementor-widget-heading\" data-id=\"f087250\" data-element_type=\"widget\" data-e-type=\"widget\" data-widget_type=\"heading.default\">\n\t\t\t\t<div class=\"elementor-widget-container\">\n\t\t\t\t\t<h2 class=\"elementor-heading-title elementor-size-default\">Det har igennem \u00e5rene v\u00e6ret drivkraften i arbejdet med at udvikle unikke behandlingsformer til mundhulens sygdomme.\n\n<\/h2>\t\t\t\t<\/div>\n\t\t\t\t<\/div>\n\t\t\t\t<div class=\"elementor-element elementor-element-f5b5292 elementor-widget elementor-widget-image\" data-id=\"f5b5292\" data-element_type=\"widget\" data-e-type=\"widget\" data-widget_type=\"image.default\">\n\t\t\t\t<div class=\"elementor-widget-container\">\n\t\t\t\t\t\t\t\t\t\t\t\t\t\t\t<img fetchpriority=\"high\" decoding=\"async\" width=\"1200\" height=\"665\" src=\"https:\/\/cmsdental.com\/wp-content\/uploads\/2025\/03\/cms-about-us-banner.jpg\" class=\"attachment-full size-full wp-image-536\" alt=\"\" srcset=\"https:\/\/cmsdental.com\/wp-content\/uploads\/2025\/03\/cms-about-us-banner.jpg 1200w, https:\/\/cmsdental.com\/wp-content\/uploads\/2025\/03\/cms-about-us-banner-300x166.jpg 300w, https:\/\/cmsdental.com\/wp-content\/uploads\/2025\/03\/cms-about-us-banner-1024x567.jpg 1024w, https:\/\/cmsdental.com\/wp-content\/uploads\/2025\/03\/cms-about-us-banner-768x426.jpg 768w\" sizes=\"(max-width: 1200px) 100vw, 1200px\" \/>\t\t\t\t\t\t\t\t\t\t\t\t\t\t\t<\/div>\n\t\t\t\t<\/div>\n\t\t\t\t<div class=\"elementor-element elementor-element-98c7a54 elementor-widget elementor-widget-text-editor\" data-id=\"98c7a54\" data-element_type=\"widget\" data-e-type=\"widget\" data-widget_type=\"text-editor.default\">\n\t\t\t\t<div class=\"elementor-widget-container\">\n\t\t\t\t\t\t\t\t\t<div class=\"col-md-6 col-first\"><p>CMS Dental er en virksomhed, der m\u00e5lrettet arbejder med at etablere sig som f\u00f8rende international udbyder af specialprodukter og behandlingskoncepter til modulering af biofilmen og dermed til forebyggelse af infektionstilstande i mundhulen. Det er specielt indenfor specialerne endodonti og parodontologi, at virksomheden markerer sig med unikke l\u00f8sninger til forebyggelse og bakteriekontrol.<\/p><p>Virksomheden udvikler og markedsf\u00f8rer produkter, der hj\u00e6lper mennesker med at opn\u00e5 en sund mundhule og derved bevare sine naturlige t\u00e6nder. Det g\u00f8r vi ved at forebygge og forbedre prognosen for patienter med sygdomstilstanden parodontitis samt v\u00e6sentligt reducere risikoen for infektioner efter udf\u00f8rt rodbehandling.<\/p><\/div><div class=\"col-md-6 col-second\"><p>Indenfor specialet endodonti har virksomheden udviklet to forskellige rodfyldningssystemer, baseret p\u00e5 en plastik-kerne omgivet af naturligt guttapercha. Systemer, der er nemme og sikre at benytte og som giver t\u00e6tte rodfyldninger.<\/p><p>Infektioner med bestemte typer patogene bakterier, som P.gingivalis, i mundhulen er t\u00e6t forbundet med udvikling af systemiske kroniske sygdomme som hjerte-karsygdomme, Alzheimers, mundhule- og luftr\u00f8rscancer, bugspytkirtel-cancer og leddegigt.<\/p><p>En afg\u00f8rende faktor for at forebygge mundhule-infektioner og -inflammationer er at opn\u00e5 en sund biofilm i mundhulen.<\/p><\/div>\t\t\t\t\t\t\t\t<\/div>\n\t\t\t\t<\/div>\n\t\t\t\t\t<\/div>\n\t\t\t\t<\/div>\n\t\t<div class=\"elementor-element elementor-element-84b5bac e-flex e-con-boxed e-con e-parent\" data-id=\"84b5bac\" data-element_type=\"container\" data-e-type=\"container\">\n\t\t\t\t\t<div class=\"e-con-inner\">\n\t\t<div class=\"elementor-element elementor-element-8f7ff0d e-con-full e-flex e-con e-child\" data-id=\"8f7ff0d\" data-element_type=\"container\" data-e-type=\"container\" data-settings=\"{&quot;background_background&quot;:&quot;classic&quot;}\">\n\t\t<div class=\"elementor-element elementor-element-e959142 e-con-full e-flex e-con e-child\" data-id=\"e959142\" data-element_type=\"container\" data-e-type=\"container\">\n\t\t\t\t<div class=\"elementor-element elementor-element-684c8e0 elementor-widget elementor-widget-image\" data-id=\"684c8e0\" data-element_type=\"widget\" data-e-type=\"widget\" data-widget_type=\"image.default\">\n\t\t\t\t<div class=\"elementor-widget-container\">\n\t\t\t\t\t\t\t\t\t\t\t\t\t\t\t<img decoding=\"async\" width=\"800\" height=\"800\" src=\"https:\/\/cmsdental.com\/wp-content\/uploads\/2025\/03\/BlueeyeSQUARE-1024x1024.jpg\" class=\"attachment-large size-large wp-image-514\" alt=\"\" srcset=\"https:\/\/cmsdental.com\/wp-content\/uploads\/2025\/03\/BlueeyeSQUARE-1024x1024.jpg 1024w, https:\/\/cmsdental.com\/wp-content\/uploads\/2025\/03\/BlueeyeSQUARE-300x300.jpg 300w, https:\/\/cmsdental.com\/wp-content\/uploads\/2025\/03\/BlueeyeSQUARE-150x150.jpg 150w, https:\/\/cmsdental.com\/wp-content\/uploads\/2025\/03\/BlueeyeSQUARE-768x768.jpg 768w, https:\/\/cmsdental.com\/wp-content\/uploads\/2025\/03\/BlueeyeSQUARE-1536x1536.jpg 1536w, https:\/\/cmsdental.com\/wp-content\/uploads\/2025\/03\/BlueeyeSQUARE-2048x2048.jpg 2048w\" sizes=\"(max-width: 800px) 100vw, 800px\" \/>\t\t\t\t\t\t\t\t\t\t\t\t\t\t\t<\/div>\n\t\t\t\t<\/div>\n\t\t\t\t<\/div>\n\t\t<div class=\"elementor-element elementor-element-01f1070 e-con-full e-flex e-con e-child\" data-id=\"01f1070\" data-element_type=\"container\" data-e-type=\"container\">\n\t\t\t\t<div class=\"elementor-element elementor-element-beaaa3a elementor-widget elementor-widget-heading\" data-id=\"beaaa3a\" data-element_type=\"widget\" data-e-type=\"widget\" data-widget_type=\"heading.default\">\n\t\t\t\t<div class=\"elementor-widget-container\">\n\t\t\t\t\t<h2 class=\"elementor-heading-title elementor-size-default\">De s\u00e5 lyset og dets effekt for over 30 \u00e5r siden.<\/h2>\t\t\t\t<\/div>\n\t\t\t\t<\/div>\n\t\t\t\t<div class=\"elementor-element elementor-element-1c6b67c elementor-widget elementor-widget-text-editor\" data-id=\"1c6b67c\" data-element_type=\"widget\" data-e-type=\"widget\" data-widget_type=\"text-editor.default\">\n\t\t\t\t<div class=\"elementor-widget-container\">\n\t\t\t\t\t\t\t\t\t<p>Da l\u00e6gerne Jimmie Kert og Lisbeth Rose oprindeligt startede virksomheden i 1993, havde de allerede fokus p\u00e5 laserbehandling og de muligheder, der l\u00e5 indenfor dette nye sp\u00e6ndende felt.<\/p><p>Metoden blev benyttet til behandling af inflammatoriske tilstande og smertekontrol.<\/p><p>Siden har virksomheden udviklet sit arbejde med LAD til bakteriekontrol.<\/p><p>LAD (lysaktiveret desinfektion) er en behandlingsmetode, hvor lys benyttes sammen med en fotoinitiator til at eliminere mikroorganismer.<\/p>\t\t\t\t\t\t\t\t<\/div>\n\t\t\t\t<\/div>\n\t\t\t\t<div class=\"elementor-element elementor-element-fa75c74 elementor-widget elementor-widget-button\" data-id=\"fa75c74\" data-element_type=\"widget\" data-e-type=\"widget\" data-widget_type=\"button.default\">\n\t\t\t\t<div class=\"elementor-widget-container\">\n\t\t\t\t\t\t\t\t\t<div class=\"elementor-button-wrapper\">\n\t\t\t\t\t<a class=\"elementor-button elementor-button-link elementor-size-sm\" href=\"https:\/\/cmsdental.com\/da\/om-os\/historie\/\">\n\t\t\t\t\t\t<span class=\"elementor-button-content-wrapper\">\n\t\t\t\t\t\t\t\t\t<span class=\"elementor-button-text\">Historie<\/span>\n\t\t\t\t\t<\/span>\n\t\t\t\t\t<\/a>\n\t\t\t\t<\/div>\n\t\t\t\t\t\t\t\t<\/div>\n\t\t\t\t<\/div>\n\t\t\t\t<\/div>\n\t\t\t\t<\/div>\n\t\t\t\t\t<\/div>\n\t\t\t\t<\/div>\n\t\t<div class=\"elementor-element elementor-element-baa038c e-flex e-con-boxed e-con e-parent\" data-id=\"baa038c\" data-element_type=\"container\" data-e-type=\"container\" data-settings=\"{&quot;background_background&quot;:&quot;classic&quot;}\">\n\t\t\t\t\t<div class=\"e-con-inner\">\n\t\t<div class=\"elementor-element elementor-element-69daede e-con-full e-flex e-con e-child\" data-id=\"69daede\" data-element_type=\"container\" data-e-type=\"container\" data-settings=\"{&quot;background_background&quot;:&quot;classic&quot;}\">\n\t\t\t\t<div class=\"elementor-element elementor-element-35740dc elementor-widget elementor-widget-image\" data-id=\"35740dc\" data-element_type=\"widget\" data-e-type=\"widget\" data-widget_type=\"image.default\">\n\t\t\t\t<div class=\"elementor-widget-container\">\n\t\t\t\t\t\t\t\t\t\t\t\t\t\t\t<img decoding=\"async\" width=\"800\" height=\"640\" src=\"https:\/\/cmsdental.com\/wp-content\/uploads\/2025\/03\/CMS_Stand.jpg\" class=\"attachment-large size-large wp-image-538\" alt=\"\" srcset=\"https:\/\/cmsdental.com\/wp-content\/uploads\/2025\/03\/CMS_Stand.jpg 1000w, https:\/\/cmsdental.com\/wp-content\/uploads\/2025\/03\/CMS_Stand-300x240.jpg 300w, https:\/\/cmsdental.com\/wp-content\/uploads\/2025\/03\/CMS_Stand-768x614.jpg 768w\" sizes=\"(max-width: 800px) 100vw, 800px\" \/>\t\t\t\t\t\t\t\t\t\t\t\t\t\t\t<\/div>\n\t\t\t\t<\/div>\n\t\t\t\t<div class=\"elementor-element elementor-element-ef96ff6 elementor-widget elementor-widget-heading\" data-id=\"ef96ff6\" data-element_type=\"widget\" data-e-type=\"widget\" data-widget_type=\"heading.default\">\n\t\t\t\t<div class=\"elementor-widget-container\">\n\t\t\t\t\t<h2 class=\"elementor-heading-title elementor-size-default\">M\u00f8d os p\u00e5 Europerio 10\n<\/h2>\t\t\t\t<\/div>\n\t\t\t\t<\/div>\n\t\t\t\t<div class=\"elementor-element elementor-element-ef74f86 elementor-widget elementor-widget-text-editor\" data-id=\"ef74f86\" data-element_type=\"widget\" data-e-type=\"widget\" data-widget_type=\"text-editor.default\">\n\t\t\t\t<div class=\"elementor-widget-container\">\n\t\t\t\t\t\t\t\t\t<p>Den 15. &#8211; 18.juni 2022 i Bella Center K\u00f8benhavn.<\/p>\t\t\t\t\t\t\t\t<\/div>\n\t\t\t\t<\/div>\n\t\t\t\t<\/div>\n\t\t<div class=\"elementor-element elementor-element-aadb97b e-con-full e-flex e-con e-child\" data-id=\"aadb97b\" data-element_type=\"container\" data-e-type=\"container\" data-settings=\"{&quot;background_background&quot;:&quot;classic&quot;}\">\n\t\t\t\t<div class=\"elementor-element elementor-element-d2e48dc elementor-widget elementor-widget-image\" data-id=\"d2e48dc\" data-element_type=\"widget\" data-e-type=\"widget\" data-widget_type=\"image.default\">\n\t\t\t\t<div class=\"elementor-widget-container\">\n\t\t\t\t\t\t\t\t\t\t\t\t\t\t\t<img loading=\"lazy\" decoding=\"async\" width=\"1000\" height=\"800\" src=\"https:\/\/cmsdental.com\/wp-content\/uploads\/2025\/03\/karriere-cms-dental2020.jpg\" class=\"attachment-full size-full wp-image-539\" alt=\"\" srcset=\"https:\/\/cmsdental.com\/wp-content\/uploads\/2025\/03\/karriere-cms-dental2020.jpg 1000w, https:\/\/cmsdental.com\/wp-content\/uploads\/2025\/03\/karriere-cms-dental2020-300x240.jpg 300w, https:\/\/cmsdental.com\/wp-content\/uploads\/2025\/03\/karriere-cms-dental2020-768x614.jpg 768w\" sizes=\"(max-width: 1000px) 100vw, 1000px\" \/>\t\t\t\t\t\t\t\t\t\t\t\t\t\t\t<\/div>\n\t\t\t\t<\/div>\n\t\t\t\t<div class=\"elementor-element elementor-element-313c349 elementor-widget elementor-widget-heading\" data-id=\"313c349\" data-element_type=\"widget\" data-e-type=\"widget\" data-widget_type=\"heading.default\">\n\t\t\t\t<div class=\"elementor-widget-container\">\n\t\t\t\t\t<h2 class=\"elementor-heading-title elementor-size-default\">Karrieremuligheder\n<\/h2>\t\t\t\t<\/div>\n\t\t\t\t<\/div>\n\t\t\t\t<div class=\"elementor-element elementor-element-de73ac7 elementor-widget elementor-widget-text-editor\" data-id=\"de73ac7\" data-element_type=\"widget\" data-e-type=\"widget\" data-widget_type=\"text-editor.default\">\n\t\t\t\t<div class=\"elementor-widget-container\">\n\t\t\t\t\t\t\t\t\t<p>CMS Dental A\/S har ikke nogle ledige stillinger, men du er altid velkommen til at sende os en uopfordret ans\u00f8gning.<\/p><div class=\"padding-bottom-30 nav menu cta-link\"> <\/div>\t\t\t\t\t\t\t\t<\/div>\n\t\t\t\t<\/div>\n\t\t\t\t<div class=\"elementor-element elementor-element-b2e0f2b elementor-widget elementor-widget-button\" data-id=\"b2e0f2b\" data-element_type=\"widget\" data-e-type=\"widget\" data-widget_type=\"button.default\">\n\t\t\t\t<div class=\"elementor-widget-container\">\n\t\t\t\t\t\t\t\t\t<div class=\"elementor-button-wrapper\">\n\t\t\t\t\t<a class=\"elementor-button elementor-button-link elementor-size-sm\" href=\"https:\/\/cmsdental.com\/da\/om-os\/karriere\/\">\n\t\t\t\t\t\t<span class=\"elementor-button-content-wrapper\">\n\t\t\t\t\t\t\t\t\t<span class=\"elementor-button-text\">Karriere<\/span>\n\t\t\t\t\t<\/span>\n\t\t\t\t\t<\/a>\n\t\t\t\t<\/div>\n\t\t\t\t\t\t\t\t<\/div>\n\t\t\t\t<\/div>\n\t\t\t\t<\/div>\n\t\t\t\t\t<\/div>\n\t\t\t\t<\/div>\n\t\t<div class=\"elementor-element elementor-element-cb280dc e-flex e-con-boxed e-con e-parent\" data-id=\"cb280dc\" data-element_type=\"container\" data-e-type=\"container\">\n\t\t\t\t\t<div class=\"e-con-inner\">\n\t\t\t\t<div class=\"elementor-element elementor-element-862138c elementor-widget elementor-widget-image\" data-id=\"862138c\" data-element_type=\"widget\" data-e-type=\"widget\" data-widget_type=\"image.default\">\n\t\t\t\t<div class=\"elementor-widget-container\">\n\t\t\t\t\t\t\t\t\t\t\t\t\t\t\t<img loading=\"lazy\" decoding=\"async\" width=\"194\" height=\"194\" src=\"https:\/\/cmsdental.com\/wp-content\/uploads\/2025\/03\/certificeret-cmsdental.png\" class=\"attachment-large size-large wp-image-470\" alt=\"\" srcset=\"https:\/\/cmsdental.com\/wp-content\/uploads\/2025\/03\/certificeret-cmsdental.png 194w, https:\/\/cmsdental.com\/wp-content\/uploads\/2025\/03\/certificeret-cmsdental-150x150.png 150w\" sizes=\"(max-width: 194px) 100vw, 194px\" \/>\t\t\t\t\t\t\t\t\t\t\t\t\t\t\t<\/div>\n\t\t\t\t<\/div>\n\t\t\t\t<div class=\"elementor-element elementor-element-6e495e4 elementor-widget__width-initial elementor-widget-mobile__width-inherit elementor-widget elementor-widget-text-editor\" data-id=\"6e495e4\" data-element_type=\"widget\" data-e-type=\"widget\" data-widget_type=\"text-editor.default\">\n\t\t\t\t<div class=\"elementor-widget-container\">\n\t\t\t\t\t\t\t\t\t<p>CMS Dental A\/S er certificeret i overensstemmelse med <strong>ISO 13485:2016<\/strong> og <strong>\u00a739 godkendt GMP autorisation.<\/strong> Virksomhedens produkter er <strong>CE-m\u00e6rkede.<\/strong><\/p>\t\t\t\t\t\t\t\t<\/div>\n\t\t\t\t<\/div>\n\t\t\t\t\t<\/div>\n\t\t\t\t<\/div>\n\t\t\t\t<\/div>\n\t\t","protected":false},"excerpt":{"rendered":"<p>Hjem Om os Frontrunners CMS Dental er grundlagt af to l\u00e6ger, som har arbejdet ud fra den teori, at sygdomstilstande i mundhulen p\u00e5virker sundhedstilstanden i resten af kroppen og burde f\u00e5 samme fokus som kroppens andre sygdomme. Det har igennem \u00e5rene v\u00e6ret drivkraften i arbejdet med at udvikle unikke behandlingsformer til mundhulens sygdomme. CMS Dental [&hellip;]<\/p>\n","protected":false},"author":1,"featured_media":0,"parent":0,"menu_order":0,"comment_status":"closed","ping_status":"closed","template":"","meta":{"footnotes":""},"class_list":["post-681","page","type-page","status-publish","hentry"],"_links":{"self":[{"href":"https:\/\/cmsdental.com\/da\/wp-json\/wp\/v2\/pages\/681","targetHints":{"allow":["GET"]}}],"collection":[{"href":"https:\/\/cmsdental.com\/da\/wp-json\/wp\/v2\/pages"}],"about":[{"href":"https:\/\/cmsdental.com\/da\/wp-json\/wp\/v2\/types\/page"}],"author":[{"embeddable":true,"href":"https:\/\/cmsdental.com\/da\/wp-json\/wp\/v2\/users\/1"}],"replies":[{"embeddable":true,"href":"https:\/\/cmsdental.com\/da\/wp-json\/wp\/v2\/comments?post=681"}],"version-history":[{"count":5,"href":"https:\/\/cmsdental.com\/da\/wp-json\/wp\/v2\/pages\/681\/revisions"}],"predecessor-version":[{"id":885,"href":"https:\/\/cmsdental.com\/da\/wp-json\/wp\/v2\/pages\/681\/revisions\/885"}],"wp:attachment":[{"href":"https:\/\/cmsdental.com\/da\/wp-json\/wp\/v2\/media?parent=681"}],"curies":[{"name":"wp","href":"https:\/\/api.w.org\/{rel}","templated":true}]}}